{"id":14337,"date":"2025-08-01T09:00:13","date_gmt":"2025-08-01T07:00:13","guid":{"rendered":"https:\/\/www.umanitaria.it\/alghero\/?page_id=14337"},"modified":"2025-10-02T16:58:10","modified_gmt":"2025-10-02T14:58:10","slug":"rubriche","status":"publish","type":"page","link":"https:\/\/www.umanitaria.it\/alghero\/rubriche\/","title":{"rendered":"Rubriche"},"content":{"rendered":"\n<p>Uno spazio di approfondimento sul mondo del cinema, della musica e dello spettacolo, dove narrazione divulgativa e analisi critica si incontrano per raccontare storie, generi, personaggi e contesti culturali. Tra i percorsi gi\u00e0 avviati: <strong>Storie violente tra cinema, musica e dintorni<\/strong> esplora il tema della violenza di genere nel mondo dello spettacolo attraverso racconti e percorsi di visione; <strong>Le produzioni pericolose<\/strong> ripercorre alcuni dei momenti della storia del cinema in cui i cast artistici e tecnici dei film se la sono vista davvero brutta, con contenuti arricchiti da percorsi multimediali e interattivi. Tra aneddoti e curiosit\u00e0, le rubriche alternano storie poco conosciute e momenti celebri, verit\u00e0 e leggende cinematografiche, figure semisconosciute e altre diventate iconiche nell&#8217;immaginario collettivo.<\/p>\n\n\n\n<hr class=\"wp-block-separator has-alpha-channel-opacity\"\/>\n\n\n<div class='formazione-loop taxonomy'><article><a href='\/alghero\/wp-json\/wp\/v2\/pages\/14337le-produzioni-pericolose'> <picture>\n                        <img width='100' src='https:\/\/www.umanitaria.it\/alghero\/wp-content\/uploads\/sites\/7\/2025\/09\/LE-PRODUZIONI-PERICOLOSE.jpg' alt='Le produzioni pericolose' class='evento-immagine' \/>             \n                    <\/picture><h4>Le produzioni pericolose<\/h4><p>Dai set che hanno fatto da sfondo a eventi sinistri, a quelli costellati di incidenti e sventure di ogni tipo, dodici storie per scoprire le produzioni \"maledette\" della storia del cinema. Tra curiosit\u00e0, leggende metropolitane e colpi di scena, ogni racconto \u00e8 arricchito da playlist Spotify e quiz con cui giocare attraverso le storie in evidenza della vecchia pagina Instagram del CSC.<\/p><\/a><\/article><article><a href='\/alghero\/wp-json\/wp\/v2\/pages\/14337storie-violente'> <picture>\n                        <img width='100' src='https:\/\/www.umanitaria.it\/alghero\/wp-content\/uploads\/sites\/7\/2025\/09\/Storie-violente-anteprima.jpg' alt='Storie violente tra cinema, musica e dintorni' class='evento-immagine' \/>             \n                    <\/picture><h4>Storie violente tra cinema, musica e dintorni<\/h4><p>Sei racconti neri sulle dinamiche di potere e sulla violenza di genere che vedono protagonisti, tra vittime e carnefici, alcuni \u201cmostri sacri\u201d del jet set internazionale. Sei storie, note e meno note, che hanno segnato per sempre il mondo dello spettacolo.<\/p><\/a><\/article><\/div>\n","protected":false},"excerpt":{"rendered":"<p>Uno spazio di approfondimento sul mondo del cinema, della musica e dello spettacolo, dove narrazione divulgativa e analisi critica si incontrano per raccontare storie, generi, personaggi e contesti culturali. Tra i percorsi gi\u00e0 avviati: Storie violente tra cinema, musica e dintorni esplora il tema della violenza di genere nel mondo dello spettacolo attraverso racconti e &#8230; <a title=\"Rubriche\" class=\"read-more\" href=\"https:\/\/www.umanitaria.it\/alghero\/rubriche\/\" aria-label=\"Per saperne di pi\u00f9 su Rubriche\">Leggi tutto<\/a><\/p>\n","protected":false},"author":1,"featured_media":0,"parent":0,"menu_order":0,"comment_status":"closed","ping_status":"closed","template":"","meta":{"_acf_changed":false,"_seopress_robots_primary_cat":"","_seopress_titles_title":"Attivit\u00e0 culturali alla Societ\u00e0 Umanitaria","_seopress_titles_desc":"La Societ\u00e0 Umanitaria propone un ampio programma culturale aperto a tutti, con incontri e eventi su temi attuali per stimolare riflessione, partecipazione e confronto su scala locale e globale.","_seopress_robots_index":"","inline_featured_image":false,"footnotes":""},"class_list":["post-14337","page","type-page","status-publish"],"acf":[],"_links":{"self":[{"href":"https:\/\/www.umanitaria.it\/alghero\/wp-json\/wp\/v2\/pages\/14337","targetHints":{"allow":["GET"]}}],"collection":[{"href":"https:\/\/www.umanitaria.it\/alghero\/wp-json\/wp\/v2\/pages"}],"about":[{"href":"https:\/\/www.umanitaria.it\/alghero\/wp-json\/wp\/v2\/types\/page"}],"author":[{"embeddable":true,"href":"https:\/\/www.umanitaria.it\/alghero\/wp-json\/wp\/v2\/users\/1"}],"replies":[{"embeddable":true,"href":"https:\/\/www.umanitaria.it\/alghero\/wp-json\/wp\/v2\/comments?post=14337"}],"version-history":[{"count":12,"href":"https:\/\/www.umanitaria.it\/alghero\/wp-json\/wp\/v2\/pages\/14337\/revisions"}],"predecessor-version":[{"id":15586,"href":"https:\/\/www.umanitaria.it\/alghero\/wp-json\/wp\/v2\/pages\/14337\/revisions\/15586"}],"wp:attachment":[{"href":"https:\/\/www.umanitaria.it\/alghero\/wp-json\/wp\/v2\/media?parent=14337"}],"curies":[{"name":"wp","href":"https:\/\/api.w.org\/{rel}","templated":true}]}}