{"id":14998,"date":"2025-09-18T14:53:34","date_gmt":"2025-09-18T12:53:34","guid":{"rendered":"https:\/\/www.umanitaria.it\/alghero\/?page_id=14998"},"modified":"2025-09-23T16:57:54","modified_gmt":"2025-09-23T14:57:54","slug":"edizione-2023","status":"publish","type":"page","link":"https:\/\/www.umanitaria.it\/alghero\/cinema-delle-terre-e-del-mare-edizioni-passate\/edizione-2023\/","title":{"rendered":"Edizione 2023"},"content":{"rendered":"\n<p>Il grande cinema sulle spiagge pi\u00f9 belle. <strong>Da sabato 22 a domenica 30 luglio<\/strong> torna <strong>Cinema delle Terre del Mare<\/strong>, il Festival della <strong>Societ\u00e0 Umanitaria di Alghero<\/strong> che naviga lungo tutta la Riviera del Corallo per una settimana di incontri e proiezioni vista mare.<\/p>\n\n\n\n<p>Tra gli ospiti di questa edizione sono tanti gli internazionali, con i loro lavori premiati nei principali Festival del mondo: la regista polacca <strong>Aga Woszczy\u0144ska<\/strong>, la palestinese <strong>Maha Haj<\/strong> e la kosovara <strong>Kaltrina Krasniqi, <\/strong>il regista francese <strong>David Ernaux-Briot <\/strong>e l\u2019attore di origine gambiana<strong> Morr Ndiaye<\/strong>. E ancora, tra gli italiani, <strong>Paolo<\/strong> <strong>Pisanu<\/strong>, <strong>Francesca<\/strong> <strong>Coticoni<\/strong>, <strong>Giovanni Pompili<\/strong> e <strong>Sergio<\/strong> <strong>Naitza<\/strong>.<\/p>\n\n\n\n<p>\u00abIn questi anni &#8211; spiega la direttrice artistica <strong>Alessandra Sento<\/strong> &#8211; &nbsp;i cinenauti sono diventati una community e le spiagge luoghi familiari nei quali ci sentiamo a casa. In fondo, ogni film assomiglia all\u2019inizio di un viaggio. E come il viaggiatore accoglie e si fa accogliere, il mare riceve e restituisce. Molte delle nostre storie vengono dal mare e ad esso ritornano. \u00c8 il movimento della marea. Un movimento che chi vive in un\u2019isola conosce bene. Il sogno di Alghero citt\u00e0 del cinema \u00e8 diventato virale. Lasciatevi contagiare\u00bb.<\/p>\n\n\n\n<p><strong><mark style=\"background-color:rgba(0, 0, 0, 0)\" class=\"has-inline-color has-global-color-8-color\">L\u2019ANTEPRIMA. <\/mark><\/strong>Ma il viaggio di Cinema delle Terre del Mare prende il largo gi\u00e0 domani, <strong>marted\u00ec 11 luglio<\/strong>, con la proiezione di <strong><em>Silent Land<\/em><\/strong> al <strong>Cinema Miramare<\/strong> alle <strong>21<\/strong>, alla presenza della regista <strong>Aga Woszczy\u0144ska <\/strong>e del produttore italiano <strong>Giovanni Pompili <\/strong>(Kino Produzioni). Per il film &#8211; una produzione italo-polacca accolta con grande attenzione nei pi\u00f9 importanti festival internazionali \u2013 si tratta di un ritorno a casa: le riprese sono state infatti realizzate interamente sulla costa algherese.<\/p>\n\n\n\n<p><mark style=\"background-color:rgba(0, 0, 0, 0)\" class=\"has-inline-color has-global-color-8-color\"><strong>JOE, LIZ E RICHARD<\/strong>. <\/mark>Alghero Citt\u00e0 del Cinema, l\u2019epoca d\u2019oro dell\u2019epopea hollywoodiana in Riviera, un intero focus su un progetto che documenta parte di quell\u2019esperienza legata a un film interamente girato a Capo Caccia nel 1967: <strong><em>La scogliera dei desideri<\/em><\/strong> di Joseph Losey con Liz Taylor e Richard Burton. Il primo omaggio \u00e8 in programma <strong>sabato 22 luglio<\/strong> in collaborazione con <strong>Antonio Marras boutique<\/strong>: l\u2019inaugurazione della mostra <strong><em>L\u2019estate di Joe, Liz e Richard &#8211; Venti foto dal set del film La scogliera dei desideri<\/em><\/strong> \u2013 visitabile sino al 30 luglio nella boutique dello stilista algherese. <strong>Mercoled\u00ec 26 luglio<\/strong> si prosegue con la proiezione di <strong><em>L\u2019estate di Joe, Liz e Richard<\/em><\/strong>, il film di <strong>Sergio Naitza<\/strong> sostenuto dalla Societ\u00e0 Umanitaria Cineteca Sarda e recentemente premiato come miglior documentario al Kingston International Film Festival. L\u2019autore sar\u00e0 presente in sala per un incontro con il pubblico. <strong>Gioved\u00ec 27 luglio <\/strong>protagonista ancora Sergio Naitza con <em><strong>L\u2019avventura de La scogliera dei desideri fra cronaca, leggende e critica<\/strong><\/em>, il libro in cui confluiscono i documenti raccolti durante le ricerche per il suo film.<\/p>\n\n\n\n<p><strong><mark style=\"background-color:rgba(0, 0, 0, 0)\" class=\"has-inline-color has-global-color-8-color\">I FILM. <\/mark><\/strong>Opere prime di qualit\u00e0 e pellicole premiate nei pi\u00f9 importanti Festival del mondo. La selezione di Cinema delle Terre del Mare anche quest\u2019anno porta ad Alghero le storie pi\u00f9 interessanti del panorama italiano e internazionale. A partire da <strong><em>Mixed by Erry<\/em><\/strong> di Sydney Sibilia, senza dubbio la commedia italiana dell\u2019anno, che apre il Festival con un evento speciale <strong>sabato 22 luglio<\/strong>, a partire dalle <strong>21<\/strong> nell\u2019area piscina del <strong>Baretto di Porto Ferro<\/strong>. La serata, in collaborazione con Baretto Eventi, sar\u00e0 arricchita da una videointervista allo sceneggiatore <strong>Armando Festa<\/strong> e da una cena a bordo piscina servita durante la visione del film. Costo <strong>25\u20ac<\/strong> solo su prenotazione: <mark style=\"background-color:rgba(0, 0, 0, 0)\" class=\"has-inline-color has-global-color-8-color\">WhatsApp +39 339 46 49 382<\/mark>. Le proiezioni riprendono poi <strong>marted\u00ec 25 luglio<\/strong> con uno degli esordi pi\u00f9 convincenti degli ultimi anni: <strong><em>Tutti i cani muoiono soli<\/em><\/strong>, premiato al Bfest di Bari e accompagnato dal regista <strong>Paolo Pisanu<\/strong>, dal cast e da <strong>Francesca Coticoni<\/strong> di Ang Film. Protagonista della giornata di <strong>mercoled\u00ec 26<\/strong>, invece, <strong><em>Californie<\/em><\/strong> di Alessandro Cassigoli e Casey Kauffman. A seguire, incontro con <strong>Francesca Coticoni<\/strong> di Ang Film. <strong>Venerd\u00ec 28 luglio<\/strong> riflettori puntati al mattino su <strong><em>Plan 75<\/em><\/strong> di Chie Hayakawa, menzione speciale del Premio Cam\u00e9ra d\u2019Or per la miglior opera prima al Festival di Cannes 2022; e in serata su <strong><em>Vera sogna il mare<\/em><\/strong>, Grand Prix al Tokyo International Film Festival, con proiezione impreziosita dalla presenza della regista <strong>Kaltrina Krasniqi<\/strong>. La giornata di <strong>sabato 29<\/strong> propone invece <strong><em>Mediterranean Fever<\/em><\/strong>, premio Un Certain Regard per la miglior sceneggiatura al Festival di Cannes 2022: in programma una conversazione con la regista <strong>Maha Haj<\/strong>. E <strong>domenica 30 luglio<\/strong> si chiude con <strong><em>Annie Ernaux \u2013 I miei anni Super 8<\/em><\/strong>, realizzato dalla scrittrice premio Nobel Annie Ernaux e da suo figlio <strong>David<\/strong> <strong>Ernaux-Briot<\/strong>, che incontrer\u00e0 il pubblico del festival. Infine sipario sull\u2019edizione 2023 del Festival con <strong><em>Disco Boy<\/em><\/strong> di Giacomo Abbruzzese, Orso d\u2019argento per il miglior contributo artistico al Festival di Berlino 2023: sar\u00e0 presente in sala l\u2019attore <strong>Morr Ndyaie<\/strong>.<\/p>\n\n\n\n<p><mark style=\"background-color:rgba(0, 0, 0, 0)\" class=\"has-inline-color has-global-color-8-color\"><strong>ALGHERO CITT\u00c0 DEL CINEMA, DUE ITINERARI CINETURISTICI. <\/strong><\/mark>Da un\u2019idea della Societ\u00e0 Umanitaria di Alghero tornano gli <strong>itinerari<\/strong> <strong>cineturistici<\/strong>: due <em>tour<\/em> alla scoperta del profondo legame tra la Riviera del Corallo e il grande cinema. Si comincia <strong>luned\u00ec 24 luglio<\/strong> con appuntamento alle <strong>18,30<\/strong> alla <strong>Banchina Dogana<\/strong>. A bordo della motonave Nike, un\u2019escursione tra cinema e territorio <strong>dal porto di Alghero a Capo Caccia<\/strong>, un itinerario a cura di <strong>Nadia Rondello<\/strong> (Societ\u00e0 Umanitaria) e <strong>Marta<\/strong> <strong>Berretta<\/strong>&nbsp; (Fondazione Alghero) sulle tracce de <em>L\u2019isola degli uomini pesce<\/em>, l\u2019adventure movie di Sergio Martino e girato nel 1978 all\u2019interno della Grotta di Nettuno. L&#8217;evento \u00e8 in collaborazione con la Cooperativa Le Ragazze Terribili e la Fondazione Alghero. La partecipazione prevede un biglietto di <strong>15\u20ac<\/strong>. Info e prenotazioni: <mark style=\"background-color:rgba(0, 0, 0, 0)\" class=\"has-inline-color has-global-color-8-color\">Societ\u00e0 Umanitaria tel. 079.974375 e-mail alghero@umanitaria.it | Le Ragazze Terribili tel: 079.278275<\/mark>. <strong>Gioved\u00ec 27 luglio<\/strong> si replica al parco di <strong>Porto<\/strong> <strong>Conte<\/strong> a partire dalle <strong>10<\/strong>. Un percorso, guidato da <strong>Giulia Naitza<\/strong>&nbsp; e <strong>Sara<\/strong> <strong>Luchetti<\/strong> (ExplorAlghero), tra la macchia mediterranea e i profili calcarei delle colline del parco. I partecipanti, a bordo di auto elettriche, raggiungeranno Cala Barca per rivivere la leggendaria lavorazione de <strong><em>La scogliera dei desideri<\/em><\/strong> e il mito della coppia dei sogni Taylor-Burton. Info e prenotazioni:<mark style=\"background-color:rgba(0, 0, 0, 0)\" class=\"has-inline-color has-global-color-8-color\"> ExplorAlghero +39 331 34 00 862 | +39 079 94 21 11<\/mark>.<\/p>\n\n\n\n<p><strong><mark style=\"background-color:rgba(0, 0, 0, 0)\" class=\"has-inline-color has-global-color-8-color\">EVENTI COLLATERALI E COLLABORAZIONI. <\/mark><\/strong>Cinema delle Terre del Mare \u00e8 fatto anche di momenti di incontro informali, spazi dedicati ai pi\u00f9 piccoli, libri che raccontano la settima arte. <strong>Mercoled\u00ec 25 luglio<\/strong> riflettori puntati su <strong>Il Cinematte<\/strong>, il gruppo di spettatrici abituali nato tra le mura della Mediateca della Societ\u00e0 Umanitaria. In programma, alle <strong>10<\/strong> alla <strong>Mediateca<\/strong> di <strong>Lo<\/strong> <strong>Quarter<\/strong>, una conversazione intima e informale con <strong>Paolo Pisanu<\/strong>, il cast di <em>Tutti i cani<\/em> <em>muoiono<\/em> <em>soli <\/em>e Francesca Coticoni di Ang Film. Infine <strong>sabato 29 luglio<\/strong> uno spazio dedicato ai bambini e alle bambine: da un\u2019idea dell\u2019Associazione Fuori di Camper torna <strong>Camperkids<\/strong>, con la proiezione di <em><strong>Argonuts \u2013 Missione Olimpo<\/strong><\/em> di David Alaux a partire <strong>dalle 21 <\/strong>nel cortile della scuola primaria <strong>San Giovanni Lido<\/strong>.<\/p>\n\n\n\n<p><strong><mark style=\"background-color:rgba(0, 0, 0, 0)\" class=\"has-inline-color has-global-color-8-color\">SPIAGGE E ALTRI LUOGHI. <\/mark><\/strong>Gli incontri e le proiezioni di Cinema delle Terre del Mare<strong> <\/strong>partono dalla costa e si snodano sino al centro citt\u00e0. Saranno coinvolte la spiaggia del Lido, Maria Pia, Le Bombarde, la banchina Dogana, il Cinema Miramare, gli spazi interni e esterni di Lo Quarter, il Parco di Porto Conte, il Tamb\u00e8 Alghero e il Baretto di Porto Ferro.<\/p>\n\n\n\n<p><strong><mark style=\"background-color:rgba(0, 0, 0, 0)\" class=\"has-inline-color has-global-color-8-color\">PARTNER E SOSTENITORI.<\/mark><\/strong> <strong>Cinema delle Terre del Mare<\/strong> \u00e8 sostenuto dalla Regione Sardegna, dal Comune di Alghero, dalla Fondazione Alghero (fa parte del cartellone #ALGHEROEXPERIENCE), dalla Fondazione Banco di Sardegna, dalla Sardegna Film Commission e dal Parco di Porto Conte-Area Marina Protetta. Come sempre sono diverse le collaborazioni culturali e quelle con le aziende del territorio.<\/p>\n\n\n\n<div class=\"wp-block-file\"><a id=\"wp-block-file--media-378b01b8-85d5-48dc-9544-f20dac11ce66\" href=\"https:\/\/www.umanitaria.it\/alghero\/wp-content\/uploads\/sites\/7\/2025\/09\/CATALOGO-CDTM2023.pdf\">CATALOGO CDTM2023<\/a><\/div>\n","protected":false},"excerpt":{"rendered":"<p>Il grande cinema sulle spiagge pi\u00f9 belle. Da sabato 22 a domenica 30 luglio torna Cinema delle Terre del Mare, il Festival della Societ\u00e0 Umanitaria di Alghero che naviga lungo tutta la Riviera del Corallo per una settimana di incontri e proiezioni vista mare. Tra gli ospiti di questa edizione sono tanti gli internazionali, con &#8230; <a title=\"Edizione 2023\" class=\"read-more\" href=\"https:\/\/www.umanitaria.it\/alghero\/cinema-delle-terre-e-del-mare-edizioni-passate\/edizione-2023\/\" aria-label=\"Per saperne di pi\u00f9 su Edizione 2023\">Leggi tutto<\/a><\/p>\n","protected":false},"author":5,"featured_media":15265,"parent":14695,"menu_order":2,"comment_status":"closed","ping_status":"closed","template":"","meta":{"_acf_changed":false,"_seopress_robots_primary_cat":"","_seopress_titles_title":"","_seopress_titles_desc":"","_seopress_robots_index":"","inline_featured_image":false,"footnotes":""},"class_list":["post-14998","page","type-page","status-publish","has-post-thumbnail"],"acf":[],"_links":{"self":[{"href":"https:\/\/www.umanitaria.it\/alghero\/wp-json\/wp\/v2\/pages\/14998","targetHints":{"allow":["GET"]}}],"collection":[{"href":"https:\/\/www.umanitaria.it\/alghero\/wp-json\/wp\/v2\/pages"}],"about":[{"href":"https:\/\/www.umanitaria.it\/alghero\/wp-json\/wp\/v2\/types\/page"}],"author":[{"embeddable":true,"href":"https:\/\/www.umanitaria.it\/alghero\/wp-json\/wp\/v2\/users\/5"}],"replies":[{"embeddable":true,"href":"https:\/\/www.umanitaria.it\/alghero\/wp-json\/wp\/v2\/comments?post=14998"}],"version-history":[{"count":6,"href":"https:\/\/www.umanitaria.it\/alghero\/wp-json\/wp\/v2\/pages\/14998\/revisions"}],"predecessor-version":[{"id":15209,"href":"https:\/\/www.umanitaria.it\/alghero\/wp-json\/wp\/v2\/pages\/14998\/revisions\/15209"}],"up":[{"embeddable":true,"href":"https:\/\/www.umanitaria.it\/alghero\/wp-json\/wp\/v2\/pages\/14695"}],"wp:featuredmedia":[{"embeddable":true,"href":"https:\/\/www.umanitaria.it\/alghero\/wp-json\/wp\/v2\/media\/15265"}],"wp:attachment":[{"href":"https:\/\/www.umanitaria.it\/alghero\/wp-json\/wp\/v2\/media?parent=14998"}],"curies":[{"name":"wp","href":"https:\/\/api.w.org\/{rel}","templated":true}]}}