{"id":15088,"date":"2025-09-19T11:47:12","date_gmt":"2025-09-19T09:47:12","guid":{"rendered":"https:\/\/www.umanitaria.it\/alghero\/?page_id=15088"},"modified":"2025-09-23T09:45:32","modified_gmt":"2025-09-23T07:45:32","slug":"festa-della-liberazione-2025","status":"publish","type":"page","link":"https:\/\/www.umanitaria.it\/alghero\/festa-della-liberazione-edizioni-passate\/festa-della-liberazione-2025\/","title":{"rendered":"Festa della Liberazione 2025"},"content":{"rendered":"\n<p>Il Forum delle <strong>Associazioni antifasciste e della Resistenza<\/strong>, nel mese di aprile 2025, operer\u00e0 affinch\u00e9 in tutto il Paese l\u2019<strong>80\u00b0 Anniversario della Liberazione<\/strong> risuoni come una grande <strong>Festa popolare e nazionale<\/strong>, in ricordo di tutte e tutti coloro che in tanti casi hanno sacrificato la propria vita, la propria giovinezza per un Paese finalmente libero e liberato. Partigiane, partigiani, staffette, donne, lavoratori, deportati, internati, militari, forze dell\u2019ordine, sacerdoti, antifasciste, antifascisti, intere famiglie. La Costituzione del 1948 \u00e8 stato il frutto di questa lotta, un dettato civile che riguardava e riguarda tutti: libert\u00e0, eguaglianza, solidariet\u00e0, lavoro, pace, dignit\u00e0 della persona, in una piena democrazia fondata sul pluralismo. Il Forum, onorando e concretizzando questo impegno che arriva da tutte le radici della Resistenza, ha prodotto insieme un logo \u201cLiberazione80\u201d e un manifesto \u201cViva la Liberazione!\u201d, il cui disegno \u00e8 stato realizzato dai detenuti del Laboratorio Artemisia del carcere di Milano &#8211; Bollate. Perch\u00e9 il senso profondo e il bisogno di Liberazione attraversano e sollecitano i luoghi e le speranze di tutto il Paese.&nbsp;<\/p>\n\n\n\n<p>La <strong>sezione provinciale di Sassari<\/strong> e la <strong>sezione di Alghero \u201cMarisa Musu\u201d dell\u2019ANPI<\/strong>, in collaborazione con il <strong>Centro Servizi Culturali di Alghero<\/strong>, e con il patrocinio del <strong>Comune di Alghero &#8211; Assessorato alla Cultura<\/strong> e il contributo della <strong>Fondazione Alghero<\/strong> si uniscono alle celebrazioni nazionali con tre giornate ricche di eventi.<\/p>\n\n\n\n<p>Si parte <strong>mercoled\u00ec 16 aprile <\/strong>alle<strong> 18.30 <\/strong>nella<strong> Mediateca del CSC Alghero <\/strong>(Lo Quarter, Largo San Francesco)<strong> <\/strong>con<strong> MARISA MUSU. Una <em><mark style=\"background-color:rgba(0, 0, 0, 0)\" class=\"has-inline-color has-global-color-8-color\">Rosa<\/mark> <\/em>partigiana<\/strong>,<strong> <\/strong><em>storytelling<\/em> su Marisa Musu <a>\u2015<\/a> partigiana e gappista di origini sarde, medaglia d\u2019argento al valore militare \u2015 in occasione del centesimo anniversario della nascita, a cura di <strong>Nadia Rondello<\/strong>,<strong> Giusy Salvio <\/strong>e<strong> Giovanni Oliva<\/strong>.<\/p>\n\n\n\n<p>Si prosegue <strong>gioved\u00ec 24 aprile<\/strong> alle<strong> 17:30<\/strong>\u00a0alla <strong>Biblioteca catalana Obra Cultural de l\u2019Alguer <\/strong>(via Arduino, 44-46) con <strong><em>Alghero nel secondo conflitto mondiale<\/em><\/strong>,<strong><em> <\/em><\/strong>conferenza\u00a0a cura di <strong>Valter Battistoni<\/strong> e <strong>Antonio Budruni<\/strong> e, nella stessa giornata alle <strong>19.00<\/strong>, nella <strong>Sala espositiva Plataforma per la Llengua <\/strong>(Via Arduino\u00a044-46) il pubblico potr\u00e0 assistere all\u2019inaugurazione della mostra fotografica <strong><em>Gli Alleati ad Alghero<\/em><\/strong>,<strong> settembre 1943-ottobre 1944<\/strong>, curata da <strong>Valter Battistoni<\/strong>, che sar\u00e0 visitabile nei giorni successivi fino al 18 maggio, dal luned\u00ec al sabato, la mattina dalle 10.30 alle 12.30 e la sera dalle 18.00 alle 20.00.<\/p>\n\n\n\n<p><strong>Venerd\u00ec 25 aprile <\/strong>alle <strong>09.30<\/strong> da <strong>Piazza Porta Terra <\/strong>partir\u00e0 il <strong>Corteo celebrativo<\/strong> dell&#8217;80\u00b0 Anniversario della Liberazione, mentre, la sera, la <strong>Sala Conferenze Lo Quarter <\/strong>(Largo San Francesco, Alghero)&nbsp;ospiter\u00e0 alle <strong>18.30<\/strong> la proiezione di <strong><em>Frar\u00eca <\/em><\/strong>(Italia, 2023, 18\u2019), cortometraggio di finzione del regista sardo <strong>Alberto Diana<\/strong>, che sar\u00e0 ospite della serata. Il corto, presentato nello Spazio Italia del 41\u00b0 Torino Film Festival, ci riporta nella Sardegna rurale dei primi anni Venti, in una terra messa in crisi dall\u2019avvento del fascismo e dalla prepotenza delle camicie nere. Una storia di formazione, girata nel Sulcis-Iglesiente, con protagonista Angelo, un adolescente che dovr\u00e0 scegliere da che parte stare. Alle 19.15, invece, sar\u00e0 proiettato il film documentario di Andrea Vogt <strong><em>Bella ciao. Song of Rebellion<\/em><\/strong> (Italia, 2021, 90\u2019), una produzione patrocinata dall&#8217;ANPI che ricostruisce la storia della canzone nata come inno antifascista dei partigiani italiani e diventata un canto di libert\u00e0 in tutto il mondo. I film saranno introdotti dall&#8217;operatrice del CSC <strong>Nadia Rondello<\/strong>.<\/p>\n\n\n\n<p>L&#8217;ingresso agli eventi \u00e8 libero e gratuito.<\/p>\n\n\n\n<div class=\"wp-block-file\"><a id=\"wp-block-file--media-53457045-cea2-4a78-8b03-6b874f69f31f\" href=\"https:\/\/www.umanitaria.it\/alghero\/wp-content\/uploads\/sites\/7\/2025\/09\/25-Aprile-Viva-la-Liberazione.-Social.jpeg\"><strong>LOCANDINA<\/strong><\/a><\/div>\n\n\n\n<p><\/p>\n","protected":false},"excerpt":{"rendered":"<p>Il Forum delle Associazioni antifasciste e della Resistenza, nel mese di aprile 2025, operer\u00e0 affinch\u00e9 in tutto il Paese l\u201980\u00b0 Anniversario della Liberazione risuoni come una grande Festa popolare e nazionale, in ricordo di tutte e tutti coloro che in tanti casi hanno sacrificato la propria vita, la propria giovinezza per un Paese finalmente libero &#8230; <a title=\"Festa della Liberazione 2025\" class=\"read-more\" href=\"https:\/\/www.umanitaria.it\/alghero\/festa-della-liberazione-edizioni-passate\/festa-della-liberazione-2025\/\" aria-label=\"Per saperne di pi\u00f9 su Festa della Liberazione 2025\">Leggi tutto<\/a><\/p>\n","protected":false},"author":8,"featured_media":15106,"parent":15086,"menu_order":0,"comment_status":"closed","ping_status":"closed","template":"","meta":{"_acf_changed":false,"_seopress_robots_primary_cat":"","_seopress_titles_title":"","_seopress_titles_desc":"","_seopress_robots_index":"","inline_featured_image":false,"footnotes":""},"class_list":["post-15088","page","type-page","status-publish","has-post-thumbnail"],"acf":[],"_links":{"self":[{"href":"https:\/\/www.umanitaria.it\/alghero\/wp-json\/wp\/v2\/pages\/15088","targetHints":{"allow":["GET"]}}],"collection":[{"href":"https:\/\/www.umanitaria.it\/alghero\/wp-json\/wp\/v2\/pages"}],"about":[{"href":"https:\/\/www.umanitaria.it\/alghero\/wp-json\/wp\/v2\/types\/page"}],"author":[{"embeddable":true,"href":"https:\/\/www.umanitaria.it\/alghero\/wp-json\/wp\/v2\/users\/8"}],"replies":[{"embeddable":true,"href":"https:\/\/www.umanitaria.it\/alghero\/wp-json\/wp\/v2\/comments?post=15088"}],"version-history":[{"count":7,"href":"https:\/\/www.umanitaria.it\/alghero\/wp-json\/wp\/v2\/pages\/15088\/revisions"}],"predecessor-version":[{"id":15194,"href":"https:\/\/www.umanitaria.it\/alghero\/wp-json\/wp\/v2\/pages\/15088\/revisions\/15194"}],"up":[{"embeddable":true,"href":"https:\/\/www.umanitaria.it\/alghero\/wp-json\/wp\/v2\/pages\/15086"}],"wp:featuredmedia":[{"embeddable":true,"href":"https:\/\/www.umanitaria.it\/alghero\/wp-json\/wp\/v2\/media\/15106"}],"wp:attachment":[{"href":"https:\/\/www.umanitaria.it\/alghero\/wp-json\/wp\/v2\/media?parent=15088"}],"curies":[{"name":"wp","href":"https:\/\/api.w.org\/{rel}","templated":true}]}}