{"id":15141,"date":"2025-09-22T16:05:13","date_gmt":"2025-09-22T14:05:13","guid":{"rendered":"https:\/\/www.umanitaria.it\/alghero\/?page_id=15141"},"modified":"2025-11-03T10:46:48","modified_gmt":"2025-11-03T09:46:48","slug":"el-cicle-gaudi-a-lalguer-2024","status":"publish","type":"page","link":"https:\/\/www.umanitaria.it\/alghero\/el-cicle-gaudi-a-lalguer-edizioni-passate\/el-cicle-gaudi-a-lalguer-2024\/","title":{"rendered":"Edizione 2024"},"content":{"rendered":"\n<p>Giunto alla sua sesta edizione, torna l\u2019appuntamento con il nuovo cinema catalano e con il meglio dei <strong>Premis Gaud\u00ed<\/strong> \u2212 il pi\u00f9 prestigioso riconoscimento cinematografico della Catalogna \u2212 reso possibile grazie alla partnership tra <strong>Societ\u00e0 Umanitaria di Alghero<\/strong>, <strong>Generalitat de Catalunya Delegaci\u00f3 del Govern a Italia<\/strong>, <strong>Plataforma per la Llengua <\/strong>e <strong>\u00d2mnium Cultural de l\u2019Alguer<\/strong>, con la collaborazione dell\u2019<strong>Acad\u00e8mia del Cinema Catal\u00e0<\/strong>, che organizza il Premio, e il supporto della <strong>Regione Sardegna<\/strong>.<\/p>\n\n\n\n<p>Si comincia il 15 novembre con la proiezione di <strong><em>Un cel de plom<\/em> <\/strong>di <strong>Miquel Romans<\/strong>, ispirato alla vera storia di Neus Catal\u00e0, donna femminista e repubblicana, che torna in Francia dopo la liberazione dei campi nazisti nel 1945, dove spera di ricongiungersi con il marito Albert. Mentre ricostruisce la sua nuova vita in libert\u00e0, ricorda gli eventi dell&#8217;anno precedente, quando, prigioniera dei nazisti, fu mandata a lavorare in una fabbrica di armamenti militari in Cecoslovacchia, dove era arrivata a guidare il Commando de Gandules, un gruppo di donne che sabot\u00f2 la fabbrica per continuare la lotta e la resistenza repubblicana. Il Cicle prosegue il 22 novembre con <strong><em>El sostre groc<\/em><\/strong>, il documentario di <strong>Isabel Coixet<\/strong> \u2212 pluripremiata regista catalana \u2212 che spiega e denuncia il caso di abusi sessuali all\u2019interno della scuola di teatro della compagnia La Inestable di Lleida, attraverso le voci delle protagoniste. Le 9 donne coinvolte sporsero denuncia nel 2018 per abusi avvenuti tra il 2001 e il 2008, quando erano adolescenti: nonostante i termini di prescrizione scaduti e la pratica subito archiviata, le loro dichiarazioni hanno aperto una breccia per portare alla luce la verit\u00e0 e ottenere giustizia. L\u2019ultimo appuntamento serale \u00e8 il 29 novembre<a> <\/a>con la proiezione di <strong><em>Creatura<\/em><\/strong>,<strong> <\/strong>il secondo lungometraggio di<strong> Elena Mart\u00edn Gimeno<\/strong>, trionfatore ai Premis Gaud\u00ed e che ha ottenuto il Premio Europa Cinemas Label come Miglior Film Europeo nella sezione Quinzaine des R\u00e9alisateurs di Cannes 2023. Nel film Mila \u2212 interpretata dalla stessa Mart\u00edn \u2212 e il suo compagno si stabiliscono in una cittadina della Costa Brava. Dopo un primo litigio, la donna sola nella casa estiva della sua famiglia, rivive alcune esperienze della sua infanzia e adolescenza che la aiuteranno a capire l&#8217;origine di ci\u00f2 che le ha impedito di fare pace con il proprio corpo. Una riflessione sul desiderio femminile a confronto con le storture patriarcali che vogliono dominarlo, ora attraverso la censura, ora attraverso il giudizio, la sopraffazione e il possesso. Novit\u00e0 di quest\u2019anno \u00e8 un evento speciale dedicato al mondo dell\u2019infanzia, con un matin\u00e9e riservato alla scuola primaria: il <strong>29 novembre<\/strong> al <strong>Cinema Miramare<\/strong> le bambine e i bambini assisteranno alla proiezione di <strong><em>Mironins<\/em><\/strong> di <strong>Mikel Mas Bilbao<\/strong>, un delicato, coloratissimo e istruttivo film d\u2019animazione in cui tre gocce di pittura prendono vita nei dipinti di Joan Mir\u00f3 per vivere avventure divertenti e surreali nell&#8217;affascinante universo dell&#8217;arte e dell&#8217;immaginazione.<\/p>\n\n\n\n<p>Tutti i film serali in programma, inediti in Italia, saranno presentati nella Sala Conferenze de Lo Quarter alle 19.00, nella versione originale in catalano, con sottotitoli in italiano realizzati esclusivamente per l\u2019occasione dalla Delegaci\u00f3 del Govern a It\u00e0lia Ofici de l&#8217;Alguer. L\u2019ingresso \u00e8 libero e gratuito.<\/p>\n\n\n\n<p><\/p>\n\n\n\n<p><\/p>\n","protected":false},"excerpt":{"rendered":"<p>Giunto alla sua sesta edizione, torna l\u2019appuntamento con il nuovo cinema catalano e con il meglio dei Premis Gaud\u00ed \u2212 il pi\u00f9 prestigioso riconoscimento cinematografico della Catalogna \u2212 reso possibile grazie alla partnership tra Societ\u00e0 Umanitaria di Alghero, Generalitat de Catalunya Delegaci\u00f3 del Govern a Italia, Plataforma per la Llengua e \u00d2mnium Cultural de l\u2019Alguer, &#8230; <a title=\"Edizione 2024\" class=\"read-more\" href=\"https:\/\/www.umanitaria.it\/alghero\/el-cicle-gaudi-a-lalguer-edizioni-passate\/el-cicle-gaudi-a-lalguer-2024\/\" aria-label=\"Per saperne di pi\u00f9 su Edizione 2024\">Leggi tutto<\/a><\/p>\n","protected":false},"author":8,"featured_media":15144,"parent":15139,"menu_order":1,"comment_status":"closed","ping_status":"closed","template":"","meta":{"_acf_changed":false,"_seopress_robots_primary_cat":"","_seopress_titles_title":"","_seopress_titles_desc":"","_seopress_robots_index":"","inline_featured_image":false,"footnotes":""},"class_list":["post-15141","page","type-page","status-publish","has-post-thumbnail"],"acf":[],"_links":{"self":[{"href":"https:\/\/www.umanitaria.it\/alghero\/wp-json\/wp\/v2\/pages\/15141","targetHints":{"allow":["GET"]}}],"collection":[{"href":"https:\/\/www.umanitaria.it\/alghero\/wp-json\/wp\/v2\/pages"}],"about":[{"href":"https:\/\/www.umanitaria.it\/alghero\/wp-json\/wp\/v2\/types\/page"}],"author":[{"embeddable":true,"href":"https:\/\/www.umanitaria.it\/alghero\/wp-json\/wp\/v2\/users\/8"}],"replies":[{"embeddable":true,"href":"https:\/\/www.umanitaria.it\/alghero\/wp-json\/wp\/v2\/comments?post=15141"}],"version-history":[{"count":6,"href":"https:\/\/www.umanitaria.it\/alghero\/wp-json\/wp\/v2\/pages\/15141\/revisions"}],"predecessor-version":[{"id":15701,"href":"https:\/\/www.umanitaria.it\/alghero\/wp-json\/wp\/v2\/pages\/15141\/revisions\/15701"}],"up":[{"embeddable":true,"href":"https:\/\/www.umanitaria.it\/alghero\/wp-json\/wp\/v2\/pages\/15139"}],"wp:featuredmedia":[{"embeddable":true,"href":"https:\/\/www.umanitaria.it\/alghero\/wp-json\/wp\/v2\/media\/15144"}],"wp:attachment":[{"href":"https:\/\/www.umanitaria.it\/alghero\/wp-json\/wp\/v2\/media?parent=15141"}],"curies":[{"name":"wp","href":"https:\/\/api.w.org\/{rel}","templated":true}]}}