{"id":15157,"date":"2025-09-22T16:29:51","date_gmt":"2025-09-22T14:29:51","guid":{"rendered":"https:\/\/www.umanitaria.it\/alghero\/?page_id=15157"},"modified":"2025-09-23T16:59:19","modified_gmt":"2025-09-23T14:59:19","slug":"edizione-2022","status":"publish","type":"page","link":"https:\/\/www.umanitaria.it\/alghero\/cinema-delle-terre-e-del-mare-edizioni-passate\/edizione-2022\/","title":{"rendered":"Edizione 2022"},"content":{"rendered":"\n<p><strong>Da<\/strong> <strong>sabato 23<\/strong> <strong>a<\/strong> <strong>marted\u00ec 26 luglio<\/strong> torna <strong>Cinema delle Terre del Mare<\/strong>, il Festival della <strong>Societ\u00e0 Umanitaria di Alghero<\/strong> che propone quest\u2019anno quattro intense giornate di musica, incontri, performance e proiezioni vista mare nelle spiagge pi\u00f9 suggestive della Riviera del Corallo.<\/p>\n\n\n\n<p><strong><mark style=\"background-color:rgba(0, 0, 0, 0)\" class=\"has-inline-color has-global-color-8-color\">GLI OSPITI, I FILM. <\/mark><\/strong>Ogni giorno autori e autrici &#8211; sardi, italiani e internazionali &#8211; accompagnano i loro lavori ospitati nelle varie sezioni del festival: <em>Indie<\/em>, dedicata alle produzioni indipendenti; <em>Night on Earth<\/em>, gli appuntamenti serali sulla spiaggia e <em>CamperKids<\/em>, rivolta al pubblico dei pi\u00f9 piccoli. Il pubblico di cinenauti potr\u00e0 navigare tra le suggestioni di <strong><em>PescAmare<\/em><\/strong>, il film di <strong>Andrea Lodovichetti<\/strong> che racconta le atmosfere dei porti delle piccole citt\u00e0 e coloro che li popolano. Lodovichetti, gi\u00e0 assistente di Paolo Sorrentino per i film <em>L&#8217;amico di famiglia<\/em> e <em>Il Divo<\/em> \u2013 i suoi lavori hanno ottenuto oltre 80 tra premi e menzioni, tra i quali anche un Globo D&#8217;Oro, incontrer\u00e0 il pubblico <strong>domenica<\/strong> <strong>24 luglio<\/strong> <strong>alle 18.30<\/strong> nella <strong>Sala Conferenze Lo Quarter<\/strong>. Il sodalizio tra cinema e mare ritorna anche in <strong><em>El ventre del mar<\/em><\/strong> di Agust\u00ed Villaronga, che ripercorre il naufragio della fregata francese M\u00e9duse al largo del Senegal nel 1816. La proiezione \u00e8 l\u2019anteprima della nuova edizione del Cicle Gaud\u00ec a l\u2019Alguer che la Societ\u00e0 Umanitaria di Alghero, come ormai da quattro anni, proporr\u00e0 anche il prossimo novembre grazie alla collaborazione con l\u2019Acad\u00e8mia del Cinema Catal\u00e0 della Delegaci\u00f3 del Govern de Catalunya a It\u00e0lia Ofici de l&#8217;Alguer e alla sezione di Alghero della ong Plataforma per la Llengua. <strong>Marted\u00ec 26 luglio alle 21.30<\/strong> &#8211; sulla spiaggia dello <strong>Stabilimento Rosanna a Maria Pia<\/strong>, sar\u00e0 presente l\u2019attore protagonista <strong>Roger Casamajor<\/strong>, interprete dal lungo curriculum teatrale, televisivo e cinematografico, scelto da Guillermo del Toro per <em>Il labirinto del fauno<\/em> (vincitore di 3 Oscar e 7 Goya). Tra gli ospiti anche la regista calabrese <strong>Cristina<\/strong> <strong>Mantis<\/strong> e la sceneggiatrice sarda <strong>Daniela<\/strong> <strong>Piu<\/strong>, per un appuntamento in programma a Fertilia, uno dei luoghi simbolo dell\u2019esodo istriano in Italia. Occasione perfetta per presentare <strong><em>Fertilia istriana<\/em><\/strong>, un film che racconta l\u2019integrazione tra gli esuli d\u2019Istria e il popolo sardo. Appuntamento in <strong>Piazza Venezia Giulia luned\u00ec 25 luglio<\/strong> <strong>alle<\/strong> <strong>22<\/strong>. Si torna a Lo Quarter invece per la proiezione di <strong><em>Ananda<\/em><\/strong> di Stefano Deffenu, che incontrer\u00e0 il pubblico <strong>marted\u00ec 26 luglio dalle<\/strong> <strong>18.30<\/strong>. Il film \u00e8 il diario di viaggio di un ingenuo sognatore alla ricerca di un\u2019antica leggenda. Si tratta dell\u2019esordio alla regia per <strong>Stefano Deffenu<\/strong>, sassarese, gi\u00e0 noto al grande pubblico per i ruoli da attore protagonista nei lavori di Bonifacio Angius S<em>a Gr\u00e0scia<\/em>, <em>Perfidia<\/em> e <em>I Giganti<\/em>, dei quali \u00e8 anche co-sceneggiatore. Sempre a Lo Quarter, <strong>domenica 24 luglio alle<\/strong> <strong>18.30<\/strong>, appuntamento con <strong><em>Transumanze<\/em><\/strong> di Andrea Mura, premio M\u00f2nde \u2013 Festa del Cinema sui Cammini 2021 e menzione speciale al Fiorenzo Serra Film Festival 2021. Una storia di lavoro, conflitti sociali ed emancipazione. In conversazione con il pubblico il montatore <strong>Ambrogio<\/strong> <strong>Nieddu<\/strong>. A completare il cartellone una selezione di produzioni internazionali contemporanee premiate in tutto il mondo. <strong>Sabato 23 luglio<\/strong> <strong>dalle<\/strong> <strong>23<\/strong> in <strong>Piazzale Lo Quarter<\/strong>, in collaborazione con Alpe Adria Cinema \u2013 Trieste Film Festival, si proietta <strong><em>Murina<\/em><\/strong> di Antoneta Alamat Kusijanovi\u0107, Premio Cam\u00e9ra d\u2019Or per il miglior film d\u2019esordio al Festival di Cannes 2022. <strong>Domenica 24 dalle<\/strong> <strong>10.30<\/strong>, nella <strong>Sala Conferenze a Lo Quarter<\/strong>, appuntamento con <strong><em>Atlantide<\/em> <\/strong>di Yuri Ancarani, in anteprima nella sezione Orizzonti alla 78ma Mostra Internazionale d\u2019arte cinematografica di Venezia. Sempre domenica ma alle <strong>22<\/strong> in spiaggia a <strong>Mugoni<\/strong>, tocca a <strong><em>Memory box<\/em> <\/strong>di Joana Hadjithomas e Khalil Joreige, produzione franco-libano-canadese che racconta la storia di tre generazioni di donne. E ancora, <strong>luned\u00ec 25 luglio<\/strong>, <strong>dalle<\/strong> <strong>10.30 a Lo Quarter in sala conferenze<\/strong>, <strong><em>Flee<\/em> <\/strong>di Jonas Poher Rasmussen, miglior documentario straniero al Sundance Film Festival 2021. Infine, <strong>marted\u00ec 26<\/strong> sempre <strong>alle<\/strong> <strong>10.30<\/strong> e sempre al <strong>Lo Quarter<\/strong>, <strong><em>Rien \u00e0 foutre<\/em> <\/strong>di Julie Lecoustre ed Emmanuel Marre, pellicola franco-belga che si fa ritratto di uno spaccato generazionale, con protagonista la straordinaria Ad\u00e8le Exarchopoulos.<\/p>\n\n\n\n<p><strong><mark style=\"background-color:rgba(0, 0, 0, 0)\" class=\"has-inline-color has-global-color-8-color\">LE PERFORMANCE.<\/mark><\/strong> Ad arricchire il programma di Cinema delle Terre del Mare due <em>performance<\/em> preziose e cariche di suggestioni. A inaugurare il Festival, <strong>sabato 23 luglio dalle<\/strong> <strong>21.30<\/strong> <strong>nel Piazzale Lo Quarter<\/strong>, il <strong>Luigi Frassetto Quartet<\/strong> suona <strong>Ennio Morricone<\/strong>. Un concerto sulle melodie immortali di un grande maestro che ha legato il suo nome ai pi\u00f9 importanti film della storia del cinema. In scena <strong>Luigi<\/strong> <strong>Frassetto<\/strong> (arrangiamenti, chitarre, vocoder), <strong>Marco<\/strong> <strong>Testoni<\/strong> (tastiere, theremin, chitarra acustica), <strong>Edoardo<\/strong> <strong>Meledina<\/strong> (basso elettrico, contrabbasso, campionatore), <strong>Lorenzo<\/strong> <strong>Falzoi<\/strong> (batteria, percussioni). \u00abEnnio Morricone \u2013 spiega Frassetto &#8211; era per l\u2019Italia uno degli esempi pi\u00f9 splendidi di creativit\u00e0, rigore e rispetto per l\u2019arte. \u00c8 nostro dovere preservarne la memoria per trapiantarla nel mondo d\u2019oggi\u00bb. Evocativo e pieno di fascino anche l\u2019appuntamento di <strong>luned\u00ec 25 luglio<\/strong> dal titolo <strong><em>All\u2019alba del cinema<\/em><\/strong>, con sipario al sorgere del sole, in spiaggia a <strong>Maria Pia<\/strong>, dalle <strong>5<\/strong> del mattino. Uno spettacolo di e con <strong>Ignazio Chessa<\/strong> (attore), realizzato insieme a <strong>Lucia Cocco<\/strong> (danzatrice) e <strong>Fabio Loi<\/strong> (scenografo e costumista). Un omaggio al cinema, a M\u00e9lies e Fellini. Uno spettacolo itinerante, un contenitore di sogni che si concretizzano grazie ad un Anfitrione e una Musa che rievocano personaggi del nostro immaginario cinefilo collettivo.<\/p>\n\n\n\n<p><strong><mark style=\"background-color:rgba(0, 0, 0, 0)\" class=\"has-inline-color has-global-color-8-color\">ALGHERO CITT\u00c0 DEL CINEMA, DUE ITINERARI CINETURISTICI. <\/mark><\/strong>Da un\u2019idea della Societ\u00e0 Umanitaria di Alghero tornano gli <strong>itinerari<\/strong> <strong>cineturistici<\/strong>: due <em>tour <\/em>a piedi alla scoperta del profondo legame tra la Riviera del Corallo e il grande cinema. Due itinerari per raccontare due diversi momenti di questo lungo e travagliato rapporto. Si comincia <strong>domenica 24 luglio<\/strong> <strong>alle 9 a Villa Las Tronas<\/strong> per una passeggiata tra le lussuose ville neoclassiche del lungomare, le torri, le piazze e i luoghi che hanno fatto da sfondo ai grandi film hoolywoodiani degli anni \u201960 e che hanno ospitato il Meeting Internazionale del Cinema. A guidare il pubblico saranno <strong>Nadia Rondello<\/strong>, operatrice culturale della Societ\u00e0 Umanitaria, e <strong>Maria Cau<\/strong> di A S\u2019Andira. Seconda tappa <strong>marted\u00ec 26 luglio<\/strong>, sempre <strong>alle<\/strong> <strong>9<\/strong> e ancora in compagnia di<strong> Nadia Rondello<\/strong> ma con partenza dallo <strong>Scalo<\/strong> <strong>Tarantiello<\/strong>. Un tour a piedi alla scoperta dell\u2019<strong>Alghero anni \u201840<\/strong>, anni in cui sbocci\u00f2 l\u2019amore tra il cinema e la citt\u00e0 grazie all\u2019estro creativo di alcuni giovani sardi che avranno poi a che fare con il mondo del cinema in forme diverse, spesso inaspettate. Si camminer\u00e0 nel cuore del centro storico tra i luoghi di una sceneggiatura completa per un film mai realizzato, tra storie di addii e ritorni, di pescatori antichi e di un mare che \u00e8 insieme ricchezza e dannazione.<\/p>\n\n\n\n<p><strong><mark style=\"background-color:rgba(0, 0, 0, 0)\" class=\"has-inline-color has-global-color-8-color\">CAMPERKIDS. <\/mark><\/strong>Un Festival dentro il Festival, un ciclo di proiezioni a bordo di un camper dedicato ai bambini e alle bambine tra i 5 e i 10 anni. Da domenica a marted\u00ec &#8211; da un\u2019idea dell\u2019associazione <strong>Fuori di Camper<\/strong> &#8211; appuntamento con <strong><em>Cinema errante&#8230; sotto un cielo stellante<\/em><\/strong>, la sera <strong>alle 21 <\/strong>alla scuola primaria <strong>San Giovanni Lido<\/strong>. Primo film in programma <strong><em>Il giro del mondo in 80 giorni<\/em><\/strong> di Samuel Tourneux, la storia della scimmietta Passepartout, dell\u2019esploratore Phileas Frog e della loro meravigliosa avventura (<strong>domenica 24 luglio<\/strong>). Si prosegue poi con <strong><em>Azur e Asmar<\/em><\/strong> di Michel Ocelot, che racconta l\u2019impresa di due fratelli Azur e Asmar che, separati durante l\u2019infanzia, si ritrovano da adulti (<strong>luned\u00ec 25 luglio<\/strong>). Chiusura infine con <strong><em>La canzone del mare<\/em><\/strong> di Tomm Moore, in cui Ben e la sua sorellina Saoirse, l\u2019ultima bambina foca, si avventurano in un viaggio fantastico nel tentativo di ritornare nella loro casa vicino al mare. Per assistere alle proiezioni \u00e8 richiesta la prenotazione al numero <mark style=\"background-color:rgba(0, 0, 0, 0)\" class=\"has-inline-color has-global-color-8-color\">+39 349 63 34 711<\/mark>.<\/p>\n\n\n\n<p><strong><mark style=\"background-color:rgba(0, 0, 0, 0)\" class=\"has-inline-color has-global-color-8-color\">PARTNER E SOSTENITORI. <\/mark>Cinema delle Terre del Mare<\/strong> \u00e8 sostenuto dalla Regione Sardegna, dal Comune di Alghero e dalla Fondazione Alghero (fa parte del cartellone di eventi #ALGHEROEXPERIENCE <em>un anno cos\u00ec<\/em>). Tra i partner culturali spicca la collaborazione con l\u2019Academia del Cinema Catal\u00e0, la Delegaci\u00f3 del Govern de Catalunya a It\u00e0lia Ofici de l\u2019Alguer, la ong Plataforma per la Llengua, sezione di Alghero e l\u2019Alpe Adria Cinema \u2013 Trieste Film Festival. Cinema delle Terre del Mare \u00e8 un progetto fortemente ancorato nel presente con solide radici in un passato glorioso che riporta agli anni \u201960 e \u201970, al periodo del Meeting internazionale che fece di Alghero una delle capitali europee del cinema nel mondo. Un festival che per\u00f2 non dimentica di guardare al futuro con l\u2019obiettivo di rilanciare la candidatura di Alghero a citt\u00e0 del cinema in Sardegna.<\/p>\n\n\n\n<p><em>Dopo le restrizioni indotte dalla pandemia, che lo aveva costretto ad una dimensione stanziale,&nbsp; rischiando di sacrificarne il senso profondo<\/em> &#8211; spiega la direttrice artistica <strong>Alessandra Sento<\/strong> &#8211; <em>il Festival quest\u2019anno riconquista l\u2019originaria forma itinerante, quella di un viaggio fisico e ideale a bordo del cinema, dal centro citt\u00e0 verso Capo Caccia. Un viaggio in cui cosa vedere \u00e8 importante tanto quanto dove, in quale luogo, e vicino a chi. Perch\u00e9 <strong>Cinema delle Terre del Mare<\/strong>, per noi, non \u00e8 solo un Festival, ma un altro modo di amare l\u2019sola, di fare i conti con la memoria,&nbsp; di immaginare il futuro<\/em>.<\/p>\n\n\n\n<div class=\"wp-block-file\"><a id=\"wp-block-file--media-929521cc-a64e-4856-9098-f5047353d7ca\" href=\"https:\/\/www.umanitaria.it\/alghero\/wp-content\/uploads\/sites\/7\/2025\/09\/PIEGHEVOLE-CDTM2022.pdf\"><strong>PIEGHEVOLE CDTM2022<\/strong><\/a><\/div>\n","protected":false},"excerpt":{"rendered":"<p>Da sabato 23 a marted\u00ec 26 luglio torna Cinema delle Terre del Mare, il Festival della Societ\u00e0 Umanitaria di Alghero che propone quest\u2019anno quattro intense giornate di musica, incontri, performance e proiezioni vista mare nelle spiagge pi\u00f9 suggestive della Riviera del Corallo. GLI OSPITI, I FILM. Ogni giorno autori e autrici &#8211; sardi, italiani e &#8230; <a title=\"Edizione 2022\" class=\"read-more\" href=\"https:\/\/www.umanitaria.it\/alghero\/cinema-delle-terre-e-del-mare-edizioni-passate\/edizione-2022\/\" aria-label=\"Per saperne di pi\u00f9 su Edizione 2022\">Leggi tutto<\/a><\/p>\n","protected":false},"author":8,"featured_media":15266,"parent":14695,"menu_order":3,"comment_status":"closed","ping_status":"closed","template":"","meta":{"_acf_changed":false,"_seopress_robots_primary_cat":"","_seopress_titles_title":"","_seopress_titles_desc":"","_seopress_robots_index":"","inline_featured_image":false,"footnotes":""},"class_list":["post-15157","page","type-page","status-publish","has-post-thumbnail"],"acf":[],"_links":{"self":[{"href":"https:\/\/www.umanitaria.it\/alghero\/wp-json\/wp\/v2\/pages\/15157","targetHints":{"allow":["GET"]}}],"collection":[{"href":"https:\/\/www.umanitaria.it\/alghero\/wp-json\/wp\/v2\/pages"}],"about":[{"href":"https:\/\/www.umanitaria.it\/alghero\/wp-json\/wp\/v2\/types\/page"}],"author":[{"embeddable":true,"href":"https:\/\/www.umanitaria.it\/alghero\/wp-json\/wp\/v2\/users\/8"}],"replies":[{"embeddable":true,"href":"https:\/\/www.umanitaria.it\/alghero\/wp-json\/wp\/v2\/comments?post=15157"}],"version-history":[{"count":5,"href":"https:\/\/www.umanitaria.it\/alghero\/wp-json\/wp\/v2\/pages\/15157\/revisions"}],"predecessor-version":[{"id":15213,"href":"https:\/\/www.umanitaria.it\/alghero\/wp-json\/wp\/v2\/pages\/15157\/revisions\/15213"}],"up":[{"embeddable":true,"href":"https:\/\/www.umanitaria.it\/alghero\/wp-json\/wp\/v2\/pages\/14695"}],"wp:featuredmedia":[{"embeddable":true,"href":"https:\/\/www.umanitaria.it\/alghero\/wp-json\/wp\/v2\/media\/15266"}],"wp:attachment":[{"href":"https:\/\/www.umanitaria.it\/alghero\/wp-json\/wp\/v2\/media?parent=15157"}],"curies":[{"name":"wp","href":"https:\/\/api.w.org\/{rel}","templated":true}]}}