{"id":15220,"date":"2025-09-23T10:54:03","date_gmt":"2025-09-23T08:54:03","guid":{"rendered":"https:\/\/www.umanitaria.it\/alghero\/?page_id=15220"},"modified":"2025-09-23T17:05:44","modified_gmt":"2025-09-23T15:05:44","slug":"edizione-2019","status":"publish","type":"page","link":"https:\/\/www.umanitaria.it\/alghero\/cinema-delle-terre-e-del-mare-edizioni-passate\/edizione-2019\/","title":{"rendered":"Edizione 2019"},"content":{"rendered":"\n<p>Il grande cinema nelle spiagge pi\u00f9 belle della Sardegna: torna ad Alghero <strong>dal 30 luglio al 9 agosto Cinema delle Terre del Mare \u2013 Festival itinerante per cinefili in movimento<\/strong>, realizzato dalla <strong>Societ\u00e0 Umanitaria di Alghero<\/strong> in collaborazione con l\u2019assessorato regionale alla Cultura, il Comune di Alghero e la Fondazione Alghero, e con il sostegno della Fondazione Sardegna Film Commission.<\/p>\n\n\n\n<p><strong><mark style=\"background-color:rgba(0, 0, 0, 0)\" class=\"has-inline-color has-global-color-8-color\">I NUMERI E LA STORIA: ALGHERO CITT\u00c0 DEL CINEMA. <\/mark><\/strong>Pellicole indipendenti, grandi classici, B movies e proiezioni per ragazzi per un totale di <strong>26 film<\/strong> da tutto il mondo, con anteprime regionali e nazionali, circa <strong>40 ospiti <\/strong>italiani e internazionali in <strong>12 giorni<\/strong> di Festival su <strong>spiagge<\/strong> <strong>mozzafiato<\/strong> e altri luoghi incantevoli. E ancora tavole rotonde, il grande fumetto contemporaneo, concerti e dj set d\u2019autore <strong>negli scenari pi\u00f9 suggestivi della Riviera del Corallo<\/strong>. Un progetto firmato dalla <strong>Societ\u00e0 Umanitaria di Alghero <\/strong>che riannoda i fili della memoria guardando agli anni &#8217;60 e &#8217;70, al periodo del Meeting Internazionale del Cinema quando la citt\u00e0 catalana era una delle capitali europee del cinema internazionale. Un\u2019epoca d\u2019oro in cui in Riviera non ci si stupiva di incontrare Liz Taylor o Roger Moore, di imbattersi nell\u2019ultima produzione di Carlo Lizzani o di Francis Ford Coppola. Ma Cinema delle Terre del Mare<strong> <\/strong>non \u00e8 un Festival che vive di vecchi ricordi, \u00e8 anzi fortemente proiettato nel futuro con l\u2019obiettivo di <strong>rilanciare Alghero come Citt\u00e0 del Cinema in Sardegna<\/strong>.<\/p>\n\n\n\n<p><strong><mark style=\"background-color:rgba(0, 0, 0, 0)\" class=\"has-inline-color has-global-color-8-color\">GLI OSPITI E LE CONTAMINAZIONI: IL FESTIVAL IN PILLOLE.<\/mark><\/strong> Cinema delle Terre del Mare<strong> <\/strong>\u00e8 da sempre un Festival aperto e inclusivo, che ama spaziare tra i generi e le arti. Ogni giorno, a partire <strong>dalle 18<\/strong>, si potr\u00e0 assistere a opere indipendenti su temi sociali nella categoria <strong><em>Indie<\/em><\/strong>; agli storici film che hanno visto l\u2019isola come set naturale nella categoria <strong><em>Sardinia B Movie<\/em><\/strong>; agli incontri sulle pi\u00f9 celebri colonne sonore con <strong><em>Soundtracks<\/em><\/strong>; e poi il cinema rivolto ai ragazzi e alle ragazze nella sezione <strong><em>Young Adult<\/em><\/strong>; e infine le proiezioni in spiaggia, dopo il tramonto, per la categoria <strong><em>Night on Earth<\/em><\/strong>. Spazio anche alle tavole rotonde con <strong><em>Stories<\/em><\/strong>: approfondimenti e focus con ospiti e addetti ai lavori. Tra gli appuntamenti di un cartellone ogni giorno ricco di spunti, si distingue la proiezione di <strong><em>Formentera Lady<\/em><\/strong>, per la prima volta in Italia grazie agli schermi di Cinema delle Terre del Mare. Il film diretto dal regista valenciano Pau Dur\u00e0 racconta la storia di Samuel, vecchio <em>hippie<\/em> che dagli anni \u201970 porta a casa la giornata come menestrello nelle bettole di Formentera. La visita di sua figlia Anna lo costringer\u00e0 a fare i conti con il tempo che passa in una storia sempre sul crinale tra dramma e commedia. Ospite della serata, in programma <strong>venerd\u00ec 2 agosto<\/strong> a partire <strong>dalle<\/strong> <strong>22<\/strong> alla spiaggia <strong>Maria Pia<\/strong>, il produttore <strong>David Ciurana<\/strong>.&nbsp;Un incontro tutto al femminile, invece, quello in programma <strong>sabato 3 agosto<\/strong> sempre alla <strong>spiaggia Maria Pia<\/strong>: <strong><em>Ragazze la vita trema<\/em><\/strong> \u00e8 il titolo del forum con alcune tra le pi\u00f9 importanti fumettiste italiane affermate ed emergenti. Saranno protagoniste <a href=\"https:\/\/www.cristinaportolano.com\/about\/\"><strong>Cristina Portolano<\/strong><\/a>, napoletana classe \u201986 pluripremiata per i suoi lavori di graphic journalism e di racconto a fumetti; <a href=\"http:\/\/www.silviarocchi.com\/About-silviarocchi\"><strong>Silvia Rocchi<\/strong><\/a>, 33enne pisana che ha esordito con le biografie a fumetti di Alda Merini e Tiziano Terzani per approdare poi a Rizzoli, con cui ha pubblicato<em> Brucia<\/em>, la sua prima <em>graphic novel<\/em>; e <strong>Josephine Yole Signorelli<\/strong>, in arte <a href=\"http:\/\/comics.feltrinellieditore.it\/autore\/josephine-yole-signorelli-fumettibrutti\/\"><strong>Fumettibrutti<\/strong><\/a>, il nuovo grande fenomeno del fumetto italiano nato sul web: catanese classe \u201991, ha recentemente esordito per Feltrinelli Comics con <em>Romanzo esplicito<\/em>. Un\u2019altra importante tavola rotonda \u00e8 quella fissata per <strong>venerd\u00ec 2 agosto<\/strong> come unico appuntamento mattutino del festival: <strong>alle<\/strong> <strong>11.30<\/strong> a <strong>Lo Quarter<\/strong> si parler\u00e0 di <strong><em>Lavori in corso. Forum sul nuovo cinema indipendente sardo<\/em><\/strong>, con la regista <strong>Stefania Muresu<\/strong> e i registi <strong>Daniele Atzeni<\/strong>, <strong>Stefano Deffenu<\/strong>, <strong>Antonio Maciocco<\/strong> e <strong>Marco Antonio Pani<\/strong>. Un\u2019occasione per scoprire in anteprima i film che verranno, i progetti cinematografici ancora da realizzare. Ma Cinema delle Terre del Mare<strong> <\/strong>\u00e8 anche un Festival di contaminazione tra le arti, come testimonia lo spettacolo <strong><em>Andante sul mare<\/em><\/strong> di <strong>Moreno Solinas<\/strong> e <strong>Igor Urzelai<\/strong>, una <em>performance<\/em> di danza contemporanea in anteprima nazionale, in scena al <strong>Centro di Accoglienza Vel Mar\u00ec<\/strong> <strong>gioved\u00ec 8 agosto<\/strong>, a partire <strong>dalle<\/strong> <strong>20<\/strong>. Uno spettacolo che \u00e8 un invito a fermarci, a rallentare, a notare il tempo che passa e l&#8217;attenzione che fluttua. Una chiamata dal mare, un lento abbandono della terraferma, un immaginare cosa significhi sparire in quel profondo, un andare incontro a chi sta sull&#8217;altra sponda. Ampio e di qualit\u00e0 anche lo spazio riservato alla musica: tra dj-set d\u2019autore e concerti ecco in evidenza il <strong><em>Tormentone live<\/em><\/strong> di <a href=\"https:\/\/www.facebook.com\/scardaofficial\/\"><strong>Scarda<\/strong><\/a>, in programma <strong>mercoled\u00ec 7 agosto<\/strong> <strong>dalle 20<\/strong> al <strong>Parco di<\/strong> <strong>Porto Conte<\/strong>. Cantautore calabrese trapiantato a Roma, Scarda deve proprio al cinema il suo esordio discografico, grazie alla colonna sonora della fortunata trilogia di <em>Smetto quando voglio<\/em>, che gli \u00e8 valsa una candidatura ai David di Donatello per la miglior canzone originale. Reduce dalla recente pubblicazione del sue terzo disco, il musicista ha da poco tagliato il traguardo dei 100 mila ascoltatori mensili su Spotify.<\/p>\n\n\n\n<p><strong><mark style=\"background-color:rgba(0, 0, 0, 0)\" class=\"has-inline-color has-global-color-8-color\">LUOGHI E TERRITORIO: UN FESTIVAL ITINERANTE.<\/mark><\/strong> Il rapporto con il mare e il legame con il territorio sono due dei temi centrali di Cinema delle Terre del Mare. Da qui la necessit\u00e0 di essere un <strong>Festival itinerante<\/strong> che ogni giorno esplora e racconta i suoi luoghi d\u2019elezione. Nascono cos\u00ec gli <strong>itinerari cine-turistici<\/strong>, nati lo scorso anno da un&#8217;idea della Societ\u00e0 Umanitaria in&nbsp;collaborazione con <strong>A S&#8217;Andira<\/strong> (Agenzia di servizi per il turismo culturale in Sardegna). Il progetto far\u00e0 scoprire ai visitatori le tracce di un passato illustre con una visita guidata che lega la storia del territorio a quella del cinema. Due i<strong> <\/strong><em>movietour <\/em>in programma,<strong> <\/strong>durante i quali i partecipanti saranno accompagnati nei luoghi che hanno fatto da sfondo ai grandi film, o che hanno ospitato manifestazioni cinematografiche e televisive importanti come il Meeting Internazionale del Cinema. <strong>Marted\u00ec 30 luglio<\/strong> sar\u00e0 la volta dell\u2019itinerario urbano, con partenza dallo <strong>Scalo Tarantiello<\/strong> per una passeggiata cinematografica in citt\u00e0 sulle tracce Richard Burton e della leggendaria e controversa figura del bandito sardo Graziano Mesina, raccontata nei film <em>Barbagia. La societ\u00e0 del malessere<\/em> e <em>I protagonisti<\/em>. <strong>Mercoled\u00ec 7 agosto<\/strong> il viaggio toccher\u00e0 invece alcune tra le pi\u00f9 belle localit\u00e0 del litorale: <strong>da Porto Conte a Capo Caccia<\/strong> sulle orme di James Bond, che interpretato da Roger Moore con Barbara Bach nel ruolo della spia sovietica Anya Amasova, ha dato vita sulla litoranea a uno degli inseguimenti pi\u00f9 spettacolari della storia del cinema. Un itinerario che evoca anche la straordinaria Liz Taylor de <em>La scogliera dei desideri<\/em>. Agli itinerari turistici, curati entrambi da <strong>Nadia Rondello<\/strong> (Societ\u00e0 Umanitaria) e <strong>Maria Cau<\/strong> (A S&#8217;Andira), si aggiungono le tappe delle proiezioni, ogni giorno diverse. E allora diventeranno cinema le splendide spiagge Rafael, Hermeu, Rosanna, Lazzaretto e Vel Mar\u00ec; diventer\u00e0 cinema il Mirador Giuni Russo, con la sua vista mozzafiato su tutta la Rada di Alghero, passando dal centro storico e guardando sino a Capo Caccia, dove tutto \u00e8 cominciato cinquant\u2019anni fa.<\/p>\n\n\n\n<p><strong><mark style=\"background-color:rgba(0, 0, 0, 0)\" class=\"has-inline-color has-global-color-8-color\">CULTURA E IMPRESA: DAL TURISMO ALL\u2019INDUSTRIA CINEMATOGRAFICA. <\/mark><\/strong>Cinema delle Terre del Mare \u00e8 una manifestazione che crede nella cultura anche come <strong>motore economico per il territorio<\/strong>, grazie all\u2019indotto turistico che \u00e8 in grado di generare ma anche, e soprattutto, grazie alla possibilit\u00e0 che il Festival offre a registi, autori e produttori di <strong>riscoprire la Sardegna come un grande set cinematografico <\/strong>a cielo aperto. Fondamentale in questo senso \u00e8 la collaborazione con la Fondazione Sardegna Film Commission, ente di governance regionale per il potenziamento della filiera audiovisiva in Sardegna, che interviene nel Festival organizzando per gli ospiti degli speciali <em>location scouting<\/em> alle scoperte di luoghi, comunit\u00e0 e beni artistici materiali e immateriali. Attivit\u00e0 consueta per la Fondazione, che opera su tutto il territorio regionale per far conoscere l\u2019isola nei suoi aspetti pi\u00f9 inconsueti e originali alle produzioni nazionali e internazionali interessate a girare in Sardegna, attraendo talenti e capitali di investimento. La missione della Sardegna Film Commission incontra quindi l\u2019impegno della Societ\u00e0 Umanitaria di Alghero, che beneficia &nbsp;anche del sostegno dell\u2019assessorato regionale alla Cultura, del Comune di Alghero<strong> <\/strong>e della Fondazione Alghero.<\/p>\n\n\n\n<div class=\"wp-block-file\"><a id=\"wp-block-file--media-1660fe19-410b-445b-a034-a84ccddccc1a\" href=\"https:\/\/www.umanitaria.it\/alghero\/wp-content\/uploads\/sites\/7\/2025\/09\/CATALOGO-CDTM-2019.pdf\"><strong>CATALOGO CDTM2019<\/strong><\/a><\/div>\n\n\n\n<p><\/p>\n","protected":false},"excerpt":{"rendered":"<p>Il grande cinema nelle spiagge pi\u00f9 belle della Sardegna: torna ad Alghero dal 30 luglio al 9 agosto Cinema delle Terre del Mare \u2013 Festival itinerante per cinefili in movimento, realizzato dalla Societ\u00e0 Umanitaria di Alghero in collaborazione con l\u2019assessorato regionale alla Cultura, il Comune di Alghero e la Fondazione Alghero, e con il sostegno &#8230; <a title=\"Edizione 2019\" class=\"read-more\" href=\"https:\/\/www.umanitaria.it\/alghero\/cinema-delle-terre-e-del-mare-edizioni-passate\/edizione-2019\/\" aria-label=\"Per saperne di pi\u00f9 su Edizione 2019\">Leggi tutto<\/a><\/p>\n","protected":false},"author":8,"featured_media":15270,"parent":14695,"menu_order":5,"comment_status":"closed","ping_status":"closed","template":"","meta":{"_acf_changed":false,"_seopress_robots_primary_cat":"","_seopress_titles_title":"","_seopress_titles_desc":"","_seopress_robots_index":"","inline_featured_image":false,"footnotes":""},"class_list":["post-15220","page","type-page","status-publish","has-post-thumbnail"],"acf":[],"_links":{"self":[{"href":"https:\/\/www.umanitaria.it\/alghero\/wp-json\/wp\/v2\/pages\/15220","targetHints":{"allow":["GET"]}}],"collection":[{"href":"https:\/\/www.umanitaria.it\/alghero\/wp-json\/wp\/v2\/pages"}],"about":[{"href":"https:\/\/www.umanitaria.it\/alghero\/wp-json\/wp\/v2\/types\/page"}],"author":[{"embeddable":true,"href":"https:\/\/www.umanitaria.it\/alghero\/wp-json\/wp\/v2\/users\/8"}],"replies":[{"embeddable":true,"href":"https:\/\/www.umanitaria.it\/alghero\/wp-json\/wp\/v2\/comments?post=15220"}],"version-history":[{"count":5,"href":"https:\/\/www.umanitaria.it\/alghero\/wp-json\/wp\/v2\/pages\/15220\/revisions"}],"predecessor-version":[{"id":15271,"href":"https:\/\/www.umanitaria.it\/alghero\/wp-json\/wp\/v2\/pages\/15220\/revisions\/15271"}],"up":[{"embeddable":true,"href":"https:\/\/www.umanitaria.it\/alghero\/wp-json\/wp\/v2\/pages\/14695"}],"wp:featuredmedia":[{"embeddable":true,"href":"https:\/\/www.umanitaria.it\/alghero\/wp-json\/wp\/v2\/media\/15270"}],"wp:attachment":[{"href":"https:\/\/www.umanitaria.it\/alghero\/wp-json\/wp\/v2\/media?parent=15220"}],"curies":[{"name":"wp","href":"https:\/\/api.w.org\/{rel}","templated":true}]}}