{"id":15231,"date":"2025-09-23T12:33:23","date_gmt":"2025-09-23T10:33:23","guid":{"rendered":"https:\/\/www.umanitaria.it\/alghero\/?page_id=15231"},"modified":"2025-09-23T17:08:25","modified_gmt":"2025-09-23T15:08:25","slug":"edizione-2018","status":"publish","type":"page","link":"https:\/\/www.umanitaria.it\/alghero\/cinema-delle-terre-e-del-mare-edizioni-passate\/edizione-2018\/","title":{"rendered":"Edizione 2018"},"content":{"rendered":"\n<p>I cinenauti mollano gli ormeggi e si rimettono in viaggio. L\u2019orizzonte \u00e8 chiaro, chiarissimo. Si chiama Alghero Citt\u00e0 del Cinema. <strong>Dal 23 luglio al 2 agosto<\/strong> ad Alghero \u00e8 tempo di&nbsp;<strong>Cinema delle Terre del Mare \u2013 Festival itinerante per cinefili in movimento<\/strong>. La manifestazione organizzata dalla <strong>Societ\u00e0 Umanitaria di Alghero<\/strong> diventa grande: da rassegna a Festival, con un programma ricchissimo, una serie di ospiti d\u2019eccezione e una formula rinnovata, per svelare l\u2019ambizione di rilanciare la candidatura della citt\u00e0 catalana come \u201cCitt\u00e0 del Cinema\u201d.<\/p>\n\n\n\n<p>Il format \u00e8 quello, collaudatissimo, di un evento itinerante dedicato al <strong>cinema d\u2019autore<\/strong> in tutte le sue declinazioni. Il modello d\u2019ispirazione \u00e8 il Meeting Internazionale del cinema di Capo Caccia, che gi\u00e0 negli anni Sessanta e Settanta aveva fatto della Riviera del Corallo la culla sarda della cultura cinematografica, meta dei protagonisti di un\u2019epoca d\u2019oro, in tutti i sensi. Le <strong>spiagge pi\u00f9 belle<\/strong> della Riviera del Corallo e altri <strong>luoghi ricchi di fascino<\/strong> sparsi per la citt\u00e0 faranno da cornice alle proiezioni e a tutti gli altri eventi di un calendario straordinariamente ricco, tra <strong>film, musica, ospiti straordinari e incontri inusuali <\/strong>riproporranno Alghero come meta dei cinefili sardi e non solo. Anteprime, prime, <strong>incontri, racconti, teatro, musica, performance, installazioni, workshop<\/strong>. E ancora <strong>attori, registi, operatori, addetti ai lavori<\/strong>. Con un grande e coraggioso omaggio al <strong>cinema indipendente<\/strong> e un tributo sentito, nostalgico ma orientato al futuro, ai luoghi in cui il rapporto quasi viscerale tra Alghero e il cinema si fa pi\u00f9 forte.<\/p>\n\n\n\n<p>Grazie anche alla collaborazione della Fondazione Sardegna Film Commission, aumenta il numero di ospiti che faranno visita alla ciurma che dal Mirador Giuni Russo muover\u00e0 in direzione di Capo Caccia, dove tutto \u00e8 iniziato cinquant\u2019anni fa. Ma <strong>Cinema delle Terre del Mare<\/strong> diventa in questo modo anche l\u2019occasione per far scoprire la Sardegna a registi, autori, produttori, dando corpo all\u2019idea di una vera industria cinematografica sarda, capace non solo di fare leva e sostenere i talenti isolani, ma di farsi promotore della bellezza della Sardegna, di contribuire a quel processo di destagionalizzazione dei flussi turistici cui l\u2019arte e la cultura possono dare un prezioso contributo. \u00c8 proprio per questo che Cinema delle Terre del Mare gode del sostegno delle istituzioni, dall\u2019assessorato regionale della Cultura al Comune di Alghero, dalla Fondazione Meta Alghero al Parco naturale regionale di Porto Conte, e lavora in partnership con altre importanti manifestazioni del territorio, come il festival letterario Dall\u2019altra parte del Mare, la rassegna Transumante, l\u2019Arci Ucca e la Plataforma de La Llengua, ma anche con il tessuto economico e produttivo del territorio.<\/p>\n\n\n\n<div class=\"wp-block-file\"><a id=\"wp-block-file--media-afc01ec4-9761-4808-9809-27f33409b8be\" href=\"https:\/\/www.umanitaria.it\/alghero\/wp-content\/uploads\/sites\/7\/2025\/09\/CATALOGO-CDTM2018.pdf\"><strong>CATALOGO CDTM2018<\/strong><\/a><\/div>\n","protected":false},"excerpt":{"rendered":"<p>I cinenauti mollano gli ormeggi e si rimettono in viaggio. L\u2019orizzonte \u00e8 chiaro, chiarissimo. Si chiama Alghero Citt\u00e0 del Cinema. Dal 23 luglio al 2 agosto ad Alghero \u00e8 tempo di&nbsp;Cinema delle Terre del Mare \u2013 Festival itinerante per cinefili in movimento. La manifestazione organizzata dalla Societ\u00e0 Umanitaria di Alghero diventa grande: da rassegna a &#8230; <a title=\"Edizione 2018\" class=\"read-more\" href=\"https:\/\/www.umanitaria.it\/alghero\/cinema-delle-terre-e-del-mare-edizioni-passate\/edizione-2018\/\" aria-label=\"Per saperne di pi\u00f9 su Edizione 2018\">Leggi tutto<\/a><\/p>\n","protected":false},"author":8,"featured_media":15272,"parent":14695,"menu_order":6,"comment_status":"closed","ping_status":"closed","template":"","meta":{"_acf_changed":false,"_seopress_robots_primary_cat":"","_seopress_titles_title":"","_seopress_titles_desc":"","_seopress_robots_index":"","inline_featured_image":false,"footnotes":""},"class_list":["post-15231","page","type-page","status-publish","has-post-thumbnail"],"acf":[],"_links":{"self":[{"href":"https:\/\/www.umanitaria.it\/alghero\/wp-json\/wp\/v2\/pages\/15231","targetHints":{"allow":["GET"]}}],"collection":[{"href":"https:\/\/www.umanitaria.it\/alghero\/wp-json\/wp\/v2\/pages"}],"about":[{"href":"https:\/\/www.umanitaria.it\/alghero\/wp-json\/wp\/v2\/types\/page"}],"author":[{"embeddable":true,"href":"https:\/\/www.umanitaria.it\/alghero\/wp-json\/wp\/v2\/users\/8"}],"replies":[{"embeddable":true,"href":"https:\/\/www.umanitaria.it\/alghero\/wp-json\/wp\/v2\/comments?post=15231"}],"version-history":[{"count":5,"href":"https:\/\/www.umanitaria.it\/alghero\/wp-json\/wp\/v2\/pages\/15231\/revisions"}],"predecessor-version":[{"id":15273,"href":"https:\/\/www.umanitaria.it\/alghero\/wp-json\/wp\/v2\/pages\/15231\/revisions\/15273"}],"up":[{"embeddable":true,"href":"https:\/\/www.umanitaria.it\/alghero\/wp-json\/wp\/v2\/pages\/14695"}],"wp:featuredmedia":[{"embeddable":true,"href":"https:\/\/www.umanitaria.it\/alghero\/wp-json\/wp\/v2\/media\/15272"}],"wp:attachment":[{"href":"https:\/\/www.umanitaria.it\/alghero\/wp-json\/wp\/v2\/media?parent=15231"}],"curies":[{"name":"wp","href":"https:\/\/api.w.org\/{rel}","templated":true}]}}