{"id":15241,"date":"2025-09-23T12:55:41","date_gmt":"2025-09-23T10:55:41","guid":{"rendered":"https:\/\/www.umanitaria.it\/alghero\/?page_id=15241"},"modified":"2025-09-23T17:09:54","modified_gmt":"2025-09-23T15:09:54","slug":"edizione-2017","status":"publish","type":"page","link":"https:\/\/www.umanitaria.it\/alghero\/cinema-delle-terre-e-del-mare-edizioni-passate\/edizione-2017\/","title":{"rendered":"Edizione 2017"},"content":{"rendered":"\n<p>Torna&nbsp;<strong>Cinema delle Terre del Mare \u2013 Rassegna itinerante per cinefili in movimento<\/strong>. <strong>Dal 23 luglio al 9 agosto<\/strong>, un percorso in lungo e in largo attraverso Alghero, dai luoghi pi\u00f9 suggestivi del centro citt\u00e0, attraverso le spiagge pi\u00f9 rinomate e apprezzate del litorale, in direzione Capo Caccia, ideale meta di un viaggio a ritroso, di un ritorno, di un obiettivo che si fa ogni anno pi\u00f9 concreto e pi\u00f9 intenso: raccogliere con il tempo l\u2019eredit\u00e0 del Meeting Internazionale del Cinema di Capo Caccia. \u00c8 l\u2019ambizione per niente segreta della&nbsp;<strong>Societ\u00e0 Umanitaria di Alghero<\/strong>, che organizza la rassegna e che rilancia.<\/p>\n\n\n\n<p>Tante novit\u00e0, molti ospiti, in tutto 26, ben 32 aziende locali coinvolte, e una rinnovata <em>partnership<\/em> con il&nbsp;Comune di Alghero&nbsp;e la&nbsp;Fondazione Alghero<strong>&nbsp;<\/strong>(ex Fondazione Meta): il lavoro degli scorsi anni ha prodotto i suoi frutti e il progetto, sempre pi\u00f9 grande, \u00e8 oggi condiviso dalle istituzioni locali, compresi partner di lunga data dell\u2019Umanitaria come la&nbsp;Generalitat de Catalunya&nbsp;e il&nbsp;Parco di Porto Conte, e si propone come modello per la realizzazione di politiche culturali dal forte valore sociale, motore di un rinnovato spirito di condivisione che ambisce a coinvolgere tutti gli algheresi, come per certi Festival che si identificano e connotano i luoghi che li ospitano.<\/p>\n\n\n\n<p>Quest\u2019anno sar\u00e0 pi\u00f9 marcata la divisione in diverse sezioni, scandite anche dalla diversificazione delle rispettive fasce orarie. Le giornate di&nbsp;Cinema delle Terre del Mare&nbsp;inizieranno la mattina, intorno <strong>alle 10.30<\/strong>, con una serie di<strong> incontri<\/strong> spalmati in diversi bar del centro e altri luoghi urbani. Un modo per vivere la citt\u00e0, rendendo pi\u00f9 intimi, raccolti e consapevoli gli incontri con gli ospiti, che si tratti dei registi del film proiettato la sera prima, di scrittori o di altri sorprendenti personaggi. La sezione, intitolata&nbsp;<strong><em>Breakfast on Pluto<\/em><\/strong>&nbsp;verr\u00e0 inaugurata, il <strong>2 agosto<\/strong>, da un ospite d\u2018eccezione, il velista dell\u2019anno&nbsp;<strong>Gaetano Mura<\/strong>.<\/p>\n\n\n\n<p><strong>Dal 2 al 7 Agosto, tra le 18 e le 20 la Sala Conferenze de Lo Quarter<\/strong> ospiter\u00e0 le proiezioni pomeridiane, suddivise in due sezioni:&nbsp;<strong><em>Young<\/em><\/strong>, riservata al pubblico pi\u00f9 giovane, e&nbsp;<strong><em>Indie<\/em><\/strong>, dedicata al cinema indipendente emergente, con la&nbsp;presenza di autori (<strong>Alberto Diana<\/strong>,&nbsp;<strong>Giuseppe Casu<\/strong>&nbsp;e&nbsp;<strong>Manu Gerosa<\/strong>) e interpreti. All\u2019ora dell\u2019aperitivo, intorno alle 20, si va in spiaggia con&nbsp;<strong><em>Sunset Boulevard<\/em><\/strong>, che alterner\u00e0 le irrituali storie di \u201ccinematica\u201d di&nbsp;<strong>Gianmarco (Jimi) Diana&nbsp;<\/strong>dei Sikitikis alla presentazione di libri, tra cui l\u2019ultimo volume del giornalista di Rai Uno&nbsp;<strong>Giommaria Monti<\/strong>, dedicato a Falcone e Borsellino. <strong>Alle 22<\/strong> la consueta rassegna di proiezioni itineranti nelle spiagge algheresi, che prende il titolo di&nbsp;<strong><em>Night on Earth<\/em><\/strong>. Come sempre, si parte dalla citt\u00e0, da Piazza della Juharia, e dopo una digressione lungo la Alghero-Bosa, a Pedramare, si punta verso Capo Caccia passando per il Lido, Maria Pia, Fertilia, Lazzaretto, Parco di Porto Conte e Tramariglio. Ricca e articolata la programmazione cinematografica. Si parte, il giorno <strong>29 luglio<\/strong>, con il film catalano&nbsp;<strong><em>L\u2019accademia delle Muse<\/em><\/strong>&nbsp;di&nbsp;<strong>Jos\u00e9 Lu\u00ecs Guer\u00ecn<\/strong>, ospite il regista e alcuni interpreti del film. Si prosegue il <strong>2 agosto<\/strong> con&nbsp;<strong><em>Falchi<\/em><\/strong>&nbsp;di&nbsp;<strong>Toni D\u2019Angelo<\/strong>, un <em>noir<\/em> ambientato a Napoli, con ospite il regista, il <strong>3 agosto<\/strong> con&nbsp;<em><strong>Fiore<\/strong>&nbsp;<\/em>di&nbsp;<strong>Claudio Giovannesi<\/strong>, delicata storia d\u2019amore tra due ragazzi rinchiusi in un carcere minorile, ospite&nbsp;<strong>Daphne Scoccia<\/strong>, attrice protagonista e rivelazione del cinema italiano. Il <strong>4 agosto<\/strong> doppio appuntamento, la nuova, strepitosa, commedia surreale del maestro del cinema finlandese&nbsp;<strong>Aki Kausismaki<\/strong>,&nbsp;<strong><em>L\u2019altro volto della speranza<\/em><\/strong>, e, <strong>a mezzanotte<\/strong>, il film&nbsp;<em>cult<\/em>&nbsp;di quest\u2019anno,<strong>&nbsp;Lo Squalo<\/strong>&nbsp;di&nbsp;<strong>Steven Spielberg<\/strong>. Il giorno dopo sar\u00e0 la volta de&nbsp;<strong><em>Il padre d\u2019Italia<\/em><\/strong>&nbsp;di&nbsp;<strong>Fabio Mollo<\/strong>, ospite il regista, e il <strong>6 agosto<\/strong> di&nbsp;<strong><em>Indivisibili&nbsp;<\/em><\/strong>di&nbsp;<strong>Edoardo De Angelis<\/strong>. Le ultime due proiezioni serali saranno&nbsp;<em><strong>Captain Fantastic<\/strong>&nbsp;<\/em>di&nbsp;<strong>Matt Ross<\/strong>&nbsp;e&nbsp;<strong><em>L\u2019Accabadora<\/em><\/strong>&nbsp;di&nbsp;<strong>Enrico Pau<\/strong>, ospite il regista, la coproduttrice e l\u2019attore protagonista irlandesi.&nbsp;&nbsp; &nbsp;<\/p>\n\n\n\n<p>Per&nbsp;Cinema delle Terre del Mare&nbsp;il 2017 \u00e8 anche un anno ricco di collaborazioni, e anche questo \u00e8 il segno di una manifestazione sempre pi\u00f9 inserita nel contesto culturale di cui si propone come motore. Due le manifestazioni letterarie coinvolte: la partnership con il Festival letterario&nbsp;<strong><em>Dall\u2019altra parte del mare<\/em><\/strong>&nbsp;propone le presentazioni dei libri di&nbsp;<strong>Stella Pulpo<\/strong>&nbsp;e&nbsp;<strong>Silvia Avallone<\/strong>, quella con la Rassegna<em>&nbsp;<strong>Giallo noir \u2013 Brividi d\u2019estate<\/strong><\/em>&nbsp;il collettivo noir&nbsp;<strong>Tersite Rossi<\/strong>. La neonata associazione&nbsp;<strong>Cabuss\u00f2 Contingenze Culturali<\/strong>&nbsp;organizza e ospita nei suoi spazi la mostra<em>&nbsp;<strong>Ragazzi di Cinema<\/strong><\/em>.&nbsp; Ancora: il progetto teatrale di navigazione a vela&nbsp;<strong>Teatridimare&nbsp;<\/strong>inaugura da Alghero il suo viaggio di quest\u2019anno, con lo spettacolo&nbsp;<strong><em>Blu<\/em><\/strong>, il <strong>1\u00b0 agosto<\/strong> alla <strong>Banchina Sanit\u00e0<\/strong>. Infine, dopo il successo dell\u2019anno scorso, verr\u00e0 riproposta, in occasione dell\u2019anteprima con marching band&nbsp;<strong>Funky Jazz Orkestra<\/strong>&nbsp;di Berchidda e successiva festa multiculturale, la collaborazione con il&nbsp;<strong>Centro di Accoglienza del Vel Mar\u00ec&nbsp;<\/strong>e la cooperativa&nbsp;<strong>La Luna<\/strong>. <\/p>\n\n\n\n<p>Il gran finale sar\u00e0 il <strong>9 agosto<\/strong>, prima una spassosa gita in barca all\u2019insegna del gioco con&nbsp;<strong>I Barbagialli<\/strong>&nbsp;e&nbsp;<strong>Ignazio Chessa<\/strong>, poi, <strong>dalle 20.30<\/strong> in poi, la <strong>terrazza del Cinema Miramare<\/strong> si trasformer\u00e0 in un palcoscenico per la musica degli&nbsp;<strong>Apollo Beat<\/strong>, trascinante band che fa rivivere le atmosfere delle colonne sonore del cinema degli anni 70.&nbsp; Il tutto sar\u00e0 accompagnato da&nbsp;<strong><em>Delicatessen 70<\/em><\/strong>, una cena a tema del Mos Tapas Restaurant e dello chef&nbsp;<strong>Cristiano Andreini<\/strong>.<\/p>\n\n\n\n<p>Il salto di qualit\u00e0 dell\u2019edizione 2017 di&nbsp;<strong>Cinema delle Terre del Mare<\/strong>&nbsp;pu\u00f2 essere raccontato anche attraverso le suggestive parole di <strong>Alessandra Sento<\/strong>, direttrice della Societ\u00e0 Umanitaria di Alghero, cui si deve il poderoso impegno organizzativo. \u00abGuardiamo al Festival. La direzione resta ostinata e contraria. Il cinema, ancora quello invisibile e sommerso incontra il teatro, la cinematica, la fotografia, i buoni libri. Le storie, quelle che vengono dal mare e ad esso ritornano\u00bb spiega la direttrice. \u00abL\u2019equipaggio \u00e8 cresciuto. Insieme a noi le istituzioni della citt\u00e0, le strutture ricettive, le associazioni, gli ospiti. Il sogno di&nbsp;Alghero Citt\u00e0 del Cinema&nbsp;\u00e8 diventato virale. Lasciatevi contagiare\u00bb.&nbsp;<\/p>\n\n\n\n<div class=\"wp-block-file\"><a id=\"wp-block-file--media-6826517f-8a3b-4383-8a7d-ef99b20d4bdb\" href=\"https:\/\/www.umanitaria.it\/alghero\/wp-content\/uploads\/sites\/7\/2025\/09\/CATALOGO-CDTM2017.pdf\"><strong>CATALOGO CDTM2017<\/strong><\/a><\/div>\n","protected":false},"excerpt":{"rendered":"<p>Torna&nbsp;Cinema delle Terre del Mare \u2013 Rassegna itinerante per cinefili in movimento. Dal 23 luglio al 9 agosto, un percorso in lungo e in largo attraverso Alghero, dai luoghi pi\u00f9 suggestivi del centro citt\u00e0, attraverso le spiagge pi\u00f9 rinomate e apprezzate del litorale, in direzione Capo Caccia, ideale meta di un viaggio a ritroso, di &#8230; <a title=\"Edizione 2017\" class=\"read-more\" href=\"https:\/\/www.umanitaria.it\/alghero\/cinema-delle-terre-e-del-mare-edizioni-passate\/edizione-2017\/\" aria-label=\"Per saperne di pi\u00f9 su Edizione 2017\">Leggi tutto<\/a><\/p>\n","protected":false},"author":8,"featured_media":15274,"parent":14695,"menu_order":7,"comment_status":"closed","ping_status":"closed","template":"","meta":{"_acf_changed":false,"_seopress_robots_primary_cat":"","_seopress_titles_title":"","_seopress_titles_desc":"","_seopress_robots_index":"","inline_featured_image":false,"footnotes":""},"class_list":["post-15241","page","type-page","status-publish","has-post-thumbnail"],"acf":[],"_links":{"self":[{"href":"https:\/\/www.umanitaria.it\/alghero\/wp-json\/wp\/v2\/pages\/15241","targetHints":{"allow":["GET"]}}],"collection":[{"href":"https:\/\/www.umanitaria.it\/alghero\/wp-json\/wp\/v2\/pages"}],"about":[{"href":"https:\/\/www.umanitaria.it\/alghero\/wp-json\/wp\/v2\/types\/page"}],"author":[{"embeddable":true,"href":"https:\/\/www.umanitaria.it\/alghero\/wp-json\/wp\/v2\/users\/8"}],"replies":[{"embeddable":true,"href":"https:\/\/www.umanitaria.it\/alghero\/wp-json\/wp\/v2\/comments?post=15241"}],"version-history":[{"count":4,"href":"https:\/\/www.umanitaria.it\/alghero\/wp-json\/wp\/v2\/pages\/15241\/revisions"}],"predecessor-version":[{"id":15275,"href":"https:\/\/www.umanitaria.it\/alghero\/wp-json\/wp\/v2\/pages\/15241\/revisions\/15275"}],"up":[{"embeddable":true,"href":"https:\/\/www.umanitaria.it\/alghero\/wp-json\/wp\/v2\/pages\/14695"}],"wp:featuredmedia":[{"embeddable":true,"href":"https:\/\/www.umanitaria.it\/alghero\/wp-json\/wp\/v2\/media\/15274"}],"wp:attachment":[{"href":"https:\/\/www.umanitaria.it\/alghero\/wp-json\/wp\/v2\/media?parent=15241"}],"curies":[{"name":"wp","href":"https:\/\/api.w.org\/{rel}","templated":true}]}}