{"id":15284,"date":"2025-09-23T17:38:31","date_gmt":"2025-09-23T15:38:31","guid":{"rendered":"https:\/\/www.umanitaria.it\/alghero\/?page_id=15284"},"modified":"2025-09-23T17:58:39","modified_gmt":"2025-09-23T15:58:39","slug":"edizione-2015","status":"publish","type":"page","link":"https:\/\/www.umanitaria.it\/alghero\/cinema-delle-terre-e-del-mare-edizioni-passate\/edizione-2015\/","title":{"rendered":"Edizione 2015"},"content":{"rendered":"\n<p>Il viaggio dei cinenauti di&nbsp;<strong>Cinema delle Terre del Mare<\/strong>&nbsp;\u00e8 iniziato <strong>gioved\u00ec 16 luglio alle 21.30 all\u2019Hotel Calabona<\/strong> con<em><strong>&nbsp;Le voci di Garul\u00e8<\/strong><\/em>. Esito di un laboratorio teatrale scolastico curato da&nbsp;<strong>Marco Sanna<\/strong>, lo spettacolo \u00e8 un <em>reading<\/em> multimediale con canzoni originali in catalano. Il giorno dopo, <strong>venerd\u00ec 17 luglio, Villa Mosca<\/strong> ha ospitato la proiezione di<em><strong>&nbsp;Perfidia<\/strong><\/em>, del regista sassarese&nbsp;<strong>Bonifacio Angius<\/strong>, presente alla proiezione con alcuni attori del film, che nel 2014 si \u00e8 imposto come vero e proprio caso cinematografico a livello internazionale raccontando la provincia italiana con lucidit\u00e0 livida e cinica. <strong>Sabato 18 luglio<\/strong> \u00e8 stata la volta di<em><strong>&nbsp;\u00c8 stato il figlio<\/strong><\/em>&nbsp;di&nbsp;Daniele Cipr\u00ec, in programmazione <strong>al Lido Rafel alle 21.30<\/strong>. Ispirato all\u2019omonimo romanzo di Roberto Alajmo, il film racconta la vera storia della famiglia Ciraulo, che vive in povert\u00e0 in un quartiere popolare di Palermo. Ospite della serata lo sceneggiatore&nbsp;<strong>Massimo Gaudioso<\/strong>. <strong>Al Lido Rafel<\/strong> anche <strong>domenica 19 luglio<\/strong> per&nbsp;<em><strong>Still Alice<\/strong><\/em>, di&nbsp;Richard Glatzer e Wash Westmoreland, con una strepitosa Julianne Moore nei panni di Alice Howland, una rinomata professoressa di linguistica alla Columbia University di New York che improvvisamente inizia a dimenticare le parole.<\/p>\n\n\n\n<p>Una delle novit\u00e0 dell\u2019edizione 2015 \u00e8 stata la <strong>sezione young<\/strong>, dedicata ai pi\u00f9 giovani, che ha previsto tre proiezioni dedicate a tre fasce d\u2019et\u00e0 diverse, tutte <strong>a Villa Segni<\/strong>. Il <strong>20 luglio<\/strong>&nbsp;<em><strong>La tela animata<\/strong><\/em>, di&nbsp;Jean-Fran\u00e7ois Laguionie. In un quadro lasciato incompiuto dal suo pittore, i Completi, gli Incompleti e gli Schizzi non riescono a raggiugere una convivenza pacifica. L\u2019unica speranza sembra essere trovare l\u2019autore dell\u2019opera. <strong>Marted\u00ec 21 luglio<\/strong>&nbsp;<em><strong>I<\/strong>&nbsp;<\/em><strong><em>Goonies<\/em><\/strong>, il grande classico di&nbsp;Richard Donner&nbsp;di cui sono protagonisti i ragazzi del quartiere di Goon Docks, in allarme perch\u00e9 le loro famiglie sono state sfrattate dai signori del club del golf.&nbsp;Tutta la forza del cinema indipendente americano in<em><strong>&nbsp;C\u2019era una volta un\u2019estate<\/strong><\/em>&nbsp;di Nat Faxon e Jim Rash, in programmazione a <strong>Villa Segni mercoled\u00ec 22 luglio<\/strong>. Duncan, un adolescente solitario, trascorre le vacanze estive in una cittadina balneare del Nord Est degli Stati Uniti, con la madre, il suo nuovo fidanzato e la figlia di quest&#8217;ultimo. Trascurato e introverso, il ragazzo ritrova equilibrio e indipendenza grazie all\u2019amicizia di Owen, gestore di un parco acquatico che lo assume come suo assistente.<\/p>\n\n\n\n<p>Ogni anno&nbsp;<strong>Cinema delle Terre del Mare<\/strong>&nbsp;riserva una serata a un <strong>cult movie<\/strong>, un classico del cinema d\u2019autore. Quest\u2019anno la proiezione in programma <strong>gioved\u00ec 23 luglio nella spiaggia Le Bombarde<\/strong> \u00e8 stata dedicata ad Alfred Hitchcock.<em><strong>&nbsp;Gli uccelli<\/strong><\/em>, capolavoro del 1963, \u00e8 la storia di&nbsp; Melania, che arriva a Bodega Bay con una coppia di pappagallini inseparabili. Durante la traversata della baia, la donna viene ferita da un gabbiano. Sembra un incidente, ma la realt\u00e0 si rivela ben diversa: uccelli di ogni tipo si coalizzano in un\u2019inspiegabile minaccia. Il giorno seguente, sempre <strong>a Le Bombarde<\/strong>,&nbsp;<em><strong>Tempo instabile con probabili schiarite<\/strong><\/em>, di&nbsp;<strong>Marco Pontecorvo<\/strong>, alla presenza del produttore&nbsp;<strong>Marco Valerio Pugini<\/strong>. <strong>Gioved\u00ec 30 luglio<\/strong> ci si \u00e8 spostati alla <strong>spiaggia del Lazzaretto<\/strong> per<em><strong>&nbsp;Last Summer<\/strong><\/em> di&nbsp;<strong>Leonardo Guerra Ser\u00e0gnoli<\/strong>, che \u00e8 intervenuto <strong>in collegamento Skype<\/strong>. E sempre al <strong>Lazzaretto, venerd\u00ec 31 luglio<\/strong>,&nbsp;<em><strong>Padre vostro<\/strong><\/em> di&nbsp;Vinko Bre\u0161an. <strong>Sabato 1\u00b0 agosto<\/strong> le coste selvagge della <strong>spiaggia della Speranza<\/strong> hanno ospitato&nbsp;<em><strong>Madre<\/strong>&nbsp;<strong>Acqua<\/strong>&nbsp;\u2013<strong>&nbsp;Frammenti di vita di Sergio Atzeni<\/strong><\/em>, omaggio sincero e rispettoso del giovane regista&nbsp;<strong>Daniele Atzeni<\/strong>, che ha partecipato alla proiezione, all\u2019autore di&nbsp;<em>Il Figlio di Bakun\u00ecn<\/em>, morto a soli 43 anni nelle acque di Carloforte. L\u2019ultima tappa, l\u2019approdo di un viaggio cos\u00ec ricco e intenso, \u00e8 stata a<strong> Pedramare<\/strong>, con la musica per gli occhi di&nbsp;<em><strong>Out to Lynch<\/strong><\/em>, progetto multimediale di&nbsp;<strong>Mauro Campobasso, Mauro Manzoni e Marta Raviglia<\/strong>, un tributo a uno dei pi\u00f9 eclettici e visionari registi del cinema americano. Al quale \u00e8 seguito un DJ set a tema cinematografico curato da&nbsp;<strong>Gianmarco Diana<\/strong>, bassista dei Sikitikis, raffinato selecter ed esperto di musica da film.<\/p>\n\n\n\n<p>In mezzo a tante proiezioni, workshop, masterclass e laboratori.<strong>&nbsp;Le cose si muovono, Le regole del gioco e Cinema sotto il mare<\/strong>&nbsp;sono state ulteriori occasioni per parlare di cinema o, per dirla ancora con le parole di <strong>Alessandra Sento<\/strong>, \u00abper conversazioni privilegiate con chi il cinema lo fa davvero sopra e sotto la superficie, che prover\u00e0 a smontare il giocattolo e a raccontare trucchi e segreti di un\u2019arte collettiva e totale\u00bb.<\/p>\n\n\n\n<div class=\"wp-block-file\"><a id=\"wp-block-file--media-a10b6037-ccff-4537-8ea0-cb4ecec27f2e\" href=\"https:\/\/www.umanitaria.it\/alghero\/wp-content\/uploads\/sites\/7\/2025\/09\/PIEGHEVOLE-CDTM2015.pdf\">PIEGHEVOLE CDTM2015<\/a><\/div>\n","protected":false},"excerpt":{"rendered":"<p>Il viaggio dei cinenauti di&nbsp;Cinema delle Terre del Mare&nbsp;\u00e8 iniziato gioved\u00ec 16 luglio alle 21.30 all\u2019Hotel Calabona con&nbsp;Le voci di Garul\u00e8. Esito di un laboratorio teatrale scolastico curato da&nbsp;Marco Sanna, lo spettacolo \u00e8 un reading multimediale con canzoni originali in catalano. Il giorno dopo, venerd\u00ec 17 luglio, Villa Mosca ha ospitato la proiezione di&nbsp;Perfidia, del &#8230; <a title=\"Edizione 2015\" class=\"read-more\" href=\"https:\/\/www.umanitaria.it\/alghero\/cinema-delle-terre-e-del-mare-edizioni-passate\/edizione-2015\/\" aria-label=\"Per saperne di pi\u00f9 su Edizione 2015\">Leggi tutto<\/a><\/p>\n","protected":false},"author":8,"featured_media":15294,"parent":14695,"menu_order":9,"comment_status":"closed","ping_status":"closed","template":"","meta":{"_acf_changed":false,"_seopress_robots_primary_cat":"","_seopress_titles_title":"","_seopress_titles_desc":"","_seopress_robots_index":"","inline_featured_image":false,"footnotes":""},"class_list":["post-15284","page","type-page","status-publish","has-post-thumbnail"],"acf":[],"_links":{"self":[{"href":"https:\/\/www.umanitaria.it\/alghero\/wp-json\/wp\/v2\/pages\/15284","targetHints":{"allow":["GET"]}}],"collection":[{"href":"https:\/\/www.umanitaria.it\/alghero\/wp-json\/wp\/v2\/pages"}],"about":[{"href":"https:\/\/www.umanitaria.it\/alghero\/wp-json\/wp\/v2\/types\/page"}],"author":[{"embeddable":true,"href":"https:\/\/www.umanitaria.it\/alghero\/wp-json\/wp\/v2\/users\/8"}],"replies":[{"embeddable":true,"href":"https:\/\/www.umanitaria.it\/alghero\/wp-json\/wp\/v2\/comments?post=15284"}],"version-history":[{"count":4,"href":"https:\/\/www.umanitaria.it\/alghero\/wp-json\/wp\/v2\/pages\/15284\/revisions"}],"predecessor-version":[{"id":15293,"href":"https:\/\/www.umanitaria.it\/alghero\/wp-json\/wp\/v2\/pages\/15284\/revisions\/15293"}],"up":[{"embeddable":true,"href":"https:\/\/www.umanitaria.it\/alghero\/wp-json\/wp\/v2\/pages\/14695"}],"wp:featuredmedia":[{"embeddable":true,"href":"https:\/\/www.umanitaria.it\/alghero\/wp-json\/wp\/v2\/media\/15294"}],"wp:attachment":[{"href":"https:\/\/www.umanitaria.it\/alghero\/wp-json\/wp\/v2\/media?parent=15284"}],"curies":[{"name":"wp","href":"https:\/\/api.w.org\/{rel}","templated":true}]}}