{"id":15295,"date":"2025-09-23T17:59:12","date_gmt":"2025-09-23T15:59:12","guid":{"rendered":"https:\/\/www.umanitaria.it\/alghero\/?page_id=15295"},"modified":"2025-09-23T18:10:02","modified_gmt":"2025-09-23T16:10:02","slug":"edizione-2014","status":"publish","type":"page","link":"https:\/\/www.umanitaria.it\/alghero\/cinema-delle-terre-e-del-mare-edizioni-passate\/edizione-2014\/","title":{"rendered":"Edizione 2014"},"content":{"rendered":"\n<p>Dopo due anni di assenza, \u00e8 tornata<strong>\u00a0Cinema delle Terre del Mare<\/strong>.<strong>\u00a0Rassegna itinerante per cinefili in movimento<\/strong>, ideata e organizzata dalla<strong> Societ\u00e0 Umanitaria di Alghero<\/strong> con il patrocinio dell\u2019Assessorato alla Cultura e il sostegno della Fondazione M.E.T.A. La rassegna non sarebbe stata possibile senza la preziosa collaborazione e la disponibilit\u00e0 delle aziende private coinvolte che hanno riconosciuto in questo progetto un\u2019importante occasione per coniugare turismo e cultura, binomio imprescindibile per uno sviluppo sano e compatibile del territorio.<\/p>\n\n\n\n<p><strong>Mercoled\u00ec 30 luglio<\/strong> \u00e8 stato il <strong>Mirador Giuni Russo<\/strong> a ospitare l\u2019inaugurazione del viaggio di\u00a0Cinema delle Terre del Mare<strong>\u00a0<\/strong>con una produzione della Societ\u00e0 Umanitaria della Sardegna. Si tratta di<em><strong>\u00a0\u00ccsura da film\u00e0, Fiorenzo Serra e la Sardegna filmata in libert\u00e0<\/strong><\/em>, il film realizzato da\u00a0<strong>Marco Antonio Pani\u00a0<\/strong>a partire dai preziosi materiali inediti girati in pellicola da Serra alla fine degli anni \u201840.<strong>\u00a0Paolo Fresu\u00a0<\/strong>ha composto una colonna sonora insieme contemporanea e arcaica, che accompagna le immagini di Serra in una dimensione sonora sospesa nel tempo e nello spazio. Alla serata, iniziata alle 20.00 con un aperitivo di benvenuto, era presente il regista. Fresca del Gran Prix di Cannes,\u00a0<strong>Alice Rohrwacher\u00a0<\/strong>\u00e8 stata\u00a0la protagonista della seconda giornata. La stupenda cornice di <strong>Pedramare<\/strong> ha ospitato una intera serata dedicata alla giovane autrice toscana, organizzata in collaborazione con la Sardegna Film Commission, Filmidee e Spazio T. Alle 19.00 l\u2019autrice ha incontrato il pubblico e alle 21.30 \u00e8 stato proiettato<em><strong>\u00a0Le meraviglie<\/strong><\/em>. <strong>Venerd\u00ec 1\u00b0 agosto<\/strong> la rotta di\u00a0Cinema delle Terre del Mare\u00a0\u00e8 approdata al centro storico di Alghero, in <strong>Piazza della Juharia <\/strong>con la proiezione di<em><strong>\u00a0Un insolito naufrago nell\u2019inquieto mare d\u2019Oriente<\/strong><\/em>, film d\u2019esordio del regista franco-uruguaiano<strong>\u00a0<\/strong>Sylvain Estibal. Il film \u00e8 una commedia surreale con protagonisti un pescatore palestinese e un maialino che, tra coloni e soldati, check point e kamikaze, come una favola si apre alla speranza e alla pace. La <strong>spiaggia di Rafel <\/strong>\u00e8 stata, <strong>sabato 2 agosto<\/strong>, la prima <em>location<\/em> in cui agli spettatori \u00e8 stato richiesto di munirsi di asciugamani, spiaggine o qualsivoglia tipo di seduta, come da antica tradizione. Film in programma<strong>\u00a0<em>La nave dolce<\/em>\u00a0<\/strong>di Daniele Vicari, straordinario documentario sullo sbarco di ventimila albanesi, a bordo della nave Vlora, l\u20198 agosto del 1991 nel porto di Bari. <strong>Mercoled\u00ec 6 agosto<\/strong> la serata \u00e8 stata, invece, dedicata ai bambini. <strong>Villa Segni<\/strong> ha ospitato<em><strong>\u00a0Una lettera per Momo<\/strong><\/em>, delicato film di animazione del regista giapponese<strong>\u00a0<\/strong>Hiroyuki Okiura. <strong>Casa Gioiosa<\/strong>, la sede del Parco Naturale Regionale di Porto Conte, \u00e8 stato lo scenario della proiezione di\u00a0<em><strong>Buongiorno Taranto<\/strong><\/em>, il documentario di\u00a0<strong>Paolo Pisanelli\u00a0<\/strong>che racconta le tensioni di una citt\u00e0 ormai avvelenata dall\u2019inquinamento industriale, all\u2019ombra del pi\u00f9 grande stabilimento siderurgico d\u2019Europa. \u201cQuella di Taranto \u00e8 una storia che riguarda tutti\u201d, dice Paolo Pisanelli, presente alla proiezione. <strong>Venerd\u00ec 8 agosto<\/strong> la <strong>spiaggia del Lazzaretto<\/strong> \u00e8 diventata una succursale dei vicoli di Napoli, scenario delle avventure di un improbabile poliziotto\/musicista infiltrato nella band di un cantante neomelodico per arrestare un boss della camorra. Il film\u00a0<em><strong>Song \u2018e Napule<\/strong><\/em>, \u00e8 una scoppiettante commedia poliziesca dei\u00a0Manetti Bros. Capo Caccia \u00e8 stata la conclusione ideale del viaggio. Presso <strong>Pischina Salida, sabato 9 agosto<\/strong> con la proiezione\u00a0<em><strong>Io sono Li<\/strong><\/em>, delicata storia di una immigrata cinese, esordio nel cinema di finzione di<strong>\u00a0<\/strong>Andrea Segre. La reale conclusione \u00e8 stata invece il giorno <strong>12 agosto<\/strong>, presso la spiaggia<strong> Le Bombarde<\/strong>, con la proiezione di un grande classico,<strong><em>\u00a0Moby Dick<\/em>\u00a0<\/strong>di John Houston, in copia a 35 mm messa a disposizione dalla Cineteca di Bologna.<\/p>\n\n\n\n<p><strong>Cinema delle Terre del Mare<\/strong>, come sempre, non si \u00e8 dimentica dei pi\u00f9 piccoli. Per i giovanissimi cinefili in movimento ci sono stati tre laboratori, nelle giornate dell\u20191, 6 e 7 agosto. Inoltre, ogni giornata \u00e8 stata introdotta dalle clip<strong>\u00a0Mare Nostrum<\/strong>, immagini amatoriali del mare di Alghero, provenienti dall\u2019archivio del cinema privato e di famiglia del progetto<strong>\u00a0La tua Memoria \u00e8 la Nostra Storia<\/strong>\u00a0della Societ\u00e0 Umanitaria della Sardegna e montate da\u00a0<strong>Gianfranco Fois<\/strong>. Rientra nel programma della rassegna anche la mostra\u00a0<em><strong>Aldil\u00e0delmare\u00a0<\/strong><\/em>della fotografa cagliaritana\u00a0<strong>Daniela Zedda,<\/strong>\u00a0che \u00e8 stata inaugurata <strong>venerd\u00ec 8 agosto alle 19.00<\/strong> presso la sede della <strong>Facolt\u00e0 di Architettura di Santa Chiara<\/strong>. Daniela Zedda ha ripercorso per due anni le strade dei sardi emigrati per fotografarli e raccontare le loro storie. Gli ottantotto ritratti che compongono la mostra raffigurano sardi celebri (Antonio Marras, Remo Bodei, Marcello Fois, Geppi Cucciari, Cristiana Collu e altri) ma anche ristoratori, scienziati, artigiani e sportivi.\u00a0La mostra \u00e8 stata accompagnata dalla presentazione del libro scritto da\u00a0<strong>Maria Paola Masala<\/strong>, <strong>luned\u00ec 11 agosto alle 20.00<\/strong>, nei nuovi locali della <strong>Biblioteca Comunale di Santa Chiara<\/strong>.<\/p>\n","protected":false},"excerpt":{"rendered":"<p>Dopo due anni di assenza, \u00e8 tornata\u00a0Cinema delle Terre del Mare.\u00a0Rassegna itinerante per cinefili in movimento, ideata e organizzata dalla Societ\u00e0 Umanitaria di Alghero con il patrocinio dell\u2019Assessorato alla Cultura e il sostegno della Fondazione M.E.T.A. La rassegna non sarebbe stata possibile senza la preziosa collaborazione e la disponibilit\u00e0 delle aziende private coinvolte che hanno &#8230; <a title=\"Edizione 2014\" class=\"read-more\" href=\"https:\/\/www.umanitaria.it\/alghero\/cinema-delle-terre-e-del-mare-edizioni-passate\/edizione-2014\/\" aria-label=\"Per saperne di pi\u00f9 su Edizione 2014\">Leggi tutto<\/a><\/p>\n","protected":false},"author":8,"featured_media":15298,"parent":14695,"menu_order":10,"comment_status":"closed","ping_status":"closed","template":"","meta":{"_acf_changed":false,"_seopress_robots_primary_cat":"","_seopress_titles_title":"","_seopress_titles_desc":"","_seopress_robots_index":"","inline_featured_image":false,"footnotes":""},"class_list":["post-15295","page","type-page","status-publish","has-post-thumbnail"],"acf":[],"_links":{"self":[{"href":"https:\/\/www.umanitaria.it\/alghero\/wp-json\/wp\/v2\/pages\/15295","targetHints":{"allow":["GET"]}}],"collection":[{"href":"https:\/\/www.umanitaria.it\/alghero\/wp-json\/wp\/v2\/pages"}],"about":[{"href":"https:\/\/www.umanitaria.it\/alghero\/wp-json\/wp\/v2\/types\/page"}],"author":[{"embeddable":true,"href":"https:\/\/www.umanitaria.it\/alghero\/wp-json\/wp\/v2\/users\/8"}],"replies":[{"embeddable":true,"href":"https:\/\/www.umanitaria.it\/alghero\/wp-json\/wp\/v2\/comments?post=15295"}],"version-history":[{"count":3,"href":"https:\/\/www.umanitaria.it\/alghero\/wp-json\/wp\/v2\/pages\/15295\/revisions"}],"predecessor-version":[{"id":15300,"href":"https:\/\/www.umanitaria.it\/alghero\/wp-json\/wp\/v2\/pages\/15295\/revisions\/15300"}],"up":[{"embeddable":true,"href":"https:\/\/www.umanitaria.it\/alghero\/wp-json\/wp\/v2\/pages\/14695"}],"wp:featuredmedia":[{"embeddable":true,"href":"https:\/\/www.umanitaria.it\/alghero\/wp-json\/wp\/v2\/media\/15298"}],"wp:attachment":[{"href":"https:\/\/www.umanitaria.it\/alghero\/wp-json\/wp\/v2\/media?parent=15295"}],"curies":[{"name":"wp","href":"https:\/\/api.w.org\/{rel}","templated":true}]}}