{"id":15358,"date":"2025-09-24T17:04:24","date_gmt":"2025-09-24T15:04:24","guid":{"rendered":"https:\/\/www.umanitaria.it\/alghero\/?page_id=15358"},"modified":"2025-09-26T09:37:32","modified_gmt":"2025-09-26T07:37:32","slug":"giorno-della-memoria-2024","status":"publish","type":"page","link":"https:\/\/www.umanitaria.it\/alghero\/giorno-della-memoria-edizioni-passate\/giorno-della-memoria-2024\/","title":{"rendered":"Giorno della Memoria 2024"},"content":{"rendered":"\n<p>Domenica 28 gennaio, nella Sala Conferenze de Lo Quarter con inizio alle 18.00, in occasione del Giorno della Memoria, la Societ\u00e0 Umanitaria di Alghero propone la proiezione di <strong><em>Quel giorno tu sarai<\/em><\/strong> di Korn\u00e9l Mudruzc\u00f3 e Kata W\u00e9ber.<\/p>\n\n\n\n<p>Il film ripercorre le vicende vissute da tre generazioni appartenenti a una famiglia ebrea, a partire dalla fine della Seconda Guerra Mondiale fino alla Berlino di oggi. Si parte dalla tragica nascita di&nbsp;\u00c9va all&#8217;interno di un campo di concentramento, per poi attraversare i decenni e giungere fino al nipote<strong>&nbsp;<\/strong>Jonas,<strong> <\/strong>che oggi conduce la sua esistenza proprio a Berlino, un tempo sinonimo di &#8220;inferno&#8221; per gli ebrei, in tutta tranquillit\u00e0 all&#8217;interno di una societ\u00e0 multietnica. Il film \u00e8 un racconto di come le ferite del passato non siano ancora del tutto sanate in una societ\u00e0 che non \u00e8 ancora pronta ad affrontare ed elaborare i drammi e gli orrori della prima met\u00e0 del Novecento. Una famiglia che diventa anche spunto di riflessione sulla memoria di una delle pi\u00f9 grandi tragedie che ha scosso il mondo intero.<\/p>\n\n\n\n<p><strong><mark style=\"background-color:rgba(0, 0, 0, 0)\" class=\"has-inline-color has-global-color-8-color\">Korn\u00e9l Mudruzc\u00f3<\/mark><\/strong> \u00e8 un regista e sceneggiatore ungherese, giunto all\u2019undicesimo lungometraggio. Molti dei suoi film sono stati presentati al festival di Cannes, dove ha vinto nel 2014 la sezione un Certain Regard con White God \u2013 Sinfonia per Hagen. Il successivo Pieces of a woman \u00e8 stato candidato come miglior film straniero. Anche Quel giorno tu sarai \u00e8 stato presentato in anteprima alla Croisette, nel 2021. Il film \u00e8 scritto da Mudruzc\u00f3 insieme alla moglie-sceneggiatrice Kate Weber, e si avvale della produzione esecutiva di Martin Scorsese.&nbsp;<\/p>\n","protected":false},"excerpt":{"rendered":"<p>Domenica 28 gennaio, nella Sala Conferenze de Lo Quarter con inizio alle 18.00, in occasione del Giorno della Memoria, la Societ\u00e0 Umanitaria di Alghero propone la proiezione di Quel giorno tu sarai di Korn\u00e9l Mudruzc\u00f3 e Kata W\u00e9ber. Il film ripercorre le vicende vissute da tre generazioni appartenenti a una famiglia ebrea, a partire dalla &#8230; <a title=\"Giorno della Memoria 2024\" class=\"read-more\" href=\"https:\/\/www.umanitaria.it\/alghero\/giorno-della-memoria-edizioni-passate\/giorno-della-memoria-2024\/\" aria-label=\"Per saperne di pi\u00f9 su Giorno della Memoria 2024\">Leggi tutto<\/a><\/p>\n","protected":false},"author":8,"featured_media":15363,"parent":14993,"menu_order":1,"comment_status":"closed","ping_status":"closed","template":"","meta":{"_acf_changed":false,"_seopress_robots_primary_cat":"","_seopress_titles_title":"","_seopress_titles_desc":"","_seopress_robots_index":"","inline_featured_image":false,"footnotes":""},"class_list":["post-15358","page","type-page","status-publish","has-post-thumbnail"],"acf":[],"_links":{"self":[{"href":"https:\/\/www.umanitaria.it\/alghero\/wp-json\/wp\/v2\/pages\/15358","targetHints":{"allow":["GET"]}}],"collection":[{"href":"https:\/\/www.umanitaria.it\/alghero\/wp-json\/wp\/v2\/pages"}],"about":[{"href":"https:\/\/www.umanitaria.it\/alghero\/wp-json\/wp\/v2\/types\/page"}],"author":[{"embeddable":true,"href":"https:\/\/www.umanitaria.it\/alghero\/wp-json\/wp\/v2\/users\/8"}],"replies":[{"embeddable":true,"href":"https:\/\/www.umanitaria.it\/alghero\/wp-json\/wp\/v2\/comments?post=15358"}],"version-history":[{"count":4,"href":"https:\/\/www.umanitaria.it\/alghero\/wp-json\/wp\/v2\/pages\/15358\/revisions"}],"predecessor-version":[{"id":15519,"href":"https:\/\/www.umanitaria.it\/alghero\/wp-json\/wp\/v2\/pages\/15358\/revisions\/15519"}],"up":[{"embeddable":true,"href":"https:\/\/www.umanitaria.it\/alghero\/wp-json\/wp\/v2\/pages\/14993"}],"wp:featuredmedia":[{"embeddable":true,"href":"https:\/\/www.umanitaria.it\/alghero\/wp-json\/wp\/v2\/media\/15363"}],"wp:attachment":[{"href":"https:\/\/www.umanitaria.it\/alghero\/wp-json\/wp\/v2\/media?parent=15358"}],"curies":[{"name":"wp","href":"https:\/\/api.w.org\/{rel}","templated":true}]}}