{"id":15373,"date":"2025-09-25T09:39:25","date_gmt":"2025-09-25T07:39:25","guid":{"rendered":"https:\/\/www.umanitaria.it\/alghero\/?page_id=15373"},"modified":"2025-09-25T09:40:45","modified_gmt":"2025-09-25T07:40:45","slug":"jin-jiyan-azadi","status":"publish","type":"page","link":"https:\/\/www.umanitaria.it\/alghero\/giornata-internazionale-della-donna-edizioni-passate\/jin-jiyan-azadi\/","title":{"rendered":"Jin, J\u00eeyan, Azad\u00ee"},"content":{"rendered":"\n<p>Come di consueto la <strong>Societ\u00e0 Umanitaria di Alghero <\/strong>celebra la <strong>Giornata Internazionale della Donna<\/strong> con una rassegna cinematografica, quest\u2019anno intitolata <strong><em>Jin, J\u00eeyan, Azad\u00ee. Il cinema iraniano racconta le donne<\/em><\/strong> e fortemente ispirata da quanto sta accadendo oggi nelle piazze dell\u2019Iran, dove un popolo unito per la parit\u00e0 dei diritti e per la democrazia riconosce nella cultura patriarcale il suo peggior nemico.<\/p>\n\n\n\n<p>Si parte mercoled\u00ec 29 marzo alle 19.00 al Cinema Miramare (ingresso 5\u20ac) con il film inchiesta di Nahid Persson, <em><strong>Be my voice<\/strong> <\/em>(Svezia, 2021, 90\u2019). \u00c8 la storia di&nbsp;Masih Alinejad, giornalista e attivista, diventata la voce di milioni di donne iraniane che si ribellano contro l\u2019hijab. Guidando dall\u2019esilio uno dei pi\u00f9 grandi atti di disobbedienza civile nell\u2019Iran di oggi, Masih usa la sua libert\u00e0 per impedire che il silenzio soffochi la&nbsp;protesta nel suo paese. Ma il coraggio, ovviamente, ha un prezzo: Masih e i suoi familiari devono fare i conti con le minacce di un regime oppressivo e violento. Questo potente documentario racconta una donna, un popolo, una scelta. Una guerriera in esilio, lontana dalla sua terra ma non dall\u2019anima della sua terra, che lotta da anni contro ogni limitazione dei diritti civili. Masih rischia la vita, anche nell\u2019apparente <em>safe zone<\/em> degli Stati Uniti, e nemmeno una quotidianit\u00e0 cos\u00ec dolorosa e precaria basta a zittirla (6 milioni di persone la seguono su Instagram). <em>Be My Voice<\/em>, raccogliendo testimonianze e video inediti, ci fa impattare ad altissima velocit\u00e0 su un fronte di battaglia che conosciamo ancora troppo poco. E che ci riguarda tutti.&nbsp;<\/p>\n\n\n\n<p>Si prosegue marted\u00ec 4 aprile alle 19.00 in Sala Conferenze Lo Quarter con una proiezione sul tema riservata ai tesserati della nostra Mediateca. Il tesseramento \u00e8 gratuito \u00e8 pu\u00f2 avvenire anche fino a mezz\u2019ora prima della proiezione, recandosi di persona nella Mediateca al piano terra de Lo Quarter o mandando una e-mail a <a href=\"mailto:mediateca.alghero@umanitaria.it\">mediateca.alghero@umanitaria.it<\/a>. Mercoled\u00ec 5 aprile sempre alle 19.00 in Sala Conferenze Lo Quarter (ingresso gratuito) con <strong><em>Climbing Iran<\/em><\/strong> di Francesca Borghetti (Italia, 2020, 54\u2019) che racconta la storia di Nasim Eshqui, pioniera dell\u2019arrampicata all\u2019aperto in Iran, determinata a superare le barriere imposte alle donne del suo Paese. Al termine della proiezione seguir\u00e0 l\u2019incontro con la regista <strong>Francesca Borghetti<\/strong>. La rassegna si conclude venerd\u00ec 14 aprile alle 19.00 in Sala Conferenze con <strong><em>Le donne nel cinema iraniano. Ieri, oggi e domani<\/em><\/strong>, lezione a cura di <strong>Claudio Zito<\/strong> e <strong>Sara Fallah<\/strong>.<\/p>\n\n\n\n<div class=\"wp-block-file\"><a id=\"wp-block-file--media-34367d72-d8ed-4855-86e6-a02c3a1e2778\" href=\"https:\/\/www.umanitaria.it\/alghero\/wp-content\/uploads\/sites\/7\/2025\/09\/Jin-Jiyan-Azadi.-Manifesto.pdf\"><strong>MANIFESTO<\/strong><\/a><\/div>\n","protected":false},"excerpt":{"rendered":"<p>Come di consueto la Societ\u00e0 Umanitaria di Alghero celebra la Giornata Internazionale della Donna con una rassegna cinematografica, quest\u2019anno intitolata Jin, J\u00eeyan, Azad\u00ee. Il cinema iraniano racconta le donne e fortemente ispirata da quanto sta accadendo oggi nelle piazze dell\u2019Iran, dove un popolo unito per la parit\u00e0 dei diritti e per la democrazia riconosce nella &#8230; <a title=\"Jin, J\u00eeyan, Azad\u00ee\" class=\"read-more\" href=\"https:\/\/www.umanitaria.it\/alghero\/giornata-internazionale-della-donna-edizioni-passate\/jin-jiyan-azadi\/\" aria-label=\"Per saperne di pi\u00f9 su Jin, J\u00eeyan, Azad\u00ee\">Leggi tutto<\/a><\/p>\n","protected":false},"author":8,"featured_media":15376,"parent":15069,"menu_order":2,"comment_status":"closed","ping_status":"closed","template":"","meta":{"_acf_changed":false,"_seopress_robots_primary_cat":"","_seopress_titles_title":"","_seopress_titles_desc":"","_seopress_robots_index":"","inline_featured_image":false,"footnotes":""},"class_list":["post-15373","page","type-page","status-publish","has-post-thumbnail"],"acf":[],"_links":{"self":[{"href":"https:\/\/www.umanitaria.it\/alghero\/wp-json\/wp\/v2\/pages\/15373","targetHints":{"allow":["GET"]}}],"collection":[{"href":"https:\/\/www.umanitaria.it\/alghero\/wp-json\/wp\/v2\/pages"}],"about":[{"href":"https:\/\/www.umanitaria.it\/alghero\/wp-json\/wp\/v2\/types\/page"}],"author":[{"embeddable":true,"href":"https:\/\/www.umanitaria.it\/alghero\/wp-json\/wp\/v2\/users\/8"}],"replies":[{"embeddable":true,"href":"https:\/\/www.umanitaria.it\/alghero\/wp-json\/wp\/v2\/comments?post=15373"}],"version-history":[{"count":3,"href":"https:\/\/www.umanitaria.it\/alghero\/wp-json\/wp\/v2\/pages\/15373\/revisions"}],"predecessor-version":[{"id":15379,"href":"https:\/\/www.umanitaria.it\/alghero\/wp-json\/wp\/v2\/pages\/15373\/revisions\/15379"}],"up":[{"embeddable":true,"href":"https:\/\/www.umanitaria.it\/alghero\/wp-json\/wp\/v2\/pages\/15069"}],"wp:featuredmedia":[{"embeddable":true,"href":"https:\/\/www.umanitaria.it\/alghero\/wp-json\/wp\/v2\/media\/15376"}],"wp:attachment":[{"href":"https:\/\/www.umanitaria.it\/alghero\/wp-json\/wp\/v2\/media?parent=15373"}],"curies":[{"name":"wp","href":"https:\/\/api.w.org\/{rel}","templated":true}]}}