{"id":15401,"date":"2025-09-25T10:39:30","date_gmt":"2025-09-25T08:39:30","guid":{"rendered":"https:\/\/www.umanitaria.it\/alghero\/?page_id=15401"},"modified":"2025-09-25T10:39:31","modified_gmt":"2025-09-25T08:39:31","slug":"il-pane-e-le-rose","status":"publish","type":"page","link":"https:\/\/www.umanitaria.it\/alghero\/giornata-internazionale-della-donna-edizioni-passate\/il-pane-e-le-rose\/","title":{"rendered":"Il pane e le rose"},"content":{"rendered":"\n<p>Come ogni anno, nel mese di marzo la <strong>Societ\u00e0 Umanitaria di Alghero<\/strong> dedica una serie di appuntamenti alle donne, alle conquiste fatte\u00a0e\u00a0alle vette ancora da scalare sulla strada verso la parit\u00e0.\u00a0<\/p>\n\n\n\n<p><strong><em>Il pane e le rose. Storie di emancipazione femminile al cinema<\/em><\/strong>,\u00a0che\u00a0si svolger\u00e0 nei locali della Mediateca, comincia<strong>\u00a0<\/strong>luned\u00ec 21 marzo alle ore 19.00<strong>\u00a0<\/strong>con la proiezione di<strong>\u00a0<em>Due giorni, una notte<\/em><\/strong>\u00a0dei fratelli Dardenne, storia di fragilit\u00e0 umana ma anche di dignit\u00e0 nella lotta per\u00a0il\u00a0lavoro, interpretata da un&#8217;intensa\u00a0e disperata Marion Cotillard. La rassegna prosegue<strong>\u00a0<\/strong>marted\u00ec 22\u00a0marzo alle ore 19.00\u00a0con\u00a0<strong><em>Per amor vostro<\/em><\/strong>\u00a0di\u00a0Giuseppe Gaudino, raffinato\u00a0e\u00a0poetico melodramma napoletano di cui \u00e8 protagonista assoluta Anna, interpretata dalla vincitrice della Coppa Volpi, Valeria Golino. Continuiamo\u00a0mercoled\u00ec\u00a023\u00a0marzo alle ore 19.00\u00a0con\u00a0<strong><em>Violette<\/em><\/strong> di\u00a0Martin Provost, in cui un&#8217;incontenibile\u00a0e\u00a0sublime Emmanuelle Devos d\u00e0 vita alla scrittrice francese Violette Leduc, una delle prime protagoniste della letteratura occidentale a scrivere di amore\u00a0e\u00a0sesso &#8220;come un uomo&#8221;.<\/p>\n\n\n\n<p>Per l&#8217;ultima tappa della rassegna,\u00a0<strong>\u00a0<\/strong>gioved\u00ec\u00a031 marzo, abbiamo pensato di destinare un momento alla discussione\u00a0e\u00a0al confronto, utilizzando come sempre come (s)punto di partenza\u00a0il\u00a0cinema, strumento utile non solo a raccontare la realt\u00e0 ma anche per provare a incidere su di essa, a trasformarla. Abbiamo riconosciuto questa ambizione nella vocazione pioneristica di<strong>\u00a0<em>Lunadig\u00e0s<\/em><\/strong>, il\u00a0web-doc sulle donne che hanno scelto di non essere madri, tema che ancora oggi rappresenta un tab\u00f9. Alla proiezione,\u00a0alle\u00a0ore 17.00\u00a0in Mediateca, interverranno\u00a0le\u00a0autrici del web-doc<strong>\u00a0Marilisa Piga\u00a0<\/strong>e<strong>\u00a0Nicoletta Nesler<\/strong>. Dopo\u00a0il\u00a0film,\u00a0alle\u00a0ore 19.00,\u00a0proveremo a parlarne insieme con la formula\u00a0del\u00a0<strong>World Caf\u00e8<\/strong>, un metodo semplice ed efficace nato per stimolare\u00a0e\u00a0condurre\u00a0conversazioni organizzate a partire da alcune domande di riferimento su un tema specifico,\u00a0che nel nostro caso abbiamo intitolato<strong>\u00a0<em>La libert\u00e0 di una scelta<\/em><\/strong>. In un&#8217;atmosfera intima ed accogliente, che ricorda appunto quella di un\u00a0Caf\u00e8, i partecipanti prenderanno posto attorno ai tavoli per scrivere, disegnare\u00a0e\u00a0annotare le\u00a0proprie idee davanti a una bevanda calda\u00a0e\u00a0a una fetta di torta, per poi discuterne tutti insieme.<\/p>\n\n\n\n<p>Vi ricordiamo che tutte\u00a0le\u00a0proiezioni in Mediateca sono ad ingresso libero;\u00a0il<strong>\u00a0World Caf\u00e8<\/strong>\u00a0<strong><em>La libert\u00e0 di una scelta<\/em>\u00a0<\/strong>\u00e8 aperto a tutti, senza limiti di et\u00e0\u00a0e, soprattutto, di sesso. Uomini, la vostra presenza \u00e8 pi\u00f9 che gradita! I posti, per\u00f2, sono limitati ed\u00a0\u00e8 necessario prenotare\u00a0entro e non oltre mercoled\u00ec 30 marzo<strong>\u00a0<\/strong>scrivendoci all&#8217;indirizzo\u00a0e-mail\u00a0<a href=\"mailto:umanitaria.alghero@libero.it\" target=\"_blank\" rel=\"noreferrer noopener\">umanitaria.alghero@libero.it<\/a>\u00a0o chiamandoci al numero <mark style=\"background-color:rgba(0, 0, 0, 0)\" class=\"has-inline-color has-global-color-8-color\">079 974375<\/mark>.<\/p>\n\n\n\n<div class=\"wp-block-file\"><a id=\"wp-block-file--media-eb77263f-aae6-4c70-93ed-d6fdad38684f\" href=\"https:\/\/www.umanitaria.it\/alghero\/wp-content\/uploads\/sites\/7\/2025\/09\/Il-pane-e-le-rose.-Locandina-scaled.jpg\"><strong>LOCANDINA<\/strong><\/a><\/div>\n","protected":false},"excerpt":{"rendered":"<p>Come ogni anno, nel mese di marzo la Societ\u00e0 Umanitaria di Alghero dedica una serie di appuntamenti alle donne, alle conquiste fatte\u00a0e\u00a0alle vette ancora da scalare sulla strada verso la parit\u00e0.\u00a0 Il pane e le rose. Storie di emancipazione femminile al cinema,\u00a0che\u00a0si svolger\u00e0 nei locali della Mediateca, comincia\u00a0luned\u00ec 21 marzo alle ore 19.00\u00a0con la proiezione &#8230; <a title=\"Il pane e le rose\" class=\"read-more\" href=\"https:\/\/www.umanitaria.it\/alghero\/giornata-internazionale-della-donna-edizioni-passate\/il-pane-e-le-rose\/\" aria-label=\"Per saperne di pi\u00f9 su Il pane e le rose\">Leggi tutto<\/a><\/p>\n","protected":false},"author":8,"featured_media":15404,"parent":15069,"menu_order":7,"comment_status":"closed","ping_status":"closed","template":"","meta":{"_acf_changed":false,"_seopress_robots_primary_cat":"","_seopress_titles_title":"","_seopress_titles_desc":"","_seopress_robots_index":"","inline_featured_image":false,"footnotes":""},"class_list":["post-15401","page","type-page","status-publish","has-post-thumbnail"],"acf":[],"_links":{"self":[{"href":"https:\/\/www.umanitaria.it\/alghero\/wp-json\/wp\/v2\/pages\/15401","targetHints":{"allow":["GET"]}}],"collection":[{"href":"https:\/\/www.umanitaria.it\/alghero\/wp-json\/wp\/v2\/pages"}],"about":[{"href":"https:\/\/www.umanitaria.it\/alghero\/wp-json\/wp\/v2\/types\/page"}],"author":[{"embeddable":true,"href":"https:\/\/www.umanitaria.it\/alghero\/wp-json\/wp\/v2\/users\/8"}],"replies":[{"embeddable":true,"href":"https:\/\/www.umanitaria.it\/alghero\/wp-json\/wp\/v2\/comments?post=15401"}],"version-history":[{"count":2,"href":"https:\/\/www.umanitaria.it\/alghero\/wp-json\/wp\/v2\/pages\/15401\/revisions"}],"predecessor-version":[{"id":15405,"href":"https:\/\/www.umanitaria.it\/alghero\/wp-json\/wp\/v2\/pages\/15401\/revisions\/15405"}],"up":[{"embeddable":true,"href":"https:\/\/www.umanitaria.it\/alghero\/wp-json\/wp\/v2\/pages\/15069"}],"wp:featuredmedia":[{"embeddable":true,"href":"https:\/\/www.umanitaria.it\/alghero\/wp-json\/wp\/v2\/media\/15404"}],"wp:attachment":[{"href":"https:\/\/www.umanitaria.it\/alghero\/wp-json\/wp\/v2\/media?parent=15401"}],"curies":[{"name":"wp","href":"https:\/\/api.w.org\/{rel}","templated":true}]}}