{"id":15434,"date":"2025-09-25T12:44:24","date_gmt":"2025-09-25T10:44:24","guid":{"rendered":"https:\/\/www.umanitaria.it\/alghero\/?page_id=15434"},"modified":"2025-09-25T12:48:10","modified_gmt":"2025-09-25T10:48:10","slug":"io-tho-amato-sempre-non-tho-amato-mai","status":"publish","type":"page","link":"https:\/\/www.umanitaria.it\/alghero\/giornata-internazionale-della-donna-edizioni-passate\/io-tho-amato-sempre-non-tho-amato-mai\/","title":{"rendered":"Io t&#8217;ho amato sempre, non t&#8217;ho amato mai"},"content":{"rendered":"\n<p>Avr\u00e0 inizio mercoled\u00ec 30 marzo <em><strong>Io t\u2019ho amato sempre non t\u2019ho amato mai<\/strong><\/em>, la seconda annualit\u00e0 di un progetto ideato dalla <strong>Societ\u00e0 Umanitaria di Alghero<\/strong> in collaborazione con il <strong>Centro Antiviolenza del progetto Aurora di Sassari<\/strong>, che intende indagare il ciclo vitale femminile col l\u2019occhio indiscreto e implacabile del cinema. Dopo aver esplorato la dimensione della maternit\u00e0, senza nasconderne drammi e insidie, quest&#8217;anno la riflessione si sposta su un altro momento fondamentale della vita della donna: la relazione. Soprattutto quella distorta, malata, violenta. Ma anche quella quotidiana, quella normale, quella che appare rassicurante ma che forse cos\u00ec tanto rassicurante non \u00e8. A dare il titolo alla rassegna un celebre verso rubato a Fabrizio De Andr\u00e8, espressione assoluta dell&#8217;estrema contraddizione dell&#8217;amore. Amori sani, amori (am)malati, amori che amano troppo o amori che amano troppo poco, amori che hanno coraggio, amori tappabuchi; tutti raccontati attraverso quattro film del panorama cinematografico contemporaneo.<\/p>\n\n\n\n<p>Si parte mercoled\u00ec 30 marzo, alle 20.30 al Cinema Miramare, con <em><strong>Gianni e le donne <\/strong><\/em>di Gianni De Gregorio e si prosegue il 31 marzo, sempre al Cinema Miramare, con <em><strong>Rabbit Hole<\/strong> <\/em>di Cameron Mitchell. Il 1\u00b0 e il 2 Aprile nella Sala Manno della Mediateca di via Marconi 10 sono previste le\u00a0proiezioni di <em><strong>Il pi\u00f9 bel giorno della mia vita<\/strong> <\/em>di Cristina Comencini e di <em><strong>Lontano dal paradiso <\/strong><\/em>di Todd Haynes. L&#8217;ultimo giorno della rassegna, domenica 3 Aprile, sar\u00e0 invece dedicato al teatro con il recital <em><strong>I monologhi della vagina<\/strong><\/em> con <strong>Emma Gobbato<\/strong> ed <strong>Elisabetta Dettori<\/strong>, presso lo Spazio-T di via La Marmora 84, alle18.00. Seguir\u00e0 un<em> tea break <\/em>con i prodotti equo solidali della bottega Altromercato.<\/p>\n","protected":false},"excerpt":{"rendered":"<p>Avr\u00e0 inizio mercoled\u00ec 30 marzo Io t\u2019ho amato sempre non t\u2019ho amato mai, la seconda annualit\u00e0 di un progetto ideato dalla Societ\u00e0 Umanitaria di Alghero in collaborazione con il Centro Antiviolenza del progetto Aurora di Sassari, che intende indagare il ciclo vitale femminile col l\u2019occhio indiscreto e implacabile del cinema. Dopo aver esplorato la dimensione &#8230; <a title=\"Io t&#8217;ho amato sempre, non t&#8217;ho amato mai\" class=\"read-more\" href=\"https:\/\/www.umanitaria.it\/alghero\/giornata-internazionale-della-donna-edizioni-passate\/io-tho-amato-sempre-non-tho-amato-mai\/\" aria-label=\"Per saperne di pi\u00f9 su Io t&#8217;ho amato sempre, non t&#8217;ho amato mai\">Leggi tutto<\/a><\/p>\n","protected":false},"author":8,"featured_media":15436,"parent":15069,"menu_order":11,"comment_status":"closed","ping_status":"closed","template":"","meta":{"_acf_changed":false,"_seopress_robots_primary_cat":"","_seopress_titles_title":"","_seopress_titles_desc":"","_seopress_robots_index":"","inline_featured_image":false,"footnotes":""},"class_list":["post-15434","page","type-page","status-publish","has-post-thumbnail"],"acf":[],"_links":{"self":[{"href":"https:\/\/www.umanitaria.it\/alghero\/wp-json\/wp\/v2\/pages\/15434","targetHints":{"allow":["GET"]}}],"collection":[{"href":"https:\/\/www.umanitaria.it\/alghero\/wp-json\/wp\/v2\/pages"}],"about":[{"href":"https:\/\/www.umanitaria.it\/alghero\/wp-json\/wp\/v2\/types\/page"}],"author":[{"embeddable":true,"href":"https:\/\/www.umanitaria.it\/alghero\/wp-json\/wp\/v2\/users\/8"}],"replies":[{"embeddable":true,"href":"https:\/\/www.umanitaria.it\/alghero\/wp-json\/wp\/v2\/comments?post=15434"}],"version-history":[{"count":3,"href":"https:\/\/www.umanitaria.it\/alghero\/wp-json\/wp\/v2\/pages\/15434\/revisions"}],"predecessor-version":[{"id":15439,"href":"https:\/\/www.umanitaria.it\/alghero\/wp-json\/wp\/v2\/pages\/15434\/revisions\/15439"}],"up":[{"embeddable":true,"href":"https:\/\/www.umanitaria.it\/alghero\/wp-json\/wp\/v2\/pages\/15069"}],"wp:featuredmedia":[{"embeddable":true,"href":"https:\/\/www.umanitaria.it\/alghero\/wp-json\/wp\/v2\/media\/15436"}],"wp:attachment":[{"href":"https:\/\/www.umanitaria.it\/alghero\/wp-json\/wp\/v2\/media?parent=15434"}],"curies":[{"name":"wp","href":"https:\/\/api.w.org\/{rel}","templated":true}]}}