{"id":15454,"date":"2025-09-25T13:19:32","date_gmt":"2025-09-25T11:19:32","guid":{"rendered":"https:\/\/www.umanitaria.it\/alghero\/?page_id=15454"},"modified":"2025-09-25T13:24:52","modified_gmt":"2025-09-25T11:24:52","slug":"edizione-2019","status":"publish","type":"page","link":"https:\/\/www.umanitaria.it\/alghero\/giornata-internazionale-per-leliminazione-della-violenza-contro-le-donne-edizioni-passate\/edizione-2019\/","title":{"rendered":"Edizione 2019"},"content":{"rendered":"\n<p>Come accade ormai da oltre un decennio, la <strong>Societ\u00e0 Umanitaria di Alghero<\/strong> partecipa attivamente alla <strong>Giornata Internazionale per l\u2019eliminazione della violenza contro le Donne<\/strong> con una serie di iniziative sul tema.<\/p>\n\n\n\n<p>Si parte il 25 novembre, alle 19.00 al Cinema Miramare, con la proiezione di <strong><em>Verdict <\/em><\/strong>di Raymund Ribay Gutierrez [Filippine, 2019, 126\u2019], film vincitore del premio speciale della giuria Orizzonti a Venezia 76. <em>Verdict<\/em> \u00e8 la storia di Joy che, vittima da anni delle violenze del marito, dopo un\u2019aggressione che coinvolge per la prima volta anche la loro bambina, decide finalmente di denunciare il suo aguzzino alle forze dell\u2019ordine. Da qui la donna inizier\u00e0 una lunga ed estenuante trafila per ottenere giustizia, in un contesto di omert\u00e0, colpevolizzazione delle vittime e difficolt\u00e0 legali di ogni tipo. In collaborazione con la <strong>Rete delle Donne di Alghero<\/strong>, nel pomeriggio del 25 a partire dalle 17.00, comincer\u00e0 <strong>Lenzuolo SOSpeso. Un filo rosso per non dimenticare, un filo verde per un mondo senza violenza<\/strong>, <em>performance<\/em> artistica collettiva e itinerante che coinvolge tutte le sedi della Societ\u00e0 Umanitaria (Milano, Roma, Napoli, Alghero, Carbonia, Cagliari), nell\u2019impegno per la difesa e la conquista dei diritti civili, politici ed economici e nella lotta contro ogni forma di violenza, vessazione e discriminazione. Il progetto si inserisce nell\u2019ambito dell\u2019iniziativa nazionale <strong>Lenzuoli sospesi<\/strong>, ideata dall\u2019artista e <em>performer <\/em>Silvia Capiluppi.<\/p>\n\n\n\n<p>Nelle giornate del 28 e del 29 novembre, il CSC di Alghero collabora a <strong><em>Donna e altre SOPRAFFAZIONI<\/em><\/strong>, un progetto della compagnia teatrale <strong>Les Bruixes<\/strong>, articolato in momenti diversi dell\u2019anno, che indaga la violenza di genere e qualunque altra violenza perpetrata ai danni dei pi\u00f9 \u2018deboli\u2019 per questioni economiche, di provenienza, di religione o di etnia. Nella giornata del 28, alle 20.30 al Teatro Civico, sar\u00e0 proiettato il film documentario <strong><em>La linea sottile<\/em><\/strong> di Paola Sangiovanni e Nina Mimica [Italia, 2016, 80\u2019], racconto di due guerre degli anni \u201990 viste da due prospettive molto diverse e riflessione altissima sulla consapevolezza del male e dell&#8217;umana capacit\u00e0 di generarlo. Il 29, sempre alle 20.30 al Teatro Civico, dal cinema si passa al teatro con <strong><em>A Nina<\/em><\/strong>, monologo sullo sfruttamento sessuale delle giovani donne vittime della droga e dei \u201ccompratori\u201d dei loro corpi, scritto da <strong>Federico Pacifici <\/strong>e interpretato da <strong>Ignazio Chessa<\/strong> e, a seguire, lo spettacolo di teatrodanza di <strong>Dario La Stella<\/strong> e <strong>Valentina Solinas<\/strong> (Senza Confini di Pelle), <strong><em>Fame<\/em><\/strong>. In entrambe le serate, prima e dopo gli eventi, sar\u00e0 possibile visitare <strong><em>Shattered Mirrors<\/em><\/strong>, esposizione dell\u2019artista e fotografo <strong>Aaron Gonzalez<\/strong>. Il film, il monologo, lo spettacolo e la mostra, saranno proposti anche al mattino per gli studenti delle classi finali degli istituti superiori cittadini.<\/p>\n\n\n\n<p>Info, costi e prenotazioni: <strong>Societ\u00e0 Umanitaria di Alghero<\/strong> <mark style=\"background-color:rgba(0, 0, 0, 0)\" class=\"has-inline-color has-global-color-8-color\">079 974375 | <\/mark><a href=\"mailto:alghero@umanitaria.it\">alghero@umanitaria.it<\/a> &#8211; <strong>Les Bruixes<\/strong> <mark style=\"background-color:rgba(0, 0, 0, 0)\" class=\"has-inline-color has-global-color-8-color\">345 2121921 \u2502389 9848807<\/mark>.<\/p>\n\n\n\n<div class=\"wp-block-file\"><a id=\"wp-block-file--media-fa73d723-4481-488b-831c-4e6d1f4229a2\" href=\"https:\/\/www.umanitaria.it\/alghero\/wp-content\/uploads\/sites\/7\/2025\/09\/25-Novembre-2019.-Manifesto.pdf\"><strong>MANIFESTO<\/strong><\/a><\/div>\n\n\n\n<p><\/p>\n","protected":false},"excerpt":{"rendered":"<p>Come accade ormai da oltre un decennio, la Societ\u00e0 Umanitaria di Alghero partecipa attivamente alla Giornata Internazionale per l\u2019eliminazione della violenza contro le Donne con una serie di iniziative sul tema. Si parte il 25 novembre, alle 19.00 al Cinema Miramare, con la proiezione di Verdict di Raymund Ribay Gutierrez [Filippine, 2019, 126\u2019], film vincitore &#8230; <a title=\"Edizione 2019\" class=\"read-more\" href=\"https:\/\/www.umanitaria.it\/alghero\/giornata-internazionale-per-leliminazione-della-violenza-contro-le-donne-edizioni-passate\/edizione-2019\/\" aria-label=\"Per saperne di pi\u00f9 su Edizione 2019\">Leggi tutto<\/a><\/p>\n","protected":false},"author":8,"featured_media":15457,"parent":15148,"menu_order":3,"comment_status":"closed","ping_status":"closed","template":"","meta":{"_acf_changed":false,"_seopress_robots_primary_cat":"","_seopress_titles_title":"","_seopress_titles_desc":"","_seopress_robots_index":"","inline_featured_image":false,"footnotes":""},"class_list":["post-15454","page","type-page","status-publish","has-post-thumbnail"],"acf":[],"_links":{"self":[{"href":"https:\/\/www.umanitaria.it\/alghero\/wp-json\/wp\/v2\/pages\/15454","targetHints":{"allow":["GET"]}}],"collection":[{"href":"https:\/\/www.umanitaria.it\/alghero\/wp-json\/wp\/v2\/pages"}],"about":[{"href":"https:\/\/www.umanitaria.it\/alghero\/wp-json\/wp\/v2\/types\/page"}],"author":[{"embeddable":true,"href":"https:\/\/www.umanitaria.it\/alghero\/wp-json\/wp\/v2\/users\/8"}],"replies":[{"embeddable":true,"href":"https:\/\/www.umanitaria.it\/alghero\/wp-json\/wp\/v2\/comments?post=15454"}],"version-history":[{"count":3,"href":"https:\/\/www.umanitaria.it\/alghero\/wp-json\/wp\/v2\/pages\/15454\/revisions"}],"predecessor-version":[{"id":15461,"href":"https:\/\/www.umanitaria.it\/alghero\/wp-json\/wp\/v2\/pages\/15454\/revisions\/15461"}],"up":[{"embeddable":true,"href":"https:\/\/www.umanitaria.it\/alghero\/wp-json\/wp\/v2\/pages\/15148"}],"wp:featuredmedia":[{"embeddable":true,"href":"https:\/\/www.umanitaria.it\/alghero\/wp-json\/wp\/v2\/media\/15457"}],"wp:attachment":[{"href":"https:\/\/www.umanitaria.it\/alghero\/wp-json\/wp\/v2\/media?parent=15454"}],"curies":[{"name":"wp","href":"https:\/\/api.w.org\/{rel}","templated":true}]}}