{"id":15462,"date":"2025-09-25T14:48:40","date_gmt":"2025-09-25T12:48:40","guid":{"rendered":"https:\/\/www.umanitaria.it\/alghero\/?page_id=15462"},"modified":"2025-09-25T15:01:58","modified_gmt":"2025-09-25T13:01:58","slug":"edizione-2018","status":"publish","type":"page","link":"https:\/\/www.umanitaria.it\/alghero\/giornata-internazionale-per-leliminazione-della-violenza-contro-le-donne-edizioni-passate\/edizione-2018\/","title":{"rendered":"Edizione 2018"},"content":{"rendered":"\n<p>Come ormai da dodici anni, la <strong>Societ\u00e0 Umanitaria di Alghero <\/strong>si unisce alle celebrazioni per il 25 novembre, la <strong>Giornata Internazionale contro la violenza sulle Donne<\/strong>. Quest&#8217;anno due appuntamenti cinematografici dedicati a temi di forte attualit\u00e0: la violenza domestica che, oltre le donne, colpisce anche le bambine e i bambini che vi assistono; e la violenza di genere delle istituzioni, che tuttora persiste anche nei paesi democratici.<\/p>\n\n\n\n<p>Il primo appuntamento \u00e8 il 25 novembre alle ore 18.30 al Civico Teatro di Alghero con <strong><em>L&#8217;affido &#8211; Una storia di violenza <\/em><\/strong>di Xavier Legrand, Leone d&#8217;Argento alla Mostra Internazionale d&#8217;arte cinematografica di Venezia 2017, film delicato e intimista che racconta l&#8217;avventura processuale di Miriam, ex moglie di un uomo violento, per l&#8217;affido del figlio Julien in seguito alla separazione. Il 26 novembre, sempre al Civico Teatro alle ore 18.30, sar\u00e0 la volta di <strong><em>La bella e le bestie<\/em><\/strong>, film della regista tunisina Kaouther Ben Hania presentato al 70\u00b0 Festival di Cannes nella sezione <em>Un certain regard, <\/em>che ci catapulter\u00e0 nel mondo della Tunisia moderna con la storia di Mariam che, nell&#8217;arco di una sola notte, si trover\u00e0 a dover combattere per la sua vita, i suoi diritti e la sua dignit\u00e0, proprio in quei luoghi e tra quelle persone che dovrebbero garantirli per legge. A entrambe le proiezioni seguir\u00e0 un dibattito condotto dalla direttrice della Societ\u00e0 Umanitaria di Alghero, <strong>Alessandra Sento<\/strong>, e dalla psicologa e psicoterapeuta<strong> Maria Giovanna Monte<\/strong>, che da anni si occupa sul territorio di violenza di genere e violenza assistita. L&#8217;ingresso a ogni proiezione ha un costo di <strong>3\u20ac<\/strong>. Segreteria e prenotazioni:<mark style=\"background-color:rgba(0, 0, 0, 0)\" class=\"has-inline-color has-accent-color\"> +39 388 57 21 808<\/mark>.<\/p>\n\n\n\n<p>Il ciclo di proiezioni \u00e8 inserito nel programma del progetto <strong>TXT &#8211; Teatro per tutti<\/strong>, nato dal bando RAS &#8220;Culture Lab&#8221; POR FERS 2014-2020 che vede la Compagnia Teatro d&#8217;Inverno capofila insieme ad altri <em>partner<\/em> culturali, tra i quali la Societ\u00e0 Umanitaria di Alghero. <\/p>\n\n\n\n<p><\/p>\n","protected":false},"excerpt":{"rendered":"<p>Come ormai da dodici anni, la Societ\u00e0 Umanitaria di Alghero si unisce alle celebrazioni per il 25 novembre, la Giornata Internazionale contro la violenza sulle Donne. Quest&#8217;anno due appuntamenti cinematografici dedicati a temi di forte attualit\u00e0: la violenza domestica che, oltre le donne, colpisce anche le bambine e i bambini che vi assistono; e la &#8230; <a title=\"Edizione 2018\" class=\"read-more\" href=\"https:\/\/www.umanitaria.it\/alghero\/giornata-internazionale-per-leliminazione-della-violenza-contro-le-donne-edizioni-passate\/edizione-2018\/\" aria-label=\"Per saperne di pi\u00f9 su Edizione 2018\">Leggi tutto<\/a><\/p>\n","protected":false},"author":8,"featured_media":15464,"parent":15148,"menu_order":4,"comment_status":"closed","ping_status":"closed","template":"","meta":{"_acf_changed":false,"_seopress_robots_primary_cat":"","_seopress_titles_title":"","_seopress_titles_desc":"","_seopress_robots_index":"","inline_featured_image":false,"footnotes":""},"class_list":["post-15462","page","type-page","status-publish","has-post-thumbnail"],"acf":[],"_links":{"self":[{"href":"https:\/\/www.umanitaria.it\/alghero\/wp-json\/wp\/v2\/pages\/15462","targetHints":{"allow":["GET"]}}],"collection":[{"href":"https:\/\/www.umanitaria.it\/alghero\/wp-json\/wp\/v2\/pages"}],"about":[{"href":"https:\/\/www.umanitaria.it\/alghero\/wp-json\/wp\/v2\/types\/page"}],"author":[{"embeddable":true,"href":"https:\/\/www.umanitaria.it\/alghero\/wp-json\/wp\/v2\/users\/8"}],"replies":[{"embeddable":true,"href":"https:\/\/www.umanitaria.it\/alghero\/wp-json\/wp\/v2\/comments?post=15462"}],"version-history":[{"count":3,"href":"https:\/\/www.umanitaria.it\/alghero\/wp-json\/wp\/v2\/pages\/15462\/revisions"}],"predecessor-version":[{"id":15467,"href":"https:\/\/www.umanitaria.it\/alghero\/wp-json\/wp\/v2\/pages\/15462\/revisions\/15467"}],"up":[{"embeddable":true,"href":"https:\/\/www.umanitaria.it\/alghero\/wp-json\/wp\/v2\/pages\/15148"}],"wp:featuredmedia":[{"embeddable":true,"href":"https:\/\/www.umanitaria.it\/alghero\/wp-json\/wp\/v2\/media\/15464"}],"wp:attachment":[{"href":"https:\/\/www.umanitaria.it\/alghero\/wp-json\/wp\/v2\/media?parent=15462"}],"curies":[{"name":"wp","href":"https:\/\/api.w.org\/{rel}","templated":true}]}}