{"id":15468,"date":"2025-09-25T15:09:48","date_gmt":"2025-09-25T13:09:48","guid":{"rendered":"https:\/\/www.umanitaria.it\/alghero\/?page_id=15468"},"modified":"2025-09-25T15:09:49","modified_gmt":"2025-09-25T13:09:49","slug":"edizione-2017","status":"publish","type":"page","link":"https:\/\/www.umanitaria.it\/alghero\/giornata-internazionale-per-leliminazione-della-violenza-contro-le-donne-edizioni-passate\/edizione-2017\/","title":{"rendered":"Edizione 2017"},"content":{"rendered":"\n<p>Da molti anni la <strong>Societ\u00e0 Umanitaria di Alghero<\/strong> dedica un intervento cinematografico alla\u00a0<strong>Giornata Internazionale contro la violenza sulle Donne<\/strong>, che si celebra in tutto il mondo il 25 novembre. Il punto di vista scelto quest&#8217;anno \u00e8 quello degli uomini cosiddetti &#8220;maltrattanti&#8221;, affrontato nel documentario\u00a0<em><strong>Ma l&#8217;amore c&#8217;entra?\u00a0<\/strong><\/em>di\u00a0<strong>Elisabetta Lodoli<\/strong>, presentato in anteprima all&#8217;ultima Festa del Cinema di Roma. <\/p>\n\n\n\n<p>L&#8217;appuntamento \u00e8 per mercoled\u00ec\u00a029 novembre alle 18.30\u00a0presso la Sala Conferenze de lo Quarter.\u00a0<strong>La regista sar\u00e0 presente e incontrer\u00e0 il pubblico.<\/strong> Il film racconta le storie di Paolo, Luca e Giorgio (nomi di fantasia), tre uomini apparentemente &#8220;normali&#8221; che hanno avuto dei comportamenti violenti nei confronti di mogli e compagne, ma della propria violenza si sono spaventati anche perch\u00e9 le donne che l&#8217;hanno subita hanno preteso da loro un cambiamento. Le storie dei tre uomini si sono incrociate in uno stesso luogo, quello in cui i tre hanno cercato aiuto, il Centro LDV (Liberiamoci dalla violenza) di Modena. La sfida di Paolo, Luca e Giorgio \u00e8 una sfida aperta, che forse durer\u00e0 tutta la vita, e coinvolger\u00e0 anche le loro compagne; una riflessione sul conflitto delle relazioni e sull&#8217;educazione ai sentimenti che alla fine ci coinvolge tutti, uomini e donne.\u00a0<\/p>\n\n\n\n<p>La proiezione \u00e8 inserita nel ciclo di iniziative volute dalla <strong>Commissione Pari Opportunit\u00e0<\/strong> e dal <strong>Comitato Unico di Garanzia del Comune di Alghero<\/strong>.<\/p>\n\n\n\n<p><\/p>\n","protected":false},"excerpt":{"rendered":"<p>Da molti anni la Societ\u00e0 Umanitaria di Alghero dedica un intervento cinematografico alla\u00a0Giornata Internazionale contro la violenza sulle Donne, che si celebra in tutto il mondo il 25 novembre. Il punto di vista scelto quest&#8217;anno \u00e8 quello degli uomini cosiddetti &#8220;maltrattanti&#8221;, affrontato nel documentario\u00a0Ma l&#8217;amore c&#8217;entra?\u00a0di\u00a0Elisabetta Lodoli, presentato in anteprima all&#8217;ultima Festa del Cinema di &#8230; <a title=\"Edizione 2017\" class=\"read-more\" href=\"https:\/\/www.umanitaria.it\/alghero\/giornata-internazionale-per-leliminazione-della-violenza-contro-le-donne-edizioni-passate\/edizione-2017\/\" aria-label=\"Per saperne di pi\u00f9 su Edizione 2017\">Leggi tutto<\/a><\/p>\n","protected":false},"author":8,"featured_media":15470,"parent":15148,"menu_order":5,"comment_status":"closed","ping_status":"closed","template":"","meta":{"_acf_changed":false,"_seopress_robots_primary_cat":"","_seopress_titles_title":"","_seopress_titles_desc":"","_seopress_robots_index":"","inline_featured_image":false,"footnotes":""},"class_list":["post-15468","page","type-page","status-publish","has-post-thumbnail"],"acf":[],"_links":{"self":[{"href":"https:\/\/www.umanitaria.it\/alghero\/wp-json\/wp\/v2\/pages\/15468","targetHints":{"allow":["GET"]}}],"collection":[{"href":"https:\/\/www.umanitaria.it\/alghero\/wp-json\/wp\/v2\/pages"}],"about":[{"href":"https:\/\/www.umanitaria.it\/alghero\/wp-json\/wp\/v2\/types\/page"}],"author":[{"embeddable":true,"href":"https:\/\/www.umanitaria.it\/alghero\/wp-json\/wp\/v2\/users\/8"}],"replies":[{"embeddable":true,"href":"https:\/\/www.umanitaria.it\/alghero\/wp-json\/wp\/v2\/comments?post=15468"}],"version-history":[{"count":2,"href":"https:\/\/www.umanitaria.it\/alghero\/wp-json\/wp\/v2\/pages\/15468\/revisions"}],"predecessor-version":[{"id":15471,"href":"https:\/\/www.umanitaria.it\/alghero\/wp-json\/wp\/v2\/pages\/15468\/revisions\/15471"}],"up":[{"embeddable":true,"href":"https:\/\/www.umanitaria.it\/alghero\/wp-json\/wp\/v2\/pages\/15148"}],"wp:featuredmedia":[{"embeddable":true,"href":"https:\/\/www.umanitaria.it\/alghero\/wp-json\/wp\/v2\/media\/15470"}],"wp:attachment":[{"href":"https:\/\/www.umanitaria.it\/alghero\/wp-json\/wp\/v2\/media?parent=15468"}],"curies":[{"name":"wp","href":"https:\/\/api.w.org\/{rel}","templated":true}]}}