{"id":15479,"date":"2025-09-25T15:47:45","date_gmt":"2025-09-25T13:47:45","guid":{"rendered":"https:\/\/www.umanitaria.it\/alghero\/?page_id=15479"},"modified":"2025-09-26T10:44:47","modified_gmt":"2025-09-26T08:44:47","slug":"edizione-2015","status":"publish","type":"page","link":"https:\/\/www.umanitaria.it\/alghero\/giornata-internazionale-per-leliminazione-della-violenza-contro-le-donne-edizioni-passate\/edizione-2015\/","title":{"rendered":"Edizione 2015"},"content":{"rendered":"\n<p>Come ogni anno la <strong>Societ\u00e0 Umanitaria di Alghero<\/strong> celebra la<strong>&nbsp;Giornata Internazionale contro la violenza sulle Donne<\/strong>&nbsp;con una proiezione.&nbsp;Il film scelto per quest\u2019anno \u00e8<strong>&nbsp;<em>Vulcano &#8211; Ixcanul<\/em><\/strong> di&nbsp;Jayro Bustamante<strong>&nbsp;<\/strong>(Francia\/Guatemala&nbsp;2015, 100&#8242;). L\u2019appuntamento \u00e8 per luned\u00ec&nbsp;30 novembre&nbsp;presso il&nbsp;Cinema Miramare alle18.30<strong>&nbsp;<\/strong>con ingresso libero.&nbsp;<\/p>\n\n\n\n<p><strong>IL FILM<\/strong>: Maria \u00e8 una diciassettenne di origine Maya che vive in campagna lavorando in una piantagione di caff\u00e8. I genitori hanno organizzato per lei un matrimonio ma la ragazza sogna di andarsene e quindi trova nelle promesse di espatrio del giovane Pepe la possibilit\u00e0 di realizzare i suoi sogni. Ma Pepe la mette incinta e poi parte senza di lei. La madre cerca allora di procurarle&nbsp;un aborto ma il bambino resta attaccato alla vita. Maria sar\u00e0 madre ma non per questo potr\u00e0 essere felice.<br>Jayro Bustamante ha vissuto da bambino nelle zone guatemalteche abitate dai Maya e circondate da&nbsp;vulcani. Ne conosce quindi linguaggi e tradizioni che costituiscono la base di un film che vuole essere al contempo un ritratto etnograficamente documentato di una civilt\u00e0 che conserva riti ancestrali e la denuncia di un traffico aberrante. Di quest\u00b4ultimo non si pu\u00f2 riferire pena la rivelazione del finale. Il film procede verso di esso con i ritmi del rapporto che si instaura tra la Natura e queste comunit\u00e0 che conservano una religiosit\u00e0 di stampo animista in cui il vulcano&nbsp;diviene altare su cui invocare le divinit\u00e0. La cosiddetta civilt\u00e0, pronta in modo rapace a portare via ci\u00f2 che pi\u00f9 le serve, \u00e8 al contempo vicina e distante anche perch\u00e9 una forte barriera linguistica \u00b4protegge\u00b4 in qualche misura i Maya.&nbsp;<br>Nel volto di Maria, il cui primissimo piano apre il film, si possono leggere tutti questi elementi e tensioni cos\u00ec come nella forte presenza della figura materna che vuole a suo modo essere di aiuto alla ragazza. Bustamante, avvalendosi della collaborazione dei nativi, \u00e8 riuscito ad infondere al suo primo lungometraggio la forza del realismo senza rimanere necessariamente legato a uno sguardo documentaristico. Quella di Maria \u00e8 una storia che si segue con partecipazione con in pi\u00f9 la consapevolezza che si tratta di una storia vera. Purtroppo. [<mark style=\"background-color:rgba(0, 0, 0, 0)\" class=\"has-inline-color has-accent-color\">Fonte: Mymovies.it<\/mark>]<\/p>\n\n\n\n<p><strong>LA GIORNATA INTERNAZIONALE CONTRO LA VIOLENZA SULLE DONNE<\/strong>: Istituita dall&#8217;Assemblea generale delle Nazioni Unite, tramite la risoluzione numero 54\/134 del 17 dicembre 1999. L&#8217;Assemblea generale delle Nazioni Unite ha designato il\u00a0<strong>25\u00a0novembre <\/strong>come data della ricorrenza e ha invitato i governi, le organizzazioni internazionali e le ONG a organizzare attivit\u00e0 volte a sensibilizzare l&#8217;opinione pubblica in quel giorno. L&#8217;Assemblea Generale dell&#8217;ONU ha ufficializzato una data che fu scelta da un gruppo di donne attiviste, riunitesi nell&#8217;Incontro Femminista Latinoamericano e dei Caraibi, tenutosi a Bogotazione nel <strong>1981<\/strong>. Questa data fu scelta <strong>in ricordo del brutale assassinio nel 1960 delle tre sorelle Mirabal<\/strong>, considerate esempio di donne rivoluzionarie per l&#8217;impegno con cui tentarono di contrastare il regime di Rafael Le\u00f3nidas Trujillo (1930-1961), il dittatore che tenne la Repubblica Dominicana nell&#8217;arretratezza e nel caos per oltre 30 anni. Il\u00a025\u00a0novembre\u00a01960, infatti, le sorelle Mirabal, mentre si recavano a far visita ai loro mariti in prigione, furono bloccate sulla strada da agenti del Servizio di informazione militare.\u00a0Condotte in un luogo nascosto nelle vicinanze furono torturate, massacrate a colpi di bastone e strangolate, per poi essere gettate in un precipizio, a bordo della loro auto, per simulare un incidente.<\/p>\n\n\n\n<p><\/p>\n","protected":false},"excerpt":{"rendered":"<p>Come ogni anno la Societ\u00e0 Umanitaria di Alghero celebra la&nbsp;Giornata Internazionale contro la violenza sulle Donne&nbsp;con una proiezione.&nbsp;Il film scelto per quest\u2019anno \u00e8&nbsp;Vulcano &#8211; Ixcanul di&nbsp;Jayro Bustamante&nbsp;(Francia\/Guatemala&nbsp;2015, 100&#8242;). L\u2019appuntamento \u00e8 per luned\u00ec&nbsp;30 novembre&nbsp;presso il&nbsp;Cinema Miramare alle18.30&nbsp;con ingresso libero.&nbsp; IL FILM: Maria \u00e8 una diciassettenne di origine Maya che vive in campagna lavorando in una piantagione &#8230; <a title=\"Edizione 2015\" class=\"read-more\" href=\"https:\/\/www.umanitaria.it\/alghero\/giornata-internazionale-per-leliminazione-della-violenza-contro-le-donne-edizioni-passate\/edizione-2015\/\" aria-label=\"Per saperne di pi\u00f9 su Edizione 2015\">Leggi tutto<\/a><\/p>\n","protected":false},"author":8,"featured_media":15501,"parent":15148,"menu_order":7,"comment_status":"closed","ping_status":"closed","template":"","meta":{"_acf_changed":false,"_seopress_robots_primary_cat":"","_seopress_titles_title":"","_seopress_titles_desc":"","_seopress_robots_index":"","inline_featured_image":false,"footnotes":""},"class_list":["post-15479","page","type-page","status-publish","has-post-thumbnail"],"acf":[],"_links":{"self":[{"href":"https:\/\/www.umanitaria.it\/alghero\/wp-json\/wp\/v2\/pages\/15479","targetHints":{"allow":["GET"]}}],"collection":[{"href":"https:\/\/www.umanitaria.it\/alghero\/wp-json\/wp\/v2\/pages"}],"about":[{"href":"https:\/\/www.umanitaria.it\/alghero\/wp-json\/wp\/v2\/types\/page"}],"author":[{"embeddable":true,"href":"https:\/\/www.umanitaria.it\/alghero\/wp-json\/wp\/v2\/users\/8"}],"replies":[{"embeddable":true,"href":"https:\/\/www.umanitaria.it\/alghero\/wp-json\/wp\/v2\/comments?post=15479"}],"version-history":[{"count":5,"href":"https:\/\/www.umanitaria.it\/alghero\/wp-json\/wp\/v2\/pages\/15479\/revisions"}],"predecessor-version":[{"id":15526,"href":"https:\/\/www.umanitaria.it\/alghero\/wp-json\/wp\/v2\/pages\/15479\/revisions\/15526"}],"up":[{"embeddable":true,"href":"https:\/\/www.umanitaria.it\/alghero\/wp-json\/wp\/v2\/pages\/15148"}],"wp:featuredmedia":[{"embeddable":true,"href":"https:\/\/www.umanitaria.it\/alghero\/wp-json\/wp\/v2\/media\/15501"}],"wp:attachment":[{"href":"https:\/\/www.umanitaria.it\/alghero\/wp-json\/wp\/v2\/media?parent=15479"}],"curies":[{"name":"wp","href":"https:\/\/api.w.org\/{rel}","templated":true}]}}