{"id":15484,"date":"2025-09-25T15:50:33","date_gmt":"2025-09-25T13:50:33","guid":{"rendered":"https:\/\/www.umanitaria.it\/alghero\/?page_id=15484"},"modified":"2025-09-26T10:56:10","modified_gmt":"2025-09-26T08:56:10","slug":"edizione-2014","status":"publish","type":"page","link":"https:\/\/www.umanitaria.it\/alghero\/giornata-internazionale-per-leliminazione-della-violenza-contro-le-donne-edizioni-passate\/edizione-2014\/","title":{"rendered":"Edizione 2014"},"content":{"rendered":"\n<p>Anche nel&nbsp;2014, per l\u2019ottavo anno consecutivo, la <strong>Societ\u00e0 Umanitaria di Alghero<\/strong> celebra la <strong>Giornata Internazionale contro la violenza sulle Donne<\/strong>.<\/p>\n\n\n\n<p>Sar\u00e0 il&nbsp;Cinema Miramare,&nbsp;marted\u00ec&nbsp;25, con inizio alle 18.00, ad ospitare la proiezione di&nbsp;<strong><em>When we leave (Die Fremde)<\/em><\/strong>,&nbsp;il film della regista&nbsp;Fao Aladag, vincitrice del Premio Lux del Parlamento Europeo nel 2010. La pellicola, gentilmente concessa dal Goethe Institut di Roma, che ne cura la distribuzione culturale in Italia, non ha trovato distribuzione commerciale nel nostro paese ed \u00e8 proiettato per la prima volta in Sardegna. Il film, il cui titolo originale si pu\u00f2 tradurre con \u201cLa straniera\u201d, narra la storia di Umay, una donna turca che decide di abortire senza dire niente al marito., di cui subisce i maltrattamenti fino a quando non decide di partire da Istanbul per raggiungere la sua famiglia in Germania, alla ricerca di una difficile emancipazione. Il ruolo della protagonista \u00e8 interpretato dall\u2019attrice tedesca di origine turca Sibel Kekilli, diventata celebre nel 2004 con \u201cLa Sposa Turca\u201d di Fatih Akin.<\/p>\n\n\n\n<p>Le iniziative proseguono nei due giorni successivi, con&nbsp;quattro proiezioni: due al giorno, una alle 18.00 e una alle 20.00&nbsp;presso la&nbsp;Sala Manno di via Marconi 10, riservate ai tesserati della Mediateca. Si tratta di&nbsp;<strong><em>La sposa promessa<\/em><\/strong>&nbsp;di Rama Burshtein (mercoled\u00ec 26&nbsp;novembre&nbsp;ore 18.00),&nbsp;<strong><em>Moolad\u00e9&nbsp;<\/em><\/strong>di Ousmane Semb\u00e9ne (stesso giorno ore 20.00),&nbsp;<strong><em>Phlilomena<\/em><\/strong>&nbsp;di Stepehn Frears e&nbsp;<strong><em>Preciuos<\/em><\/strong>&nbsp;di Lee Daniels (gioved\u00ec 27&nbsp;novembre, rispettivamente alle 18.00 e alle 20.00).<\/p>\n\n\n\n<p>La Societ\u00e0 Umanitaria di Alghero invita il proprio pubblico a seguire anche le iniziative organizzate per il&nbsp;25 novembre&nbsp;dalla&nbsp;<strong>Rete delle Donne di Alghero<\/strong>.&nbsp;<a href=\"https:\/\/www.facebook.com\/pages\/Rete-dell-donne-Alghero\/1400651263522212?fref=ts\" target=\"_blank\" rel=\"noreferrer noopener\">Qui&nbsp;<\/a>c\u2019\u00e8 la loro pagina FB con tutte le informazioni.&nbsp;<\/p>\n\n\n\n<p><\/p>\n","protected":false},"excerpt":{"rendered":"<p>Anche nel&nbsp;2014, per l\u2019ottavo anno consecutivo, la Societ\u00e0 Umanitaria di Alghero celebra la Giornata Internazionale contro la violenza sulle Donne. Sar\u00e0 il&nbsp;Cinema Miramare,&nbsp;marted\u00ec&nbsp;25, con inizio alle 18.00, ad ospitare la proiezione di&nbsp;When we leave (Die Fremde),&nbsp;il film della regista&nbsp;Fao Aladag, vincitrice del Premio Lux del Parlamento Europeo nel 2010. La pellicola, gentilmente concessa dal Goethe &#8230; <a title=\"Edizione 2014\" class=\"read-more\" href=\"https:\/\/www.umanitaria.it\/alghero\/giornata-internazionale-per-leliminazione-della-violenza-contro-le-donne-edizioni-passate\/edizione-2014\/\" aria-label=\"Per saperne di pi\u00f9 su Edizione 2014\">Leggi tutto<\/a><\/p>\n","protected":false},"author":8,"featured_media":15486,"parent":15148,"menu_order":8,"comment_status":"closed","ping_status":"closed","template":"","meta":{"_acf_changed":false,"_seopress_robots_primary_cat":"","_seopress_titles_title":"","_seopress_titles_desc":"","_seopress_robots_index":"","inline_featured_image":false,"footnotes":""},"class_list":["post-15484","page","type-page","status-publish","has-post-thumbnail"],"acf":[],"_links":{"self":[{"href":"https:\/\/www.umanitaria.it\/alghero\/wp-json\/wp\/v2\/pages\/15484","targetHints":{"allow":["GET"]}}],"collection":[{"href":"https:\/\/www.umanitaria.it\/alghero\/wp-json\/wp\/v2\/pages"}],"about":[{"href":"https:\/\/www.umanitaria.it\/alghero\/wp-json\/wp\/v2\/types\/page"}],"author":[{"embeddable":true,"href":"https:\/\/www.umanitaria.it\/alghero\/wp-json\/wp\/v2\/users\/8"}],"replies":[{"embeddable":true,"href":"https:\/\/www.umanitaria.it\/alghero\/wp-json\/wp\/v2\/comments?post=15484"}],"version-history":[{"count":5,"href":"https:\/\/www.umanitaria.it\/alghero\/wp-json\/wp\/v2\/pages\/15484\/revisions"}],"predecessor-version":[{"id":15528,"href":"https:\/\/www.umanitaria.it\/alghero\/wp-json\/wp\/v2\/pages\/15484\/revisions\/15528"}],"up":[{"embeddable":true,"href":"https:\/\/www.umanitaria.it\/alghero\/wp-json\/wp\/v2\/pages\/15148"}],"wp:featuredmedia":[{"embeddable":true,"href":"https:\/\/www.umanitaria.it\/alghero\/wp-json\/wp\/v2\/media\/15486"}],"wp:attachment":[{"href":"https:\/\/www.umanitaria.it\/alghero\/wp-json\/wp\/v2\/media?parent=15484"}],"curies":[{"name":"wp","href":"https:\/\/api.w.org\/{rel}","templated":true}]}}