{"id":15549,"date":"2025-09-26T12:46:31","date_gmt":"2025-09-26T10:46:31","guid":{"rendered":"https:\/\/www.umanitaria.it\/alghero\/?page_id=15549"},"modified":"2025-09-26T12:46:32","modified_gmt":"2025-09-26T10:46:32","slug":"giorno-della-memoria-2017","status":"publish","type":"page","link":"https:\/\/www.umanitaria.it\/alghero\/giorno-della-memoria-edizioni-passate\/giorno-della-memoria-2017\/","title":{"rendered":"Giorno della Memoria 2017"},"content":{"rendered":"\n<p>Come ogni anno la <strong>Societ\u00e0 Umanitaria di Alghero <\/strong>celebra il <strong>Giorno della Memoria <\/strong>attraverso il cinema. Mercoled\u00ec 25 al Cinema Miramare, con inizio alla 19.00, verr\u00e0 proiettato il film <strong><em>Denial &#8211; La verit\u00e0 negata <\/em><\/strong>del regista e produttore inglese Mick Jackson.<\/p>\n\n\n\n<p>Il film, tratto dal libro <em>Holocaust History on Trial<\/em> (2006, <em>La storia dell\u2019Olocausto sotto processo<\/em>) della storica ebrea americana Deborah Lipstadt, racconta uno dei pi\u00f9 importanti e avvincenti casi legali in tema di Olocausto. Al centro della battaglia legale un altro testo della Lipstadt: <em>Denying the Holocaust<\/em> (1993, <em>Negare l\u2019Olocausto<\/em>), il primo studio completo sui negazionisti, tra cui il saggista britannico ed esperto di Adolf Hitler David Irving. Irving nel 1996 intent\u00f2\u00a0causa di diffamazione contro l&#8217;editore Penguin Books e l\u2019autrice. Ne segu\u00ec una lunga istruttoria che culmin\u00f2 nel 2000 in un processo di 4 mesi tenuto a Londra. Furono coinvolti i migliori avvocati del Regno Unito a difesa della donna, mentre Irving decise di rappresentarsi da solo. Il film, che si giova della solidissima sceneggiatura di David Hare, gi\u00e0 autore del copione di <em>The Hours<\/em> e <em>Il Danno<\/em>, \u00e8 magistralmente interpretato da tre straordinari attori britannici: Rachel Weitz nel ruolo della Lipstad, Timothy Spall in quello di Irving, e Tom Wilkinson nel ruolo dell\u2019avvocato della storica americana.<\/p>\n\n\n\n<p>Per il Giorno della Memoria la Societ\u00e0 Umanitaria di Alghero ha previsto anche appuntamenti in alcune scuole della citt\u00e0, con la proiezione del film <strong><em>Vento di primavera <\/em><\/strong>di Rose Bosch, che racconta la famigerata retata al Vel d\u2019Hiv, nella Francia collaborazionista del 1942. Le proiezioni nelle scuole saranno accompagnate da un approfondimento didattico.<\/p>\n\n\n\n<p><\/p>\n","protected":false},"excerpt":{"rendered":"<p>Come ogni anno la Societ\u00e0 Umanitaria di Alghero celebra il Giorno della Memoria attraverso il cinema. Mercoled\u00ec 25 al Cinema Miramare, con inizio alla 19.00, verr\u00e0 proiettato il film Denial &#8211; La verit\u00e0 negata del regista e produttore inglese Mick Jackson. Il film, tratto dal libro Holocaust History on Trial (2006, La storia dell\u2019Olocausto sotto &#8230; <a title=\"Giorno della Memoria 2017\" class=\"read-more\" href=\"https:\/\/www.umanitaria.it\/alghero\/giorno-della-memoria-edizioni-passate\/giorno-della-memoria-2017\/\" aria-label=\"Per saperne di pi\u00f9 su Giorno della Memoria 2017\">Leggi tutto<\/a><\/p>\n","protected":false},"author":8,"featured_media":15551,"parent":14993,"menu_order":7,"comment_status":"closed","ping_status":"closed","template":"","meta":{"_acf_changed":false,"_seopress_robots_primary_cat":"","_seopress_titles_title":"","_seopress_titles_desc":"","_seopress_robots_index":"","inline_featured_image":false,"footnotes":""},"class_list":["post-15549","page","type-page","status-publish","has-post-thumbnail"],"acf":[],"_links":{"self":[{"href":"https:\/\/www.umanitaria.it\/alghero\/wp-json\/wp\/v2\/pages\/15549","targetHints":{"allow":["GET"]}}],"collection":[{"href":"https:\/\/www.umanitaria.it\/alghero\/wp-json\/wp\/v2\/pages"}],"about":[{"href":"https:\/\/www.umanitaria.it\/alghero\/wp-json\/wp\/v2\/types\/page"}],"author":[{"embeddable":true,"href":"https:\/\/www.umanitaria.it\/alghero\/wp-json\/wp\/v2\/users\/8"}],"replies":[{"embeddable":true,"href":"https:\/\/www.umanitaria.it\/alghero\/wp-json\/wp\/v2\/comments?post=15549"}],"version-history":[{"count":2,"href":"https:\/\/www.umanitaria.it\/alghero\/wp-json\/wp\/v2\/pages\/15549\/revisions"}],"predecessor-version":[{"id":15552,"href":"https:\/\/www.umanitaria.it\/alghero\/wp-json\/wp\/v2\/pages\/15549\/revisions\/15552"}],"up":[{"embeddable":true,"href":"https:\/\/www.umanitaria.it\/alghero\/wp-json\/wp\/v2\/pages\/14993"}],"wp:featuredmedia":[{"embeddable":true,"href":"https:\/\/www.umanitaria.it\/alghero\/wp-json\/wp\/v2\/media\/15551"}],"wp:attachment":[{"href":"https:\/\/www.umanitaria.it\/alghero\/wp-json\/wp\/v2\/media?parent=15549"}],"curies":[{"name":"wp","href":"https:\/\/api.w.org\/{rel}","templated":true}]}}