{"id":15553,"date":"2025-09-26T12:50:41","date_gmt":"2025-09-26T10:50:41","guid":{"rendered":"https:\/\/www.umanitaria.it\/alghero\/?page_id=15553"},"modified":"2025-09-26T12:50:42","modified_gmt":"2025-09-26T10:50:42","slug":"giorno-della-memoria-2016","status":"publish","type":"page","link":"https:\/\/www.umanitaria.it\/alghero\/giorno-della-memoria-edizioni-passate\/giorno-della-memoria-2016\/","title":{"rendered":"Giorno della Memoria 2016"},"content":{"rendered":"\n<p>Anche quest&#8217;anno, la Societ\u00e0 Umanitaria di Alghero celebra il <strong>Giorno della Memoria <\/strong>\u00abper le vittime della Shoah, le leggi razziali, la persecuzione italiana dei cittadini ebrei, gli italiani che hanno subito la deportazione, la prigionia, la morte, nonch\u00e9 coloro che si sono opposti allo sterminio e a rischio della propria vita hanno salvato delle vite e protetto i perseguitati\u00bb.<\/p>\n\n\n\n<p>Mercoled\u00ec\u00a0 27 Gennaio alle ore 20.00 al Cinema Miramare di Alghero verr\u00e0 proiettato <strong><em>Il labirinto del silenzio<\/em><\/strong>,\u00a0film tedesco del regista italiano Giulio Ricciarelli, candidato agli Oscar 2016 nella categoria Miglior Film Straniero. Teso e appassionante, il film ricostruisce una pagina importante della storia della Germania postbellica, il momento in cui il popolo tedesco comincia a fare i conti con l&#8217;orrore dei campi di sterminio. Le celebrazioni proseguiranno nei due giorni successivi, nella Mediateca del CSC di Alghero. Gioved\u00ec 28 gennaio alle ore 18.30 proietteremo <strong><em>Suite Francese <\/em><\/strong>di Saul Dibb, film in cui una straordinaria Michelle Williams\u00a0 d\u00e0 vita all&#8217;eroina del romanzo omonimo rimasto incompiuto di Ir\u00e8ne Nemirovsky, svelando i bui retroscena del collaborazionismo francese. Per la giornata conclusiva, venerd\u00ec 29 Gennaio sempre alle ore 18.30, abbiamo scelto <strong><em>Il segreto del suo volto <\/em><\/strong>di Christian Petzold, che racconta un altro punto di vista insolito: quello dei civili tedeschi nell&#8217;immediato dopo guerra, colti nel momento peggiore della loro Storia umana. \u00c8 il momento in cui i fantasmi dei sopravvissuti lasciano i campi di sterminio e tornano &#8220;a casa&#8221;, con il loro carico di orrore e domande irrisolte, che nessuno sembra volere (o potere) ascoltare.<\/p>\n\n\n\n<p><\/p>\n","protected":false},"excerpt":{"rendered":"<p>Anche quest&#8217;anno, la Societ\u00e0 Umanitaria di Alghero celebra il Giorno della Memoria \u00abper le vittime della Shoah, le leggi razziali, la persecuzione italiana dei cittadini ebrei, gli italiani che hanno subito la deportazione, la prigionia, la morte, nonch\u00e9 coloro che si sono opposti allo sterminio e a rischio della propria vita hanno salvato delle vite &#8230; <a title=\"Giorno della Memoria 2016\" class=\"read-more\" href=\"https:\/\/www.umanitaria.it\/alghero\/giorno-della-memoria-edizioni-passate\/giorno-della-memoria-2016\/\" aria-label=\"Per saperne di pi\u00f9 su Giorno della Memoria 2016\">Leggi tutto<\/a><\/p>\n","protected":false},"author":8,"featured_media":15555,"parent":14993,"menu_order":8,"comment_status":"closed","ping_status":"closed","template":"","meta":{"_acf_changed":false,"_seopress_robots_primary_cat":"","_seopress_titles_title":"","_seopress_titles_desc":"","_seopress_robots_index":"","inline_featured_image":false,"footnotes":""},"class_list":["post-15553","page","type-page","status-publish","has-post-thumbnail"],"acf":[],"_links":{"self":[{"href":"https:\/\/www.umanitaria.it\/alghero\/wp-json\/wp\/v2\/pages\/15553","targetHints":{"allow":["GET"]}}],"collection":[{"href":"https:\/\/www.umanitaria.it\/alghero\/wp-json\/wp\/v2\/pages"}],"about":[{"href":"https:\/\/www.umanitaria.it\/alghero\/wp-json\/wp\/v2\/types\/page"}],"author":[{"embeddable":true,"href":"https:\/\/www.umanitaria.it\/alghero\/wp-json\/wp\/v2\/users\/8"}],"replies":[{"embeddable":true,"href":"https:\/\/www.umanitaria.it\/alghero\/wp-json\/wp\/v2\/comments?post=15553"}],"version-history":[{"count":2,"href":"https:\/\/www.umanitaria.it\/alghero\/wp-json\/wp\/v2\/pages\/15553\/revisions"}],"predecessor-version":[{"id":15556,"href":"https:\/\/www.umanitaria.it\/alghero\/wp-json\/wp\/v2\/pages\/15553\/revisions\/15556"}],"up":[{"embeddable":true,"href":"https:\/\/www.umanitaria.it\/alghero\/wp-json\/wp\/v2\/pages\/14993"}],"wp:featuredmedia":[{"embeddable":true,"href":"https:\/\/www.umanitaria.it\/alghero\/wp-json\/wp\/v2\/media\/15555"}],"wp:attachment":[{"href":"https:\/\/www.umanitaria.it\/alghero\/wp-json\/wp\/v2\/media?parent=15553"}],"curies":[{"name":"wp","href":"https:\/\/api.w.org\/{rel}","templated":true}]}}