{"id":15557,"date":"2025-09-26T12:58:05","date_gmt":"2025-09-26T10:58:05","guid":{"rendered":"https:\/\/www.umanitaria.it\/alghero\/?page_id=15557"},"modified":"2025-09-26T13:00:15","modified_gmt":"2025-09-26T11:00:15","slug":"giorno-della-memoria-2015","status":"publish","type":"page","link":"https:\/\/www.umanitaria.it\/alghero\/giorno-della-memoria-edizioni-passate\/giorno-della-memoria-2015\/","title":{"rendered":"Giorno della Memoria 2015"},"content":{"rendered":"\n<p>Anche quest&#8217;anno, la <strong>Societ\u00e0 Umanitaria di Alghero<\/strong> &#8211; in collaborazione con la libreria <strong>Il Labirinto Mondadori<\/strong> &#8211; celebra il&nbsp;<strong>Giorno della Memoria<\/strong>&nbsp;\u00abper le vittime&nbsp;della&nbsp;Shoah, le leggi razziali, la persecuzione italiana dei cittadini ebrei, gli italiani che hanno subito la deportazione, la prigionia, la morte, nonch\u00e9 coloro che si sono opposti allo sterminio e a rischio&nbsp;della&nbsp;propria vita hanno salvato delle vite e protetto i perseguitati\u00bb.&nbsp;<\/p>\n\n\n\n<p>Marted\u00ec 27 gennaio &#8211; data dell&#8217;abbattimento dei cancelli di Auschwitz &#8211; alle 18.00 presso la nostra Mediateca (via Marconi, 10) verr\u00e0 proiettato <strong><em>Hannah Arendt<\/em><\/strong> [Germania, Lussemburgo, Francia, 2012, 113&#8242;] della\u00a0grande regista tedesca Margarethe von Trotta. Il film ricostruisce un periodo fondamentale\u00a0della\u00a0vita\u00a0della\u00a0filosofa: quello in cui &#8211; in qualit\u00e0 di inviata del settimanale\u00a0\u00abNew Yorker\u00bb &#8211; decide di assistere al processo contro il gerarca nazista Adolf Eichmann. Il suo resoconto, inizialmente pubblicato a puntate sulla rivista, verr\u00e0 successivamente pubblicato in forma unitaria con il titolo\u00a0<em>La banalit\u00e0 del male. Eichmann a Gerusalemme,\u00a0<\/em>un libro che \u00e8 stato\u00a0al centro di molte controversie.\u00a0Alla proiezione seguir\u00e0 l&#8217;incontro con\u00a0<strong>Fabio Bacchini,\u00a0<\/strong>Docente di Filosofia\u00a0della\u00a0Scienza presso l&#8217;Universit\u00e0 degli Studi di Sassari.\u00a0Mercoled\u00ec 28 gennaio\u00a0saranno due i film proiettati: alle\u00a0ore 18.00 <strong><em>Appartamento ad Atene<\/em>\u00a0<\/strong>[Italia, 2011, 95&#8242;]\u00a0di Ruggero Dipaola, e alle\u00a0ore 20.00\u00a0<strong><em>Ida\u00a0<\/em><\/strong>[Polonia\/Danimarca, 2013, 80&#8242;], l&#8217;ultimo film del regista polacco Pawel Pawlikowski, candidato all&#8217;Oscar\u00a02015\u00a0come miglior film straniero e per la miglior fotografia. I due film saranno riproposti nella giornata di\u00a0Gioved\u00ec 29 gennaio\u00a0ad orari invertiti: alle\u00a0ore 18.00 <strong><em>Ida<\/em><\/strong>\u00a0e alle\u00a0ore 20.00 <strong><em>Appartamento ad Atene<\/em><\/strong>.<\/p>\n\n\n\n<p><br>Nella Mediateca sar\u00e0 allestito un<strong> percorso bibliografico<\/strong> curato dalla libreria Il Labirinto Mondadori. L&#8217;ingresso alle proiezioni \u00e8 riservato ai soli tesserati&nbsp;della&nbsp;Mediateca, il tesseramento \u00e8 gratuito e pu\u00f2 avvenire fino a mezzora prima&nbsp;della&nbsp;proiezione.<\/p>\n\n\n\n<p><\/p>\n","protected":false},"excerpt":{"rendered":"<p>Anche quest&#8217;anno, la Societ\u00e0 Umanitaria di Alghero &#8211; in collaborazione con la libreria Il Labirinto Mondadori &#8211; celebra il&nbsp;Giorno della Memoria&nbsp;\u00abper le vittime&nbsp;della&nbsp;Shoah, le leggi razziali, la persecuzione italiana dei cittadini ebrei, gli italiani che hanno subito la deportazione, la prigionia, la morte, nonch\u00e9 coloro che si sono opposti allo sterminio e a rischio&nbsp;della&nbsp;propria vita &#8230; <a title=\"Giorno della Memoria 2015\" class=\"read-more\" href=\"https:\/\/www.umanitaria.it\/alghero\/giorno-della-memoria-edizioni-passate\/giorno-della-memoria-2015\/\" aria-label=\"Per saperne di pi\u00f9 su Giorno della Memoria 2015\">Leggi tutto<\/a><\/p>\n","protected":false},"author":8,"featured_media":15560,"parent":14993,"menu_order":9,"comment_status":"closed","ping_status":"closed","template":"","meta":{"_acf_changed":false,"_seopress_robots_primary_cat":"","_seopress_titles_title":"","_seopress_titles_desc":"","_seopress_robots_index":"","inline_featured_image":false,"footnotes":""},"class_list":["post-15557","page","type-page","status-publish","has-post-thumbnail"],"acf":[],"_links":{"self":[{"href":"https:\/\/www.umanitaria.it\/alghero\/wp-json\/wp\/v2\/pages\/15557","targetHints":{"allow":["GET"]}}],"collection":[{"href":"https:\/\/www.umanitaria.it\/alghero\/wp-json\/wp\/v2\/pages"}],"about":[{"href":"https:\/\/www.umanitaria.it\/alghero\/wp-json\/wp\/v2\/types\/page"}],"author":[{"embeddable":true,"href":"https:\/\/www.umanitaria.it\/alghero\/wp-json\/wp\/v2\/users\/8"}],"replies":[{"embeddable":true,"href":"https:\/\/www.umanitaria.it\/alghero\/wp-json\/wp\/v2\/comments?post=15557"}],"version-history":[{"count":3,"href":"https:\/\/www.umanitaria.it\/alghero\/wp-json\/wp\/v2\/pages\/15557\/revisions"}],"predecessor-version":[{"id":15562,"href":"https:\/\/www.umanitaria.it\/alghero\/wp-json\/wp\/v2\/pages\/15557\/revisions\/15562"}],"up":[{"embeddable":true,"href":"https:\/\/www.umanitaria.it\/alghero\/wp-json\/wp\/v2\/pages\/14993"}],"wp:featuredmedia":[{"embeddable":true,"href":"https:\/\/www.umanitaria.it\/alghero\/wp-json\/wp\/v2\/media\/15560"}],"wp:attachment":[{"href":"https:\/\/www.umanitaria.it\/alghero\/wp-json\/wp\/v2\/media?parent=15557"}],"curies":[{"name":"wp","href":"https:\/\/api.w.org\/{rel}","templated":true}]}}