{"id":15563,"date":"2025-09-26T13:04:47","date_gmt":"2025-09-26T11:04:47","guid":{"rendered":"https:\/\/www.umanitaria.it\/alghero\/?page_id=15563"},"modified":"2025-09-26T13:04:48","modified_gmt":"2025-09-26T11:04:48","slug":"giorno-della-memoria-2013","status":"publish","type":"page","link":"https:\/\/www.umanitaria.it\/alghero\/giorno-della-memoria-edizioni-passate\/giorno-della-memoria-2013\/","title":{"rendered":"Giorno della Memoria 2013"},"content":{"rendered":"\n<p>La <strong>Societ\u00e0 Umanitaria di Alghero<\/strong> e la libreria <strong>Il Labirinto Mondadori<\/strong> celebrano il <strong>Giorno della Memoria<\/strong> con due proiezioni, una riservata agli studenti della scuola media di Ittiri e l\u2019altra ai tesserati della Mediateca. La Repubblica Italiana, come tutti gli stati membri delle Nazioni unite, celebra il\u00a027\u00a0gennaio, data dei cancelli di Aushwitz, il Giorno della Memoria \u00abper le vittime della Shoah (lo sterminio del popolo ebraico), le leggi razziali, la persecuzione italiana dei cittadini ebrei, gli italiani che hanno subito la deportazione, la prigionia, la morte, nonch\u00e9 coloro che si sono opposti allo sterminio e a rischio della propria vita hanno salvato delle vite e protetto i perseguitati\u00bb.<\/p>\n\n\n\n<p>Sabato 26 mattina presso la scuola media di Ittiri verr\u00e0 presentato agli studenti e proiettato <strong><em>Monsieur Batignole<\/em><\/strong>, scritto, diretto e interpretato da Gerard Jugnot. Il film, che stato paragonato a <em>La vita \u00e8 bella<\/em> di Roberto Benigni, per il tatto e la delicatezza con cui affronta il dramma della Shoah, racconta del rapporto tra un salumiere parigino, che ha un genero collaborazionista, e un bambino ebreo, fortunosamente scampato alla deportazione della famiglia. L\u2019ignavo salumiere, n\u00e9 collaborazionista n\u00e9 perseguitato, grazie al rapporto col ragazzo, compie la scelta rischiosa ma giusta e prende coscienza dell\u2019orrore della persecuzione degli ebrei. Sempre sabato, ma alle 18.30 e presso la Mediateca della Societ\u00e0 Umanitaria, ad Alghero in via Marconi 10, verr\u00e0 proiettato <strong><em>Rosenstrasse<\/em><\/strong> della grande regista tedesca Margarethe Von Trotta. Il titolo fa riferimento ad una strada di Berlino dove, nel 1943, molte donne protestarono contro la deportazione dei loro mariti, riuscendo a farli liberare. <\/p>\n\n\n\n<p>Nella mediateca sar\u00e0 allestito un <strong>percorso bibliografico<\/strong> curato dalla Libreria Il Labirinto Mondadori. L\u2019ingresso alla proiezione \u00e8 riservato ai tesserati della Mediateca, il tesseramento \u00e8 gratuito \u00e8 pu\u00f2 essere effettuato prima della proiezione.\u00a0<\/p>\n\n\n\n<p><\/p>\n","protected":false},"excerpt":{"rendered":"<p>La Societ\u00e0 Umanitaria di Alghero e la libreria Il Labirinto Mondadori celebrano il Giorno della Memoria con due proiezioni, una riservata agli studenti della scuola media di Ittiri e l\u2019altra ai tesserati della Mediateca. La Repubblica Italiana, come tutti gli stati membri delle Nazioni unite, celebra il\u00a027\u00a0gennaio, data dei cancelli di Aushwitz, il Giorno della &#8230; <a title=\"Giorno della Memoria 2013\" class=\"read-more\" href=\"https:\/\/www.umanitaria.it\/alghero\/giorno-della-memoria-edizioni-passate\/giorno-della-memoria-2013\/\" aria-label=\"Per saperne di pi\u00f9 su Giorno della Memoria 2013\">Leggi tutto<\/a><\/p>\n","protected":false},"author":8,"featured_media":15565,"parent":14993,"menu_order":10,"comment_status":"closed","ping_status":"closed","template":"","meta":{"_acf_changed":false,"_seopress_robots_primary_cat":"","_seopress_titles_title":"","_seopress_titles_desc":"","_seopress_robots_index":"","inline_featured_image":false,"footnotes":""},"class_list":["post-15563","page","type-page","status-publish","has-post-thumbnail"],"acf":[],"_links":{"self":[{"href":"https:\/\/www.umanitaria.it\/alghero\/wp-json\/wp\/v2\/pages\/15563","targetHints":{"allow":["GET"]}}],"collection":[{"href":"https:\/\/www.umanitaria.it\/alghero\/wp-json\/wp\/v2\/pages"}],"about":[{"href":"https:\/\/www.umanitaria.it\/alghero\/wp-json\/wp\/v2\/types\/page"}],"author":[{"embeddable":true,"href":"https:\/\/www.umanitaria.it\/alghero\/wp-json\/wp\/v2\/users\/8"}],"replies":[{"embeddable":true,"href":"https:\/\/www.umanitaria.it\/alghero\/wp-json\/wp\/v2\/comments?post=15563"}],"version-history":[{"count":2,"href":"https:\/\/www.umanitaria.it\/alghero\/wp-json\/wp\/v2\/pages\/15563\/revisions"}],"predecessor-version":[{"id":15566,"href":"https:\/\/www.umanitaria.it\/alghero\/wp-json\/wp\/v2\/pages\/15563\/revisions\/15566"}],"up":[{"embeddable":true,"href":"https:\/\/www.umanitaria.it\/alghero\/wp-json\/wp\/v2\/pages\/14993"}],"wp:featuredmedia":[{"embeddable":true,"href":"https:\/\/www.umanitaria.it\/alghero\/wp-json\/wp\/v2\/media\/15565"}],"wp:attachment":[{"href":"https:\/\/www.umanitaria.it\/alghero\/wp-json\/wp\/v2\/media?parent=15563"}],"curies":[{"name":"wp","href":"https:\/\/api.w.org\/{rel}","templated":true}]}}