{"id":15575,"date":"2025-10-01T11:57:04","date_gmt":"2025-10-01T09:57:04","guid":{"rendered":"https:\/\/www.umanitaria.it\/alghero\/?page_id=15575"},"modified":"2025-10-06T16:25:56","modified_gmt":"2025-10-06T14:25:56","slug":"festa-della-liberazione-2013","status":"publish","type":"page","link":"https:\/\/www.umanitaria.it\/alghero\/festa-della-liberazione-edizioni-passate\/festa-della-liberazione-2013\/","title":{"rendered":"Festa della Liberazione 2013"},"content":{"rendered":"\n<p>In occasione del <strong>25 aprile<\/strong>, la sezione algherese &#8220;Marisa Musu&#8221; dell&#8217;<strong>Anpi <\/strong>(Associazione Nazionale Partigiani Italiani) e la <strong>Societ\u00e0 Umanitaria di Alghero<\/strong> organizzano la rassegna cinematografica <em><strong>A vent&#8217;anni la vita \u00e8 oltre il ponte. Cinema e Resistenza<\/strong><\/em>.<\/p>\n\n\n\n<p>Presso la Sala Manno di via Marconi 10, dal 22 al 24 aprile saranno proiettati sei film, allo scopo di rappresentare come il cinema ha raccontano quello che \u00e8 successo in Italia dal nazifascismo fino alla Liberazione, con particolare attenzione, ovviamente, per la lotta partigiana. Nei giorni di proiezione, sar\u00e0 possibile tesserarsi all&#8217;Anpi per il 2013. Nella sala sar\u00e0 inoltre allestito un percorso bibliografico a tema, a cura della <strong>Libreria Il Labirinto Mondadori<\/strong>. L&#8217;ingresso \u00e8 riservato ai tesserati della Mediateca della Societ\u00e0 Umanitaria, il tesseramento \u00e8 gratuito e pu\u00f2 avvenire prima della proiezione.<\/p>\n\n\n\n<p><\/p>\n","protected":false},"excerpt":{"rendered":"<p>In occasione del 25 aprile, la sezione algherese &#8220;Marisa Musu&#8221; dell&#8217;Anpi (Associazione Nazionale Partigiani Italiani) e la Societ\u00e0 Umanitaria di Alghero organizzano la rassegna cinematografica A vent&#8217;anni la vita \u00e8 oltre il ponte. Cinema e Resistenza. Presso la Sala Manno di via Marconi 10, dal 22 al 24 aprile saranno proiettati sei film, allo scopo &#8230; <a title=\"Festa della Liberazione 2013\" class=\"read-more\" href=\"https:\/\/www.umanitaria.it\/alghero\/festa-della-liberazione-edizioni-passate\/festa-della-liberazione-2013\/\" aria-label=\"Per saperne di pi\u00f9 su Festa della Liberazione 2013\">Leggi tutto<\/a><\/p>\n","protected":false},"author":8,"featured_media":15577,"parent":15086,"menu_order":5,"comment_status":"closed","ping_status":"closed","template":"","meta":{"_acf_changed":false,"_seopress_robots_primary_cat":"","_seopress_titles_title":"","_seopress_titles_desc":"","_seopress_robots_index":"","inline_featured_image":false,"footnotes":""},"class_list":["post-15575","page","type-page","status-publish","has-post-thumbnail"],"acf":[],"_links":{"self":[{"href":"https:\/\/www.umanitaria.it\/alghero\/wp-json\/wp\/v2\/pages\/15575","targetHints":{"allow":["GET"]}}],"collection":[{"href":"https:\/\/www.umanitaria.it\/alghero\/wp-json\/wp\/v2\/pages"}],"about":[{"href":"https:\/\/www.umanitaria.it\/alghero\/wp-json\/wp\/v2\/types\/page"}],"author":[{"embeddable":true,"href":"https:\/\/www.umanitaria.it\/alghero\/wp-json\/wp\/v2\/users\/8"}],"replies":[{"embeddable":true,"href":"https:\/\/www.umanitaria.it\/alghero\/wp-json\/wp\/v2\/comments?post=15575"}],"version-history":[{"count":4,"href":"https:\/\/www.umanitaria.it\/alghero\/wp-json\/wp\/v2\/pages\/15575\/revisions"}],"predecessor-version":[{"id":15581,"href":"https:\/\/www.umanitaria.it\/alghero\/wp-json\/wp\/v2\/pages\/15575\/revisions\/15581"}],"up":[{"embeddable":true,"href":"https:\/\/www.umanitaria.it\/alghero\/wp-json\/wp\/v2\/pages\/15086"}],"wp:featuredmedia":[{"embeddable":true,"href":"https:\/\/www.umanitaria.it\/alghero\/wp-json\/wp\/v2\/media\/15577"}],"wp:attachment":[{"href":"https:\/\/www.umanitaria.it\/alghero\/wp-json\/wp\/v2\/media?parent=15575"}],"curies":[{"name":"wp","href":"https:\/\/api.w.org\/{rel}","templated":true}]}}