{"id":15676,"date":"2025-10-06T16:23:39","date_gmt":"2025-10-06T14:23:39","guid":{"rendered":"https:\/\/www.umanitaria.it\/alghero\/?page_id=15676"},"modified":"2025-10-06T16:24:11","modified_gmt":"2025-10-06T14:24:11","slug":"festa-della-liberazione-2024-2","status":"publish","type":"page","link":"https:\/\/www.umanitaria.it\/alghero\/festa-della-liberazione-edizioni-passate\/festa-della-liberazione-2024-2\/","title":{"rendered":"Festa della Liberazione 2022"},"content":{"rendered":"\n<p>La <strong>Societ\u00e0 Umanitaria<\/strong> presenta per il secondo anno consecutivo <strong><em>Il cammino della Repubblica<\/em><\/strong>, ciclo di eventi ideato per celebrare tre ricorrenze fondamentali della storia italiana: il <strong>25 aprile<\/strong> (Festa della Liberazione), il <strong>1\u00b0 maggio<\/strong> (Festa del Lavoro) e il <strong>2 giugno<\/strong> (Festa della Repubblica).<\/p>\n\n\n\n<p><strong>Libert\u00e0, Lavoro e Democrazia<\/strong> sono i temi al centro del progetto, esplorati attraverso un ciclo che include nove incontri di approfondimento, tre podcast e tre rassegne cinematografiche. Ciascuna data \u00e8 abbinata a uno dei tre grandi intellettuali dei quali ricorre il centenario dalla nascita: <strong>Giuseppe Fenoglio<\/strong>,<strong> Luciano Bianciardi<\/strong> e<strong> Pier Paolo Pasolini<\/strong>. A questi ideali &#8220;spiriti-guida&#8221; saranno dedicati specifici focus che ne ripercorreranno la vita, le battaglie e i valori, pi\u00f9 tre podcast a cura del CSC di Alghero. Per ogni ricorrenza saranno organizzati degli incontri, sia dal vivo che in streaming, dedicati all\u2019approfondimento dei temi storici e alla loro attualizzazione nella realt\u00e0 quotidiana contemporanea. Contestualmente agli incontri, per ciascuna data-simbolo i Centri Servizi Culturali della Societ\u00e0 Umanitaria della Sardegna cureranno una rassegna cinematografica in streaming. Ogni selezione, che include tre titoli tra film e documentari, sar\u00e0 accessibile gratuitamente per una settimana intera sulla piattaforma <strong><mark style=\"background-color:rgba(0, 0, 0, 0)\" class=\"has-inline-color has-global-color-8-color\">onlinesardegna.umanitaria.it<\/mark><\/strong>.\u00a0\u00a0\u00a0\u00a0\u00a0<\/p>\n\n\n\n<p>Gli appuntamenti dedicati alla Festa della Liberazione partono da <strong>Milano<\/strong>, presso la sede della Societ\u00e0 Umanitaria in via San Barnaba 48, in cui si terr\u00e0 il 19 aprile alle ore 18:00 il talk dal titolo <strong><em>Narrare la Resistenza<\/em><\/strong>. All&#8217;incontro parteciperanno lo storico <strong>Marcello Flores<\/strong> e lo scrittore <strong>Daniele Aristarco<\/strong>, e la moderazione sar\u00e0 affidata a <strong>Daniele Gallo<\/strong>, docente di Lingua e Letteratura del Novecento. Gli appuntamenti proseguono il 21 aprile. A <strong>Napoli<\/strong>, nella sede di Piazza Vanvitelli 15, si svolger\u00e0 alle ore 18:00 l&#8217;incontro <strong><em>Dalla libert\u00e0 alla liberazione: le quattro giornate di Napoli<\/em><\/strong>. Sar\u00e0 presente <strong>Guido D\u2019Agostino<\/strong>, Presidente dell&#8217;Istituto Campano per la Storia della Resistenza, introdotto e moderato da <strong>Luigi Scotti<\/strong>, gi\u00e0 Ministro della Giustizia. Questo evento sar\u00e0 disponibile sia in presenza che su Zoom. Sempre il 21 aprile, ma a <strong>Roma<\/strong>, presso la Societ\u00e0 Umanitaria, via U. Aldrovandi 16, alle ore 16:30 si terr\u00e0 un focus intitolato <strong><em>Ricordando Fenoglio e Bianciardi<\/em><\/strong>. Interverranno la filologa <strong>Caterina Valchera<\/strong> e la scrittrice <strong>Angela Scozzafava<\/strong>, con la moderazione del giornalista parlamentare <strong>Mario Nanni<\/strong>. Contestualmente, la piattaforma <mark style=\"background-color:rgba(0, 0, 0, 0)\" class=\"has-inline-color has-global-color-8-color\"><strong>onlinesardegna.umanitaria.it<\/strong> <\/mark>ospiter\u00e0 una rassegna cinematografica in<em> streaming <\/em>gratuito dalle ore 24:00 del 19 aprile fino alle ore 24:00 del 25 aprile, per l&#8217;intera durata della settimana. A partire dal 27 aprile, sar\u00e0 invece disponibile il podcast intitolato <strong><em>La parola al cinema: Beppe Fenoglio<\/em><\/strong>, con la voce narrante di <strong>Emiliano Di Nolfo<\/strong>, operatore del CSC di Alghero.<\/p>\n\n\n\n<p>Per celebrare la Festa del Lavoro, il primo appuntamento \u00e8 a <strong>Napoli<\/strong> il 27 aprile alle ore 18:00 con un talk in diretta su Zoom, incentrato su <strong><em>Le morti bianche, un male della Repubblica<\/em><\/strong>, che si svolge alla vigilia della Giornata Mondiale per la sicurezza e la salute sul lavoro. Interverranno <strong>Luigi Scotti<\/strong>, gi\u00e0 Ministro della Giustizia, <strong>Adele Pomponio<\/strong>, Direttore Regionale Vicario Inail Campania, e <strong>Marzia Oggiano<\/strong>, Vicepresidente della Societ\u00e0 Umanitaria. L&#8217;incontro sar\u00e0 moderato da <strong>Riccardo Fusco<\/strong>, Consigliere della Societ\u00e0 Umanitaria. Il giorno successivo, 28 aprile, a <strong>Milano<\/strong> presso la sede della Societ\u00e0 Umanitaria in via San Barnaba 48, sempre alle ore 18:00 sar\u00e0 proposto il talk in presenza, intitolato <strong><em>Le inquietudini di Bianciardi. Etica, lavoro, cultura<\/em><\/strong>, vedr\u00e0 la partecipazione di <strong>Gaia Manzini<\/strong>, autrice de <em>La Milano di Luciano Bianciardi<\/em>, e dello scrittore <strong>Michele Vaccari<\/strong>, con la moderazione di <strong>Riccardo Fusco<\/strong>. La proposta online si articola con la rassegna cinematografica disponibile gratuitamente in streaming sulla piattaforma <strong><mark style=\"background-color:rgba(0, 0, 0, 0)\" class=\"has-inline-color has-global-color-8-color\">onlinesardegna.umanitaria.it<\/mark><\/strong>. Le proiezioni saranno attive 24 ore su 24, dal 27 aprile (dalle ore 24:00) al 3 maggio (fino alle ore 24:00). A partire dal <strong>4 maggio<\/strong>, sempre sulla stessa piattaforma, sar\u00e0 pubblicato il podcast dedicato a <strong><em>La parola al cinema: Luciano Bianciardi<\/em><\/strong>, con la voce narrante di <strong>Alessandra Sento<\/strong>, Direttrice del CSC di Alghero.<\/p>\n\n\n\n<p>Il programma delle celebrazioni per la Festa della Repubblica comincia tra Milano e Roma con diverse iniziative che precedono la data. A <strong>Milano<\/strong>, presso la Societ\u00e0 Umanitaria in via San Barnaba 48, sar\u00e0 allestita la mostra<strong> <em>Sguardi Plurali sull\u2019Italia Plurale<\/em><\/strong>, visitabile nel Chiostro dei Glicini dal 5 al 19 maggio, dalle ore 10:00 alle 18:00. Si tratta di una toccante raccolta di testimonianze fotografiche dedicate ai &#8220;nuovi italiani&#8221; <em>under<\/em> 35, ovvero giovani residenti in Italia nati all\u2019estero o nati in Italia da genitori stranieri. A <strong>Roma<\/strong>, invece, la sede di via U. Aldrovandi 16 ospiter\u00e0 due esposizioni e diversi <em>talk<\/em>. Dal 23 al 29 maggio, dalle ore 17:00 alle 18:00, si potr\u00e0 visitare la mostra fotografica <strong><em>I volti della Repubblica<\/em><\/strong> sui Presidenti della Repubblica. Il 23 maggio, alle ore 18:00, si terr\u00e0 il <em>talk<\/em> <strong><em>La Costituzione Italiana: la sua attualit\u00e0, le modifiche<\/em><\/strong>, con l&#8217;intervento del giornalista parlamentare <strong>Mario Nanni<\/strong>; l&#8217;incontro sar\u00e0 moderato da <strong>Ada Moscone<\/strong>, bibliotecaria, ed <strong>Elena Cordaro<\/strong>, responsabile della sede romana. Un ulteriore appuntamento a <strong>Roma<\/strong> \u00e8 previsto per il 28 maggio, sempre alle ore 18:00, con l&#8217;<strong><em>Omaggio a Pasolini<\/em><\/strong>, che vedr\u00e0 la partecipazione dell&#8217;insegnante di lettere e regista <strong>Marisa Giampietro<\/strong> e di <strong>Giovanni d\u2019Alfonso<\/strong>, presidente dell&#8217;Associazione Spazio Tempo per la Solidariet\u00e0, moderato da <strong>Elena Cordaro<\/strong>. A <strong>Napoli<\/strong>, il 31 maggio alle ore 18:00, si svolger\u00e0 un <em>talk<\/em> in modalit\u00e0 mista (in presenza e su Zoom) dal titolo evocativo: <strong><em>Pasolini cantore dell\u2019eguaglianza nell\u2019autenticit\u00e0. Amo di Napoli la vitalit\u00e0, fonte di affetto e ingenuit\u00e0, nel povero come nel ragazzo borghese<\/em><\/strong>. Interverr\u00e0 <strong>Giovanna Sgambati<\/strong>, Docente di Letteratura Italiana Humaniter, con la moderazione di <strong>Marina Melogli<\/strong>, responsabile della sede di Napoli. Infine, il programma di Milano prevede un ulteriore <em>talk<\/em> in presenza sul tema <strong><em>I diritti degli ultimi, i nuovi italiani<\/em><\/strong> presso la Societ\u00e0 Umanitaria. Per quanto riguarda gli eventi online, sulla piattaforma <strong><mark style=\"background-color:rgba(0, 0, 0, 0)\" class=\"has-inline-color has-global-color-8-color\">onlinesardegna.umanitaria.it<\/mark><\/strong> sar\u00e0 disponibile la rassegna cinematografica in <em>streaming<\/em> gratuito per 24 ore al giorno, dal 30 maggio (dalle ore 24:00) al 5 giugno (fino alle ore 24:00). Dall\u20198 giugno sar\u00e0 invece fruibile il podcast di chiusura, <strong><em>La parola al cinema: Pier Paolo Pasolini<\/em><\/strong>, con la voce narrante di <strong>Nadia Rondello<\/strong>, operatrice del CSC di Alghero.<\/p>\n","protected":false},"excerpt":{"rendered":"<p>La Societ\u00e0 Umanitaria presenta per il secondo anno consecutivo Il cammino della Repubblica, ciclo di eventi ideato per celebrare tre ricorrenze fondamentali della storia italiana: il 25 aprile (Festa della Liberazione), il 1\u00b0 maggio (Festa del Lavoro) e il 2 giugno (Festa della Repubblica). Libert\u00e0, Lavoro e Democrazia sono i temi al centro del progetto, &#8230; <a title=\"Festa della Liberazione 2022\" class=\"read-more\" href=\"https:\/\/www.umanitaria.it\/alghero\/festa-della-liberazione-edizioni-passate\/festa-della-liberazione-2024-2\/\" aria-label=\"Per saperne di pi\u00f9 su Festa della Liberazione 2022\">Leggi tutto<\/a><\/p>\n","protected":false},"author":8,"featured_media":15678,"parent":15086,"menu_order":2,"comment_status":"closed","ping_status":"closed","template":"","meta":{"_acf_changed":false,"_seopress_robots_primary_cat":"","_seopress_titles_title":"","_seopress_titles_desc":"","_seopress_robots_index":"","inline_featured_image":false,"footnotes":""},"class_list":["post-15676","page","type-page","status-publish","has-post-thumbnail"],"acf":[],"_links":{"self":[{"href":"https:\/\/www.umanitaria.it\/alghero\/wp-json\/wp\/v2\/pages\/15676","targetHints":{"allow":["GET"]}}],"collection":[{"href":"https:\/\/www.umanitaria.it\/alghero\/wp-json\/wp\/v2\/pages"}],"about":[{"href":"https:\/\/www.umanitaria.it\/alghero\/wp-json\/wp\/v2\/types\/page"}],"author":[{"embeddable":true,"href":"https:\/\/www.umanitaria.it\/alghero\/wp-json\/wp\/v2\/users\/8"}],"replies":[{"embeddable":true,"href":"https:\/\/www.umanitaria.it\/alghero\/wp-json\/wp\/v2\/comments?post=15676"}],"version-history":[{"count":3,"href":"https:\/\/www.umanitaria.it\/alghero\/wp-json\/wp\/v2\/pages\/15676\/revisions"}],"predecessor-version":[{"id":15680,"href":"https:\/\/www.umanitaria.it\/alghero\/wp-json\/wp\/v2\/pages\/15676\/revisions\/15680"}],"up":[{"embeddable":true,"href":"https:\/\/www.umanitaria.it\/alghero\/wp-json\/wp\/v2\/pages\/15086"}],"wp:featuredmedia":[{"embeddable":true,"href":"https:\/\/www.umanitaria.it\/alghero\/wp-json\/wp\/v2\/media\/15678"}],"wp:attachment":[{"href":"https:\/\/www.umanitaria.it\/alghero\/wp-json\/wp\/v2\/media?parent=15676"}],"curies":[{"name":"wp","href":"https:\/\/api.w.org\/{rel}","templated":true}]}}