{"id":15685,"date":"2025-10-06T16:35:27","date_gmt":"2025-10-06T14:35:27","guid":{"rendered":"https:\/\/www.umanitaria.it\/alghero\/?page_id=15685"},"modified":"2025-11-03T10:46:55","modified_gmt":"2025-11-03T09:46:55","slug":"edizione-2023","status":"publish","type":"page","link":"https:\/\/www.umanitaria.it\/alghero\/el-cicle-gaudi-a-lalguer-edizioni-passate\/edizione-2023\/","title":{"rendered":"Edizione 2023"},"content":{"rendered":"\n<p>Torna <strong>El Cicle Gaud\u00ed a l\u2019Alguer<\/strong>: quattro appuntamenti imperdibili, quattro film che hanno partecipato al Premi Gaud\u00ed, il pi\u00f9 importante premio cinematografico della Catalogna, saranno programmati nella Sala Conferenze de Lo Quarter da venerd\u00ec 20 ottobre a venerd\u00ec 10 novembre. Come le edizioni precedenti, il ciclo \u00e8 stato reso possibile dalla partnership tra <strong>Societ\u00e0 Umanitaria di Alghero<\/strong>, ente da sempre impegnato nella diffusione della cultura cinematografica e audiovisiva, dalla <strong>Generalitat de Catalunya Delegaci\u00f3 del Govern a It\u00e0lia<\/strong>, di <strong>\u00d2mnium Cultural de l\u2019Alguer<\/strong> e dalla <strong>Plataforma per la Llengua<\/strong>, con la collaborazione dell\u2019<strong>Acad\u00e8mia del Cinema Catal\u00e0<\/strong>, che organizza il premio, e il supporto del <strong>Comune di Alghero<\/strong>, la <strong>Fondazione Alghero<\/strong>, la <strong>Fondazione di Sardegna <\/strong>e della<strong> Regione Sardegna<\/strong>. <\/p>\n\n\n\n<p>Si comincia, venerd\u00ec 20 ottobre con inizio alle 19.00, con <strong><em>Suro<\/em><\/strong> di <strong>Mikel Gurrea. <\/strong>Il film racconta di Helena e Ivan, due giovani architetti, che decidono di cambiare vita e di spostarsi in una zona dove crescono alberi di sughero, ma non sono davvero d\u2019accordo su come condurre la nuova vita e i contrasti che nascono rischiano di minare completamente la possibilit\u00e0 di un futuro in comune. Vincitore di due premi Gaud\u00ed, e di diversi premi nei festival del cinema basco. Girato nelle campagne di Girona, oltre agli attori professionisti Vicky Luengo e Pol L\u00f3pez, si avvale delle performance di autentici pelatori di sughero (il suro del titolo) che infondono autenticit\u00e0 alle scene rurali. Il secondo film in programma, venerd\u00ec 27 ottobre, \u00e8 <strong><em>Toscana<\/em><\/strong> di <strong>Pau Dur\u00e0<\/strong>, alla sua seconda prova come regista dopo <em>Formentera Lady<\/em>, gi\u00e0 visto al Cicle Gaud\u00ec a l\u2019Alguer con l\u2019autore ospite. La divertente commedia racconta di Santi, critico culinario quarantenne, che si sta recando, con un barattolo del suo liquido seminale in tasca, nella clinica dove la moglie lo aspetta per eseguire la fecondazione in vitro. Il protagonista ha un incidente, si scontra con un\u2019auto pirata e si ritrova intrappolato nel ristorante Toscana, un locale con evidente problemi finanziari dove, sotto la minaccia delle armi, un ex cuoco pretende la sua ricevuta dal proprietario. Si prosegue, il 3 novembre, con <strong><em>Les dues nit d\u2019ahir<\/em><\/strong>, premio del pubblico al XIII Premi Gaud\u00ed. Il film \u00e8 firmato da quattro giovani autori, <strong>Pau Cruanyes<\/strong>, <strong>Gerard Vidal<\/strong>, <strong>Ignasi \u00c1vila <\/strong>e <strong>Eudald Valdi<\/strong>, barcellonesi classe 1995, e nasce come progetto finale del corso di laurea in Comunicazione Audiovisiva dell\u2019Universit\u00e0 Pompeu Fabra. Il film, realizzato a bassissimo budget, ottenuti in parte grazie al crowfounding, \u00e8 un road movie che racconta il viaggio di tre amici che devono disperdere le ceneri di un amico morto prematuramente. Il cicle si conclude il 10 novembre con<strong> <em>Ebre, del bressol a la battalla<\/em><\/strong>,<strong> <\/strong>film per la televisione diretto da <strong>Roman Parrado<\/strong>, premio Gaud\u00ed per il miglior film televisivo nel 2016. La narrazione verte sulla sanguinosa battaglie dell\u2019Ebro della Guerra Civile Spagnola, avvenuta il 25 luglio del 1938. Un gruppo di giovanissimi ragazzi, tra i 17 e i 18 anni, furono costretti ad andare a combattere per ordine del presidente Miguel Aza\u00f1a. Il film si concentra su quattro giovani, ed \u00e8 basato sulle memorie scritte dai soldati e sulle interviste ad alcuni di loro.<\/p>\n\n\n\n<p>I quattro film in programma, inediti in Italia, saranno presentati nella versione originale in catalano con sottotitoli in italiano realizzati per l\u2019occasione, accompagnati da un videomessaggio degli autori. L&#8217;ingresso \u00e8 libero e gratuito.<\/p>\n\n\n\n<p><\/p>\n","protected":false},"excerpt":{"rendered":"<p>Torna El Cicle Gaud\u00ed a l\u2019Alguer: quattro appuntamenti imperdibili, quattro film che hanno partecipato al Premi Gaud\u00ed, il pi\u00f9 importante premio cinematografico della Catalogna, saranno programmati nella Sala Conferenze de Lo Quarter da venerd\u00ec 20 ottobre a venerd\u00ec 10 novembre. Come le edizioni precedenti, il ciclo \u00e8 stato reso possibile dalla partnership tra Societ\u00e0 Umanitaria &#8230; <a title=\"Edizione 2023\" class=\"read-more\" href=\"https:\/\/www.umanitaria.it\/alghero\/el-cicle-gaudi-a-lalguer-edizioni-passate\/edizione-2023\/\" aria-label=\"Per saperne di pi\u00f9 su Edizione 2023\">Leggi tutto<\/a><\/p>\n","protected":false},"author":8,"featured_media":15687,"parent":15139,"menu_order":2,"comment_status":"closed","ping_status":"closed","template":"","meta":{"_acf_changed":false,"_seopress_robots_primary_cat":"","_seopress_titles_title":"","_seopress_titles_desc":"","_seopress_robots_index":"","inline_featured_image":false,"footnotes":""},"class_list":["post-15685","page","type-page","status-publish","has-post-thumbnail"],"acf":[],"_links":{"self":[{"href":"https:\/\/www.umanitaria.it\/alghero\/wp-json\/wp\/v2\/pages\/15685","targetHints":{"allow":["GET"]}}],"collection":[{"href":"https:\/\/www.umanitaria.it\/alghero\/wp-json\/wp\/v2\/pages"}],"about":[{"href":"https:\/\/www.umanitaria.it\/alghero\/wp-json\/wp\/v2\/types\/page"}],"author":[{"embeddable":true,"href":"https:\/\/www.umanitaria.it\/alghero\/wp-json\/wp\/v2\/users\/8"}],"replies":[{"embeddable":true,"href":"https:\/\/www.umanitaria.it\/alghero\/wp-json\/wp\/v2\/comments?post=15685"}],"version-history":[{"count":3,"href":"https:\/\/www.umanitaria.it\/alghero\/wp-json\/wp\/v2\/pages\/15685\/revisions"}],"predecessor-version":[{"id":15699,"href":"https:\/\/www.umanitaria.it\/alghero\/wp-json\/wp\/v2\/pages\/15685\/revisions\/15699"}],"up":[{"embeddable":true,"href":"https:\/\/www.umanitaria.it\/alghero\/wp-json\/wp\/v2\/pages\/15139"}],"wp:featuredmedia":[{"embeddable":true,"href":"https:\/\/www.umanitaria.it\/alghero\/wp-json\/wp\/v2\/media\/15687"}],"wp:attachment":[{"href":"https:\/\/www.umanitaria.it\/alghero\/wp-json\/wp\/v2\/media?parent=15685"}],"curies":[{"name":"wp","href":"https:\/\/api.w.org\/{rel}","templated":true}]}}