{"id":15713,"date":"2025-10-06T17:43:39","date_gmt":"2025-10-06T15:43:39","guid":{"rendered":"https:\/\/www.umanitaria.it\/alghero\/?page_id=15713"},"modified":"2025-10-06T17:43:40","modified_gmt":"2025-10-06T15:43:40","slug":"festa-della-liberazione-2021","status":"publish","type":"page","link":"https:\/\/www.umanitaria.it\/alghero\/festa-della-liberazione-edizioni-passate\/festa-della-liberazione-2021\/","title":{"rendered":"Festa della Liberazione 2021"},"content":{"rendered":"\n<p>La Societ\u00e0 Umanitaria presenta <em><strong>Il Cammino della Repubblica<\/strong><\/em>, un\u2019iniziativa cinematografica e culturale che unisce tre date simbolo della storia italiana \u2013 la <strong>Festa della Liberazione<\/strong>, la <strong>Festa del Lavoro<\/strong> e la <strong>Festa della Repubblica<\/strong> \u2013 attraverso film, incontri e approfondimenti in diretta streaming sui canali social dell\u2019ente. Il percorso \u00e8 dedicato ai valori fondanti del nostro Paese: <strong>libert\u00e0<\/strong>, <strong>lavoro<\/strong> e <strong>democrazia<\/strong>. Il filo conduttore del progetto \u00e8 uno sguardo dedicato alle donne: ogni ricorrenza viene affrontata con una prospettiva di genere, mettendo al centro la partecipazione femminile nei momenti cruciali della nostra democrazia, dalla Resistenza alla conquista del diritto di voto, fino alle sfide del lavoro durante la pandemia. Per ogni data simbolo \u00e8 previsto un <em>talk <\/em>introduttivo e una rassegna cinematografica tematica, disponibile gratuitamente per una settimana sulla piattaforma <strong><mark style=\"background-color:rgba(0, 0, 0, 0)\" class=\"has-inline-color has-global-color-8-color\">onlinesardegna.umanitaria.it<\/mark><\/strong>. Ogni film sar\u00e0 accompagnato dai contributi di autrici, registe e protagonisti.<\/p>\n\n\n\n<p><strong>Festa della Liberazione \u2013 La Resistenza, uno sguardo al femminile<\/strong><\/p>\n\n\n\n<p>Gioved\u00ec 22 aprile, alle ore 18.00, si terr\u00e0 in diretta streaming sui canali social della Societ\u00e0 Umanitaria un incontro con <strong>Gaetano Galeone<\/strong>, consigliere della Societ\u00e0 Umanitaria, e <strong>Vera Paggi<\/strong>, giornalista e scrittrice, moderati da <strong>Riccardo Fusco<\/strong>, per mettere in luce il ruolo delle donne nella Resistenza e la loro partecipazione attiva nella costruzione della memoria storica. La rassegna cinematografica, disponibile dal 21 al 27 aprile, include <strong><em>Staffette<\/em><\/strong> di <strong>Paola Sangiovanni<\/strong>, che racconta la Resistenza attraverso gli occhi di quattro giovani partigiane piemontesi, con contributo della regista. <strong><em>Il nemico \u2013 Un breviario partigiano<\/em><\/strong> di Federico Spinetti narra il percorso del musicista e scrittore <strong>Massimo Zamboni<\/strong> nel confrontarsi con la memoria della Resistenza e della musica italiana, con contributo dello stesso Zamboni. <strong><em>Bandite<\/em><\/strong>, documentario collettivo, indaga l\u2019esperienza delle donne partigiane e il loro ruolo nella lotta per l\u2019emancipazione, con contributo della regista <strong>Alessia Proietti<\/strong>. Chiude la sezione <strong><em>Bandite<\/em><\/strong>, documentario collettivo che indaga l\u2019esperienza delle donne partigiane e il loro ruolo nella lotta per l\u2019emancipazione, con contributo della regista <strong>Alessia Proietti<\/strong>.<\/p>\n\n\n\n<p><strong>Festa del Lavoro \u2013 State a casa! Le dinamiche del lavoro prima e dopo la pandemia<\/strong><\/p>\n\n\n\n<p>Per il 1\u00b0 maggio il percorso propone due talk: gioved\u00ec 29 aprile alle 18.00 con <strong>Claudio Bonvecchio<\/strong> e <strong>Ivana Pais<\/strong>, moderati da <strong>Riccardo Fusco<\/strong>, e luned\u00ec 3 maggio alle 18.00 con <strong>Alessandra Sento<\/strong> che incontra il collettivo del docufilm <em><strong>Tutte a casa \u2013 Memorie digitali da un mondo sospeso<\/strong><\/em>. La rassegna cinematografica, disponibile dal 28 aprile al 4 maggio, include <strong><em>Tutte a casa \u2013 Memorie digitali da un mondo sospeso<\/em><\/strong> di <strong>Nina Baratta, Cristina D\u2019Eredit\u00e0 ed Eleonora Marino<\/strong>, mosaico di testimonianze femminili sul lockdown con contributo delle registe. <strong><em>Riders not heroes<\/em><\/strong> di 2050+ e -orama racconta Milano durante il lockdown attraverso l\u2019esperienza dei rider e del protagonista Lupo Borgonovo. <strong><em>Le consegne etiche<\/em><\/strong> di Margherita Caprilli illustra la nascita di una piattaforma cooperativa per consegne a domicilio sostenibili, mettendo in luce pratiche lavorative pi\u00f9 giuste. Infine, <strong><em>Due giorni, una notte<\/em><\/strong> dei fratelli Jean-Pierre e Luc Dardenne narra la vicenda di Sandra, donna che lotta per conservare il proprio lavoro e la dignit\u00e0 di fronte a un sistema produttivo che minaccia la sua stabilit\u00e0.<\/p>\n\n\n\n<p><strong>Festa della Repubblica \u2013 Donne al voto. I 75 anni del suffragio universale<\/strong><\/p>\n\n\n\n<p>In occasione della Festa della Repubblica, marted\u00ec 1\u00b0 giugno alle 18.00 si svolger\u00e0 un talk in diretta streaming con <strong>Marzia Oggiano<\/strong> e <strong>Luciano Fasano<\/strong>, moderati da <strong>Riccardo Fusco<\/strong>, per riflettere sui 75 anni del suffragio universale e sul ruolo delle donne nella costruzione della Repubblica. La rassegna cinematografica, disponibile dal 31 maggio al 6 giugno, propone il documentario <strong><em>Libere<\/em> <\/strong>di <strong>Rossella Schillaci<\/strong>, che attraverso le voci di venti donne partigiane racconta la Resistenza, l\u2019emancipazione femminile e il ritorno alla vita quotidiana dopo la Liberazione, con contributo della regista. <strong><em>Senza rossetto<\/em><\/strong> di <strong>Silvana Profeta<\/strong> ed <strong>Emanuela Mazzina<\/strong> mostra come le donne italiane si prepararono a votare per la prima volta nel 1946, attraverso video testimonianze e immagini di repertorio, con contributo delle autrici. Infine, <strong><em>Nadia Gallico Spano, madre costituente<\/em><\/strong> di <strong>Antonella Restelli<\/strong> ricostruisce la vita di una delle ventuno donne elette all\u2019Assemblea Costituente, fondatrice dell\u2019UDI e del settimanale <em>Noi Donne<\/em>, raccontando il suo impegno politico e antifascista, con contributo della regista.<\/p>\n\n\n\n<p>Tutti i film saranno disponibili in lingua originale con sottotitoli in italiano, 24 ore su 24, sulla piattaforma <strong><mark style=\"background-color:rgba(0, 0, 0, 0)\" class=\"has-inline-color has-global-color-8-color\">onlinesardegna.umanitaria.it<\/mark><\/strong>. L\u2019iniziativa \u00e8 gratuita e aperta a tutt\u0259.<\/p>\n","protected":false},"excerpt":{"rendered":"<p>La Societ\u00e0 Umanitaria presenta Il Cammino della Repubblica, un\u2019iniziativa cinematografica e culturale che unisce tre date simbolo della storia italiana \u2013 la Festa della Liberazione, la Festa del Lavoro e la Festa della Repubblica \u2013 attraverso film, incontri e approfondimenti in diretta streaming sui canali social dell\u2019ente. Il percorso \u00e8 dedicato ai valori fondanti del &#8230; <a title=\"Festa della Liberazione 2021\" class=\"read-more\" href=\"https:\/\/www.umanitaria.it\/alghero\/festa-della-liberazione-edizioni-passate\/festa-della-liberazione-2021\/\" aria-label=\"Per saperne di pi\u00f9 su Festa della Liberazione 2021\">Leggi tutto<\/a><\/p>\n","protected":false},"author":8,"featured_media":15715,"parent":15086,"menu_order":3,"comment_status":"closed","ping_status":"closed","template":"","meta":{"_acf_changed":false,"_seopress_robots_primary_cat":"","_seopress_titles_title":"","_seopress_titles_desc":"","_seopress_robots_index":"","inline_featured_image":false,"footnotes":""},"class_list":["post-15713","page","type-page","status-publish","has-post-thumbnail"],"acf":[],"_links":{"self":[{"href":"https:\/\/www.umanitaria.it\/alghero\/wp-json\/wp\/v2\/pages\/15713","targetHints":{"allow":["GET"]}}],"collection":[{"href":"https:\/\/www.umanitaria.it\/alghero\/wp-json\/wp\/v2\/pages"}],"about":[{"href":"https:\/\/www.umanitaria.it\/alghero\/wp-json\/wp\/v2\/types\/page"}],"author":[{"embeddable":true,"href":"https:\/\/www.umanitaria.it\/alghero\/wp-json\/wp\/v2\/users\/8"}],"replies":[{"embeddable":true,"href":"https:\/\/www.umanitaria.it\/alghero\/wp-json\/wp\/v2\/comments?post=15713"}],"version-history":[{"count":2,"href":"https:\/\/www.umanitaria.it\/alghero\/wp-json\/wp\/v2\/pages\/15713\/revisions"}],"predecessor-version":[{"id":15716,"href":"https:\/\/www.umanitaria.it\/alghero\/wp-json\/wp\/v2\/pages\/15713\/revisions\/15716"}],"up":[{"embeddable":true,"href":"https:\/\/www.umanitaria.it\/alghero\/wp-json\/wp\/v2\/pages\/15086"}],"wp:featuredmedia":[{"embeddable":true,"href":"https:\/\/www.umanitaria.it\/alghero\/wp-json\/wp\/v2\/media\/15715"}],"wp:attachment":[{"href":"https:\/\/www.umanitaria.it\/alghero\/wp-json\/wp\/v2\/media?parent=15713"}],"curies":[{"name":"wp","href":"https:\/\/api.w.org\/{rel}","templated":true}]}}