{"id":15802,"date":"2025-11-03T10:55:08","date_gmt":"2025-11-03T09:55:08","guid":{"rendered":"https:\/\/www.umanitaria.it\/alghero\/?page_id=15802"},"modified":"2025-11-03T10:55:09","modified_gmt":"2025-11-03T09:55:09","slug":"edizione-2025","status":"publish","type":"page","link":"https:\/\/www.umanitaria.it\/alghero\/el-cicle-gaudi-a-lalguer-edizioni-passate\/edizione-2025\/","title":{"rendered":"Edizione 2025"},"content":{"rendered":"\n<p>Torna il <strong>Cicle Gaud\u00ed a l&#8217;Alguer<\/strong>, il circuito che porta in citt\u00e0 i film candidati al Premi Gaud\u00ed, il pi\u00f9 prestigioso premio cinematografico catalano. Giunta alla settima edizione, l\u2019iniziativa prevede quattro proiezioni imperdibili, nel mese di ottobre 2025, all\u2019interno della Sala Conferenze de Lo Quarter. Il Cicle \u00e8 un progetto di cooperazione culturale che prevede una vasta partnership tra la <strong>Societ\u00e0 Umanitaria di Alghero<\/strong>, la <strong>Delegazione del Governo della Catalogna in Italia<\/strong>, la <strong>Plataforma per la Llengua<\/strong> e <strong>l\u2019\u00d2mnium Cultural de l\u2019Alguer<\/strong>, con la collaborazione dell\u2019<strong>Acad\u00e8mia del Cinema Catal\u00e0<\/strong>, che organizza il Premio, e il supporto della <strong>Regione Sardegna<\/strong>, della <strong>Fondazione Alghero<\/strong> e dell\u2019<strong>Amministrazione Comunale<\/strong>.<\/p>\n\n\n\n<p>Tre appuntamenti dedicati agli adulti, tutti di venerd\u00ec e uno interamente dedicato alla scuola primaria. Si comincia il 10 ottobre alle 19.00 con <strong><em>Casa en flames<\/em><\/strong>, <em>dark comedy <\/em>scritta e diretta da <strong>Dani de la Orden<\/strong>, su una famiglia disfunzionale: Montse, divorziata da tempo con figli ormai grandi che non le prestano pi\u00f9 attenzione, \u00e8 molto emozionata perch\u00e9 trascorrer\u00e0 un fine settimana con tutta la sua famiglia nella sua casa a Cadaqu\u00e9s, sulla Costa Brava. Aspetta e sogna questo momento da troppo tempo: questo weekend sar\u00e0 sicuramente un weekend perfetto, anche se ci\u00f2 significa bruciare tutto. Il 16 ottobre alle 10.00 i bambini e le bambine delle scuole primarie potranno assistere a un appuntamento speciale dedicato interamente a loro con <strong><em>Robot dreams<\/em><\/strong>, capolavoro candidato agli Oscar che, dopo la presentazione a Cannes, oltre al Premi Gaud\u00ed per il Miglior Film d\u2019animazione, ha fatto incetta di premi nei maggiori festival di cinema d\u2019animazione del mondo. Tratto dal fumetto dell&#8217;artista americana <strong>Sara Varon<\/strong> e diretto da <strong>Pablo Berger<\/strong>, il film \u00e8 la storia dell&#8217;amicizia tra un cane e un robot nella Manhattan negli anni \u201980. La rassegna prosegue il 17 ottobre alle 19.00 con<em> <strong>Salve Maria<\/strong><\/em>, premiato per la miglior sceneggiatura originale e la miglior attrice rivelazione all\u2019ultima edizione del Gaud\u00ed. Il film, diretto e scritto da <strong>Mar Coll <\/strong>e interpretato da Laura Weissmahr, \u00e8 la storia di Maria, una giovane scrittrice appena diventata madre che viene a conoscenza di un evento terrificante: una donna francese ha annegato i suoi gemelli di 10 mesi nella vasca da bagno. Maria diventa ossessionata da questa donna: perch\u00e9 li ha uccisi? Da quel momento in poi, l&#8217;ombra dell&#8217;infanticidio la perseguiter\u00e0 come una possibilit\u00e0 vertiginosa. Il Cicle si chiude il 24 ottobre alle 19.00 con <em><strong>Saben aquell<\/strong> <\/em>di <strong>David Trueba<\/strong>, trionfatore al Gaud\u00ec con ben sette premi su 13 nomination, tra cui quelli per le magistrali interpretazioni del protagonista maschile David Verdaguer e della protagonista femminile Carolina Yuste. Il film, ambientato a Barcellona negli anni &#8217;60 e &#8217;70, \u00e8 basato sugli esordi del popolare comico Eugenio. Eugenio Jofra, giovane gioielliere, incontra Conchita su un autobus. L&#8217;amore scocca all&#8217;istante e tra i due inizia la storia d&#8217;amore di una vita. Eugenio impara a suonare la chitarra per accompagnare Conchita nella sua carriera musicale, per la quale dovr\u00e0 combattere la paura del palcoscenico. Nascono cos\u00ec &#8220;Els dos&#8221;. Quando Conchita deve lasciare Barcellona per due settimane, convince Eugenio a esibirsi da solo. Al suo ritorno, lui \u00e8 diventato un fenomeno della scena comica underground della citt\u00e0. A poco a poco, i due costruiscono il personaggio: gli occhiali, la camicia nera, lo sgabello, le sigarette e il bicchiere alto: un successo inaspettato in una Spagna depressa alla disperata ricerca di una risata.<\/p>\n\n\n\n<p>I film saranno tutti proiettati in lingua originale con i sottotitoli in italiano realizzati esclusivamente per l\u2019occasione dall\u2019Ofici de l\u2019Alguer della Delegazione del Governo della Catalogna in Italia. L\u2019ingresso \u00e8 libero e gratuito<\/p>\n\n\n\n<p><\/p>\n","protected":false},"excerpt":{"rendered":"<p>Torna il Cicle Gaud\u00ed a l&#8217;Alguer, il circuito che porta in citt\u00e0 i film candidati al Premi Gaud\u00ed, il pi\u00f9 prestigioso premio cinematografico catalano. Giunta alla settima edizione, l\u2019iniziativa prevede quattro proiezioni imperdibili, nel mese di ottobre 2025, all\u2019interno della Sala Conferenze de Lo Quarter. Il Cicle \u00e8 un progetto di cooperazione culturale che prevede &#8230; <a title=\"Edizione 2025\" class=\"read-more\" href=\"https:\/\/www.umanitaria.it\/alghero\/el-cicle-gaudi-a-lalguer-edizioni-passate\/edizione-2025\/\" aria-label=\"Per saperne di pi\u00f9 su Edizione 2025\">Leggi tutto<\/a><\/p>\n","protected":false},"author":8,"featured_media":15804,"parent":15139,"menu_order":0,"comment_status":"closed","ping_status":"closed","template":"","meta":{"_acf_changed":false,"_seopress_robots_primary_cat":"","_seopress_titles_title":"","_seopress_titles_desc":"","_seopress_robots_index":"","inline_featured_image":false,"footnotes":""},"class_list":["post-15802","page","type-page","status-publish","has-post-thumbnail"],"acf":[],"_links":{"self":[{"href":"https:\/\/www.umanitaria.it\/alghero\/wp-json\/wp\/v2\/pages\/15802","targetHints":{"allow":["GET"]}}],"collection":[{"href":"https:\/\/www.umanitaria.it\/alghero\/wp-json\/wp\/v2\/pages"}],"about":[{"href":"https:\/\/www.umanitaria.it\/alghero\/wp-json\/wp\/v2\/types\/page"}],"author":[{"embeddable":true,"href":"https:\/\/www.umanitaria.it\/alghero\/wp-json\/wp\/v2\/users\/8"}],"replies":[{"embeddable":true,"href":"https:\/\/www.umanitaria.it\/alghero\/wp-json\/wp\/v2\/comments?post=15802"}],"version-history":[{"count":2,"href":"https:\/\/www.umanitaria.it\/alghero\/wp-json\/wp\/v2\/pages\/15802\/revisions"}],"predecessor-version":[{"id":15805,"href":"https:\/\/www.umanitaria.it\/alghero\/wp-json\/wp\/v2\/pages\/15802\/revisions\/15805"}],"up":[{"embeddable":true,"href":"https:\/\/www.umanitaria.it\/alghero\/wp-json\/wp\/v2\/pages\/15139"}],"wp:featuredmedia":[{"embeddable":true,"href":"https:\/\/www.umanitaria.it\/alghero\/wp-json\/wp\/v2\/media\/15804"}],"wp:attachment":[{"href":"https:\/\/www.umanitaria.it\/alghero\/wp-json\/wp\/v2\/media?parent=15802"}],"curies":[{"name":"wp","href":"https:\/\/api.w.org\/{rel}","templated":true}]}}