{"id":14539,"date":"2025-09-04T11:27:43","date_gmt":"2025-09-04T09:27:43","guid":{"rendered":"https:\/\/www.umanitaria.it\/cagliari\/?page_id=14539"},"modified":"2025-10-06T13:16:12","modified_gmt":"2025-10-06T11:16:12","slug":"digitalizzazioni","status":"publish","type":"page","link":"https:\/\/www.umanitaria.it\/cagliari\/servizi\/digitalizzazioni\/","title":{"rendered":"Digitalizzazioni"},"content":{"rendered":"\n<div>\n<h2 class=\"wp-block-heading\">Digitalizzazione e conservazione<\/h2>\n\n\n\n<p><\/p>\n\n\n\n<p><strong>I laboratori della Cineteca Sarda sono specializzati nella digitalizzazione e restauro di nastri magnetici (audio\/video) e di pellicole cinematografiche 16mm\/35mm, garantendo la massima qualit\u00e0 possibile. <\/strong>Grazie a un parco macchine ampio e diversificato, siamo in grado di trattare una vasta gamma di sistemi intervenendo con strumentazioni professionali e tecniche avanzate per preservare e valorizzare ogni singolo documento audiovisivo.<\/p>\n\n\n\n<h3 class=\"wp-block-heading\">Digitalizzazione di nastri magnetici<\/h3>\n\n\n\n<p>Disponiamo di un&#8217;ampia selezione di videoregistratori e lettori professionali, capaci di trattare la maggior parte dei formati di videoregistrazione storici:<\/p>\n\n\n\n<ul class=\"wp-block-list\">\n<li><strong>Sistemi a bobina aperta:<\/strong><br>EIAJ \u2013 Formato 1\/2\u201d a bobina aperta, utilizzato tra gli anni \u201960 e \u201870. Disponiamo di pi\u00f9 macchine di differenti marche.<br>Philips LDL e Akai 1\/4\u201d \u2013 Sistemi rari di registrazione utilizzati a fine anni \u201960 e primi anni \u201870.<br>Sistema professionale 1\u201d- Sistema di videoregistrazione Broadcast.<\/li>\n\n\n\n<li><strong>Sistemi a videocassetta:<\/strong><br>VCR, VCR-LP, SVR \u2013 Formati sviluppati tra gli anni \u201970 e \u201980, ormai obsoleti e difficili da leggere senza apparecchiature perfettamente calibrate.<br>Betamax, Video8, Video2000 \u2013 Tre formati storici per l&#8217;uso domestico e amatoriale, trattati con videoregistratori Sony e Philips ottimizzati per la miglior resa possibile.<br>VHS, S-VHS e VHS Multistandard \u2013 Disponiamo di diverse unit\u00e0 amatoriali e professionali (anche con con testine a tracking variabile) per garantire la lettura ottimale di nastri di qualsiasi generazione e condizione.<br>Umatic e Umatic SP \u2013 Sistemi professionali a 3\/4\u201d utilizzati nel broadcast e nell\u2019archiviazione istituzionale. Abbiamo sviluppato tecniche specifiche per la lettura non filtrata dei dettagli dell\u2019immagine, evitando la perdita di informazioni dovuta ai processi di riduzione del rumore integrati nelle macchine standard.<br>Betacam, Betacam SP, Betacam SX, Betacam IMX, Digital Betacam (Digibeta) \u2013 Formati di registrazione professionale trattati con videoregistratori Sony di fascia alta, garantendo la massima fedelt\u00e0 possibile.<br>MiniDV, DVCAM, DVCPRO \u2013 Sistemi digitali su nastro magnetico.<\/li>\n<\/ul>\n\n\n\n<p>Tutti i nastri magnetici vengono sottoposti a un&#8217;analisi preliminare per verificarne le condizioni e, se necessario, vengono eseguite operazioni di pulizia, baking e riparazione meccanica.<\/p>\n\n\n\n<div class=\"border-double\">\n<h3 class=\"wp-block-heading\">Digitalizzazione di pellicole cinematografiche<\/h3>\n\n\n\n<p>Per quanto riguarda le pellicole cinematografiche sono presenti i seguenti scanner:<\/p>\n\n\n\n<ul class=\"wp-block-list\">\n<li>Scanner 4k Cintel Blackmagic per pellicole 35mm e 16mm.<\/li>\n\n\n\n<li>Scanner per film a passo ridotto multiformato FlashscanHD utilizzato per acquisizioni a bassa risoluzione, ispezione film e formazione.<\/li>\n\n\n\n<li>Scanner 4k Flashscan Nova con tutti gli accessori e per tutti i formati: dal passo ridotto fino al 16mm. Possibilit\u00e0 di leggere anche super8 ottico e 9.5mm magnetico. Lo scanner \u00e8 stato modificato da noi per avere la possibilit\u00e0 di leggere anche le colonne sonore magnetiche 16mm.<\/li>\n\n\n\n<li>Scanner 5K Archivier della CIR, utilizzato per pellicole particolarmente delicate e per formazione.<\/li>\n\n\n\n<li>Scanner 2K Archivier della CIR con sensore CCD, anche questo utilizzato per pellicole con particolari problemi e per formazione.<\/li>\n\n\n\n<li>Lavafilm: strumento multifunzione e multiformato ideato e progettato da noi in congiunzione con la CIR che permette il lavaggio a secco (tramite cuscinetti, PTR e aria compressa) e con liquido. Inoltre permette l&#8217;ispezione accurata del film grazie a un sistema di lettura con camera CCD. Possibilit\u00e0 di fare piccole acquisizioni a bassa risoluzione.<\/li>\n<\/ul>\n\n\n\n<p>Oltre alla semplice digitalizzazione, \u00e8 anche possibile avere servizi di restauro digitale avanzato, tra cui:<\/p>\n\n\n\n<ul class=\"wp-block-list\">\n<li>Correzione del colore e bilanciamento cromatico.<\/li>\n\n\n\n<li>Stabilizzazione dell\u2019immagine.<\/li>\n\n\n\n<li>Rimozione di graffi, polvere e difetti della pellicola.<\/li>\n<\/ul>\n\n\n\n<p>Il laboratorio dispone inoltre di una sezione dedicata alla digitalizzazione dei seguenti formati audio:<\/p>\n\n\n\n<ul class=\"wp-block-list\">\n<li>Sistema Philips \u00bc\u201d 4 piste stereo.<\/li>\n\n\n\n<li>Sistema Revox \u00bc\u201d professionale a pista singola e a doppia pista.<\/li>\n\n\n\n<li>Sistema audio cassette standard; sistema audio cassette DCC.<\/li>\n\n\n\n<li>Sistema a cassette digitali DAT, sistema audio multipista Alesis ADAT.<\/li>\n<\/ul>\n<\/div>\n\n\n\n<h3 class=\"wp-block-heading\">Digitalizzazione e conservazione di materiali fotografici<\/h3>\n\n\n\n<p>La digitalizzazione di materiali fotografici segue gli standard di conservazione con una scansione di 1200 dpi per quanto riguarda le stampe fotografiche e 2400 dpi per vetrini e negativi. Gli scanner utilizzati (Epson V850Pro e Epson GT 20000) sono adatti alla digitalizzazione professionale e permettono l&#8217;acquisizione di piccoli formati, negativi e diapositive e documenti di grandi dimensioni, riviste e periodici.<\/p>\n\n\n\n<p>L&#8217;Archivio Fotografico nasce con l&#8217;obiettivo di preservare e arricchire la memoria storica gi\u00e0 custodita dalla Cineteca, attraverso la digitalizzazione e la conservazione di materiali fotografici. Questo vasto patrimonio comprende supporti e formati differenti, testimoniando quasi due secoli di storia della Sardegna. L&#8217;archivio raccoglie sia fotografie istituzionali sia scatti amatoriali, includendo immagini realizzate da fotografi professionisti accanto a fotografie di famiglia che raccontano momenti quotidiani e intimi. \u00c8, quindi, una preziosa testimonianza visiva della comunit\u00e0 sarda, dei suoi usi e costumi. Il materiale \u00e8 consultabile in loco e costituisce la base per attivit\u00e0 didattiche, espositive e editoriali.<br><br>Nel corso del tempo, la raccolta fotografica si \u00e8 arricchita grazie ad acquisizioni di materiali appartenenti a storiche famiglie sassaresi e cagliaritane, a celebri fotografi sardi e a importanti collezioni private. A queste si aggiungono le fotografie istituzionali della Regione Sardegna e del Consiglio Regionale. Tra le raccolte pi\u00f9 significative vi sono fotografie provenienti da collezioni private risalenti al 1850 (fondo Vodret), immagini che documentano la Cagliari dei primi del Novecento (Costa) e scatti relativi al periodo bellico (Simon Mossa). Il fondo della RAS (Regione Autonoma della Sardegna) conserva materiali istituzionali che coprono un arco temporale che va dagli anni &#8217;30 fino ai primi anni 2000.<br><br>Oltre alle fotografie, l&#8217;archivio conserva piccoli fondi, album di famiglia, cartoline, stereoscopie, vetrini per lanterna magica e una vasta collezione di macchine fotografiche d&#8217;epoca.<\/p>\n\n\n\n<blockquote class=\"wp-block-quote is-layout-flow wp-block-quote-is-layout-flow\">\n<p><strong>Tutti i laboratori sono destinati alla digitalizzazione e restauro dei materiali presenti negli archivi della Cineteca Sarda.<\/strong> <strong>Vengono messi a disposizione gratuita della collettivit\u00e0 per esemplari di particolare rilevanza storico-culturale.<\/strong><\/p>\n<\/blockquote>\n<\/div>\n","protected":false},"excerpt":{"rendered":"<p>Digitalizzazione e conservazione I laboratori della Cineteca Sarda sono specializzati nella digitalizzazione e restauro di nastri magnetici (audio\/video) e di pellicole cinematografiche 16mm\/35mm, garantendo la massima qualit\u00e0 possibile. Grazie a un parco macchine ampio e diversificato, siamo in grado di trattare una vasta gamma di sistemi intervenendo con strumentazioni professionali e tecniche avanzate per preservare &#8230; <a title=\"Digitalizzazioni\" class=\"read-more\" href=\"https:\/\/www.umanitaria.it\/cagliari\/servizi\/digitalizzazioni\/\" aria-label=\"Per saperne di pi\u00f9 su Digitalizzazioni\">Leggi tutto<\/a><\/p>\n","protected":false},"author":1,"featured_media":14878,"parent":14486,"menu_order":3,"comment_status":"closed","ping_status":"closed","template":"","meta":{"_acf_changed":false,"_seopress_robots_primary_cat":"","_seopress_titles_title":"","_seopress_titles_desc":"","_seopress_robots_index":"","inline_featured_image":false,"footnotes":""},"class_list":["post-14539","page","type-page","status-publish","has-post-thumbnail"],"acf":[],"_links":{"self":[{"href":"https:\/\/www.umanitaria.it\/cagliari\/wp-json\/wp\/v2\/pages\/14539","targetHints":{"allow":["GET"]}}],"collection":[{"href":"https:\/\/www.umanitaria.it\/cagliari\/wp-json\/wp\/v2\/pages"}],"about":[{"href":"https:\/\/www.umanitaria.it\/cagliari\/wp-json\/wp\/v2\/types\/page"}],"author":[{"embeddable":true,"href":"https:\/\/www.umanitaria.it\/cagliari\/wp-json\/wp\/v2\/users\/1"}],"replies":[{"embeddable":true,"href":"https:\/\/www.umanitaria.it\/cagliari\/wp-json\/wp\/v2\/comments?post=14539"}],"version-history":[{"count":7,"href":"https:\/\/www.umanitaria.it\/cagliari\/wp-json\/wp\/v2\/pages\/14539\/revisions"}],"predecessor-version":[{"id":15493,"href":"https:\/\/www.umanitaria.it\/cagliari\/wp-json\/wp\/v2\/pages\/14539\/revisions\/15493"}],"up":[{"embeddable":true,"href":"https:\/\/www.umanitaria.it\/cagliari\/wp-json\/wp\/v2\/pages\/14486"}],"wp:featuredmedia":[{"embeddable":true,"href":"https:\/\/www.umanitaria.it\/cagliari\/wp-json\/wp\/v2\/media\/14878"}],"wp:attachment":[{"href":"https:\/\/www.umanitaria.it\/cagliari\/wp-json\/wp\/v2\/media?parent=14539"}],"curies":[{"name":"wp","href":"https:\/\/api.w.org\/{rel}","templated":true}]}}