{"id":14649,"date":"2025-09-04T16:35:46","date_gmt":"2025-09-04T14:35:46","guid":{"rendered":"https:\/\/www.umanitaria.it\/cagliari\/?page_id=14649"},"modified":"2026-02-17T14:21:50","modified_gmt":"2026-02-17T13:21:50","slug":"mediateca","status":"publish","type":"page","link":"https:\/\/www.umanitaria.it\/cagliari\/servizi\/mediateca\/","title":{"rendered":"Mediateca"},"content":{"rendered":"\n<div class=\"wp-block-columns colonne-protagonisti is-layout-flex wp-container-core-columns-is-layout-9d6595d7 wp-block-columns-is-layout-flex\">\n<div class=\"wp-block-column is-layout-flow wp-block-column-is-layout-flow\">\n<p>La Mediateca del CSC comprende una <strong>biblioteca specializzat<\/strong>a nei temi della comunicazione di massa, della storia del cinema, dei sistemi audiovisivi, delle arti e della formazione culturale, e di un <strong>archivio di circa 12mila supporti audiovisivi<\/strong>, tra VHS, DVD e Bluray-Disc di cinema internazionale, italiano e sardo, documentari, serie, animazioni.<\/p>\n\n\n\n<p>L&#8217;insieme dei libri, delle riviste e degli audiovisivi in possesso del C.S.C. \u00e8 consultabile attraverso il servizio&nbsp;<a href=\"https:\/\/opac.regione.sardegna.it\/SebinaOpac\/.do\">OPAC<\/a>&nbsp;regionale. L&#8217;archivio dei film sardi \u00e8 accessibile al link della&nbsp;<a href=\"http:\/\/www.lacinetecasarda.it\/SARDEGNA\/index.php\">Memoria Storica Audiovisiva<\/a>, e quello del materiale audiovisivo riservato alla consultazione in sede \u00e8 consultabile a questo&nbsp;<a href=\"http:\/\/www.lacinetecasarda.it\/CATALOGO\/index.php\">link<\/a>.<\/p>\n\n\n\n<p>Il servizio pubblico della mediateca prevede la possibilit\u00e0 di prestito di quattro volumi alla volta e di quattro audiovisivi (DVD e BD) per quindici giorni prorogabili. Nella sede della mediateca \u00e8 possibile consultare volumi e riviste specializzate, visionare audiovisivi protetti da particolari diritti nell&#8217;apposita sala della biblioteca e usufruire della possibilit\u00e0 di organizzare visioni plurisoggettive.<\/p>\n\n\n\n<p>L&#8217;iscrizione alla mediateca offre anche la possibilit\u00e0 di accedere gratuitamente al\u00a0<strong>prestito digitale di ebook di argomento cinematografico e alla visione di centinaia di film in streaming<\/strong>\u00a0attraverso la piattaforma\u00a0<a href=\"https:\/\/umanitaria.medialibrary.it\/media\/esplora.aspx\">MLOL (Media LIbrary On Line)<\/a>. Per iscriversi alla piattaforma \u00e8 necessario inviare una mail a\u00a0<a href=\"mailto:umanitariacagliari.mlol@gmail.com\">umanitariacagliari.mlol@gmail.com<\/a>\u00a0e chiedere le credenziali di accesso. Il servizio di prestito digitale \u00e8 riservato a chi risiede in Sardegna.<\/p>\n\n\n\n<p>Il C.S.C. di Cagliari si impegna da sempre a offrire alla cittadinanza, alle associazioni culturali, ai circoli del cinema, alle scuole e alle universit\u00e0, e a qualsiasi altra realt\u00e0 culturale del territorio, la possibilit\u00e0 di organizzare attivit\u00e0 cinematografiche e proiezioni anche attraverso i&nbsp;<strong>servizi di consulenza&nbsp;<\/strong>e il&nbsp;<strong>prestito della strumentazione<\/strong>&nbsp;necessaria: videoproiettore portatile, sistema di amplificazione, lettore DVD-BD, telo per la proiezione, cavi, etc.<\/p>\n\n\n\n<p><strong>Tutti i servizi offerti dal Centro sono gratuiti.<\/strong><\/p>\n\n\n\n<p><br><strong>Orari di apertura:<\/strong><br>\u2022 luned\u00ec \/ mercoled\u00ec \/ venerd\u00ec<br>dalle 9 alle 13<br>\u2022 marted\u00ec \/ gioved\u00ec<br>dalle 14 alle 18<\/p>\n\n\n\n<p><strong>I servizi:<\/strong><br>\u2022 prestito di film in DVD e Blu-ray Disc<br>\u2022 prestito di libri su cinema e comunicazione di massa<br>\u2022 prestito digitale di film ed ebook sulla piattaforma MLOL (Media Library On Line)&nbsp;<br>\u2022 consultazione di riviste di cinema<br>\u2022 consulenze per associazioni, circoli, scuole, etc.<br>\u2022 laboratori didattici rivolti a scuole di ogni ordine e grado<br>\u2022 visione di film in sede<br>\u2022 visioni plurisoggettive (su prenotazione)<br>\u2022 postazioni di studio<\/p>\n<\/div>\n<\/div>\n","protected":false},"excerpt":{"rendered":"<p>La Mediateca del CSC comprende una biblioteca specializzata nei temi della comunicazione di massa, della storia del cinema, dei sistemi audiovisivi, delle arti e della formazione culturale, e di un archivio di circa 12mila supporti audiovisivi, tra VHS, DVD e Bluray-Disc di cinema internazionale, italiano e sardo, documentari, serie, animazioni. L&#8217;insieme dei libri, delle riviste &#8230; <a title=\"Mediateca\" class=\"read-more\" href=\"https:\/\/www.umanitaria.it\/cagliari\/servizi\/mediateca\/\" aria-label=\"Per saperne di pi\u00f9 su Mediateca\">Leggi tutto<\/a><\/p>\n","protected":false},"author":1,"featured_media":14877,"parent":14486,"menu_order":1,"comment_status":"closed","ping_status":"closed","template":"","meta":{"_acf_changed":false,"_seopress_robots_primary_cat":"","_seopress_titles_title":"","_seopress_titles_desc":"","_seopress_robots_index":"","inline_featured_image":false,"footnotes":""},"class_list":["post-14649","page","type-page","status-publish","has-post-thumbnail"],"acf":[],"_links":{"self":[{"href":"https:\/\/www.umanitaria.it\/cagliari\/wp-json\/wp\/v2\/pages\/14649","targetHints":{"allow":["GET"]}}],"collection":[{"href":"https:\/\/www.umanitaria.it\/cagliari\/wp-json\/wp\/v2\/pages"}],"about":[{"href":"https:\/\/www.umanitaria.it\/cagliari\/wp-json\/wp\/v2\/types\/page"}],"author":[{"embeddable":true,"href":"https:\/\/www.umanitaria.it\/cagliari\/wp-json\/wp\/v2\/users\/1"}],"replies":[{"embeddable":true,"href":"https:\/\/www.umanitaria.it\/cagliari\/wp-json\/wp\/v2\/comments?post=14649"}],"version-history":[{"count":14,"href":"https:\/\/www.umanitaria.it\/cagliari\/wp-json\/wp\/v2\/pages\/14649\/revisions"}],"predecessor-version":[{"id":16397,"href":"https:\/\/www.umanitaria.it\/cagliari\/wp-json\/wp\/v2\/pages\/14649\/revisions\/16397"}],"up":[{"embeddable":true,"href":"https:\/\/www.umanitaria.it\/cagliari\/wp-json\/wp\/v2\/pages\/14486"}],"wp:featuredmedia":[{"embeddable":true,"href":"https:\/\/www.umanitaria.it\/cagliari\/wp-json\/wp\/v2\/media\/14877"}],"wp:attachment":[{"href":"https:\/\/www.umanitaria.it\/cagliari\/wp-json\/wp\/v2\/media?parent=14649"}],"curies":[{"name":"wp","href":"https:\/\/api.w.org\/{rel}","templated":true}]}}