{"id":14664,"date":"2025-09-03T10:32:14","date_gmt":"2025-09-03T08:32:14","guid":{"rendered":"https:\/\/www.umanitaria.it\/sassari\/?page_id=14493"},"modified":"2025-10-06T01:19:24","modified_gmt":"2025-10-05T23:19:24","slug":"progetti-regionali","status":"publish","type":"page","link":"https:\/\/www.umanitaria.it\/cagliari\/progetti-regionali\/","title":{"rendered":"Progetti Regionali"},"content":{"rendered":"\n<div class=\"border-top\"><ul class=\"submenu-complete-intro\"><li><a href=\"https:\/\/www.umanitaria.it\/cagliari\/progetti-regionali\/la-tua-memoria-e-la-nostra-storia\/\"><h3><span>La tua memoria e\u0300 la nostra storia<\/span><\/h3><div><picture><img decoding=\"async\" src=\"https:\/\/www.umanitaria.it\/cagliari\/wp-content\/uploads\/sites\/12\/2025\/10\/cinema-famiglia.jpg\" alt=\"Progetti Regionali\" \/><\/picture><p>Un archivio condiviso per custodire la memoria privata e collettiva dei sardi<\/p><\/div><\/a><\/li><li><a href=\"https:\/\/www.umanitaria.it\/cagliari\/progetti-regionali\/gira-che-ti-rigira\/\"><h3><span>Gira che ti riGira Contest<\/span><\/h3><div><picture><img decoding=\"async\" src=\"https:\/\/www.umanitaria.it\/cagliari\/wp-content\/uploads\/sites\/12\/2025\/09\/Progetto-Gira-Rigira.jpg\" alt=\"Progetti Regionali\" \/><\/picture><p>Un laboratorio creativo per giovani registi, tra gioco, sperimentazione e cinema.<\/p><\/div><\/a><\/li><\/ul>\n<\/div>\n","protected":false},"excerpt":{"rendered":"","protected":false},"author":1,"featured_media":0,"parent":0,"menu_order":9,"comment_status":"closed","ping_status":"closed","template":"","meta":{"_acf_changed":false,"_seopress_robots_primary_cat":"","_seopress_titles_title":"Attivit\u00e0 culturali alla Societ\u00e0 Umanitaria","_seopress_titles_desc":"La Societ\u00e0 Umanitaria propone un ampio programma culturale aperto a tutti, con incontri e eventi su temi attuali per stimolare riflessione, partecipazione e confronto su scala locale e globale.","_seopress_robots_index":"","inline_featured_image":false,"footnotes":""},"class_list":["post-14664","page","type-page","status-publish"],"acf":[],"_links":{"self":[{"href":"https:\/\/www.umanitaria.it\/cagliari\/wp-json\/wp\/v2\/pages\/14664","targetHints":{"allow":["GET"]}}],"collection":[{"href":"https:\/\/www.umanitaria.it\/cagliari\/wp-json\/wp\/v2\/pages"}],"about":[{"href":"https:\/\/www.umanitaria.it\/cagliari\/wp-json\/wp\/v2\/types\/page"}],"author":[{"embeddable":true,"href":"https:\/\/www.umanitaria.it\/cagliari\/wp-json\/wp\/v2\/users\/1"}],"replies":[{"embeddable":true,"href":"https:\/\/www.umanitaria.it\/cagliari\/wp-json\/wp\/v2\/comments?post=14664"}],"version-history":[{"count":0,"href":"https:\/\/www.umanitaria.it\/cagliari\/wp-json\/wp\/v2\/pages\/14664\/revisions"}],"wp:attachment":[{"href":"https:\/\/www.umanitaria.it\/cagliari\/wp-json\/wp\/v2\/media?parent=14664"}],"curies":[{"name":"wp","href":"https:\/\/api.w.org\/{rel}","templated":true}]}}