{"id":14665,"date":"2025-09-03T15:54:26","date_gmt":"2025-09-03T13:54:26","guid":{"rendered":"https:\/\/www.umanitaria.it\/sassari\/?page_id=14695"},"modified":"2025-10-02T18:26:42","modified_gmt":"2025-10-02T16:26:42","slug":"la-tua-memoria-e-la-nostra-storia","status":"publish","type":"page","link":"https:\/\/www.umanitaria.it\/cagliari\/progetti-regionali\/la-tua-memoria-e-la-nostra-storia\/","title":{"rendered":"La tua memoria e\u0300 la nostra storia"},"content":{"rendered":"\n<div class=\"progetti-regionali\">\n<p>La Societ\u00e0 Umanitaria della Sardegna promuove il progetto <strong>\u201cLa tua memoria \u00e8 la nostra storia\u201d<\/strong>, una campagna regionale che ha l\u2019obiettivo di costruire l\u2019archivio della memoria privata e familiare dei sardi. <\/p>\n\n\n\n<p><strong>Il progetto prevede il recupero, la conservazione e la valorizzazione di quei filmati realizzati<\/strong> da tutti coloro che <strong>fino al 1985 <\/strong>hanno registrato, su pellicole di ogni formato, immagini per documentare le abitudini e le ricorrenze della loro vita familiare, i momenti quotidiani e le cerimonie, i luoghi e le tradizioni, i volti e i gesti, i viaggi e le vacanze, le attivit\u00e0 sportive e le feste. <\/p>\n\n\n\n<div class=\"border-double\"><div class=\"wp-block-image\">\n<figure class=\"aligncenter size-full\"><img decoding=\"async\" src=\"https:\/\/www.umanitaria.it\/cagliari\/wp-content\/uploads\/sites\/12\/2025\/09\/Progetto-Tua-Memoria-Ns-Storia.jpg\" alt=\"\" class=\"wp-image-14671\"\/><\/figure>\n<\/div><\/div>\n\n\n\n<p>A questi si aggiungono i film amatoriali, documentari o di finzione, realizzati nel tempo libero o nell\u2019ambito delle attivit\u00e0 di associazioni culturali, gruppi politici, sindacali, sociali e religiosi, scuole, istituzioni o luoghi di lavoro.<\/p>\n\n\n\n<p>Il progetto consente in primo luogo un ampio censimento dei materiali audiovisivi amatoriali e dei film di famiglia relativi al territorio regionale sardo. Ma soprattutto consentir\u00e0 di costruire un corpus di materiali audiovisivi inediti e preziosi per lo studio della storia e della memoria locale, della cultura di un luogo e dei suoi abitanti, dello sviluppo sociale, economico, antropologico e paesaggistico.<\/p>\n\n\n\n<p><a class=\"download-doc\" href=\"http:\/\/www.lacinetecasarda.it\/cinemadifamiglia\/index.php\" target=\"_blank\" rel=\"noreferrer noopener\">Visita il sito del progetto<\/a><\/p>\n<\/div>\n","protected":false},"excerpt":{"rendered":"<p>La Societ\u00e0 Umanitaria della Sardegna promuove il progetto \u201cLa tua memoria \u00e8 la nostra storia\u201d, una campagna regionale che ha l\u2019obiettivo di costruire l\u2019archivio della memoria privata e familiare dei sardi. Il progetto prevede il recupero, la conservazione e la valorizzazione di quei filmati realizzati da tutti coloro che fino al 1985 hanno registrato, su &#8230; <a title=\"La tua memoria e\u0300 la nostra storia\" class=\"read-more\" href=\"https:\/\/www.umanitaria.it\/cagliari\/progetti-regionali\/la-tua-memoria-e-la-nostra-storia\/\" aria-label=\"Per saperne di pi\u00f9 su La tua memoria e\u0300 la nostra storia\">Leggi tutto<\/a><\/p>\n","protected":false},"author":1,"featured_media":15235,"parent":14664,"menu_order":0,"comment_status":"closed","ping_status":"closed","template":"","meta":{"_acf_changed":false,"_seopress_robots_primary_cat":"","_seopress_titles_title":"Attivit\u00e0 culturali alla Societ\u00e0 Umanitaria","_seopress_titles_desc":"La Societ\u00e0 Umanitaria propone un ampio programma culturale aperto a tutti, con incontri e eventi su temi attuali per stimolare riflessione, partecipazione e confronto su scala locale e globale.","_seopress_robots_index":"","inline_featured_image":false,"footnotes":""},"class_list":["post-14665","page","type-page","status-publish","has-post-thumbnail"],"acf":[],"_links":{"self":[{"href":"https:\/\/www.umanitaria.it\/cagliari\/wp-json\/wp\/v2\/pages\/14665","targetHints":{"allow":["GET"]}}],"collection":[{"href":"https:\/\/www.umanitaria.it\/cagliari\/wp-json\/wp\/v2\/pages"}],"about":[{"href":"https:\/\/www.umanitaria.it\/cagliari\/wp-json\/wp\/v2\/types\/page"}],"author":[{"embeddable":true,"href":"https:\/\/www.umanitaria.it\/cagliari\/wp-json\/wp\/v2\/users\/1"}],"replies":[{"embeddable":true,"href":"https:\/\/www.umanitaria.it\/cagliari\/wp-json\/wp\/v2\/comments?post=14665"}],"version-history":[{"count":2,"href":"https:\/\/www.umanitaria.it\/cagliari\/wp-json\/wp\/v2\/pages\/14665\/revisions"}],"predecessor-version":[{"id":14743,"href":"https:\/\/www.umanitaria.it\/cagliari\/wp-json\/wp\/v2\/pages\/14665\/revisions\/14743"}],"up":[{"embeddable":true,"href":"https:\/\/www.umanitaria.it\/cagliari\/wp-json\/wp\/v2\/pages\/14664"}],"wp:featuredmedia":[{"embeddable":true,"href":"https:\/\/www.umanitaria.it\/cagliari\/wp-json\/wp\/v2\/media\/15235"}],"wp:attachment":[{"href":"https:\/\/www.umanitaria.it\/cagliari\/wp-json\/wp\/v2\/media?parent=14665"}],"curies":[{"name":"wp","href":"https:\/\/api.w.org\/{rel}","templated":true}]}}