{"id":14666,"date":"2025-09-03T16:13:10","date_gmt":"2025-09-03T14:13:10","guid":{"rendered":"https:\/\/www.umanitaria.it\/sassari\/?page_id=14705"},"modified":"2025-12-01T18:20:10","modified_gmt":"2025-12-01T17:20:10","slug":"gira-che-ti-rigira","status":"publish","type":"page","link":"https:\/\/www.umanitaria.it\/cagliari\/progetti-regionali\/gira-che-ti-rigira\/","title":{"rendered":"Gira che ti riGira Contest"},"content":{"rendered":"\n<div class=\"progetti-regionali\">\n<p>Torna, per la <strong><mark style=\"background-color:rgba(0, 0, 0, 0)\" class=\"has-inline-color has-accent-color\">terza edizione<\/mark><\/strong>, il <strong>contest cinematografico Gira che ti riGira<\/strong>!<\/p>\n\n\n\n<p>Il concorso, <strong>ideato dai Centri Servizi Culturali della Societ\u00e0 Umanitaria di Cagliari, Carbonia<\/strong> <strong>e Alghero<\/strong>, \u00e8 <strong><mark style=\"background-color:rgba(0, 0, 0, 0)\" class=\"has-inline-color has-accent-color\">rivolto alle classi delle scuole<mark style=\"background-color:rgba(0, 0, 0, 0)\" class=\"has-inline-color has-accent-color\"> <\/mark><strong>statali <\/strong>primarie e secondarie di primo <\/mark><\/strong><mark style=\"background-color:rgba(0, 0, 0, 0)\" class=\"has-inline-color has-accent-color\"><strong>grado<\/strong><\/mark> <strong><mark style=\"background-color:rgba(0, 0, 0, 0)\" class=\"has-inline-color has-accent-color\">della Sardegna<\/mark><\/strong> e prevede la presentazione di un <strong>soggetto cinematografico<\/strong> finalizzato alla realizzazione di un cortometraggio. Le <strong>due sezioni<\/strong> \u2013 scuole primarie e scuole secondarie di primo grado \u2013 sono aperte a tutte le classi degli istituti statali sardi che desiderano partecipare. Il <strong>tema <\/strong>\u00e8 completamente <strong>libero<\/strong>: il soggetto pu\u00f2 descrivere una giornata tipo, reale o immaginaria, un sogno, un\u2019avventura vissuta da un animale domestico, dai propri giocattoli o da personaggi dei fumetti, dei cartoni animati o dei film, una storia fantastica, un\u2019intervista, un racconto horror, una storia d\u2019amore o qualsiasi altro genere cinematografico. Il soggetto non deve superare le <strong>due cartelle<\/strong>, corrispondenti a 3\u202f600 battute, e per la sua stesura \u00e8 sufficiente carta, penna e creativit\u00e0; si consiglia inoltre la lettura del <strong>tutorial <\/strong>(Allegato\u202fA), che fornisce<strong> consigli utili<\/strong> per elaborare il progetto.<\/p>\n\n\n<div class=\"wp-block-image\">\n<figure class=\"aligncenter size-full is-resized\"><img loading=\"lazy\" decoding=\"async\" width=\"1000\" height=\"375\" src=\"https:\/\/www.umanitaria.it\/cagliari\/wp-content\/uploads\/sites\/12\/2025\/09\/Progetto-Gira-Rigira.jpg\" alt=\"\" class=\"wp-image-14672\" style=\"width:606px;height:auto\" srcset=\"https:\/\/www.umanitaria.it\/cagliari\/wp-content\/uploads\/sites\/12\/2025\/09\/Progetto-Gira-Rigira.jpg 1000w, https:\/\/www.umanitaria.it\/cagliari\/wp-content\/uploads\/sites\/12\/2025\/09\/Progetto-Gira-Rigira-300x113.jpg 300w, https:\/\/www.umanitaria.it\/cagliari\/wp-content\/uploads\/sites\/12\/2025\/09\/Progetto-Gira-Rigira-768x288.jpg 768w\" sizes=\"auto, (max-width: 1000px) 100vw, 1000px\" \/><\/figure>\n<\/div>\n\n\n<p><\/p>\n\n\n\n<p>Le classi interessate devono <strong>inviare il soggetto cinematografico<\/strong>,<strong> <mark style=\"background-color:rgba(0, 0, 0, 0)\" class=\"has-inline-color has-accent-color\">entro il 28\u202ffebbraio\u202f2026<\/mark><\/strong>, all\u2019indirizzo <strong>e\u2011mail girachetirigira@umanitaria.it<\/strong>, allegando il <strong>modulo di partecipazione<\/strong> (Allegati B e C) compilato dal docente referente della classe. I soggetti pervenuti saranno valutati da una giuria composta da registi e operatori del cinema; <strong>saranno selezionati quattro lavori<\/strong> e i docenti referenti delle classi vincitrici saranno contattati via e\u2011mail entro il 15\u202fmarzo\u202f2026. I quattro <strong>soggetti vincitori saranno premiati con un laboratorio di cinema finalizzato alla realizzazione di un cortometraggio<\/strong>. Il laboratorio, condotto da professionisti del settore, accompagner\u00e0 le classi vincitrici nella <strong>traduzione filmica del soggetto<\/strong>, dal planning alla fase di montaggio, a partire da marzo\u202f2026, secondo modalit\u00e0 concordate con il corpo docente.<\/p>\n\n\n\n<p>I <strong>quattro cortometraggi realizzati saranno proiettati pubblicamente<\/strong>, alla presenza delle classi, dei docenti, dei filmmaker e dello staff del concorso.&nbsp;<\/p>\n\n\n\n<p>Per ulteriori informazioni \u00e8 possibile scrivere all\u2019indirizzo e\u2011mail <strong><mark style=\"background-color:rgba(0, 0, 0, 0)\" class=\"has-inline-color has-accent-color\">girachetirigira@umanitaria.it<\/mark><\/strong>.<\/p>\n\n\n\n<p><strong><mark style=\"background-color:rgba(0, 0, 0, 0)\" class=\"has-inline-color has-accent-color\">Gira che ti riGira<\/mark> \u00e8 un contest cinematografico regionale rivolto a bambini e bambine, ragazzi e ragazze<\/strong> che amano il cinema. <strong>La terza edizione \u00e8 organizzata e promossa dai Centri Servizi Culturali della Societ\u00e0 Umanitaria di Cagliari e Carbonia<\/strong>, che lo hanno ideato nel 2020 insieme al <strong>CSC di Alghero<\/strong>, in pieno lockdown, per tradurre online tutto ci\u00f2 che erano soliti fare dal vivo, provando a offrire ai pi\u00f9 piccoli un\u2019opportunit\u00e0 insieme di gioco, svago, creativit\u00e0 e apprendimento.<\/p>\n\n\n\n<div class=\"wp-block-file\"><a id=\"wp-block-file--media-526e5816-909b-4330-b310-3fe147597269\" href=\"https:\/\/www.umanitaria.it\/cagliari\/wp-content\/uploads\/sites\/12\/2025\/12\/REGOLAMENTO-.pdf\">REGOLAMENTO<\/a><a href=\"https:\/\/www.umanitaria.it\/cagliari\/wp-content\/uploads\/sites\/12\/2025\/12\/REGOLAMENTO-.pdf\" class=\"wp-block-file__button wp-element-button\" download aria-describedby=\"wp-block-file--media-526e5816-909b-4330-b310-3fe147597269\">Download<\/a><\/div>\n<\/div>\n\n\n\n<div class=\"wp-block-file\"><a id=\"wp-block-file--media-5b17acfc-5080-4622-bc7e-5768ccf1a816\" href=\"https:\/\/www.umanitaria.it\/cagliari\/wp-content\/uploads\/sites\/12\/2025\/11\/Allegato-A-Tutorial.pdf\">Allegato A &#8211; Tutorial<\/a><a href=\"https:\/\/www.umanitaria.it\/cagliari\/wp-content\/uploads\/sites\/12\/2025\/11\/Allegato-A-Tutorial.pdf\" class=\"wp-block-file__button wp-element-button\" download aria-describedby=\"wp-block-file--media-5b17acfc-5080-4622-bc7e-5768ccf1a816\">Download<\/a><\/div>\n\n\n\n<div class=\"wp-block-file\"><a id=\"wp-block-file--media-5a113d1b-3d04-4f54-9dc2-7f12b1c1e060\" href=\"https:\/\/www.umanitaria.it\/cagliari\/wp-content\/uploads\/sites\/12\/2025\/11\/Allegato-B-Modulo-Primarie.pdf\">Allegato B &#8211; Modulo Primarie<\/a><a href=\"https:\/\/www.umanitaria.it\/cagliari\/wp-content\/uploads\/sites\/12\/2025\/11\/Allegato-B-Modulo-Primarie.pdf\" class=\"wp-block-file__button wp-element-button\" download aria-describedby=\"wp-block-file--media-5a113d1b-3d04-4f54-9dc2-7f12b1c1e060\">Download<\/a><\/div>\n\n\n\n<div class=\"wp-block-file\"><a id=\"wp-block-file--media-5ed2861f-5dd9-464f-845e-0d07e04338c4\" href=\"https:\/\/www.umanitaria.it\/cagliari\/wp-content\/uploads\/sites\/12\/2025\/11\/Allegato-C-Modulo-Secondarie-Primo-Grado.pdf\">Allegato C &#8211; Modulo Secondarie Primo Grado<\/a><a href=\"https:\/\/www.umanitaria.it\/cagliari\/wp-content\/uploads\/sites\/12\/2025\/11\/Allegato-C-Modulo-Secondarie-Primo-Grado.pdf\" class=\"wp-block-file__button wp-element-button\" download aria-describedby=\"wp-block-file--media-5ed2861f-5dd9-464f-845e-0d07e04338c4\">Download<\/a><\/div>\n\n\n\n<div class=\"border-top\"><ul class=\"submenu-complete-intro\"><li><a href=\"https:\/\/www.umanitaria.it\/cagliari\/progetti-regionali\/gira-che-ti-rigira\/gira-che-ti-rigira-edizione-2020\/\"><h3><span>Edizione 2020<\/span><\/h3><div><picture><img decoding=\"async\" src=\"https:\/\/www.umanitaria.it\/cagliari\/wp-content\/uploads\/sites\/12\/2025\/09\/Gira-Rigira-Edizione2020-1024x576.jpg\" alt=\"Gira che ti riGira Contest\" \/><\/picture><p>Il debutto del contest: creativit\u00e0 e cinema per evadere dal lockdown.<\/p><\/div><\/a><\/li><li><a href=\"https:\/\/www.umanitaria.it\/cagliari\/progetti-regionali\/gira-che-ti-rigira\/gira-che-ti-rigira-edizione-2024\/\"><h3><span>Edizione 2024<\/span><\/h3><div><picture><img decoding=\"async\" src=\"https:\/\/www.umanitaria.it\/cagliari\/wp-content\/uploads\/sites\/12\/2025\/09\/Gira-Rigira-Edizione2024-1024x576.jpg\" alt=\"Gira che ti riGira Contest\" \/><\/picture><p>La seconda edizione del contest che porta il cinema nelle mani dei pi\u00f9 giovani.<\/p><\/div><\/a><\/li><\/ul>\n<\/div>\n","protected":false},"excerpt":{"rendered":"<p>Torna, per la terza edizione, il contest cinematografico Gira che ti riGira! Il concorso, ideato dai Centri Servizi Culturali della Societ\u00e0 Umanitaria di Cagliari, Carbonia e Alghero, \u00e8 rivolto alle classi delle scuole statali primarie e secondarie di primo grado della Sardegna e prevede la presentazione di un soggetto cinematografico finalizzato alla realizzazione di un &#8230; <a title=\"Gira che ti riGira Contest\" class=\"read-more\" href=\"https:\/\/www.umanitaria.it\/cagliari\/progetti-regionali\/gira-che-ti-rigira\/\" aria-label=\"Per saperne di pi\u00f9 su Gira che ti riGira Contest\">Leggi tutto<\/a><\/p>\n","protected":false},"author":1,"featured_media":14672,"parent":14664,"menu_order":0,"comment_status":"closed","ping_status":"closed","template":"","meta":{"_acf_changed":false,"_seopress_robots_primary_cat":"","_seopress_titles_title":"Attivit\u00e0 culturali alla Societ\u00e0 Umanitaria","_seopress_titles_desc":"La Societ\u00e0 Umanitaria propone un ampio programma culturale aperto a tutti, con incontri e eventi su temi attuali per stimolare riflessione, partecipazione e confronto su scala locale e globale.","_seopress_robots_index":"","inline_featured_image":false,"footnotes":""},"class_list":["post-14666","page","type-page","status-publish","has-post-thumbnail"],"acf":[],"_links":{"self":[{"href":"https:\/\/www.umanitaria.it\/cagliari\/wp-json\/wp\/v2\/pages\/14666","targetHints":{"allow":["GET"]}}],"collection":[{"href":"https:\/\/www.umanitaria.it\/cagliari\/wp-json\/wp\/v2\/pages"}],"about":[{"href":"https:\/\/www.umanitaria.it\/cagliari\/wp-json\/wp\/v2\/types\/page"}],"author":[{"embeddable":true,"href":"https:\/\/www.umanitaria.it\/cagliari\/wp-json\/wp\/v2\/users\/1"}],"replies":[{"embeddable":true,"href":"https:\/\/www.umanitaria.it\/cagliari\/wp-json\/wp\/v2\/comments?post=14666"}],"version-history":[{"count":30,"href":"https:\/\/www.umanitaria.it\/cagliari\/wp-json\/wp\/v2\/pages\/14666\/revisions"}],"predecessor-version":[{"id":16106,"href":"https:\/\/www.umanitaria.it\/cagliari\/wp-json\/wp\/v2\/pages\/14666\/revisions\/16106"}],"up":[{"embeddable":true,"href":"https:\/\/www.umanitaria.it\/cagliari\/wp-json\/wp\/v2\/pages\/14664"}],"wp:featuredmedia":[{"embeddable":true,"href":"https:\/\/www.umanitaria.it\/cagliari\/wp-json\/wp\/v2\/media\/14672"}],"wp:attachment":[{"href":"https:\/\/www.umanitaria.it\/cagliari\/wp-json\/wp\/v2\/media?parent=14666"}],"curies":[{"name":"wp","href":"https:\/\/api.w.org\/{rel}","templated":true}]}}