{"id":14667,"date":"2025-09-03T16:17:09","date_gmt":"2025-09-03T14:17:09","guid":{"rendered":"https:\/\/www.umanitaria.it\/sassari\/?page_id=14710"},"modified":"2025-10-06T01:18:45","modified_gmt":"2025-10-05T23:18:45","slug":"gira-che-ti-rigira-edizione-2024","status":"publish","type":"page","link":"https:\/\/www.umanitaria.it\/cagliari\/progetti-regionali\/gira-che-ti-rigira\/gira-che-ti-rigira-edizione-2024\/","title":{"rendered":"Edizione 2024"},"content":{"rendered":"\n<div class=\"progetti-regionali\">\n<p>Nato durante la pandemia, con l\u2019esigenza di offrire alle bambine e ai bambini uno spazio di espressione di s\u00e9 e creativit\u00e0, Gira che ti riGiratorna nel 2024 con una nuova formula <strong>2\u00aa edizione.<\/strong><\/p>\n\n\n\n<p><strong>Il concorso si divide infatti in due sezioni: la sezione FREE, <\/strong>per cortometraggi della durata massima di 10 minuti realizzati da under14 residenti in Sardegna; la <strong>sezione SCUOLE,<\/strong> per soggetti cinematografici finalizzati alla realizzazione di un cortometraggio, scritti da classi di scuole secondarie di primo grado della Sardegna.<\/p>\n\n\n\n<p>Anche questa volta i CSC della Societ\u00e0 Umanitaria hanno messo a disposizione dei partecipanti una \u201ccassetta degli attrezzi\u201d: per la sezione FREE, 7 brevi video tutorial, le cinepillole, realizzati dai filmmaker Alberta Raccis e Francesco Valvo; per la sezione SCUOLE: una breve guida per aiutare docenti e studenti a scrivere un soggetto cinematografico.<\/p>\n\n\n\n<p>In palio, per gli autori e le autrici dei cortometraggi vincitori della sezione FREE una fornitura di libri di cinema e un carnet di 10 ingressi omaggio nella sala cinematografica a loro pi\u00f9 vicina; per i tre migliori soggetti cinematografici della sezione SCUOLE, un corso di cinema gratuito finalizzato alla realizzazione del cortometraggio, curato da un professionista. A valutare i soggetti, una giuria composta da professionisti del cinema: i registi Andrea Mura e Alberto Diana e la regista Michela Anedda.<\/p>\n\n\n\n<p>I laboratori, presso le scuole vincitrici, si sono svolti nei primi mesi del 2025:<\/p>\n\n\n\n<ul class=\"wp-block-list\">\n<li>l\u2019Istituto Comprensivo di Algero, sotto la guida dal filmmaker Fabio Sanna, ha realizzato il cortometraggio <em>Fatti gli affari tuoi!<\/em><\/li>\n\n\n\n<li>l\u2019Istituto comprensivo di Uta, sotto la guida del filmmaker Nicola Onnis, ha realizzato il cortometraggio <em>Mia<\/em><\/li>\n\n\n\n<li>l\u2019Istituto comprensivo di Sanluri, sotto la guida della filmmaker Barbara Sanna affinacata da Emanuele Loddo, ha realizzato il cortometraggio <em>Viaggio al buio.<\/em><\/li>\n<\/ul>\n\n\n\n<p>Vincitori della sezione FREE, \u201cSuperDario\u201d di Arianna Cabras e \u201cIl potere di uno sguardo\u201d di Francesco Scioni.<\/p>\n\n\n\n<p>I cortometraggi vincitori, insieme al fuori concorso \u201cLa casa degli spiriti\u201d di Mauro e Leonardo Jamme, e ai cortometraggi realizzati nelle scuole, sono stati proiettati al Cinema Odissea di Cagliari e a Lo Quarter ad Alghero, in due momenti di presentazione e premiazione pubblica che hanno visto la partecipazione dei protagonisti di questo coinvolgente progetto.<\/p>\n<\/div>\n","protected":false},"excerpt":{"rendered":"<p>Nato durante la pandemia, con l\u2019esigenza di offrire alle bambine e ai bambini uno spazio di espressione di s\u00e9 e creativit\u00e0, Gira che ti riGiratorna nel 2024 con una nuova formula 2\u00aa edizione. Il concorso si divide infatti in due sezioni: la sezione FREE, per cortometraggi della durata massima di 10 minuti realizzati da under14 &#8230; <a title=\"Edizione 2024\" class=\"read-more\" href=\"https:\/\/www.umanitaria.it\/cagliari\/progetti-regionali\/gira-che-ti-rigira\/gira-che-ti-rigira-edizione-2024\/\" aria-label=\"Per saperne di pi\u00f9 su Edizione 2024\">Leggi tutto<\/a><\/p>\n","protected":false},"author":1,"featured_media":14674,"parent":14666,"menu_order":3,"comment_status":"closed","ping_status":"closed","template":"","meta":{"_acf_changed":false,"_seopress_robots_primary_cat":"","_seopress_titles_title":"Attivit\u00e0 culturali alla Societ\u00e0 Umanitaria","_seopress_titles_desc":"La Societ\u00e0 Umanitaria propone un ampio programma culturale aperto a tutti, con incontri e eventi su temi attuali per stimolare riflessione, partecipazione e confronto su scala locale e globale.","_seopress_robots_index":"","inline_featured_image":false,"footnotes":""},"class_list":["post-14667","page","type-page","status-publish","has-post-thumbnail"],"acf":[],"_links":{"self":[{"href":"https:\/\/www.umanitaria.it\/cagliari\/wp-json\/wp\/v2\/pages\/14667","targetHints":{"allow":["GET"]}}],"collection":[{"href":"https:\/\/www.umanitaria.it\/cagliari\/wp-json\/wp\/v2\/pages"}],"about":[{"href":"https:\/\/www.umanitaria.it\/cagliari\/wp-json\/wp\/v2\/types\/page"}],"author":[{"embeddable":true,"href":"https:\/\/www.umanitaria.it\/cagliari\/wp-json\/wp\/v2\/users\/1"}],"replies":[{"embeddable":true,"href":"https:\/\/www.umanitaria.it\/cagliari\/wp-json\/wp\/v2\/comments?post=14667"}],"version-history":[{"count":2,"href":"https:\/\/www.umanitaria.it\/cagliari\/wp-json\/wp\/v2\/pages\/14667\/revisions"}],"predecessor-version":[{"id":14742,"href":"https:\/\/www.umanitaria.it\/cagliari\/wp-json\/wp\/v2\/pages\/14667\/revisions\/14742"}],"up":[{"embeddable":true,"href":"https:\/\/www.umanitaria.it\/cagliari\/wp-json\/wp\/v2\/pages\/14666"}],"wp:featuredmedia":[{"embeddable":true,"href":"https:\/\/www.umanitaria.it\/cagliari\/wp-json\/wp\/v2\/media\/14674"}],"wp:attachment":[{"href":"https:\/\/www.umanitaria.it\/cagliari\/wp-json\/wp\/v2\/media?parent=14667"}],"curies":[{"name":"wp","href":"https:\/\/api.w.org\/{rel}","templated":true}]}}