{"id":14668,"date":"2025-09-03T16:23:31","date_gmt":"2025-09-03T14:23:31","guid":{"rendered":"https:\/\/www.umanitaria.it\/sassari\/?page_id=14718"},"modified":"2025-10-06T01:18:45","modified_gmt":"2025-10-05T23:18:45","slug":"gira-che-ti-rigira-edizione-2020","status":"publish","type":"page","link":"https:\/\/www.umanitaria.it\/cagliari\/progetti-regionali\/gira-che-ti-rigira\/gira-che-ti-rigira-edizione-2020\/","title":{"rendered":"Edizione 2020"},"content":{"rendered":"\n<div class=\"progetti-regionali\">\n<p><strong>Nel 2020, in pieno lockdown per la pandemia di Covid-19, i C.S.C. di Alghero, Cagliari e Carbonia della Societ\u00e0 Umanitaria hanno lanciato <em>Gira che ti riGira<\/em>, un contest cinematografico rivolto agli under-14<\/strong> con l\u2019obiettivo di intrattenere bambine e bambini in un\u2019attivit\u00e0 creativa e divertente che consentisse loro di \u201cevadere\u201d attraverso il cinema dalla forzata reclusione in casa e dalle pesanti restrizioni sociali.<\/p>\n\n\n\n<p>La consegna era quella di <strong>realizzare e inviare entro il 15 giugno un cortometraggio di massimo 5 minuti<\/strong>, a tema libero, con gli strumenti, gli scenari e i personaggi che gli aspiranti autori e autrici avevano a disposizione. Tra questi, la mini-guida di 7 cinepillole, realizzata per l\u2019occasione dai filmmaker <strong>Francesco Valvo<\/strong> e <strong>Alberta Raccis<\/strong>, che con un linguaggio immediato e uno stile fresco ha fornito loro preziosi consigli su come girare un film: dalla scelta dell\u2019argomento alle inquadrature, dalla musica di accompagnamento al montaggio delle sequenze. Le clip erano facilmente reperibili sulle <strong>pagine Facebook dei tre Centri<\/strong> e sul <a href=\"https:\/\/vimeo.com\/user111692514\" target=\"_blank\" rel=\"noreferrer noopener\"><strong>canale Vimeo CSC Umanitaria Sardegna<\/strong><\/a>.<\/p>\n\n\n\n<p>Al termine del concorso tutti i lavori selezionati sono stati caricati sullo stesso canale Vimeo e una giuria formata dagli operatori sardi della Societ\u00e0 Umanitaria ha scelto i tre corti che avevano interpretato con pi\u00f9 originalit\u00e0 e creativit\u00e0 i consigli degli esperti. Questi sono stati poi proiettati pubblicamente in occasione di una speciale serata che si \u00e8 tenuta a settembre nel <strong>Teatro Nanni Loy di Cagliari<\/strong>. Ai\/le vincitori\/trici sono stati consegnati premi in libri di cinema, DVD e carnet di ingressi omaggio nella propria sala cinematografica preferita, in attesa della riapertura dei cinema.<\/p>\n\n\n\n<p>I corti vincitori della prima edizione di <em>Gira che ti riGira<\/em> sono stati: <em>&#8220;La scomparsa del bidello&#8221;<\/em> di <strong>Alice Zasso<\/strong> e <strong>Viola Enas<\/strong>, un divertente thriller sospeso tra sogno e realt\u00e0; il rocambolesco <em>&#8220;Fuga dal coronavirus&#8221;<\/em> di <strong>Greta Zedda<\/strong>, ex aequo con il corto animato <em>&#8220;Storia di una principessa\u201d<\/em> di <strong>Anna Ledda<\/strong>; al terzo posto <em>&#8220;Quarantine&#8221;<\/em> di , autoironico racconto di una giornata di lockdown (e dell&#8217;agognata liberazione!).<\/p>\n\n\n\n<p>A tutti coloro che hanno partecipato al concorso e non hanno vinto \u00e8 stato regalato il libro \u201cFatti un film!\u201d, una preziosa guida per registi in erba, con l\u2019augurio che l\u2019esperienza maturata nel corso della prima edizione di <em>Gira che ti riGira <\/em>potesse germogliare in tanti nuovi bellissimi film.<\/p>\n<\/div>\n","protected":false},"excerpt":{"rendered":"<p>Nel 2020, in pieno lockdown per la pandemia di Covid-19, i C.S.C. di Alghero, Cagliari e Carbonia della Societ\u00e0 Umanitaria hanno lanciato Gira che ti riGira, un contest cinematografico rivolto agli under-14 con l\u2019obiettivo di intrattenere bambine e bambini in un\u2019attivit\u00e0 creativa e divertente che consentisse loro di \u201cevadere\u201d attraverso il cinema dalla forzata reclusione &#8230; <a title=\"Edizione 2020\" class=\"read-more\" href=\"https:\/\/www.umanitaria.it\/cagliari\/progetti-regionali\/gira-che-ti-rigira\/gira-che-ti-rigira-edizione-2020\/\" aria-label=\"Per saperne di pi\u00f9 su Edizione 2020\">Leggi tutto<\/a><\/p>\n","protected":false},"author":1,"featured_media":14673,"parent":14666,"menu_order":1,"comment_status":"closed","ping_status":"closed","template":"","meta":{"_acf_changed":false,"_seopress_robots_primary_cat":"","_seopress_titles_title":"Attivit\u00e0 culturali alla Societ\u00e0 Umanitaria","_seopress_titles_desc":"La Societ\u00e0 Umanitaria propone un ampio programma culturale aperto a tutti, con incontri e eventi su temi attuali per stimolare riflessione, partecipazione e confronto su scala locale e globale.","_seopress_robots_index":"","inline_featured_image":false,"footnotes":""},"class_list":["post-14668","page","type-page","status-publish","has-post-thumbnail"],"acf":[],"_links":{"self":[{"href":"https:\/\/www.umanitaria.it\/cagliari\/wp-json\/wp\/v2\/pages\/14668","targetHints":{"allow":["GET"]}}],"collection":[{"href":"https:\/\/www.umanitaria.it\/cagliari\/wp-json\/wp\/v2\/pages"}],"about":[{"href":"https:\/\/www.umanitaria.it\/cagliari\/wp-json\/wp\/v2\/types\/page"}],"author":[{"embeddable":true,"href":"https:\/\/www.umanitaria.it\/cagliari\/wp-json\/wp\/v2\/users\/1"}],"replies":[{"embeddable":true,"href":"https:\/\/www.umanitaria.it\/cagliari\/wp-json\/wp\/v2\/comments?post=14668"}],"version-history":[{"count":2,"href":"https:\/\/www.umanitaria.it\/cagliari\/wp-json\/wp\/v2\/pages\/14668\/revisions"}],"predecessor-version":[{"id":14741,"href":"https:\/\/www.umanitaria.it\/cagliari\/wp-json\/wp\/v2\/pages\/14668\/revisions\/14741"}],"up":[{"embeddable":true,"href":"https:\/\/www.umanitaria.it\/cagliari\/wp-json\/wp\/v2\/pages\/14666"}],"wp:featuredmedia":[{"embeddable":true,"href":"https:\/\/www.umanitaria.it\/cagliari\/wp-json\/wp\/v2\/media\/14673"}],"wp:attachment":[{"href":"https:\/\/www.umanitaria.it\/cagliari\/wp-json\/wp\/v2\/media?parent=14668"}],"curies":[{"name":"wp","href":"https:\/\/api.w.org\/{rel}","templated":true}]}}