{"id":14778,"date":"2025-09-29T11:22:28","date_gmt":"2025-09-29T09:22:28","guid":{"rendered":"https:\/\/www.umanitaria.it\/cagliari\/?page_id=14778"},"modified":"2025-10-05T23:58:36","modified_gmt":"2025-10-05T21:58:36","slug":"archivio-fotografico-2","status":"publish","type":"page","link":"https:\/\/www.umanitaria.it\/cagliari\/archivi\/archivio-fotografico-2\/","title":{"rendered":"Archivio fotografico"},"content":{"rendered":"\n<div><div class=\"wp-block-image\">\n<figure class=\"alignleft size-large is-resized\"><img loading=\"lazy\" decoding=\"async\" width=\"768\" height=\"1024\" src=\"https:\/\/www.umanitaria.it\/cagliari\/wp-content\/uploads\/sites\/12\/2025\/09\/fotografico-768x1024.jpg\" alt=\"\" class=\"wp-image-14846\" style=\"width:437px;height:auto\" srcset=\"https:\/\/www.umanitaria.it\/cagliari\/wp-content\/uploads\/sites\/12\/2025\/09\/fotografico-768x1024.jpg 768w, https:\/\/www.umanitaria.it\/cagliari\/wp-content\/uploads\/sites\/12\/2025\/09\/fotografico-225x300.jpg 225w, https:\/\/www.umanitaria.it\/cagliari\/wp-content\/uploads\/sites\/12\/2025\/09\/fotografico-1152x1536.jpg 1152w, https:\/\/www.umanitaria.it\/cagliari\/wp-content\/uploads\/sites\/12\/2025\/09\/fotografico.jpg 1536w\" sizes=\"auto, (max-width: 768px) 100vw, 768px\" \/><\/figure>\n<\/div>\n\n\n<p>L&#8217;Archivio Fotografico nasce con l&#8217;obiettivo di preservare e arricchire la memoria storica gi\u00e0 custodita dalla Cineteca, attraverso la digitalizzazione e la conservazione di materiali fotografici. Questo vasto patrimonio comprende supporti e formati differenti, testimoniando quasi due secoli di storia della Sardegna.<\/p>\n\n\n\n<p>L&#8217;archivio raccoglie sia fotografie istituzionali sia scatti amatoriali, includendo immagini realizzate da fotografi professionisti accanto a fotografie di famiglia che raccontano momenti quotidiani e intimi. \u00c8, quindi, una preziosa testimonianza visiva della comunit\u00e0 sarda, dei suoi usi e costumi. <strong>Il materiale \u00e8 consultabile in loco <\/strong>e costituisce la base per attivit\u00e0 didattiche, espositive e editoriali.<\/p>\n\n\n\n<p>Nel corso del tempo, la raccolta fotografica si \u00e8 arricchita grazie ad acquisizioni di materiali appartenenti a storiche famiglie sassaresi e cagliaritane, a celebri fotografi sardi e a importanti collezioni private. A queste si aggiungono le fotografie istituzionali della Regione Sardegna e del Consiglio Regionale. Tra le raccolte pi\u00f9 significative vi sono fotografie provenienti da collezioni private risalenti al 1850 (fondo Vodret), immagini che documentano la Cagliari dei primi del Novecento (Costa) e scatti relativi al periodo bellico (Simon Mossa). Il fondo della RAS (Regione Autonoma della Sardegna) conserva materiali istituzionali che coprono un arco temporale che va dagli anni &#8217;30 fino ai primi anni 2000.<\/p>\n\n\n\n<p>Oltre alle fotografie, l&#8217;archivio conserva piccoli fondi, album di famiglia, cartoline, stereoscopie, vetrini per lanterna magica e una vasta collezione di macchine fotografiche d&#8217;epoca.<\/p>\n<\/div>\n","protected":false},"excerpt":{"rendered":"<p>L&#8217;Archivio Fotografico nasce con l&#8217;obiettivo di preservare e arricchire la memoria storica gi\u00e0 custodita dalla Cineteca, attraverso la digitalizzazione e la conservazione di materiali fotografici. Questo vasto patrimonio comprende supporti e formati differenti, testimoniando quasi due secoli di storia della Sardegna. L&#8217;archivio raccoglie sia fotografie istituzionali sia scatti amatoriali, includendo immagini realizzate da fotografi professionisti &#8230; <a title=\"Archivio fotografico\" class=\"read-more\" href=\"https:\/\/www.umanitaria.it\/cagliari\/archivi\/archivio-fotografico-2\/\" aria-label=\"Per saperne di pi\u00f9 su Archivio fotografico\">Leggi tutto<\/a><\/p>\n","protected":false},"author":5,"featured_media":14864,"parent":1001,"menu_order":6,"comment_status":"closed","ping_status":"closed","template":"","meta":{"_acf_changed":false,"_seopress_robots_primary_cat":"","_seopress_titles_title":"","_seopress_titles_desc":"","_seopress_robots_index":"","inline_featured_image":false,"footnotes":""},"class_list":["post-14778","page","type-page","status-publish","has-post-thumbnail"],"acf":[],"_links":{"self":[{"href":"https:\/\/www.umanitaria.it\/cagliari\/wp-json\/wp\/v2\/pages\/14778","targetHints":{"allow":["GET"]}}],"collection":[{"href":"https:\/\/www.umanitaria.it\/cagliari\/wp-json\/wp\/v2\/pages"}],"about":[{"href":"https:\/\/www.umanitaria.it\/cagliari\/wp-json\/wp\/v2\/types\/page"}],"author":[{"embeddable":true,"href":"https:\/\/www.umanitaria.it\/cagliari\/wp-json\/wp\/v2\/users\/5"}],"replies":[{"embeddable":true,"href":"https:\/\/www.umanitaria.it\/cagliari\/wp-json\/wp\/v2\/comments?post=14778"}],"version-history":[{"count":4,"href":"https:\/\/www.umanitaria.it\/cagliari\/wp-json\/wp\/v2\/pages\/14778\/revisions"}],"predecessor-version":[{"id":15378,"href":"https:\/\/www.umanitaria.it\/cagliari\/wp-json\/wp\/v2\/pages\/14778\/revisions\/15378"}],"up":[{"embeddable":true,"href":"https:\/\/www.umanitaria.it\/cagliari\/wp-json\/wp\/v2\/pages\/1001"}],"wp:featuredmedia":[{"embeddable":true,"href":"https:\/\/www.umanitaria.it\/cagliari\/wp-json\/wp\/v2\/media\/14864"}],"wp:attachment":[{"href":"https:\/\/www.umanitaria.it\/cagliari\/wp-json\/wp\/v2\/media?parent=14778"}],"curies":[{"name":"wp","href":"https:\/\/api.w.org\/{rel}","templated":true}]}}