{"id":15539,"date":"2025-10-06T14:55:28","date_gmt":"2025-10-06T12:55:28","guid":{"rendered":"https:\/\/www.umanitaria.it\/cagliari\/?page_id=15539"},"modified":"2025-10-06T15:19:17","modified_gmt":"2025-10-06T13:19:17","slug":"dive-2023","status":"publish","type":"page","link":"https:\/\/www.umanitaria.it\/cagliari\/estate-a-monte-claro-edizioni-passate\/dive-2023\/","title":{"rendered":"Dive &#8211; 2023"},"content":{"rendered":"\n<p>La XIII edizione di &#8220;Pagine di cinema in bianco e nero&#8221; propone una rassegna dal titolo <strong>DIVE<\/strong>, dedicato a 8 indimenticabili icone del cinema mondiale.<\/p>\n\n\n\n<p><\/p>\n\n\n\n<p><strong><mark style=\"background-color:rgba(0, 0, 0, 0)\" class=\"has-inline-color has-global-color-8-color\">PROGRAMMA:<\/mark><\/strong><\/p>\n\n\n\n<p>\u2022 gioved\u00ec 20 giugno, ore 21 circa (al primo buio)<br><strong>Aelita<\/strong> (Jakov Aleksandrovi\u010d Protazanov, URSS, 1924)<\/p>\n\n\n\n<p>\u2022 marted\u00ec 2 luglio, ore 21 circa<br><strong>Ombre rosse<\/strong> (John Ford, USA, 1939, 96&#8242;)<\/p>\n\n\n\n<p>\u2022 gioved\u00ec 4 luglio, ore 21 circa<br><strong>Ultimatum alla Terra<\/strong> (Robert Wise, USA, 1950, 88\u2019)<\/p>\n\n\n\n<p>\u2022 gioved\u00ec 11 luglio, ore 21 circa<br><strong>Donne verso l&#8217;ignoto<\/strong> (William A. Wellman, USA, 1951, 118\u2019)<\/p>\n\n\n\n<p>\u2022 gioved\u00ec 18 luglio, ore 21 circa<br><strong>L&#8217;invasione degli ultracorpi<\/strong> (Don Siegel, USA, 1956, 80\u2019)<\/p>\n\n\n\n<p>\u2022 gioved\u00ec 25 luglio, ore 21 circa<br><strong>Furia selvaggia &#8211; Billy Kid<\/strong> (Arthur Penn, USA, 1958, 102&#8242;)<\/p>\n\n\n\n<p>\u2022 gioved\u00ec 1 agosto, ore 21 circa<br><strong>Il villaggio dei dannati <\/strong>(Wolf Rilla, USA, 1960, 80\u2019)<\/p>\n\n\n\n<p>\u2022 gioved\u00ec 8 agosto, ore 21 circa<br><strong>Il dio nero e il diavolo biondo<\/strong> (Glauber Rocha, Brasile, 1964, 120&#8242;)<\/p>\n\n\n\n<p><strong>L&#8217;ingresso \u00e8 libero e gratuito.<\/strong><\/p>\n\n\n\n<p>La rassegna \u00e8 organizzata dal C.S.C. Cagliari della Societ\u00e0 Umanitaria &#8211; Cineteca Sarda in collaborazione con la Citt\u00e0 Metropolitana di Cagliari, il Sistema Bibliotecario Monte Claro e la Pro Service S.p.a.<\/p>\n","protected":false},"excerpt":{"rendered":"<p>La XIII edizione di &#8220;Pagine di cinema in bianco e nero&#8221; propone una rassegna dal titolo DIVE, dedicato a 8 indimenticabili icone del cinema mondiale. PROGRAMMA: \u2022 gioved\u00ec 20 giugno, ore 21 circa (al primo buio)Aelita (Jakov Aleksandrovi\u010d Protazanov, URSS, 1924) \u2022 marted\u00ec 2 luglio, ore 21 circaOmbre rosse (John Ford, USA, 1939, 96&#8242;) \u2022 &#8230; <a title=\"Dive &#8211; 2023\" class=\"read-more\" href=\"https:\/\/www.umanitaria.it\/cagliari\/estate-a-monte-claro-edizioni-passate\/dive-2023\/\" aria-label=\"Per saperne di pi\u00f9 su Dive &#8211; 2023\">Leggi tutto<\/a><\/p>\n","protected":false},"author":13,"featured_media":15540,"parent":15003,"menu_order":3,"comment_status":"closed","ping_status":"closed","template":"","meta":{"_acf_changed":false,"_seopress_robots_primary_cat":"","_seopress_titles_title":"","_seopress_titles_desc":"","_seopress_robots_index":"","inline_featured_image":false,"footnotes":""},"class_list":["post-15539","page","type-page","status-publish","has-post-thumbnail"],"acf":[],"_links":{"self":[{"href":"https:\/\/www.umanitaria.it\/cagliari\/wp-json\/wp\/v2\/pages\/15539","targetHints":{"allow":["GET"]}}],"collection":[{"href":"https:\/\/www.umanitaria.it\/cagliari\/wp-json\/wp\/v2\/pages"}],"about":[{"href":"https:\/\/www.umanitaria.it\/cagliari\/wp-json\/wp\/v2\/types\/page"}],"author":[{"embeddable":true,"href":"https:\/\/www.umanitaria.it\/cagliari\/wp-json\/wp\/v2\/users\/13"}],"replies":[{"embeddable":true,"href":"https:\/\/www.umanitaria.it\/cagliari\/wp-json\/wp\/v2\/comments?post=15539"}],"version-history":[{"count":2,"href":"https:\/\/www.umanitaria.it\/cagliari\/wp-json\/wp\/v2\/pages\/15539\/revisions"}],"predecessor-version":[{"id":15542,"href":"https:\/\/www.umanitaria.it\/cagliari\/wp-json\/wp\/v2\/pages\/15539\/revisions\/15542"}],"up":[{"embeddable":true,"href":"https:\/\/www.umanitaria.it\/cagliari\/wp-json\/wp\/v2\/pages\/15003"}],"wp:featuredmedia":[{"embeddable":true,"href":"https:\/\/www.umanitaria.it\/cagliari\/wp-json\/wp\/v2\/media\/15540"}],"wp:attachment":[{"href":"https:\/\/www.umanitaria.it\/cagliari\/wp-json\/wp\/v2\/media?parent=15539"}],"curies":[{"name":"wp","href":"https:\/\/api.w.org\/{rel}","templated":true}]}}