{"id":15543,"date":"2025-10-06T15:01:02","date_gmt":"2025-10-06T13:01:02","guid":{"rendered":"https:\/\/www.umanitaria.it\/cagliari\/?page_id=15543"},"modified":"2025-10-06T15:19:17","modified_gmt":"2025-10-06T13:19:17","slug":"monocromo-2-2022","status":"publish","type":"page","link":"https:\/\/www.umanitaria.it\/cagliari\/estate-a-monte-claro-edizioni-passate\/monocromo-2-2022\/","title":{"rendered":"Monocromo 2 &#8211; 2022"},"content":{"rendered":"\n<p><strong>Marted\u00ec 28 giugno 2022<\/strong>, intorno alle ore 21, nello spiazzo antistante la Cappella di Santa Maria Chiara nel\u00a0<strong>Parco di Monte Claro<\/strong>\u00a0(Cagliari), prende il via la dodicesima edizione della rassegna cinematografica all&#8217;aperto \u201cPagine di cinema in bianco e nero\u201d.<\/p>\n\n\n\n<p>Dopo aver proposto, negli ultimi anni, alcuni grandi classici della storia del cinema, seguendo le carriere di grandi interpreti internazionali (Anna Magnani e Bette Devis, Amedeo Nazzari e Cary Grant), mettendo a confronto i generi (il comico e l\u2019horror, il melodramma e la commedia sentimentale) e alcune tra le coppie cinematografiche pi\u00f9 amate, quest\u2019anno il C.S.C. di Cagliari della Societ\u00e0 Umanitaria \u2013 Cineteca Sarda propone la seconda edizione di Monocromo, con un nuovo percorso cinematografico che mette insieme quattro pietre miliari dell\u2019epoca classica della celluloide con altrettante opere della cinematografia pi\u00f9 recente, legate tra loro per elementi quali trama o genere \u2026 e tutte rigorosamente in bianco e nero!<\/p>\n\n\n\n<p>La rassegna, dal titolo&nbsp;<a href=\"https:\/\/www.facebook.com\/events\/1120818111831641\/1120818131831639?event_time_id=1120818131831639&amp;ref=newsfeed\"><strong>MONOCROMO 2 &#8211; Black&amp;White Never Dies!<\/strong><\/a>, \u00e8 organizzata dalla Societ\u00e0 Umanitaria &#8211; Cineteca Sarda di Cagliari con il Patrocinio della Citt\u00e0 Metropolitana di Cagliari, insieme al Sistema Bibliotecario &#8220;Emilio Lussu\u201d, e sar\u00e0 inaugurata marted\u00ec 28 giugno con la proiezione dell\u2019immortale capolavoro del cinema horror&nbsp;<em>Freaks<\/em>&nbsp;di Tod Browing (USA, 1932).<\/p>\n\n\n\n<p><br><strong>Ingresso libero e gratuito.<\/strong><\/p>\n\n\n\n<p><br><mark style=\"background-color:rgba(0, 0, 0, 0)\" class=\"has-inline-color has-global-color-8-color\"><br><strong>Programma completo:<\/strong><\/mark><br><br>\u2022 28\/6\/22 >\u00a0<strong>Freaks<\/strong>\u00a0di Tod Browning (USA, 1932, 64\u2019)<br><br>\u2022 30\/6\/22 >\u00a0<strong>The Elephant Man<\/strong>\u00a0di David Lynch (USA, 1980, 120\u2019)<br><br>\u2022 5\/7\/22 >\u00a0<strong>Il dottor Miracolo<\/strong>\u00a0di Robert Florey (USA, 1932, 75\u2019)<br><br>\u2022 7\/7\/22 >\u00a0<strong>Ed Wood<\/strong>\u00a0di Tim Burton (USA, 1994, 125\u2019)<br><br>\u2022 12\/7\/22 >\u00a0<strong>Quarto potere<\/strong>\u00a0di Orson Welles (USA, 1941, 119&#8242;)<br><br>\u2022 14\/7\/22 >\u00a0<strong>Good Night, and Good Luck.<\/strong>\u00a0di George Clooney (USA, 2005, 93&#8242;)<br><br>\u2022 19\/7\/22 >\u00a0<strong>Io la conoscevo bene<\/strong>\u00a0di Antonio Pietrangeli (Italia, 1965, 115&#8242;)<br><br>\u2022 21\/7\/22 >\u00a0<strong>Frances Ha<\/strong>\u00a0di Noah Baumbach (USA, 2012, 86&#8242;)<\/p>\n","protected":false},"excerpt":{"rendered":"<p>Marted\u00ec 28 giugno 2022, intorno alle ore 21, nello spiazzo antistante la Cappella di Santa Maria Chiara nel\u00a0Parco di Monte Claro\u00a0(Cagliari), prende il via la dodicesima edizione della rassegna cinematografica all&#8217;aperto \u201cPagine di cinema in bianco e nero\u201d. Dopo aver proposto, negli ultimi anni, alcuni grandi classici della storia del cinema, seguendo le carriere di &#8230; <a title=\"Monocromo 2 &#8211; 2022\" class=\"read-more\" href=\"https:\/\/www.umanitaria.it\/cagliari\/estate-a-monte-claro-edizioni-passate\/monocromo-2-2022\/\" aria-label=\"Per saperne di pi\u00f9 su Monocromo 2 &#8211; 2022\">Leggi tutto<\/a><\/p>\n","protected":false},"author":13,"featured_media":15544,"parent":15003,"menu_order":4,"comment_status":"closed","ping_status":"closed","template":"","meta":{"_acf_changed":false,"_seopress_robots_primary_cat":"","_seopress_titles_title":"","_seopress_titles_desc":"","_seopress_robots_index":"","inline_featured_image":false,"footnotes":""},"class_list":["post-15543","page","type-page","status-publish","has-post-thumbnail"],"acf":[],"_links":{"self":[{"href":"https:\/\/www.umanitaria.it\/cagliari\/wp-json\/wp\/v2\/pages\/15543","targetHints":{"allow":["GET"]}}],"collection":[{"href":"https:\/\/www.umanitaria.it\/cagliari\/wp-json\/wp\/v2\/pages"}],"about":[{"href":"https:\/\/www.umanitaria.it\/cagliari\/wp-json\/wp\/v2\/types\/page"}],"author":[{"embeddable":true,"href":"https:\/\/www.umanitaria.it\/cagliari\/wp-json\/wp\/v2\/users\/13"}],"replies":[{"embeddable":true,"href":"https:\/\/www.umanitaria.it\/cagliari\/wp-json\/wp\/v2\/comments?post=15543"}],"version-history":[{"count":1,"href":"https:\/\/www.umanitaria.it\/cagliari\/wp-json\/wp\/v2\/pages\/15543\/revisions"}],"predecessor-version":[{"id":15545,"href":"https:\/\/www.umanitaria.it\/cagliari\/wp-json\/wp\/v2\/pages\/15543\/revisions\/15545"}],"up":[{"embeddable":true,"href":"https:\/\/www.umanitaria.it\/cagliari\/wp-json\/wp\/v2\/pages\/15003"}],"wp:featuredmedia":[{"embeddable":true,"href":"https:\/\/www.umanitaria.it\/cagliari\/wp-json\/wp\/v2\/media\/15544"}],"wp:attachment":[{"href":"https:\/\/www.umanitaria.it\/cagliari\/wp-json\/wp\/v2\/media?parent=15543"}],"curies":[{"name":"wp","href":"https:\/\/api.w.org\/{rel}","templated":true}]}}