{"id":15546,"date":"2025-10-06T15:12:29","date_gmt":"2025-10-06T13:12:29","guid":{"rendered":"https:\/\/www.umanitaria.it\/cagliari\/?page_id=15546"},"modified":"2025-10-06T15:19:19","modified_gmt":"2025-10-06T13:19:19","slug":"monocromo-2021","status":"publish","type":"page","link":"https:\/\/www.umanitaria.it\/cagliari\/estate-a-monte-claro-edizioni-passate\/monocromo-2021\/","title":{"rendered":"Monocromo &#8211; 2021"},"content":{"rendered":"\n<p>Prende il via l&#8217;XI edizione della rassegna cinematografica all&#8217;aperto nel Parco di Monte Claro \u201c<strong>Pagine di cinema in bianco e nero<\/strong>\u201d!<\/p>\n\n\n\n<p>Con il patrocinio della Citt\u00e0 Metropolitana di Cagliari e la collaborazione della Biblioteca Metropolitana &#8220;Emilio Lussu&#8221;, il C.S.C. Cagliari della Societ\u00e0 Umanitaria &#8211; Cineteca Sarda propone al pubblico otto titoli, met\u00e0 relativi al cinema classico e met\u00e0 appartenenti al cinema contemporaneo, legati tra loro da elementi di trama e tutti rigorosamente in bianco e nero!<\/p>\n\n\n\n<p><strong><mark style=\"background-color:rgba(0, 0, 0, 0)\" class=\"has-inline-color has-global-color-8-color\">Programma:<\/mark><\/strong><\/p>\n\n\n\n<p>\u2022 marted\u00ec 6 luglio 2021, ore 21 circa<\/p>\n\n\n\n<p><strong>Frankenstein<\/strong> di James Whale (USA, 1931, 71&#8242;)<\/p>\n\n\n\n<p>\u2022 gioved\u00ec 8 luglio 2021, ore 21 circa<\/p>\n\n\n\n<p><strong>Frankenweenie\u00a0<\/strong>di Tim Burton (USA, 2012, 84\u2019)<\/p>\n\n\n\n<p>\u2022 marted\u00ec 13 luglio 2021, ore 21 circa<\/p>\n\n\n\n<p><strong>L&#8217;infernale Quinlan\u00a0<\/strong>di Orson Welles (USA, 1958, 95\u2019)<\/p>\n\n\n\n<p>\u2022 gioved\u00ec 15 luglio 2021, ore 21 circa<\/p>\n\n\n\n<p><strong>L&#8217;uomo che non c&#8217;era\u00a0<\/strong>di Ethan e Joel Coen (USA\/Francia, 2001, 116\u2019)<\/p>\n\n\n\n<p>\u2022 marted\u00ec 20 luglio 2021, ore 21 circa<\/p>\n\n\n\n<p><strong>Viale del tramonto\u00a0<\/strong>di Billy Wilder (USA, 1950, 110&#8242;)<\/p>\n\n\n\n<p>\u2022 gioved\u00ec 22 luglio 2021, ore 21 circa<\/p>\n\n\n\n<p><strong>The Artist\u00a0<\/strong>di Michel Hazanavicius (Francia, 2011, 100&#8242;)<\/p>\n\n\n\n<p>\u2022 marted\u00ec 27 luglio 2021, ore 21 circa<\/p>\n\n\n\n<p><strong>Vita da cani\u00a0<\/strong>di Mario Monicelli e Steno (Italia, 1950, 108&#8242;)<\/p>\n\n\n\n<p>\u2022 gioved\u00ec 29 luglio 2021, ore 21 circa<\/p>\n\n\n\n<p><strong>Nel bel mezzo di un gelido inverno<\/strong>\u00a0di Kenneth Branagh (GB, 1995, 99&#8242;)<\/p>\n\n\n\n<p><strong>La rassegna \u00e8 gratuita, ma i posti sono limitati a causa delle disposizioni per l&#8217;emergenza sanitaria.<\/strong><\/p>\n\n\n\n<p>\u00a0<\/p>\n\n\n\n<p><\/p>\n","protected":false},"excerpt":{"rendered":"<p>Prende il via l&#8217;XI edizione della rassegna cinematografica all&#8217;aperto nel Parco di Monte Claro \u201cPagine di cinema in bianco e nero\u201d! Con il patrocinio della Citt\u00e0 Metropolitana di Cagliari e la collaborazione della Biblioteca Metropolitana &#8220;Emilio Lussu&#8221;, il C.S.C. Cagliari della Societ\u00e0 Umanitaria &#8211; Cineteca Sarda propone al pubblico otto titoli, met\u00e0 relativi al cinema &#8230; <a title=\"Monocromo &#8211; 2021\" class=\"read-more\" href=\"https:\/\/www.umanitaria.it\/cagliari\/estate-a-monte-claro-edizioni-passate\/monocromo-2021\/\" aria-label=\"Per saperne di pi\u00f9 su Monocromo &#8211; 2021\">Leggi tutto<\/a><\/p>\n","protected":false},"author":13,"featured_media":15550,"parent":15003,"menu_order":5,"comment_status":"closed","ping_status":"closed","template":"","meta":{"_acf_changed":false,"_seopress_robots_primary_cat":"","_seopress_titles_title":"","_seopress_titles_desc":"","_seopress_robots_index":"","inline_featured_image":false,"footnotes":""},"class_list":["post-15546","page","type-page","status-publish","has-post-thumbnail"],"acf":[],"_links":{"self":[{"href":"https:\/\/www.umanitaria.it\/cagliari\/wp-json\/wp\/v2\/pages\/15546","targetHints":{"allow":["GET"]}}],"collection":[{"href":"https:\/\/www.umanitaria.it\/cagliari\/wp-json\/wp\/v2\/pages"}],"about":[{"href":"https:\/\/www.umanitaria.it\/cagliari\/wp-json\/wp\/v2\/types\/page"}],"author":[{"embeddable":true,"href":"https:\/\/www.umanitaria.it\/cagliari\/wp-json\/wp\/v2\/users\/13"}],"replies":[{"embeddable":true,"href":"https:\/\/www.umanitaria.it\/cagliari\/wp-json\/wp\/v2\/comments?post=15546"}],"version-history":[{"count":1,"href":"https:\/\/www.umanitaria.it\/cagliari\/wp-json\/wp\/v2\/pages\/15546\/revisions"}],"predecessor-version":[{"id":15551,"href":"https:\/\/www.umanitaria.it\/cagliari\/wp-json\/wp\/v2\/pages\/15546\/revisions\/15551"}],"up":[{"embeddable":true,"href":"https:\/\/www.umanitaria.it\/cagliari\/wp-json\/wp\/v2\/pages\/15003"}],"wp:featuredmedia":[{"embeddable":true,"href":"https:\/\/www.umanitaria.it\/cagliari\/wp-json\/wp\/v2\/media\/15550"}],"wp:attachment":[{"href":"https:\/\/www.umanitaria.it\/cagliari\/wp-json\/wp\/v2\/media?parent=15546"}],"curies":[{"name":"wp","href":"https:\/\/api.w.org\/{rel}","templated":true}]}}