{"id":15560,"date":"2025-10-06T15:30:33","date_gmt":"2025-10-06T13:30:33","guid":{"rendered":"https:\/\/www.umanitaria.it\/cagliari\/?page_id=15560"},"modified":"2025-10-06T15:30:34","modified_gmt":"2025-10-06T13:30:34","slug":"morire-dal-ridere-2018","status":"publish","type":"page","link":"https:\/\/www.umanitaria.it\/cagliari\/estate-a-monte-claro-edizioni-passate\/morire-dal-ridere-2018\/","title":{"rendered":"Morire dal ridere &#8211; 2018"},"content":{"rendered":"\n<p>Da gioved\u00ec 28 giugno parte l&#8217;VIII edizione della rassegna cinematografica all&#8217;aperto Pagine di cinema in bianco e nero, dal titolo &#8220;Morire dal ridere&#8221;.<\/p>\n\n\n\n<p>Quattro grandi classici del cinema horror e altrettanti del cinema comico, per chiudere con il capolavoro cult di Mel Brooks, &#8220;Frankenstein Jr.&#8221;<\/p>\n\n\n\n<p><strong><mark style=\"background-color:rgba(0, 0, 0, 0)\" class=\"has-inline-color has-global-color-8-color\">PROGRAMMA DELLA RASSEGNA:<\/mark><\/strong><\/p>\n\n\n\n<p>> gioved\u00ec 28 giugno 2018<br><strong>&#8220;Dracula&#8221;<\/strong> di Tod Browning (85&#8242;, USA, 1931)<\/p>\n\n\n\n<p>> gioved\u00ec 5 luglio 2018<br><strong>&#8220;Il cameraman&#8221; <\/strong>di Edward Sedgwick (69&#8242;, USA, 1928)<\/p>\n\n\n\n<p>> gioved\u00ec 12 luglio 2018<br><strong>&#8220;Il bacio della pantera&#8221; <\/strong>di Jacques Tourneur (72&#8242;, U.S.A., 1942)<\/p>\n\n\n\n<p>> gioved\u00ec 19 luglio 2018<br><strong>&#8220;La guerra lampo dei fratelli Marx&#8221;<\/strong> di Leo McCarey (70&#8242;, USA, 1934)<\/p>\n\n\n\n<p>> gioved\u00ec 26 luglio 2018<br><strong>&#8220;The Innocents &#8211; Suspense&#8221; <\/strong>di Jack Clayton (100&#8242;, GB, 1961)<\/p>\n\n\n\n<p>> gioved\u00ec 2 agosto 2018<br><strong>&#8220;Giorno di festa&#8221; <\/strong>di Jacques Tati (86&#8242;, Francia, 1949)<\/p>\n\n\n\n<p>> gioved\u00ec 30 agosto 2018<br><strong>&#8220;La notte dei morti viventi&#8221;<\/strong> di George Romero (96&#8242;, USA, 1968)<\/p>\n\n\n\n<p>> gioved\u00ec 6 settembre 2018<br><strong>&#8220;Tot\u00f2truffa &#8217;62&#8221;<\/strong> di Camillo Mastrocinque (106&#8242;, Italia, 1961)<\/p>\n\n\n\n<p>> gioved\u00ec 13 settembre 2018<br><strong>&#8220;Frankenstein Junior&#8221; <\/strong>di Mel Brooks (101&#8242;, USA, 1974)<\/p>\n\n\n\n<p>La rassegna \u00e8 organizzata dalla Societ\u00e0 Umanitaria &#8211; Cineteca Sarda insieme alla Citt\u00e0 Metropolitana di Cagliari e alla Biblioteca Metropolitana &#8220;Emilio Lussu&#8221;.<\/p>\n\n\n\n<p><strong>L&#8217;ingresso \u00e8 libero e gratuito.<\/strong><\/p>\n\n\n\n<p>Le proiezioni inizieranno al primo buio (intorno alle 21) e si svolgeranno nello spazio antistante la Cappella di Santa Maria Chiara al Parco di Monte Claro.<\/p>\n\n\n\n<p>&nbsp;<\/p>\n\n\n\n<p><\/p>\n","protected":false},"excerpt":{"rendered":"<p>Da gioved\u00ec 28 giugno parte l&#8217;VIII edizione della rassegna cinematografica all&#8217;aperto Pagine di cinema in bianco e nero, dal titolo &#8220;Morire dal ridere&#8221;. Quattro grandi classici del cinema horror e altrettanti del cinema comico, per chiudere con il capolavoro cult di Mel Brooks, &#8220;Frankenstein Jr.&#8221; PROGRAMMA DELLA RASSEGNA: > gioved\u00ec 28 giugno 2018&#8220;Dracula&#8221; di Tod &#8230; <a title=\"Morire dal ridere &#8211; 2018\" class=\"read-more\" href=\"https:\/\/www.umanitaria.it\/cagliari\/estate-a-monte-claro-edizioni-passate\/morire-dal-ridere-2018\/\" aria-label=\"Per saperne di pi\u00f9 su Morire dal ridere &#8211; 2018\">Leggi tutto<\/a><\/p>\n","protected":false},"author":13,"featured_media":15561,"parent":15003,"menu_order":6,"comment_status":"closed","ping_status":"closed","template":"","meta":{"_acf_changed":false,"_seopress_robots_primary_cat":"","_seopress_titles_title":"","_seopress_titles_desc":"","_seopress_robots_index":"","inline_featured_image":false,"footnotes":""},"class_list":["post-15560","page","type-page","status-publish","has-post-thumbnail"],"acf":[],"_links":{"self":[{"href":"https:\/\/www.umanitaria.it\/cagliari\/wp-json\/wp\/v2\/pages\/15560","targetHints":{"allow":["GET"]}}],"collection":[{"href":"https:\/\/www.umanitaria.it\/cagliari\/wp-json\/wp\/v2\/pages"}],"about":[{"href":"https:\/\/www.umanitaria.it\/cagliari\/wp-json\/wp\/v2\/types\/page"}],"author":[{"embeddable":true,"href":"https:\/\/www.umanitaria.it\/cagliari\/wp-json\/wp\/v2\/users\/13"}],"replies":[{"embeddable":true,"href":"https:\/\/www.umanitaria.it\/cagliari\/wp-json\/wp\/v2\/comments?post=15560"}],"version-history":[{"count":1,"href":"https:\/\/www.umanitaria.it\/cagliari\/wp-json\/wp\/v2\/pages\/15560\/revisions"}],"predecessor-version":[{"id":15562,"href":"https:\/\/www.umanitaria.it\/cagliari\/wp-json\/wp\/v2\/pages\/15560\/revisions\/15562"}],"up":[{"embeddable":true,"href":"https:\/\/www.umanitaria.it\/cagliari\/wp-json\/wp\/v2\/pages\/15003"}],"wp:featuredmedia":[{"embeddable":true,"href":"https:\/\/www.umanitaria.it\/cagliari\/wp-json\/wp\/v2\/media\/15561"}],"wp:attachment":[{"href":"https:\/\/www.umanitaria.it\/cagliari\/wp-json\/wp\/v2\/media?parent=15560"}],"curies":[{"name":"wp","href":"https:\/\/api.w.org\/{rel}","templated":true}]}}