{"id":15563,"date":"2025-10-06T15:33:49","date_gmt":"2025-10-06T13:33:49","guid":{"rendered":"https:\/\/www.umanitaria.it\/cagliari\/?page_id=15563"},"modified":"2025-10-06T15:33:50","modified_gmt":"2025-10-06T13:33:50","slug":"franca-valeri-e-katharine-hepburn-2017","status":"publish","type":"page","link":"https:\/\/www.umanitaria.it\/cagliari\/estate-a-monte-claro-edizioni-passate\/franca-valeri-e-katharine-hepburn-2017\/","title":{"rendered":"Franca Valeri e Katharine Hepburn &#8211; 2017"},"content":{"rendered":"\n<p>Gioved\u00ec 20 luglio 2017 ha preso il via la settima edizione della rassegna cinematografica all&#8217;aperto <em>&#8220;Pagine di cinema in bianco e nero&#8221;<\/em>.<\/p>\n\n\n\n<p>Dopo aver proposto, nel corso degli anni, alcuni grandi classici della storia del cinema, seguendo la suggestione di confronti tematici (il cinema noir, la commedia americana e quella italiana, il cinema francese) e seguendo le carriere di grandi interpreti internazionali (Anna Magnani e Bette Davis, Amedeo Nazzari e Cary Grant) quest&#8217;anno, la rassegna sar\u00e0 dedicata al confronto tra due grandi &#8220;anti-dive&#8221; del cinema italiano e statunitense: Franca Valeri e Katharine Hepburn.<\/p>\n\n\n\n<p>La rassegna, organizzata dalla Societ\u00e0 Umanitaria &#8211; Cineteca Sarda insieme alla Citt\u00e0 Metropolitana di Cagliari e alla Biblioteca Metropolitana &#8220;Emilio Lussu&#8221;, \u00e8 stata inaugurata con la proiezione del film &#8220;Piccola posta&#8221; di Steno (Italia, 1955) e proseguir\u00e0 con questo programma:<\/p>\n\n\n\n<p><strong><mark style=\"background-color:rgba(0, 0, 0, 0)\" class=\"has-inline-color has-global-color-8-color\">PROGRAMMA<\/mark><\/strong><\/p>\n\n\n\n<p>> gioved\u00ec 27 luglio 2017<br><strong>&#8220;Il diavolo \u00e8 femmina&#8221;<\/strong> di George Cukor (U.S.A., 1935)<\/p>\n\n\n\n<p>> gioved\u00ec 3 agosto 2017<br><strong>&#8220;Il bigamo&#8221; <\/strong>di Luciano Emmer (Italia, 1956)<\/p>\n\n\n\n<p>> gioved\u00ec 31 agosto 2017<br><strong>&#8220;Primo amore&#8221; <\/strong>di George Stevens (U.S.A., 1935)<\/p>\n\n\n\n<p>> gioved\u00ec 7 settembre 2017<br><strong>&#8220;Il segno di Venere&#8221; <\/strong>di Dino Risi (Italia, 1955)<\/p>\n\n\n\n<p>> gioved\u00ec 14 settembre 2017<br><strong>&#8220;Lo stato dell\u2019Unione&#8221;<\/strong> di Frank Capra (U.S.A., 1948)<\/p>\n\n\n\n<p>Straordinariamente, l&#8217;appuntamento del 14 settembre si terr\u00e0 nella corte centrale della Biblioteca Metropolitana &#8220;Emilio Lussu&#8221;, sulla cima del Parco.<\/p>\n\n\n\n<p><strong>L&#8217;ingresso \u00e8 libero e gratuito.<\/strong><br><\/p>\n\n\n\n<p>&nbsp;<\/p>\n\n\n\n<p><\/p>\n","protected":false},"excerpt":{"rendered":"<p>Gioved\u00ec 20 luglio 2017 ha preso il via la settima edizione della rassegna cinematografica all&#8217;aperto &#8220;Pagine di cinema in bianco e nero&#8221;. Dopo aver proposto, nel corso degli anni, alcuni grandi classici della storia del cinema, seguendo la suggestione di confronti tematici (il cinema noir, la commedia americana e quella italiana, il cinema francese) e &#8230; <a title=\"Franca Valeri e Katharine Hepburn &#8211; 2017\" class=\"read-more\" href=\"https:\/\/www.umanitaria.it\/cagliari\/estate-a-monte-claro-edizioni-passate\/franca-valeri-e-katharine-hepburn-2017\/\" aria-label=\"Per saperne di pi\u00f9 su Franca Valeri e Katharine Hepburn &#8211; 2017\">Leggi tutto<\/a><\/p>\n","protected":false},"author":13,"featured_media":15564,"parent":15003,"menu_order":6,"comment_status":"closed","ping_status":"closed","template":"","meta":{"_acf_changed":false,"_seopress_robots_primary_cat":"","_seopress_titles_title":"","_seopress_titles_desc":"","_seopress_robots_index":"","inline_featured_image":false,"footnotes":""},"class_list":["post-15563","page","type-page","status-publish","has-post-thumbnail"],"acf":[],"_links":{"self":[{"href":"https:\/\/www.umanitaria.it\/cagliari\/wp-json\/wp\/v2\/pages\/15563","targetHints":{"allow":["GET"]}}],"collection":[{"href":"https:\/\/www.umanitaria.it\/cagliari\/wp-json\/wp\/v2\/pages"}],"about":[{"href":"https:\/\/www.umanitaria.it\/cagliari\/wp-json\/wp\/v2\/types\/page"}],"author":[{"embeddable":true,"href":"https:\/\/www.umanitaria.it\/cagliari\/wp-json\/wp\/v2\/users\/13"}],"replies":[{"embeddable":true,"href":"https:\/\/www.umanitaria.it\/cagliari\/wp-json\/wp\/v2\/comments?post=15563"}],"version-history":[{"count":1,"href":"https:\/\/www.umanitaria.it\/cagliari\/wp-json\/wp\/v2\/pages\/15563\/revisions"}],"predecessor-version":[{"id":15565,"href":"https:\/\/www.umanitaria.it\/cagliari\/wp-json\/wp\/v2\/pages\/15563\/revisions\/15565"}],"up":[{"embeddable":true,"href":"https:\/\/www.umanitaria.it\/cagliari\/wp-json\/wp\/v2\/pages\/15003"}],"wp:featuredmedia":[{"embeddable":true,"href":"https:\/\/www.umanitaria.it\/cagliari\/wp-json\/wp\/v2\/media\/15564"}],"wp:attachment":[{"href":"https:\/\/www.umanitaria.it\/cagliari\/wp-json\/wp\/v2\/media?parent=15563"}],"curies":[{"name":"wp","href":"https:\/\/api.w.org\/{rel}","templated":true}]}}