{"id":15566,"date":"2025-10-06T16:00:40","date_gmt":"2025-10-06T14:00:40","guid":{"rendered":"https:\/\/www.umanitaria.it\/cagliari\/?page_id=15566"},"modified":"2025-11-27T13:25:28","modified_gmt":"2025-11-27T12:25:28","slug":"gira-che-ti-rigira-contest","status":"publish","type":"page","link":"https:\/\/www.umanitaria.it\/cagliari\/festival-e-concorsi\/gira-che-ti-rigira-contest\/","title":{"rendered":"Gira che ti riGira Contest"},"content":{"rendered":"\n<div class=\"progetti-regionali\">\n<p><\/p>\n\n\n\n<p><strong>Gira che ti riGira \u00e8 un contest cinematografico regionale rivolto a bambini e bambine, ragazzi e ragazze<\/strong> che che amano il cinema o che vorrebbero raccontare una storia usando le immagini in movimento. \u00c8 organizzato e promosso dai <strong>Centri Servizi Culturali della Societ\u00e0 Umanitaria di Alghero, Cagliari e Carbonia<\/strong> che lo hanno ideato nel 2020, in pieno lockdown, per tradurre online tutto ci\u00f2 che erano soliti fare dal vivo, provando a offrire ai pi\u00f9 piccoli un\u2019opportunit\u00e0 insieme di gioco, svago, creativit\u00e0 e apprendimento.<\/p>\n\n\n\n<p>L&#8217;obiettivo della <a href=\"https:\/\/www.umanitaria.it\/cagliari\/progetti-regionali\/gira-che-ti-rigira\/gira-che-ti-rigira-edizione-2020\/\" target=\"_blank\" rel=\"noreferrer noopener\"><strong>prima edizione<\/strong> <\/a>era quello di <strong>realizzare un cortometraggio a tema libero <\/strong>e della durata massima di 5 minuti<strong>,<\/strong> con gli strumenti, scenari e personaggi che gli aspiranti registi avevano a disposizione. Ad aiutarli in questo percorso creativo e produttivo due filmmaker, Francesco Valvo e Alberta Raccis, che con le loro Cinepillole, pubblicate quotidianamente sulle pagine facebook dei tre CSC, davano preziosi consigli sulla scelta dell&#8217;argomento, delle inquadrature, della musica di accompagnamento e su come fare il montaggio delle sequenze.<\/p>\n\n\n\n<p><strong><a href=\"https:\/\/www.umanitaria.it\/cagliari\/progetti-regionali\/gira-che-ti-rigira\/gira-che-ti-rigira-edizione-2024\/\"><mark style=\"background-color:rgba(0, 0, 0, 0)\" class=\"has-inline-color has-contrast-color\">Con la <\/mark><\/a><a href=\"https:\/\/www.umanitaria.it\/cagliari\/progetti-regionali\/gira-che-ti-rigira\/gira-che-ti-rigira-edizione-2024\/\" target=\"_blank\" rel=\"noreferrer noopener\">seconda edizione<\/a> Gira che ti riGira \u00e8 stato riproposto<\/strong> &#8211; ancora una volta grazie al lavoro congiunto dei tre Centri &#8211; con una formula nuova, articolata in due sezioni: una <strong>sezione FREE<\/strong>, rivolta a bambin\u025c e ragazz\u025c Under14 residenti in Sardegna, che potevano partecipare singolarmente o in gruppi con uno o pi\u00f9 cortometraggi (non pi\u00f9 di 3), della durata massima di 10 minuti; e una <strong>sezione SCUOLE<\/strong>, dedicata alle scuole secondarie di primo grado della Sardegna, che potevano partecipare come classi con un soggetto cinematografico finalizzato alla realizzazione di un cortometraggio della lunghezza massima di due cartelle.<\/p>\n\n\n\n<p><strong><mark style=\"background-color:rgba(0, 0, 0, 0)\" class=\"has-inline-color has-contrast-color\">La terza edizione<\/mark><\/strong> del contest sta per partire!<\/p>\n\n\n\n<a class=\"gb-text gb-text-cad856f0\" href=\"https:\/\/www.umanitaria.it\/cagliari\/progetti-regionali\/gira-che-ti-rigira\/\" target=\"_blank\" rel=\"noopener\"><mark style=\"background-color:var(--accent)\" class=\"has-inline-color has-base-3-color\">TERZA EDIZIONE<\/mark><\/a>\n\n\n\n<p><\/p>\n\n\n\n<p><br><\/p>\n<\/div>\n\n\n\n<div class=\"border-top\">\n<\/div>\n","protected":false},"excerpt":{"rendered":"<p>Gira che ti riGira \u00e8 un contest cinematografico regionale rivolto a bambini e bambine, ragazzi e ragazze che che amano il cinema o che vorrebbero raccontare una storia usando le immagini in movimento. \u00c8 organizzato e promosso dai Centri Servizi Culturali della Societ\u00e0 Umanitaria di Alghero, Cagliari e Carbonia che lo hanno ideato nel 2020, &#8230; <a title=\"Gira che ti riGira Contest\" class=\"read-more\" href=\"https:\/\/www.umanitaria.it\/cagliari\/festival-e-concorsi\/gira-che-ti-rigira-contest\/\" aria-label=\"Per saperne di pi\u00f9 su Gira che ti riGira Contest\">Leggi tutto<\/a><\/p>\n","protected":false},"author":5,"featured_media":14672,"parent":14780,"menu_order":3,"comment_status":"closed","ping_status":"closed","template":"","meta":{"_acf_changed":false,"_seopress_robots_primary_cat":"","_seopress_titles_title":"Attivit\u00e0 culturali alla Societ\u00e0 Umanitaria","_seopress_titles_desc":"La Societ\u00e0 Umanitaria propone un ampio programma culturale aperto a tutti, con incontri e eventi su temi attuali per stimolare riflessione, partecipazione e confronto su scala locale e globale.","_seopress_robots_index":"","inline_featured_image":false,"footnotes":""},"class_list":["post-15566","page","type-page","status-publish","has-post-thumbnail"],"acf":[],"_links":{"self":[{"href":"https:\/\/www.umanitaria.it\/cagliari\/wp-json\/wp\/v2\/pages\/15566","targetHints":{"allow":["GET"]}}],"collection":[{"href":"https:\/\/www.umanitaria.it\/cagliari\/wp-json\/wp\/v2\/pages"}],"about":[{"href":"https:\/\/www.umanitaria.it\/cagliari\/wp-json\/wp\/v2\/types\/page"}],"author":[{"embeddable":true,"href":"https:\/\/www.umanitaria.it\/cagliari\/wp-json\/wp\/v2\/users\/5"}],"replies":[{"embeddable":true,"href":"https:\/\/www.umanitaria.it\/cagliari\/wp-json\/wp\/v2\/comments?post=15566"}],"version-history":[{"count":17,"href":"https:\/\/www.umanitaria.it\/cagliari\/wp-json\/wp\/v2\/pages\/15566\/revisions"}],"predecessor-version":[{"id":16099,"href":"https:\/\/www.umanitaria.it\/cagliari\/wp-json\/wp\/v2\/pages\/15566\/revisions\/16099"}],"up":[{"embeddable":true,"href":"https:\/\/www.umanitaria.it\/cagliari\/wp-json\/wp\/v2\/pages\/14780"}],"wp:featuredmedia":[{"embeddable":true,"href":"https:\/\/www.umanitaria.it\/cagliari\/wp-json\/wp\/v2\/media\/14672"}],"wp:attachment":[{"href":"https:\/\/www.umanitaria.it\/cagliari\/wp-json\/wp\/v2\/media?parent=15566"}],"curies":[{"name":"wp","href":"https:\/\/api.w.org\/{rel}","templated":true}]}}