{"id":14541,"date":"2025-09-01T17:11:19","date_gmt":"2025-09-01T15:11:19","guid":{"rendered":"https:\/\/www.umanitaria.it\/carbonia\/?page_id=14541"},"modified":"2025-10-02T14:45:11","modified_gmt":"2025-10-02T12:45:11","slug":"servizi","status":"publish","type":"page","link":"https:\/\/www.umanitaria.it\/carbonia\/servizi\/","title":{"rendered":"Servizi"},"content":{"rendered":"\n<div class=\"wp-block-columns spazi-cols is-layout-flex wp-container-core-columns-is-layout-9d6595d7 wp-block-columns-is-layout-flex\">\n<div class=\"wp-block-column is-layout-flow wp-block-column-is-layout-flow\" style=\"flex-basis:60%\">\n<figure class=\"wp-block-image size-large\"><img loading=\"lazy\" decoding=\"async\" width=\"1024\" height=\"678\" src=\"https:\/\/www.umanitaria.it\/carbonia\/wp-content\/uploads\/sites\/10\/2025\/09\/Prestito-e-consultazione-1024x678.jpg\" alt=\"\" class=\"wp-image-14564\" srcset=\"https:\/\/www.umanitaria.it\/carbonia\/wp-content\/uploads\/sites\/10\/2025\/09\/Prestito-e-consultazione-1024x678.jpg 1024w, https:\/\/www.umanitaria.it\/carbonia\/wp-content\/uploads\/sites\/10\/2025\/09\/Prestito-e-consultazione-300x199.jpg 300w, https:\/\/www.umanitaria.it\/carbonia\/wp-content\/uploads\/sites\/10\/2025\/09\/Prestito-e-consultazione-768x509.jpg 768w, https:\/\/www.umanitaria.it\/carbonia\/wp-content\/uploads\/sites\/10\/2025\/09\/Prestito-e-consultazione-1536x1018.jpg 1536w, https:\/\/www.umanitaria.it\/carbonia\/wp-content\/uploads\/sites\/10\/2025\/09\/Prestito-e-consultazione.jpg 2000w\" sizes=\"auto, (max-width: 1024px) 100vw, 1024px\" \/><\/figure>\n<\/div>\n\n\n\n<div class=\"wp-block-column spazi-desc is-layout-flow wp-block-column-is-layout-flow\" style=\"flex-basis:40%\">\n<h2 class=\"wp-block-heading\">Prestito e consultazione<\/h2>\n\n\n\n<p>La Fabbrica del Cinema \u00e8 dotata di una <strong>mediateca comprendente oltre 3000 titoli tra blu ray, dvd e vhs<\/strong>, con particolare attenzione alla filmografia su lavoro e migrazioni, e una biblioteca specializzata su cinema, arti visive e comunicazione.<\/p>\n\n\n\n<p>Il patrimonio filmico e librario, in costante crescita, \u00e8 accessibile al prestito per tutti gli utenti dello<strong> <a href=\"https:\/\/www.sbis.it\/\" data-type=\"link\" data-id=\"https:\/\/www.sbis.it\/\" target=\"_blank\" rel=\"noreferrer noopener\">SBIS \u2013 Sistema Bibliotecario Interurbano del Sulcis<\/a><\/strong>, di cui il CSC \u00e8 membro fondatore, e del Sistema Bibliotecario Nazionale.<\/p>\n\n\n\n<p>L\u2019isola hub con quattro postazioni garantisce la possibilit\u00e0 di consultare in loco i materiali.<\/p>\n\n\n\n<div class=\"wp-block-buttons links is-layout-flex wp-block-buttons-is-layout-flex\">\n<div class=\"wp-block-button\"><a class=\"wp-block-button__link wp-element-button\" href=\"https:\/\/opac.regione.sardegna.it\/SebinaOpac\/query\/?bib=CAGCU&amp;context=catalogo\" target=\"_blank\" rel=\"noreferrer noopener\">OPAC<\/a><\/div>\n<\/div>\n<\/div>\n<\/div>\n\n\n\n<div class=\"wp-block-columns spazi-cols reverse border-double is-layout-flex wp-container-core-columns-is-layout-9d6595d7 wp-block-columns-is-layout-flex\">\n<div class=\"wp-block-column is-layout-flow wp-block-column-is-layout-flow\" style=\"flex-basis:60%\">\n<figure class=\"wp-block-image size-large\"><img loading=\"lazy\" decoding=\"async\" width=\"1024\" height=\"679\" src=\"https:\/\/www.umanitaria.it\/carbonia\/wp-content\/uploads\/sites\/10\/2025\/09\/consericerca-1024x679.png\" alt=\"\" class=\"wp-image-14885\" srcset=\"https:\/\/www.umanitaria.it\/carbonia\/wp-content\/uploads\/sites\/10\/2025\/09\/consericerca-1024x679.png 1024w, https:\/\/www.umanitaria.it\/carbonia\/wp-content\/uploads\/sites\/10\/2025\/09\/consericerca-300x199.png 300w, https:\/\/www.umanitaria.it\/carbonia\/wp-content\/uploads\/sites\/10\/2025\/09\/consericerca-768x509.png 768w, https:\/\/www.umanitaria.it\/carbonia\/wp-content\/uploads\/sites\/10\/2025\/09\/consericerca.png 1536w\" sizes=\"auto, (max-width: 1024px) 100vw, 1024px\" \/><\/figure>\n<\/div>\n\n\n\n<div class=\"wp-block-column spazi-desc is-layout-flow wp-block-column-is-layout-flow\" style=\"flex-basis:40%\">\n<h2 class=\"wp-block-heading\">Consulenza e ricerche<\/h2>\n\n\n\n<p>Gli operatori e le operatrici del CSC e della Soc. Coop SCILA sono a disposizione dell\u2019utenza nella <strong>ricerca di film, libri e materiali<\/strong> per progetti di studio e approfondimento &#8211; istituzionali e non &#8211; e progetti culturali, anche riguardanti la storia della citt\u00e0 e del territorio.<\/p>\n\n\n\n<p>Allo stesso modo, possono offire <strong>consulenza ai docenti<\/strong> nella scelta di <strong>testi filmici di sostegno alla didattica<\/strong> o per <strong>percorsi di film literacy<\/strong>.<\/p>\n<\/div>\n<\/div>\n\n\n\n<div class=\"wp-block-columns spazi-cols is-layout-flex wp-container-core-columns-is-layout-9d6595d7 wp-block-columns-is-layout-flex\">\n<div class=\"wp-block-column is-layout-flow wp-block-column-is-layout-flow\" style=\"flex-basis:60%\">\n<figure class=\"wp-block-image size-large\"><img loading=\"lazy\" decoding=\"async\" width=\"1024\" height=\"679\" src=\"https:\/\/www.umanitaria.it\/carbonia\/wp-content\/uploads\/sites\/10\/2025\/09\/associazionismo-1024x679.png\" alt=\"\" class=\"wp-image-14887\" srcset=\"https:\/\/www.umanitaria.it\/carbonia\/wp-content\/uploads\/sites\/10\/2025\/09\/associazionismo-1024x679.png 1024w, https:\/\/www.umanitaria.it\/carbonia\/wp-content\/uploads\/sites\/10\/2025\/09\/associazionismo-300x199.png 300w, https:\/\/www.umanitaria.it\/carbonia\/wp-content\/uploads\/sites\/10\/2025\/09\/associazionismo-768x509.png 768w, https:\/\/www.umanitaria.it\/carbonia\/wp-content\/uploads\/sites\/10\/2025\/09\/associazionismo.png 1536w\" sizes=\"auto, (max-width: 1024px) 100vw, 1024px\" \/><\/figure>\n<\/div>\n\n\n\n<div class=\"wp-block-column spazi-desc is-layout-flow wp-block-column-is-layout-flow\" style=\"flex-basis:40%\">\n<h2 class=\"wp-block-heading\">Sostegno all\u2019associazionismo<\/h2>\n\n\n\n<p>Il sostegno all\u2019associazionismo culturale e sociale diffuso nel territorio, e in particolare a quello legato alla promozione della cultura cinematografica e della memoria storica della citt\u00e0 e delle regione, \u00e8 da sempre uno degli ambiti di maggior impegno del Centro Servizi Culturali, che si concretizza nella messa a disposizione di <strong>attrezzature<\/strong>, <strong>risorse umane<\/strong> e <strong>competenze <\/strong>nonch\u00e9 degli spazi della Fabbrica del Cinema: dal <strong>prestito di service audio-video<\/strong> per la proiezione cinematografica alla <strong>consulenza sull\u2019espletamento delle pratiche autorizzative<\/strong> e dei pagamenti relativi ai diritti d\u2019autore, fino al <strong>sostegno nella progettazione culturale<\/strong> e nella presentazione di domande per la partecipazione ai bandi di finanziamento promossi dagli Enti, pubblici e privati<\/p>\n<\/div>\n<\/div>\n\n\n\n<div class=\"wp-block-columns spazi-cols reverse border-double is-layout-flex wp-container-core-columns-is-layout-9d6595d7 wp-block-columns-is-layout-flex\">\n<div class=\"wp-block-column is-layout-flow wp-block-column-is-layout-flow\" style=\"flex-basis:60%\">\n<figure class=\"wp-block-image size-large\"><img loading=\"lazy\" decoding=\"async\" width=\"1024\" height=\"678\" src=\"https:\/\/www.umanitaria.it\/carbonia\/wp-content\/uploads\/sites\/10\/2025\/09\/Digitalizzazione-pellicole-1024x678.jpg\" alt=\"\" class=\"wp-image-14563\" srcset=\"https:\/\/www.umanitaria.it\/carbonia\/wp-content\/uploads\/sites\/10\/2025\/09\/Digitalizzazione-pellicole-1024x678.jpg 1024w, https:\/\/www.umanitaria.it\/carbonia\/wp-content\/uploads\/sites\/10\/2025\/09\/Digitalizzazione-pellicole-300x199.jpg 300w, https:\/\/www.umanitaria.it\/carbonia\/wp-content\/uploads\/sites\/10\/2025\/09\/Digitalizzazione-pellicole-768x509.jpg 768w, https:\/\/www.umanitaria.it\/carbonia\/wp-content\/uploads\/sites\/10\/2025\/09\/Digitalizzazione-pellicole-1536x1018.jpg 1536w, https:\/\/www.umanitaria.it\/carbonia\/wp-content\/uploads\/sites\/10\/2025\/09\/Digitalizzazione-pellicole.jpg 2000w\" sizes=\"auto, (max-width: 1024px) 100vw, 1024px\" \/><\/figure>\n<\/div>\n\n\n\n<div class=\"wp-block-column spazi-desc is-layout-flow wp-block-column-is-layout-flow\" style=\"flex-basis:40%\">\n<h2 class=\"wp-block-heading\">Digitalizzazione pellicole<\/h2>\n\n\n\n<p>Insieme ai Centri di Cagliari e Alghero, il CSC cura dal 2011 il progetto <strong>\u201cLa tua memoria \u00e8 la nostra storia\u201d<\/strong>, che ha dato vita all\u2019archivio della memoria privata e familiare dei sardi, tutt\u2019oggi in costante aggiornamento. Il progetto prevede il recupero, la conservazione, la digitalizzazione e la valorizzazione di filmati in formato ridotto e di ambito non professionale 8mm, Super 8 e 9,5mm Path\u00e8 Baby. La <strong>digitalizzazione<\/strong>, inizialmente garantita solo dal CSC di Cagliari, <strong>viene svolta anche alla Fabbrica del Cinema<\/strong> che nel 2019 ha acquisito un film scanner D-ARCHIVER 2 2K e un tavolo di ispezione multiformato, grazie a un finanziamento ad hoc concesso dalla Fondazione di Sardegna.<\/p>\n\n\n\n<p>Per maggiori informazioni sul progetto e sulle modalit\u00e0 di raccolta del materiale, vi suggeriamo di visitare la <strong><a href=\"\/carbonia\/progetti-regionali\/\">sezione dedicata<\/a><\/strong>.<\/p>\n<\/div>\n<\/div>\n\n\n\n<div class=\"wp-block-columns spazi-cols is-layout-flex wp-container-core-columns-is-layout-9d6595d7 wp-block-columns-is-layout-flex\">\n<div class=\"wp-block-column is-layout-flow wp-block-column-is-layout-flow\" style=\"flex-basis:60%\">\n<figure class=\"wp-block-image size-full\"><img loading=\"lazy\" decoding=\"async\" width=\"1024\" height=\"678\" src=\"https:\/\/www.umanitaria.it\/carbonia\/wp-content\/uploads\/sites\/10\/2025\/09\/scuole-1.png\" alt=\"\" class=\"wp-image-14877\" srcset=\"https:\/\/www.umanitaria.it\/carbonia\/wp-content\/uploads\/sites\/10\/2025\/09\/scuole-1.png 1024w, https:\/\/www.umanitaria.it\/carbonia\/wp-content\/uploads\/sites\/10\/2025\/09\/scuole-1-300x199.png 300w, https:\/\/www.umanitaria.it\/carbonia\/wp-content\/uploads\/sites\/10\/2025\/09\/scuole-1-768x509.png 768w\" sizes=\"auto, (max-width: 1024px) 100vw, 1024px\" \/><\/figure>\n<\/div>\n\n\n\n<div class=\"wp-block-column spazi-desc is-layout-flow wp-block-column-is-layout-flow\" style=\"flex-basis:40%\">\n<h2 class=\"wp-block-heading\">Scuole<\/h2>\n\n\n\n<p><strong>Il mondo della Scuola \u00e8 sempre stato un interlocutore privilegiato del Centro di Servizi Culturali di Carbonia<\/strong>, con i corsi di educazione all\u2019immagine e quelli legati ai finanziamenti specifici promossi dalla Regione Sardegna (tra cui quelli per la riscoperta della lingua e della cultura sarda), e, a partire dall\u2019anno scolastico 2011\/2012, con gli interventi promossi dall\u2019Assessorato alle Politiche Sociali e Giovanili della Provincia di Carbonia Iglesias, volti a favorire la conoscenza e comprensione di alcuni processi storici del passato recente e a incentivare la diffusione dei principi di solidariet\u00e0, rispetto e valorizzazione delle differenze.<br>Con l\u2019apertura della Fabbrica del Cinema questo tipo di attivit\u00e0 ha conosciuto un significativo rilancio, ancora una volta sostenuto delle colleghe e colleghi dei Servizi Audiovisivi della Cooperativa Progetto S.C.I.L.A. del Sistema Bibliotecario Interurbano del Sulcis, che mettono loro professionalit\u00e0 a disposizione di progetti di vario genere, in particolare quelli legati all\u2019alfabetizzazione agli audiovisivi anche attraverso laboratori teorico-pratici.<\/p>\n\n\n\n<p><strong>Nello specifico il CSC si occupa di:<\/strong><\/p>\n\n\n\n<ul class=\"wp-block-list\">\n<li>Attivazione di<strong> percorsi per le competenze trasversali e per l\u2019orientamento<\/strong>.<\/li>\n\n\n\n<li>Ideazione, organizzazione e gestione di <strong>interventi e percorsi tematici attraverso gli audiovisivi<\/strong>.<\/li>\n\n\n\n<li><strong>Consulenza ai docenti <\/strong>nella scelta di testi filmici di sostegno alla didattica.<\/li>\n\n\n\n<li>Percorsi di <strong>alfabetizzazione agli audiovisivi<\/strong> e <strong>supporto nella produzione di elaborati audiovisivi<\/strong> realizzati da gruppi-classe.<\/li>\n<\/ul>\n<\/div>\n<\/div>\n\n\n\n<div class=\"wp-block-columns spazi-cols reverse border-double is-layout-flex wp-container-core-columns-is-layout-9d6595d7 wp-block-columns-is-layout-flex\">\n<div class=\"wp-block-column is-layout-flow wp-block-column-is-layout-flow\" style=\"flex-basis:60%\">\n<figure class=\"wp-block-image size-full\"><img loading=\"lazy\" decoding=\"async\" width=\"1024\" height=\"678\" src=\"https:\/\/www.umanitaria.it\/carbonia\/wp-content\/uploads\/sites\/10\/2025\/09\/tirocini.png\" alt=\"\" class=\"wp-image-14878\" srcset=\"https:\/\/www.umanitaria.it\/carbonia\/wp-content\/uploads\/sites\/10\/2025\/09\/tirocini.png 1024w, https:\/\/www.umanitaria.it\/carbonia\/wp-content\/uploads\/sites\/10\/2025\/09\/tirocini-300x199.png 300w, https:\/\/www.umanitaria.it\/carbonia\/wp-content\/uploads\/sites\/10\/2025\/09\/tirocini-768x509.png 768w\" sizes=\"auto, (max-width: 1024px) 100vw, 1024px\" \/><\/figure>\n<\/div>\n\n\n\n<div class=\"wp-block-column spazi-desc is-layout-flow wp-block-column-is-layout-flow\" style=\"flex-basis:40%\">\n<h2 class=\"wp-block-heading\">Tirocini<\/h2>\n\n\n\n<p>Oltre ai percorsi per le competenze trasversali, il CSC Carbonia pu\u00f2 attivare <strong>tirocini universitari<\/strong>, <strong>post-universitari<\/strong>, Garanzia Giovani o di altro tipo.<\/p>\n\n\n\n<p>Per maggiori informazioni, si consiglia di scrivere a <strong><a href=\"mailto:carbonia@umanitaria.it\">carbonia@umanitaria.it<\/a><\/strong>.<\/p>\n<\/div>\n<\/div>\n\n\n\n<div class=\"wp-block-columns spazi-cols is-layout-flex wp-container-core-columns-is-layout-9d6595d7 wp-block-columns-is-layout-flex\">\n<div class=\"wp-block-column is-layout-flow wp-block-column-is-layout-flow\" style=\"flex-basis:60%\">\n<figure class=\"wp-block-image size-full\"><img loading=\"lazy\" decoding=\"async\" width=\"1024\" height=\"678\" src=\"https:\/\/www.umanitaria.it\/carbonia\/wp-content\/uploads\/sites\/10\/2025\/09\/visitafabbrica.png\" alt=\"\" class=\"wp-image-14872\" srcset=\"https:\/\/www.umanitaria.it\/carbonia\/wp-content\/uploads\/sites\/10\/2025\/09\/visitafabbrica.png 1024w, https:\/\/www.umanitaria.it\/carbonia\/wp-content\/uploads\/sites\/10\/2025\/09\/visitafabbrica-300x199.png 300w, https:\/\/www.umanitaria.it\/carbonia\/wp-content\/uploads\/sites\/10\/2025\/09\/visitafabbrica-768x509.png 768w\" sizes=\"auto, (max-width: 1024px) 100vw, 1024px\" \/><\/figure>\n<\/div>\n\n\n\n<div class=\"wp-block-column spazi-desc is-layout-flow wp-block-column-is-layout-flow\" style=\"flex-basis:40%\">\n<h2 class=\"wp-block-heading\">Visite Guidate<\/h2>\n\n\n\n<p>Come previsto dalla convenzione stilata con il Comune di Carbonia, <strong>il progetto Fabbrica del Cinema prevede la \u201crestituzione\u201d alla collettivit\u00e0 dello stabile stesso<\/strong>, anche grazie alla musealizzazione di due spazi: l&#8217;ufficio del Direttore della Miniera e il caveau nel piano seminterrato. A questi si aggiungono naturalmente le sale rifunzionalizzate, il tour virtuale, la mostra permanente di macchine del Cinema e quella di manifesti storici.<\/p>\n\n\n\n<p>Durante gli orari di apertura e previa comunicazione, <strong>gli operatori del Centro garantiscono un esaustivo percorso di visita guidata<\/strong>, che \u00e8 in grado di connettere la storia della Societ\u00e0 Umanitaria e del Centro con quella della citt\u00e0 e del territorio, della sua memoria audiovisiva e dell&#8217;evoluzione tecnologica degli strumenti di produzione e riproduzione cinematografica.<\/p>\n<\/div>\n<\/div>\n","protected":false},"excerpt":{"rendered":"<p>Prestito e consultazione La Fabbrica del Cinema \u00e8 dotata di una mediateca comprendente oltre 3000 titoli tra blu ray, dvd e vhs, con particolare attenzione alla filmografia su lavoro e migrazioni, e una biblioteca specializzata su cinema, arti visive e comunicazione. Il patrimonio filmico e librario, in costante crescita, \u00e8 accessibile al prestito per tutti &#8230; <a title=\"Servizi\" class=\"read-more\" href=\"https:\/\/www.umanitaria.it\/carbonia\/servizi\/\" aria-label=\"Per saperne di pi\u00f9 su Servizi\">Leggi tutto<\/a><\/p>\n","protected":false},"author":1,"featured_media":0,"parent":0,"menu_order":10,"comment_status":"closed","ping_status":"closed","template":"","meta":{"_acf_changed":false,"_seopress_robots_primary_cat":"","_seopress_titles_title":"Attivit\u00e0 culturali alla Societ\u00e0 Umanitaria","_seopress_titles_desc":"La Societ\u00e0 Umanitaria propone un ampio programma culturale aperto a tutti, con incontri e eventi su temi attuali per stimolare riflessione, partecipazione e confronto su scala locale e globale.","_seopress_robots_index":"","inline_featured_image":false,"footnotes":""},"class_list":["post-14541","page","type-page","status-publish"],"acf":[],"_links":{"self":[{"href":"https:\/\/www.umanitaria.it\/carbonia\/wp-json\/wp\/v2\/pages\/14541","targetHints":{"allow":["GET"]}}],"collection":[{"href":"https:\/\/www.umanitaria.it\/carbonia\/wp-json\/wp\/v2\/pages"}],"about":[{"href":"https:\/\/www.umanitaria.it\/carbonia\/wp-json\/wp\/v2\/types\/page"}],"author":[{"embeddable":true,"href":"https:\/\/www.umanitaria.it\/carbonia\/wp-json\/wp\/v2\/users\/1"}],"replies":[{"embeddable":true,"href":"https:\/\/www.umanitaria.it\/carbonia\/wp-json\/wp\/v2\/comments?post=14541"}],"version-history":[{"count":26,"href":"https:\/\/www.umanitaria.it\/carbonia\/wp-json\/wp\/v2\/pages\/14541\/revisions"}],"predecessor-version":[{"id":14991,"href":"https:\/\/www.umanitaria.it\/carbonia\/wp-json\/wp\/v2\/pages\/14541\/revisions\/14991"}],"wp:attachment":[{"href":"https:\/\/www.umanitaria.it\/carbonia\/wp-json\/wp\/v2\/media?parent=14541"}],"curies":[{"name":"wp","href":"https:\/\/api.w.org\/{rel}","templated":true}]}}