{"id":14676,"date":"2025-09-05T12:13:48","date_gmt":"2025-09-05T10:13:48","guid":{"rendered":"https:\/\/www.umanitaria.it\/carbonia\/?page_id=14676"},"modified":"2025-09-05T12:16:15","modified_gmt":"2025-09-05T10:16:15","slug":"edizione-2024","status":"publish","type":"page","link":"https:\/\/www.umanitaria.it\/carbonia\/cinema-sotto-le-stelle-edizioni-passate\/edizione-2024\/","title":{"rendered":"Edizione 2024"},"content":{"rendered":"\n<p><strong>CARBONIA<\/strong><strong><br><\/strong>Arena Mirastelle del Teatro Centrale \u2013 piazza Roma<br>25 GIUGNO \u2013 02\/09\/22\/23\/29 LUGLIO \u2013 06 AGOSTO<\/p>\n\n\n\n<p><strong>PROGRAMMA<\/strong><\/p>\n\n\n\n<p><strong>MARTED\u00cc 25 GIUGNO<\/strong> \u2013 ore 21.30<br><strong><em>UN ANNO DIFFICILE<\/em><\/strong><em> <\/em>di Olivier Nakache e Eric Toledano<br>Francia 2023, col, 120\u2019<br>con Pio Marma\u00ef, Jonathan Cohen, No\u00e9mie Merlant, Mathieu Amalric, Gr\u00e9goire Leprince-Ringuet.<br><br><strong>MARTED\u00cc 02 LUGLIO<\/strong> \u2013 ore 21.30<br><strong><em>DREAM SCENARIO &#8211; HAI MAI SOGNATO QUEST&#8217;UOMO?<\/em><\/strong> di Kristoffer Borgli<br>USA 2023, col, 100\u2019<br>con Nicolas Cage, Julianne Nicholson, Michael Cera, Tim Meadows, Dylan Gelula.<br><br><strong>MARTED\u00cc 09 LUGLIO<\/strong> \u2013 ore 21.30<br><strong><em>C&#8217;\u00c8 ANCORA DOMANI<\/em><\/strong> di Paola Cortellesi<br>Italia 2023, b\/n, 118\u2019<br>con Paola Cortellesi, Valerio Mastandrea, Emanuela Fanelli, Vinicio Marchioni, Giorgio Colangeli, Romana Maggiora Vergano.<br><br><strong>LUNED\u00cc 22 LUGLIO<\/strong> \u2013 ore 21.30<br><strong><em>PRENDI IL VOLO<\/em><\/strong> di Benjamin Renner e Guylo Homsy<br>USA 2023, col, 82\u2019<br>con Elizabeth Banks, Awkwafina, Carol Kane, Danny DeVito, Keegan-Michael Key.<br><br><strong>MARTED\u00cc 23 LUGLIO<\/strong> \u2013 ore 21.30<br><strong><em>UN COLPO DI FORTUNA &#8211; COUP DE CHANCE<\/em><\/strong> di Woody Allen<br>Francia \/ Gran Bretagna 2023, col, 96\u2019<br>con Lou de La\u00e2ge, Val\u00e9rie Lemercier, Melvil Poupaud, Niels Schneider, Sara Martins.<br><br><strong>LUNED\u00cc 29 LUGLIO<\/strong> \u2013 ore 21.30<br><strong><em>FELICIT\u00c0<\/em><\/strong> di Micaela Ramazzotti<br>Italia 2023, col, 104\u2019<br>con Micaela Ramazzotti, Max Tortora, Anna Galiena, Matteo Olivetti, Sergio Rubini, Beatrice Vendramin.<br><br><strong>MARTED\u00cc 06 AGOSTO<\/strong> \u2013 ore 21.30<br><strong><em>PALAZZINA LAF<\/em><\/strong> di Michele Riondino<br>ITALIA 2023, col, 99\u2019<br>con Michele Riondino, Elio Germano, Vanessa Scalera, Domenico Fortunato, Gianni D&#8217;Addario.<br><br><br><strong>APPROFONDIMENTI<\/strong><strong><br><\/strong><strong><br><\/strong><strong>UN ANNO DIFFICILE<\/strong> di Olivier Nakache e Eric Toledano<br><em>Albert e Bruno (Pio Marma\u00ef e Jonathan Cohen), due simpatici scrocconi sempre al verde e con una vita personale alla deriva, nel tentativo di imbucarsi a un aperitivo, si trovano coinvolti nelle attivit\u00e0 di un gruppo di eco-attivisti. Tra inganni, maldestri sotterfugi e sgangherate azioni di protesta, verranno coinvolti in un turbinio di giovani attivisti, allarmisti climatici, sostenitori della giustizia sociale e dell\u2019eco-responsabilit\u00e0, tra cui spicca la bella Cactus (No\u00e9mie Merlant). E per i due amici sar\u00e0 forse l\u2019occasione di redimersi e rimettere ordine nelle proprie vite. Riusciranno Albert e Bruno a trovare la via della redenzione?<\/em><em><br><\/em>Dai registi del film campione di incassi \u201cQuasi amici\u201d, una commedia travolgente e attuale, tra consumismo e ambientalismo, con l\u2019esilarante coppia comica formata da Jonathan Cohen e Pio Marma\u00ef e una sorprendente No\u00e9mie Merlant. Divertente, appassionato, profondo, un film vicino all&#8217;arte di arrangiarsi della commedia all&#8217;italiana.<br><br><strong>DREAM SCENARIO &#8211; HAI MAI SOGNATO QUEST&#8217;UOMO?<\/strong> di Kristoffer Borgli<br><em>Paul Matthew (Nicolas Cage) insegna biologia in una piccola universit\u00e0 ed \u00e8 padre di due figlie, che lo considerano goffo e imbranato. La sua esistenza \u00e8 monotona ed \u00e8 una di quelle persone che solitamente passano inosservate. Un giorno, a sua insaputa, l&#8217;uomo comincia ad apparire in sogno alle persone, compresi gli estranei. Da questo momento in poi la sua vita cambia drasticamente&#8230;<\/em><em><br><\/em>Dal regista dell\u2019osannato \u201cSick of Myself\u201d un film tra la realt\u00e0 e il sogno che indaga le dinamiche sociali contemporanee di una societ\u00e0 dove la percezione personale sembra contare pi\u00f9 della realt\u00e0. Il film \u00e8 ispirato a una vicenda realmente accaduta. Si tratta dell\u2019esperimento di guerrilla marketing, poi diventato leggenda metropolitana, noto come \u201cL&#8217;uomo dei sogni\u201d anche conosciuto come \u201cThis Man\u201d e portato avanti dall\u2019italiano Andrea Natella, sociologo che si presume abbia fatto parte del collettivo Luther Blissett.<br><br><strong>C&#8217;\u00c8 ANCORA DOMANI<\/strong> di Paola Cortellesi<br><em>Roma, maggio 1946. La citt\u00e0, all\u2019indomani della fine della seconda guerra mondiale, \u00e8 occupata dai reparti militari Alleati ed \u00e8 imminente il referendum istituzionale e l&#8217;elezione dell&#8217;Assemblea Costituente del 2 e 3 giugno. Delia \u00e8 &#8220;una brava donna di casa&#8221;: prepara i pasti al marito Ivano, che non disdegna di riempirla di botte \u201cperch\u00e9 risponde\u201d, accudisce il suocero, lo scorbutico Sor Ottorino (Giorgio Colangeli), guadagna qualche soldo rammendando biancheria, riparando ombrelli e facendo iniezioni a domicilio. La giovane figlia sta per fidanzarsi con il figlio del proprietario della pasticceria del quartiere, elevando il suo status sociale. \u00c8 fuori casa che Delia riesce ad avere qualche alleato: un meccanico che le vuole bene (Vinicio Marchioni), un&#8217;amica spiritosa che la incoraggia e con cui si scambia confidenze (Emanuela Fanelli), un soldato afroamericano che vorrebbe darle una mano. E soprattutto, ha un sogno nel cassetto, sbocciato da una lettera ricevuta a sorpresa: un forte coraggio nascer\u00e0 nella donna, determinata a rovesciare quei piani fino ad allora prestabiliti e a poter finalmente immaginare un futuro migliore, non soltanto per s\u00e9 stessa.<\/em><em><br><\/em>Esordio alla regia dell\u2019attrice Paola Cortellesi \u201cC\u2019\u00e8 ancora Domani\u201d rappresenta \u201cun caso\u201d nell\u2019intera storia del cinema italiano. Premiato come \u201cFilm dell&#8217;anno\u201d ai Nastri d&#8217;argento del 2024, il film \u00e8 stato il quinto miglior incasso di tutti i tempi di un film italiano, capace di portare al cinema oltre cinque milioni di persone e di venire distribuito in ben 17 paesi in tutto il mondo. Candidato a 19 David di Donatello ne vince sei tra cui quello per la migliore attrice a Paola Cortellesi, quello per la miglior attrice non protagonista a Emanuela Fanelli e quello per la miglior sceneggiatura. Sorprendente esordio autoriale che omaggia il lungo cammino delle donne per la conquista dei propri diritti partendo dai &#8220;fondamentali\u201d.<br><br><strong>PRENDI IL VOLO<\/strong> di Benjamin Renner e Guylo Homsy<br><em>Mac e Pam sono due anatre felicemente appaiate che vivono insieme ai loro anatroccoli Dax e Gwen nella quiete di uno stagno. Pap\u00e0 Mac non fa altro che mettere in guardia i suoi figli contro i pericoli del mondo fuori dallo stagno, mentre mamma Pam \u00e8 pi\u00f9 impavida e ottimista e cerca di rendere i suoi cuccioli pi\u00f9 indipendenti. Un giorno nello stagno arriva uno stormo di uccelli migratori in rotta verso la Giamaica, e una di loro invita Dax ad unirsi alla migrazione. Ma mentre Mac \u00e8 contrario, Pam gli rivela di covare da sempre il desiderio di spingersi al di fuori del loro solito mondo tranquillo. Sceglieranno alla fine di partire e a vivere un\u2019avventura che gli far\u00e0 scoprire bellezze e pericoli di un mondo sconosciuto.<\/em><em><br><\/em>Il regista Benjamin Renner, che aveva gi\u00e0 diretto con tecnica tradizionale il film di animazione \u201cErnest &amp; Celestine\u201d, Premio Oscar nel 2014, adatta il suo stile di disegno minimalista dei film precedenti a un film animato al computer, per una pellicola che \u00e8 un invito, per grandi e piccini, a non accontentarsi di ci\u00f2 che conosciamo da sempre ma ad esplorare altri universi e altre possibilit\u00e0.<br><br><strong>UN COLPO DI FORTUNA &#8211; COUP DE CHANCE<\/strong> di Woody Allen<br><em>Fanny e Jean (Lou de La\u00e2ge e Melvil Poupaud), sono una coppia all&#8217;apparenza perfetta. I due sono molto soddisfatti della loro vita, vivono in un bellissimo appartamento in uno dei migliori quartieri di Parigi e, nonostante del tempo sia passato, sembrano innamorati come il primo giorno. Quando Fanny incontra Alain (Niels Schneider), un suo ex compagno del liceo, rimane completamente affascinata da lui. I due iniziano a incontrarsi con molta frequenza, cosa che li porter\u00e0 ad avvicinarsi sempre di pi\u00f9 e far precipitare una situazione all\u2019apparenza idilliaca. Dove niente \u00e8 forse come sembra.<\/em><em><br><\/em><strong>Allen torna alle atmosfere thriller e noir di \u201cMatch Point\u201d affrontando due dei temi a lui pi\u00f9 cari: le dinamiche di coppia e il rapporto tra sentimenti e fredda razionalit\u00e0. Il tutto condito dai suoi personalissimi sarcasmo e cinismo che con tono divertito distilla in tutto il film. Presentato fuori concorso all&#8217;80\u00aa Mostra internazionale d&#8217;arte cinematografica di Venezia.<\/strong><strong><br><\/strong><strong><br><\/strong><strong>FELICIT\u00c0<\/strong> di Micaela Ramazzotti<br><em>Roma. Desir\u00e8 (Micaela Ramazzotti) lavora come truccatrice nei set cinematografici e da quando era adolescente ha sempre messo i soldi da parte. Di buon cuore, ai limiti dell\u2019ingenuit\u00e0, vive rapporti disfunzionali con una famiglia che si approfitta della sua disponibilit\u00e0 e un compagno narcisista che la fa sentire spesso inadeguata. Quando il fratello Claudio (Matteo Olivetti) vivr\u00e0 un momento di difficolt\u00e0, Desir\u00e8 capisce che \u00e8 l&#8217;unica che lo pu\u00f2 aiutare e, per riuscirci, dovr\u00e0 allontanarlo da una famiglia che lo ha sempre trascurato, pur di raggiungere insieme un briciolo di \u201cfelicit\u00e0\u201d.<\/em><em><br><\/em>Esordio alla regia dell\u2019attrice Micaela Ramazzotti (\u201cTutta la vita davanti\u201d, \u201cBellas mariposas\u201d, \u201cAnni felici\u201d, \u201cIl nome del figlio\u201d, \u201cHo ucciso Napoleone\u201d, \u201cLa pazza gioia\u201d, \u201cGli anni pi\u00f9 belli\u201d), \u00e8 stato presentato nel corso della 80\u00aa Mostra internazionale d&#8217;arte cinematografica di Venezia nella sezione Orizzonti Extra, vincendo il premio Premio Spettatori. Un film di grande generosit\u00e0 in cui Micaela Ramazzotti si porta dietro la spontaneit\u00e0 dei suoi personaggi passati.<br><br><strong>PALAZZINA LAF<\/strong> di Michele Riondino<br><em>Taranto, 1997. All&#8217;ILVA \u00e8 appena avvenuta l&#8217;ennesima morte sul lavoro, ma Caterino Lamanna (Michele Rondino), operaio disgregato che vive in una masseria caduta in disgrazia, e si considera un \u201ccane sciolto\u201d, \u00e8 pronto a darne la colpa ai sindacati sotto la spinta di un dirigente senza scrupoli (Elio Germano). Caterino diventa cos\u00ec una spia che ha come compito quello di &#8220;farsi un giro e dire quello che succede&#8221;con lo scopo di denunciarli. Accecato dalla posizione di privilegio acquisita rispetto al management aziendale chiede di essere collocato presso la Palazzina LAF conosciuto come un luogo in cui \u201cnon si fa niente\u201d, dove vengono collocati gli operai e i quadri pi\u00f9 scomodi. Sar\u00e0 l\u00ec che Caterino scoprir\u00e0 che ci\u00f2 che credeva un paradiso in realt\u00e0 non corrisponde alle sue aspettative.<\/em><em><br><\/em>Opera di forte impegno civile in cui Riondino rispolvera in maniera convincente i toni del grottesco di certa commedia all\u2019italiana raccontando una vicenda vera che rappresent\u00f2 il primo caso di mobbing collettivo della storia industriale italiana finito nelle aule di giustizia. Presentato in anteprima alla 18\u00aa Festa del Cinema di Roma il film \u00e8 stato candidato a cinque David di Donatello aggiudicandosi quelli per il Miglior attore protagonista (a Michele Riondino), al Miglior attore non protagonista (a Elio Germano) e alla Migliore canzone originale (La mia terra, scritta e interpretata da Diodato).<\/p>\n\n\n\n<p><strong>INGRESSO<\/strong><strong><br><\/strong>POSTO UNICO NON NUMERATO<br>Intero: \u20ac 4,00<br>*Ridotto: \u20ac 3,00<\/p>\n\n\n\n<p>*Riduzione valida per i tesserati FICC e ARCI e per i giovani fino ai 21 anni di et\u00e0.<\/p>\n","protected":false},"excerpt":{"rendered":"<p>CARBONIAArena Mirastelle del Teatro Centrale \u2013 piazza Roma25 GIUGNO \u2013 02\/09\/22\/23\/29 LUGLIO \u2013 06 AGOSTO PROGRAMMA MARTED\u00cc 25 GIUGNO \u2013 ore 21.30UN ANNO DIFFICILE di Olivier Nakache e Eric ToledanoFrancia 2023, col, 120\u2019con Pio Marma\u00ef, Jonathan Cohen, No\u00e9mie Merlant, Mathieu Amalric, Gr\u00e9goire Leprince-Ringuet. MARTED\u00cc 02 LUGLIO \u2013 ore 21.30DREAM SCENARIO &#8211; HAI MAI SOGNATO QUEST&#8217;UOMO? &#8230; <a title=\"Edizione 2024\" class=\"read-more\" href=\"https:\/\/www.umanitaria.it\/carbonia\/cinema-sotto-le-stelle-edizioni-passate\/edizione-2024\/\" aria-label=\"Per saperne di pi\u00f9 su Edizione 2024\">Leggi tutto<\/a><\/p>\n","protected":false},"author":5,"featured_media":14675,"parent":14665,"menu_order":0,"comment_status":"closed","ping_status":"closed","template":"","meta":{"_acf_changed":false,"_seopress_robots_primary_cat":"","_seopress_titles_title":"","_seopress_titles_desc":"","_seopress_robots_index":"","inline_featured_image":false,"footnotes":""},"class_list":["post-14676","page","type-page","status-publish","has-post-thumbnail"],"acf":[],"_links":{"self":[{"href":"https:\/\/www.umanitaria.it\/carbonia\/wp-json\/wp\/v2\/pages\/14676","targetHints":{"allow":["GET"]}}],"collection":[{"href":"https:\/\/www.umanitaria.it\/carbonia\/wp-json\/wp\/v2\/pages"}],"about":[{"href":"https:\/\/www.umanitaria.it\/carbonia\/wp-json\/wp\/v2\/types\/page"}],"author":[{"embeddable":true,"href":"https:\/\/www.umanitaria.it\/carbonia\/wp-json\/wp\/v2\/users\/5"}],"replies":[{"embeddable":true,"href":"https:\/\/www.umanitaria.it\/carbonia\/wp-json\/wp\/v2\/comments?post=14676"}],"version-history":[{"count":2,"href":"https:\/\/www.umanitaria.it\/carbonia\/wp-json\/wp\/v2\/pages\/14676\/revisions"}],"predecessor-version":[{"id":14681,"href":"https:\/\/www.umanitaria.it\/carbonia\/wp-json\/wp\/v2\/pages\/14676\/revisions\/14681"}],"up":[{"embeddable":true,"href":"https:\/\/www.umanitaria.it\/carbonia\/wp-json\/wp\/v2\/pages\/14665"}],"wp:featuredmedia":[{"embeddable":true,"href":"https:\/\/www.umanitaria.it\/carbonia\/wp-json\/wp\/v2\/media\/14675"}],"wp:attachment":[{"href":"https:\/\/www.umanitaria.it\/carbonia\/wp-json\/wp\/v2\/media?parent=14676"}],"curies":[{"name":"wp","href":"https:\/\/api.w.org\/{rel}","templated":true}]}}