{"id":14954,"date":"2025-10-01T09:52:34","date_gmt":"2025-10-01T07:52:34","guid":{"rendered":"https:\/\/www.umanitaria.it\/carbonia\/?page_id=14954"},"modified":"2025-10-01T09:52:35","modified_gmt":"2025-10-01T07:52:36","slug":"edizione-2024","status":"publish","type":"page","link":"https:\/\/www.umanitaria.it\/carbonia\/litalia-che-non-si-vede-edizioni-passate\/edizione-2024\/","title":{"rendered":"Edizione 2024"},"content":{"rendered":"\n<p>CARBONIA | GUSPINI | IGLESIAS | SANT\u2019ANTIOCO<br>INGRESSO GRATUITO<\/p>\n\n\n\n<p>mercoled\u00ec 06 marzo | ore 18:00<br>Iglesias |\u00a0CENTRO CULTURALE CASA DEL CINEMA<br><strong>CORTI PREMIO ZAVATTINI<\/strong><br>selezione dei cortometraggi vincitori delle ultime 4 edizioni del Premio Zavattini<\/p>\n\n\n\n<p>gioved\u00ec 07 marzo | ore 21:00<br>Carbonia\u00a0| FABBRICA DEL CINEMA<br><strong>SVEGLIAMI A MEZZANOTTE<\/strong>\u00a0di Francesco Patierno<br>(Italia 2022, \u201871)<br>Saranno presenti il regista Francesco Patierno e protagonista del film e autrice del libro da cui il doc \u00e8 tratto Fuani Marino<\/p>\n\n\n\n<p>sabato 09 marzo | ore 17:00<br>Guspini\u00a0| CIRCOLO ARCI GUSPINI<br><strong>IL CERCHIO<\/strong>\u00a0di Sophie Chiarello<br>(Italia 2022, 108\u2019)<\/p>\n\n\n\n<p>sabato 09 marzo | ore 18:30<br>Sant\u2019Antioco\u00a0|\u00a0CIRCOLO ARCI IL CALDERONE<br><strong>IL POSTO<\/strong>\u00a0di Mattia Colombo, Gianluca Matarrese<br>(Italia\/Francia 2022, 75\u2019)<\/p>\n\n\n\n<p>domenica 10 marzo | ore 18:00<br>Iglesias |\u00a0CENTRO CULTURALE CASA DEL CINEMA<br><strong>AFTER THE BRIDGE<\/strong>\u00a0di Davide Rizzo, Marzia Toscano<br>(Italia 2023, \u201865)<\/p>\n\n\n\n<p>gioved\u00ec 14 marzo | ore 21:00<br>Carbonia\u00a0|\u00a0FABBRICA DEL CINEMA<br><strong>AFTER WORK<\/strong>\u00a0di Erik Gandini<br>(Svezia 2023, \u201877)<\/p>\n\n\n\n<p>venerd\u00ec 15 marzo | ore 21:00<br>Carbonia\u00a0| CASA DEL POPOLO<br><strong>GIGI LA LEGGE<\/strong>\u00a0di Alessandro Comodin<br>(Italia\/Francia\/Belgio 2022, 100\u2019)<\/p>\n\n\n\n<p>sabato 16 marzo | ore 18:00<br>Iglesias\u00a0|\u00a0CENTRO CULTURALE CASA DEL CINEMA<br><strong>TRIESTE \u00c8 BELLA DI NOTTE<\/strong>\u00a0di Andrea Segre, Stefano Collizzolli e Matteo Calore<br>(Italia 2023, \u201875)<\/p>\n\n\n\n<p>domenica 17 marzo | ore 18:30<br>Sant\u2019Antioco\u00a0|\u00a0CIRCOLO ARCI IL CALDERONE<br><strong>LA TIMIDEZZA DELLE CHIOME<\/strong>\u00a0di Valentina Bertani<br>(Italia\/Israele 2022, \u201896)<\/p>\n\n\n\n<p>mercoled\u00ec 20 marzo | ore 18:30<br>Sant\u2019Antioco\u00a0|\u00a0CIRCOLO ARCI IL CALDERONE<br><strong>CORTI PREMIO ZAVATTINI<\/strong><br>selezione dei cortometraggi vincitori delle ultime 4 edizioni del Premio Zavattini<\/p>\n\n\n\n<p>gioved\u00ec 21 marzo | ore 21:00<br>Carbonia\u00a0|\u00a0FABBRICA DEL CINEMA<br><strong>VERA<\/strong>\u00a0di Tizza Covi e Rainer Frimmel<br>(Austria 2022, 115\u2019)<\/p>\n\n\n\n<p>venerd\u00ec 22 marzo | ore 21:00<br>Carbonia\u00a0|\u00a0CASA DEL POPOLO<br><strong>IL GRANDE CALDO<\/strong>\u00a0di Dan Bensadoun, Luigi Caggiano, Marcello Enea Newman, Daniele Tinti<br>(Italia 2021, \u201855)<\/p>\n\n\n\n<p>sabato 23 marzo | ore 18:30<br>Sant\u2019Antioco\u00a0| CIRCOLO ARCI IL CALDERONE<br><strong>TRIESTE \u00c8 BELLA DI NOTTE<\/strong>\u00a0di Andrea Segre, Stefano Collizzolli e Matteo Calore<br>(Italia 2023, \u201875)<\/p>\n\n\n\n<p><strong>EVENTO SPECIALE<\/strong><br>venerd\u00ec 08 marzo | ore 18.00<br>Carbonia\u00a0|\u00a0CASA DEL POPOLO<br>Presentazione dei libri di Fuani Marino\u00a0<strong>Svegliami a mezzanotte<\/strong>\u00a0e\u00a0<strong>Vecchiaccia<\/strong>\u00a0alla presenza dell&#8217;autrice<br><br><strong>I LUOGHI DELLE INIZIATIVE<\/strong><br>CENTRO CULTURALE CASA DEL CINEMA<br>via Cattaneo, 51- Iglesias<br>FABBRICA DEL CINEMA<br>Piazza Sergio Usai snc, Loc Ex Miniera di Serbariu &#8211; Carbonia<br>CIRCOLO ARCI GUSPINI<br>via L. Da Vinci, 13 &#8211; Guspini<br>CIRCOLO ARCI IL CALDERONE<br>via Montegrappa, 2\/A &#8211; Sant\u2019Antioco<br>CASA DEL POPOLO<br>via Barbagia, 11 &#8211; Carbonia<br><br><strong>SINOSSI<\/strong><br><strong>CORTI PREMIO ZAVATTINI<\/strong><br><em>Il Premio Cesare Zavattini nasce nel 2016 dalla volont\u00e0 di Aamod di favorire i giovani nell\u2019accesso e nel riuso del patrimonio filmico conservato negli archivi e fonde la dimensione formativa con quella produttiva. Al Premio concorrono filmmaker di et\u00e0 compresa tra i 18 e i 35 anni, con il progetto di un cortometraggio documentario di massimo di 15 minuti, che preveda l\u2019utilizzo di materiale filmico d\u2019archivio. Gli autori dei progetti finalisti partecipano a incontri formativi e di sviluppo guidati da affermati professionisti. Gli autori dei tre progetti vincitori, posso utilizzare liberamente il materiale filmico dell\u2019Aamod e degli archivi partner, ricevono supporto per la realizzazione dei cortometraggi e 2.000 euro. L\u2019iniziativa intende stimolare e premiare l\u2019originalit\u00e0, la sperimentazione, anche il &#8216;tradimento&#8217; o il rimescolamento dei generi, in particolare nel riuso del cinema d\u2019archivio. Non a caso \u00e8 intitolata a Cesare Zavattini, uno dei padri del neorealismo italiano ma anche sostenitore instancabile del cinema come libero, multiforme, creativo, irriverente strumento di conoscenza del reale in tutti i suoi aspetti.<\/em><br><br><strong>SVEGLIAMI A MEZZANOTTE<\/strong>\u00a0di Francesco Patierno<br><em>\u00abMi sono uccisa il 26 luglio 2012. Avevo da poco compiuto 32 anni e da neppure quattro mesi partorito la mia prima e unica fi glia, Greta\u00bb. Il film \u00e8 il racconto della storia vera di Fuani Marino, una giovane donna che a causa di una forte depressione si lancia dal quarto piano di un palazzo e sopravvive alla caduta. Indaga i luoghi oscuri del disagio psichico attraverso i fotogrammi e i frammenti, le parole e le emozioni di un\u2019esistenza fragile, illuminandoli con il racconto di una insperata resurrezione che porta con s\u00e9 la speranza.<\/em><br>Presentato al Torino Film Festival<br><br><strong>IL CERCHIO<\/strong>\u00a0di Sophie Chiarello<br><em>Chi sono i bambini di oggi? Cosa pensano? Cosa vedono e cosa riescono ad afferrare del mondo degli adulti? Per rispondere, la regista Sophie Chiarello decide di seguire per cinque anni, con la sua telecamera, gli alunni di una classe elementare, abbassando il suo sguardo ad altezza bambino in modo da catturare il loro punto di vista sul mondo. Che cos\u2019\u00e8 l\u2019amore? Chi sono i migranti? Quali sono le differenze tra maschi e femmine? Che cosa vuol dire diventare adulti? Ma soprattutto, chi \u00e8 Babbo Natale? Queste sono solo alcune delle domande universali su cui i bambini ridono, discutono e si confrontano dalla prima alla quinta elementare, formando di volta in volta un cerchio dove insieme si relazionano, si ascoltano e scoprono qualcosa di nuovo, anche su loro stessi. In poche parole: crescono.<\/em><br>David di Donatello (Migliore Doc), Festa di Roma &#8211; Alice nella Citt\u00e0 (Menzione Speciale della Giuria), Trieste Film Festival (Premio Corso Salani)<br><br><strong>IL POSTO<\/strong>\u00a0di Mattia Colombo, Gianluca Matarrese<br><em>Ogni mese, una moltitudine di infermieri del Meridione attraversano tutto il paese per tentare<\/em><br><em>la fortuna in un concorso pubblico svolto nelle citt\u00e0 del Nord Italia. Ci sono solo poche posizioni per migliaia di candidati. La maggior parte di loro ci prova pi\u00f9 volte all\u2019anno. Per risparmiare viaggiano di notte, a bordo di autobus low cost, e sostengono l\u2019esame all\u2019alba. Ognuno di loro porta con s\u00e9 la propria storia, le proprie speranze e paure.\u00a0Un documentario on the road sulla speranza di un lavoro fisso e la tragedia di una nazione alle prese con la disoccupazione. Un viaggio nel cuore di una enorme crisi sociale, morale ed economica italiana, che attualmente si ripercuote su tutta l\u2019Europa.<\/em><br>Presentato a Visions du R\u00e9el, Filmaker, Festival dei Popoli<br><br><strong>AFTER THE BRIDGE<\/strong>\u00a0di Davide Rizzo, Marzia Toscano<br><em>Valeria Collina, una donna italiana convertita all\u2019Islam, \u00e8 tornata a vivere in Italia dopo vent\u2019anni trascorsi in Marocco. Nel giugno del 2017, la sua vita \u00e8 sconvolta dalla morte del giovane figlio Youssef, membro del commando jihadista che sul London Bridge ha provocato 8 morti. Ventiquattro ore dopo la piccola casa di Valeria sui colli bolognesi \u00e8 invasa da giornalisti provenienti da tutto il mondo. Valeria condanna pubblicamente le azioni del figlio e decide di non partecipare al suo funerale. In seguito alla confusione di quei giorni, Valeria si ritrova sola, nella quiete della sua casa, cercando di rimettere insieme la sua vita.<\/em><br>Presentato al Biografilm 2023 (Premio UCCA, Miglior Doc Biografilm Italia), Hot Docs Toronto<br><br><strong>AFTER WORK<\/strong>\u00a0di Erik Gandini<br><em>La nostra \u00e8 una societ\u00e0 basata sul lavoro.\u00a0Fin dall\u2019infanzia ci viene insegnato ad essere orientati al risultato e ad essere competitivi. La maggior parte dei lavori esistenti oggi potrebbe scomparire nei prossimi 15 anni per via dell\u2019automazione e dell\u2019intelligenza artificiale. Potremmo presto dover ripensare al ruolo che il lavoro ha nelle nostre vite come elemento centrale della nostra esistenza. L\u2019approccio di questo documentario \u00e8 esistenziale, curioso e cinematografico. Attraverso le esperienze dirette dei suoi protagonisti in quattro nazioni emblematiche \u2013 Kuwait, Corea del Sud, Usa e Italia \u2013 After Work esplora cos\u2019\u00e8 oggi l\u2019etica del lavoro e come potrebbe essere un\u2019esistenza libera dal lavoro. Tra le personalit\u00e0 intervistate vanno ricordate almeno Noam Chomsky e Elon Musk.<\/em><br>Biografilm 2023, Hot Docs Toronto, CPH DOX Copenhagen<br><br><strong>GIGI LA LEGGE<\/strong>\u00a0di Alessandro Comodin<br><em>Gigi fa il vigile in un paese di campagna dove sembra non succedere mai niente. Un giorno, per\u00f2, una ragazza si suicida, gettandosi sotto un treno. Non \u00e8 la prima volta. L\u00ec comincia un\u2019indagine su questa misteriosa serie di suicidi che si consuma in uno strano mondo di provincia in bilico tra realt\u00e0 e fantasia, dove un giardino pu\u00f2 anche essere una giungla e un poliziotto avere un cuore sempre pronto ad innamorarsi e a sorridere.<\/em><br>Presentato a Locarno 2022 (Premio Speciale della Giuria), Trieste Film Festival<br><br><strong>TRIESTE \u00c8 BELLA DI NOTTE<\/strong>\u00a0di Andrea Segre, Stefano Collizzolli e Matteo Calore<br><em>In un confine interno dell\u2019Unione Europea, quello tra Italia e Slovenia, pochi chilometri sopra Trieste, i migranti asiatici della rotta balcanica che riescono ad attraversare la frontiera rischiano di essere fermati dalle forze dell\u2019ordine italiane e rispediti indietro fino in Bosnia, senza venire identificati e senza avere la possibilit\u00e0 di fare richiesta di asilo. Come avvengono queste operazioni? Cosa succede a chi le subisce? A raccontarlo sono nel film alcuni dei migranti respinti. Le loro storie si intrecciano con le immagini realizzate con i telefonini durante i lunghi viaggi e con le contraddizioni e il dibattito all\u2019interno delle Istituzioni italiane. Intanto in una casa abbandonata a Biha\u0107, in Bosnia, un gruppo di pakistani e afghani vuole partire, direzione Italia. Cosa succeder\u00e0 loro? Quale risposta daranno l\u2019Italia e gli altri Stati europei? Continueranno a sfidare la loro stessa legge per respingere migranti considerati illegali?<\/em><br>Presentato al Trieste Film Festival<br><br><strong>LA TIMIDEZZA DELLE CHIOME<\/strong>\u00a0di Valentina Bertani<br><em>Quando la scuola finisce e comincia l\u2019et\u00e0 adulta, Benjamin e Joshua Israel, due gemelli omozigoti di origine ebraica, iniziano a sentirsi oppressi. Mentre amici e compagni di classe pianificano una nuova vita, loro non riescono a immaginare il futuro. Avere vent\u2019anni e un naturale carisma unito a una buona dose di spavalderia non basta se hai una disabilit\u00e0 intellettiva e il mondo in cui vivi non sembra essere fatto per accoglierti. Sentendosi esclusi, Benjamin e Joshua si confrontano con i limiti imposti dagli altri senza avere paura di sbatterci contro. Joshua desidera fare sesso per la prima volta, mentre Benjamin insegue l\u2019utopia di un amore. Anche se i due entrano spesso in conflitto tra loro, il loro legame \u00e8 impossibile da sciogliere. Impareranno presto che crescere significa dare spazio all\u2019altro senza fargli ombra.<\/em><br>Presentato a Venezia 79 (Giornate degli Autori)<br><br><strong>VERA<\/strong>\u00a0di Tizza Covi e Rainer Frimmel<br><em>Vera vive nell\u2019ombra del suo celebre padre, l\u2018attore Giuliano Gemma. Stanca di una vita e di relazioni superficiali, si ritrova alla deriva tra l\u2019alta societ\u00e0 romana e frequentazioni borderline. Ferendo un bambino durante un incidente nel traffico della periferia, instaura un profondo legame con il piccolo di otto anni e suo padre. Si render\u00e0 presto conto per\u00f2, che anche in questo mondo \u00e8 considerata come uno strumento per gli altri.<\/em><br>Candidato al Premio Oscar come miglior Film Internazionale; Venezia 79 &#8211; Orizzonti (Premi Miglior Regia e Miglior Attrice)<br><br><strong>IL GRANDE CALDO<\/strong>\u00a0di Dan Bensadoun, Luigi Caggiano, Marcello Enea Newman, Daniele Tinti<br><em>Marcello, Daniele, Alex, Dan, Gianlorenzo e Giorgio, ventenni romani, trascorrono notte dopo notte tra il Bar dei brutti a San Lorenzo e il San Calisto a Trastevere. Ammazzano il tempo tra Peroni, bestemmie e turpiloquio di vario tipo. Ludovica, una loro amica che studia cinema a Parigi, torna a Roma per l\u2019estate e li coinvolge nella realizzazione di un cortometraggio che li porter\u00e0 a uscire, timidamente, dalle proprie abitudini.<\/em><br>Girato da Daniele Tinti e compari della scena indie romana a 20 anni scarsi con 800 euro di budget. Strano e impresentabile film evento del 2022\/23 con una trentina di proiezioni sold out in Italia e oltre. Il Clerks romano? L\u2019Ecce bombo hipster? Boh!<\/p>\n","protected":false},"excerpt":{"rendered":"<p>CARBONIA | GUSPINI | IGLESIAS | SANT\u2019ANTIOCOINGRESSO GRATUITO mercoled\u00ec 06 marzo | ore 18:00Iglesias |\u00a0CENTRO CULTURALE CASA DEL CINEMACORTI PREMIO ZAVATTINIselezione dei cortometraggi vincitori delle ultime 4 edizioni del Premio Zavattini gioved\u00ec 07 marzo | ore 21:00Carbonia\u00a0| FABBRICA DEL CINEMASVEGLIAMI A MEZZANOTTE\u00a0di Francesco Patierno(Italia 2022, \u201871)Saranno presenti il regista Francesco Patierno e protagonista del film &#8230; <a title=\"Edizione 2024\" class=\"read-more\" href=\"https:\/\/www.umanitaria.it\/carbonia\/litalia-che-non-si-vede-edizioni-passate\/edizione-2024\/\" aria-label=\"Per saperne di pi\u00f9 su Edizione 2024\">Leggi tutto<\/a><\/p>\n","protected":false},"author":9,"featured_media":14955,"parent":14948,"menu_order":2,"comment_status":"closed","ping_status":"closed","template":"","meta":{"_acf_changed":false,"_seopress_robots_primary_cat":"","_seopress_titles_title":"Edizione 2025 - Carbonia","_seopress_titles_desc":"Rassegna di Cinema sotto le stelle a Carbonia","_seopress_robots_index":"","inline_featured_image":false,"footnotes":""},"class_list":["post-14954","page","type-page","status-publish","has-post-thumbnail"],"acf":[],"_links":{"self":[{"href":"https:\/\/www.umanitaria.it\/carbonia\/wp-json\/wp\/v2\/pages\/14954","targetHints":{"allow":["GET"]}}],"collection":[{"href":"https:\/\/www.umanitaria.it\/carbonia\/wp-json\/wp\/v2\/pages"}],"about":[{"href":"https:\/\/www.umanitaria.it\/carbonia\/wp-json\/wp\/v2\/types\/page"}],"author":[{"embeddable":true,"href":"https:\/\/www.umanitaria.it\/carbonia\/wp-json\/wp\/v2\/users\/9"}],"replies":[{"embeddable":true,"href":"https:\/\/www.umanitaria.it\/carbonia\/wp-json\/wp\/v2\/comments?post=14954"}],"version-history":[{"count":1,"href":"https:\/\/www.umanitaria.it\/carbonia\/wp-json\/wp\/v2\/pages\/14954\/revisions"}],"predecessor-version":[{"id":14956,"href":"https:\/\/www.umanitaria.it\/carbonia\/wp-json\/wp\/v2\/pages\/14954\/revisions\/14956"}],"up":[{"embeddable":true,"href":"https:\/\/www.umanitaria.it\/carbonia\/wp-json\/wp\/v2\/pages\/14948"}],"wp:featuredmedia":[{"embeddable":true,"href":"https:\/\/www.umanitaria.it\/carbonia\/wp-json\/wp\/v2\/media\/14955"}],"wp:attachment":[{"href":"https:\/\/www.umanitaria.it\/carbonia\/wp-json\/wp\/v2\/media?parent=14954"}],"curies":[{"name":"wp","href":"https:\/\/api.w.org\/{rel}","templated":true}]}}