{"id":14957,"date":"2025-10-01T12:19:24","date_gmt":"2025-10-01T10:19:24","guid":{"rendered":"https:\/\/www.umanitaria.it\/carbonia\/?page_id=14957"},"modified":"2025-10-01T12:19:24","modified_gmt":"2025-10-01T10:19:24","slug":"edizione-2023","status":"publish","type":"page","link":"https:\/\/www.umanitaria.it\/carbonia\/litalia-che-non-si-vede-edizioni-passate\/edizione-2023\/","title":{"rendered":"Edizione 2023"},"content":{"rendered":"\n<p><br>Nata nel 2009, la rassegna L&#8217;Italia che Non Si vede \u00e8 promossa da Ucca-Unione dei Circoli Cinematografici Arci e intende dare visibilit\u00e0 a tutte quelle opere che hanno voluto raccontare l&#8217;Italia nella sua conformazione e nelle sue trasformazioni storiche, sociali e politiche, ma che per ragioni distributive non hanno trovato adeguato spazio presso le sale cinematografiche, nonostante i riconoscimenti dei festival internazionali e le recensioni positive della stampa specializzata.<\/p>\n\n\n\n<p>Promossa a livello nazionale da Arci &#8211; Ucca, nel territorio \u00e8 organizzata dal nostro CSC insieme a CIC Arci di Iglesias, Circolo Arci di Guspini, Circolo Arci Il Calderone di Sant&#8217;Antioco, Circolo Arci La Gabbianella Fortunata di Carbonia e in collaborazione con il Circolo Soci Euralcoop e\u00a0la Casa del Popolo Carbonia.\u00a0<\/p>\n\n\n\n<p><strong>PROGRAMMA<\/strong><\/p>\n\n\n\n<p>Marted\u00ec 14 marzo&nbsp;| ore 18.30<br>IGLESIAS | CENTRO CULTURALE&nbsp;CASA DEL CINEMA &#8211; via Cattaneo, 51<br><strong>SERATA ZAVATTINI<\/strong><br>selezione dei cortometraggi vincitori delle ultime 4 edizioni del Premio Zavattini, istituito dalla Fondazione AAMOD per incentivare la conoscenza e il riuso creativo del materiale d\u2019archivio.<br><br>Gioved\u00ec 16 marzo&nbsp;| ore 21.00<br>CARBONIA | CIRCOLO SOCI EURALCOOP &#8211;&nbsp;piazza Marmilla<br><strong>MARCIA SU ROMA&nbsp;<\/strong>di Mark Cousins<br>Italia 2022, 97\u2019<br><br>Sabato 18 marzo&nbsp;| ore 18.30<br>SANT\u2019ANTIOCO&nbsp;|&nbsp;CIRCOLO ARCI IL CALDERONE &#8211;&nbsp;via Montegrappa, 2\/A<br><strong>ATLANTIDE&nbsp;<\/strong>di Yuri Ancarani<br>Italia \/Francia\/USA\/Qatar 2021, 104\u2019<br><br>Marted\u00ec 21 marzo&nbsp;| ore 18.30<br>IGLESIAS&nbsp;|&nbsp;CENTRO CULTURALE&nbsp;CASA DEL CINEMA &#8211;&nbsp;via Cattaneo, 51<br><strong>RIMINI&nbsp;<\/strong>di Ulrich Seidl<br>Germania\/Austria\/Francia 2022, 114\u2019<br><br>Gioved\u00ec 23 marzo&nbsp;| ore 21.00<br>CARBONIA&nbsp;|&nbsp;CIRCOLO SOCI EURALCOOP &#8211;&nbsp;piazza Marmilla<br><strong>ROSSO DI SERA (RED SKY AT NIGHT)<\/strong>&nbsp;di Emanuele Mengotti<br>Italia\/USA 2022, 74\u2019<br><br>Venerd\u00ec 24 marzo&nbsp;| ore 18.00<br>GUSPINI&nbsp;|&nbsp;CIRCOLO ARCI GUSPINI &#8211;&nbsp;via L. Da Vinci<br><strong>RE GRANCHIO<\/strong>&nbsp;di Alessio Rigo de Righi e Matteo Zoppis<br>Italia\/Francia\/Argentina 2021, 105\u2019<br><br>Venerd\u00ec 24 marzo&nbsp;| ore 18.30<br>SANT\u2019ANTIOCO | CIRCOLO ARCI IL CALDERONE &#8211;&nbsp;via Montegrappa, 2\/A<br><strong>IL LEGIONARIO<\/strong>&nbsp;di Hleb Papou<br>Italia 2021, 81\u2019<br><br>Gioved\u00ec 30 marzo&nbsp;| ore 21.00<br>CARBONIA&nbsp;|&nbsp;CIRCOLO SOCI EURALCOOP &#8211;&nbsp;piazza Marmilla<br><strong>PICCOLO CORPO&nbsp;<\/strong>di Laura Samani<br>Italia\/Francia\/Slovenia 2021, 89\u2019<br><br>Venerd\u00ec 31 marzo | ore 18.00<br>GUSPINI | CIRCOLO ARCI GUSPINI &#8211;&nbsp;via L. Da Vinci<br><strong>IL LEGIONARIO<\/strong>&nbsp;di Hleb Papou<br>Italia 2021, 81\u2019<br><br>Venerd\u00ec 31 marzo&nbsp;| ore 21.00<br>CARBONIA | CASA DEL POPOLO &#8211; via Barbagia, 11<br><strong>MARGINI&nbsp;<\/strong>di Niccol\u00f2 Falsetti<br>Italia 2022, 91\u2019<br><br>Sabato 01 aprile&nbsp;| ore 18.30<br>SANT\u2019ANTIOCO&nbsp;|&nbsp;CIRCOLO ARCI IL CALDERONE &#8211;&nbsp;via Montegrappa, 2\/A<br><strong>SERATA ZAVATTINI<\/strong><br>selezione dei cortometraggi vincitori delle ultime 4 edizioni del Premio Zavattini, istituito dalla Fondazione AAMOD per incentivare la conoscenza e il riuso creativo del materiale d\u2019archivio.<\/p>\n\n\n\n<p><strong>PREMIO CESARE ZAVATTINI<\/strong><br><em>Il Premio Cesare Zavattini, che fonde la dimensione formativa con quella produttiva, nasce nel 2016 dalla volont\u00e0 di Aamod di favorire i giovani nell\u2019accesso e nel riuso del patrimonio filmico conservato negli archivi. Al Premio possono concorrere giovani filmmaker di et\u00e0 compresa tra i 18 e i 35 anni, presentando il progetto di un cortometraggio documentario della durata massima di 15 minuti, che preveda l\u2019utilizzo di materiale filmico d\u2019archivio. Una Giuria composta da cinque importanti personalit\u00e0 del cinema italiano sceglie i progetti finalisti, i cui autori potranno partecipare a incontri formativi e di sviluppo guidati da affermati professionisti. La stessa Giuria seleziona poi i tre progetti vincitori: gli autori, oltre a utilizzare liberamente il materiale filmico dell\u2019Aamod e degli archivi partner, ricevono supporto per la realizzazione dei cortometraggi e 2.000 euro per ciascun progetto realizzato. L\u2019iniziativa intende stimolare e premiare l\u2019originalit\u00e0, la sperimentazione, anche il \u2018tradimento\u2019 o il rimescolamento dei generi, in particolare nel riuso del cinema d\u2019archivio.<\/em><br><em>Non a caso \u00e8 intitolata a Cesare Zavattini, uno dei padri del neorealismo italiano ma anche sostenitore instancabile del cinema come libero, multiforme, creativo, irriverente strumento di conoscenza del reale in tutti i suoi aspetti.<\/em><br><br><strong>MARCIA SU ROMA<\/strong>&nbsp;di Mark Cousins<br><em>Con raro materiale d\u2019archivio e con il suo caratteristico stile narrativo, Mark Cousins racconta l\u2019ascesa del fascismo in Italia e il suo espandersi in Europa negli anni Trenta. In Marcia su Roma, che \u00e8 al tempo stesso un film saggio e un documento storico, il regista contestualizza la storia osservando il mondo contemporaneo, mostrando un paesaggio politico oggi caratterizzato da un\u2019inquietante estrema destra e un uso manipolatorio dei media.<\/em><br><strong>Marcia su Roma \u00e8 stato presentato a Venezia 79 &#8211; Giornate degli Autori<\/strong><br><br><strong>ATLANTIDE<\/strong>&nbsp;di Yuri Ancarani<br><em>Daniele \u00e8 un giovane di Sant\u2019Erasmo, un\u2019isola della laguna di Venezia. Vive di espedienti ed \u00e8 emarginato anche dal gruppo dei suoi coetanei, i quali condividono un\u2019intensa vita di svago, che si esprime nella religione del barchino: un culto incentrato sulla elaborazione di motori sempre pi\u00f9 potenti, che trasformano i piccoli motoscafi lagunari in pericolosi bolidi da competizione. Anche Daniele sogna un barchino da record, ma tutto ci\u00f2 che fa per realizzare il suo sogno e guadagnarsi il rispetto degli altri finisce per rivoltarglisi contro, tragicamente.<\/em><br><em>Il degrado intacca le relazioni, l\u2019ambiente e le pratiche di una generazione alla deriva; il punto di non ritorno \u00e8 una balorda storia di iniziazione maschile, violenta e predestinata al fallimento, che esplode trascinando la citt\u00e0 fantasma in un trip di naufragio psichedelico.<\/em><br><strong>Atlantide \u00e8 stato presentato a Venezia 79 &#8211; Orizzonti e alla Festa del Cinema di Roma<\/strong><br><br><strong>RIMINI<\/strong>&nbsp;di Ulrich Seidl<br><em>Il protagonista Richie Bravo, ex stella della musica tradizionale austriaca, \u00e8 un attempato cantante che vive in una villa un tempo sontuosa e si esibisce per pochi soldi in tristi alberghetti di Rimini, accogliendo annoiate comitive di anziani e arrotonda come gigol\u00f2 per alcune spettatrici solitarie, spendendo le residue energie erotiche. Nel frattempo, suo padre si trova in una casa di riposo nel loro paese d\u2019origine in Austria. Una figlia ventenne compare all\u2019improvviso e pretende da lui anni di alimenti non versati alla madre.<\/em><br><strong>Rimini \u00e8 stato presentato alla 72\u00b0 Berlinale e al Biografilm 2022<\/strong><br><br><strong>ROSSO DI SERA (RED SKY AT NIGHT)<\/strong>&nbsp;di Emanuele Mengotti<br><em>Las Vegas \u00e8 il campo di battaglia perfetto per dimostrare che il sogno americano esiste ancora. Tre personaggi cercano di vivere il loro sogno in un momento delicato della storia americana. Mike, medico, affronta la minaccia della crisi sanitaria; Mindy, ex attrice di film di serie B, \u00e8 in lizza per diventare la candidata del Partito Repubblicano; Steve, damerino che vive nei pressi delle fognature sotto il livello stradale, \u00e8 terrorizzato dal rischio delle incombenti piogge. Questi personaggi incarnano lo spirito americano del bisogno di libert\u00e0, autoaffermazione e coraggio: niente e nessuno pu\u00f2 distoglierli dai loro obiettivi.<\/em><br><strong>Rosso di sera (Red Sky at Night) \u00e8 stato presentato al Biografilm 2022 (Premio Ucca &#8211; L\u2019Italia che non si vede, Premio del Pubblico)<\/strong><br><br><strong>RE GRANCHIO<\/strong>&nbsp;di Alessio Rigo de Righi, Matteo Zoppis<br><em>Italia, giorni nostri. Alcuni vecchi cacciatori ricordano insieme la storia di Luciano.<\/em><br><em>Tardo Ottocento, Luciano \u00e8 un ubriacone che vive in un borgo della Tuscia. Il suo stile di vita e la sua ribellione al dispotico principe locale lo hanno reso un reietto per il resto della comunit\u00e0. In un estremo tentativo di proteggere dal principe la donna che ama, Luciano commette un atto scellerato che lo costringe a fuggire in esilio nella Terra del Fuoco. Qui, la ricerca di un mitico tesoro, al fianco di marinai senza scrupoli, si trasforma per lui in un\u2019occasione di redenzione. Ma la febbre dell\u2019oro non pu\u00f2 seminare che tradimento, avidit\u00e0 e follia in quelle terre desolate.<\/em><br><strong>Re Granchio \u00e8 stato presentato al 74\u00b0 Festival di Cannes &#8211; Quinzaine des R\u00e9alisateurs, Ann\u00e9cy Cinema Italien (Premio Miglior Film),&nbsp;Torino Film Festival<\/strong><br><br><strong>IL LEGIONARIO<\/strong>&nbsp;di Hleb Papou<br><em>Puoi fare finta di niente, ma in questo momento a Roma si sta consumando una battaglia. Migliaia di persone disperate sono costrette a occupare palazzi inabitati per rivendicare il diritto ad avere un tetto sopra la testa. Le forze dell\u2019ordine hanno il dovere di tutelare la legge e di impedire che questo avvenga. Daniel, nato a Roma da genitori africani, \u00e8 cresciuto in un palazzo occupato. Molti anni fa ha deciso di andarsene per farsi una nuova vita ma adesso \u00e8 costretto a ritornare. Questa volta, per\u00f2, in divisa da poliziotto del Primo Reparto Mobile della Polizia di Stato. La sua missione \u00e8 sgomberare il palazzo in cui ancora vivono sua madre e suo fratello, che intanto \u00e8 diventato il leader degli occupanti. Daniel, celerino tra gli occupanti e occupante tra i celerini, deve scegliere: restare fedele al suo corpo di polizia o salvare la propria famiglia dallo sgombero.<\/em><br><strong>Il legionario \u00e8 stato presentato al 74\u00b0 Locarno Film Festival (Premio alla miglior regia &#8211; Cineasti del Presente), Ann\u00e9cy Cinema Italien, Festa del Cinema di Roma<\/strong><br><br><strong>PICCOLO CORPO<\/strong>&nbsp;di Laura Samani<br><em>Italia, 1900. La giovane Agata perde sua figlia alla nascita. Secondo la tradizione cattolica, l\u2019anima della bambina \u00e8 condannata al Limbo. Agata sente parlare di un luogo in montagna, dove i neonati vengono riportati in vita per un solo respiro, per battezzarli e salvare la loro anima. Intraprende il viaggio con il corpicino di sua figlia nascosto in una scatola e incontra Lince, un ragazzo solitario che si offre di aiutarla. Partono per un\u2019avventura che permetter\u00e0 ad entrambi di avvicinarsi al miracolo.<\/em><br><strong>Piccolo corpo \u00e8 stato presentato al 74\u00b0 Festival di Cannes &#8211; Semaine de la Critique e al Toronto International Film Festival&nbsp;e ha vinto il Globo d\u2019oro come Miglior esordio e gli European Film Award come Migliore rivelazione europea<\/strong><br><br><strong>MARGINI<\/strong>&nbsp;di Niccol\u00f2 Falsetti<br><em>Grosseto, 2008. Edoardo, Iacopo e Michele sono i giovani membri di un gruppo punk. Stanchi di suonare tra sagre e feste dell\u2019Unit\u00e0, hanno finalmente l\u2019occasione di riscattarsi aprendo la data bolognese dei Defense, famosa band punk hardcore americana. Quando il concerto viene annullato, i tre non si danno per vinti: se non possono andare a Bologna a suonare con i Defense, allora saranno i Defense a venire a Grosseto. Il piano, per\u00f2, si rivela pi\u00f9 difficile del previsto: i paradossi della vita di provincia trasformano ogni dettaglio in un problema insormontabile, mettendo in discussione la riuscita dell\u2019impresa ma soprattutto ci\u00f2 a cui i tre tengono di pi\u00f9: la loro amicizia.<\/em><br><strong>Margini \u00e8 stato presentato a Venezia 79 &#8211; Settimana Internazionale della Critica<\/strong><\/p>\n\n\n\n<p><\/p>\n","protected":false},"excerpt":{"rendered":"<p>Nata nel 2009, la rassegna L&#8217;Italia che Non Si vede \u00e8 promossa da Ucca-Unione dei Circoli Cinematografici Arci e intende dare visibilit\u00e0 a tutte quelle opere che hanno voluto raccontare l&#8217;Italia nella sua conformazione e nelle sue trasformazioni storiche, sociali e politiche, ma che per ragioni distributive non hanno trovato adeguato spazio presso le sale &#8230; <a title=\"Edizione 2023\" class=\"read-more\" href=\"https:\/\/www.umanitaria.it\/carbonia\/litalia-che-non-si-vede-edizioni-passate\/edizione-2023\/\" aria-label=\"Per saperne di pi\u00f9 su Edizione 2023\">Leggi tutto<\/a><\/p>\n","protected":false},"author":9,"featured_media":14958,"parent":14948,"menu_order":3,"comment_status":"closed","ping_status":"closed","template":"","meta":{"_acf_changed":false,"_seopress_robots_primary_cat":"","_seopress_titles_title":"Edizione 2025 - Carbonia","_seopress_titles_desc":"Rassegna di Cinema sotto le stelle a Carbonia","_seopress_robots_index":"","inline_featured_image":false,"footnotes":""},"class_list":["post-14957","page","type-page","status-publish","has-post-thumbnail"],"acf":[],"_links":{"self":[{"href":"https:\/\/www.umanitaria.it\/carbonia\/wp-json\/wp\/v2\/pages\/14957","targetHints":{"allow":["GET"]}}],"collection":[{"href":"https:\/\/www.umanitaria.it\/carbonia\/wp-json\/wp\/v2\/pages"}],"about":[{"href":"https:\/\/www.umanitaria.it\/carbonia\/wp-json\/wp\/v2\/types\/page"}],"author":[{"embeddable":true,"href":"https:\/\/www.umanitaria.it\/carbonia\/wp-json\/wp\/v2\/users\/9"}],"replies":[{"embeddable":true,"href":"https:\/\/www.umanitaria.it\/carbonia\/wp-json\/wp\/v2\/comments?post=14957"}],"version-history":[{"count":1,"href":"https:\/\/www.umanitaria.it\/carbonia\/wp-json\/wp\/v2\/pages\/14957\/revisions"}],"predecessor-version":[{"id":14959,"href":"https:\/\/www.umanitaria.it\/carbonia\/wp-json\/wp\/v2\/pages\/14957\/revisions\/14959"}],"up":[{"embeddable":true,"href":"https:\/\/www.umanitaria.it\/carbonia\/wp-json\/wp\/v2\/pages\/14948"}],"wp:featuredmedia":[{"embeddable":true,"href":"https:\/\/www.umanitaria.it\/carbonia\/wp-json\/wp\/v2\/media\/14958"}],"wp:attachment":[{"href":"https:\/\/www.umanitaria.it\/carbonia\/wp-json\/wp\/v2\/media?parent=14957"}],"curies":[{"name":"wp","href":"https:\/\/api.w.org\/{rel}","templated":true}]}}