{"id":14968,"date":"2025-10-01T15:43:33","date_gmt":"2025-10-01T13:43:33","guid":{"rendered":"https:\/\/www.umanitaria.it\/carbonia\/?page_id=14968"},"modified":"2025-10-01T16:04:04","modified_gmt":"2025-10-01T14:04:04","slug":"edizione-2025","status":"publish","type":"page","link":"https:\/\/www.umanitaria.it\/carbonia\/battiti-su-microforato-edizioni-passate\/edizione-2025\/","title":{"rendered":"Edizione 2025"},"content":{"rendered":"\n<p>13\/18\/20\/27 FEBBRAIO &#8211; 06 MARZO 2025<br>Fabbrica del Cinema | Sala Fabio Masala<br>Grande Miniera di Serbariu | piazza Sergio Usai | Carbonia<\/p>\n\n\n\n<p><strong>INGRESSO GRATUITO<\/strong><\/p>\n\n\n\n<p><strong>Gioved\u00ec 13 febbraio \u2013 ore 18.00<\/strong><br><em><strong>SEUINNOI&nbsp;<\/strong><\/em>di Andrea Deidda<br>Italia 2024, col, 50\u2019<br><strong>Incontro con il regista Andrea Deidda<\/strong><\/p>\n\n\n\n<p><strong>Marted\u00ec 18 febbraio \u2013 ore 18.00<\/strong><br><em><strong>BERCHIDDA LIVE &#8211; UN VIAGGIO NELL&#8217;ARCHIVIO DI TIME IN JAZZ&nbsp;<\/strong><\/em>di Gianfranco Cabiddu, Michele Mellara, Alessandro Rossi<br>Italia 2023, col, 94\u2019<br><strong>Incontro con il regista Gianfranco Cabiddu<\/strong><\/p>\n\n\n\n<p><strong>Gioved\u00ec 20 febbraio \u2013 ore 18.00<\/strong><br><em><strong>VIDEOCLIP ITALIA TALK: il video musicale secondo Andrea Folino<\/strong><\/em><br>in collaborazione con Videoclip Italia<br><strong>Intervengono Andrea Folino<\/strong>&nbsp;(regista),&nbsp;<strong>Nicola Marceddu<\/strong>&nbsp;(co-fondatore di Videoclip Italia Awards),&nbsp;<strong>Alessio Rosa<\/strong>&nbsp;(co-fondatore di Videoclip Italia Awards)<\/p>\n\n\n\n<p><strong>Gioved\u00ec 27 febbraio \u2013 ore 21.00<\/strong><br><em><strong>HARDER TIMES. STORIA DI UN MITO<\/strong><\/em>&nbsp;di Irene Atzeni<br>Italia 2024, col, 42\u2019<br><strong>Incontro con la regista Irene Atzeni<\/strong><\/p>\n\n\n\n<p><strong>Gioved\u00ec 06 marzo \u2013 ore 21.00<\/strong><br><em><strong>THE MISSING BOYS<\/strong><\/em>&nbsp;di Davide Catinari<br>Italia 2023, col, 55\u2019<br><strong>Incontro con il regista Davide Catinari<\/strong><\/p>\n\n\n\n<p><strong>SINOSSI<\/strong><\/p>\n\n\n\n<p><em><strong>SEUINNOI<\/strong>&nbsp;<\/em>di Andrea Deidda<br><em>In un piccolo paese della Sardegna destinato allo spopolamento, la comunit\u00e0 \u00e8 sempre pi\u00f9 vecchia, i giovani emigrano e non nascono pi\u00f9 figli. Ma una musica risuona nei vicoli del centro storico, tra i boschi, in una laveria abbandonata. Una banda musicale, la stessa che suona da cento anni, accompagna un funerale senza bara. Le note si mescolano al dolore delle donne vestite a lutto che piangendo cantano i morti, ai silenzi dei luoghi ormai vuoti, ai campanacci di una processione pagana che incrocia il Cristo portato sulla croce nella notte dei fuochi di Sant\u2019Antonio. Resistono in pochi e accade il miracolo di una nuova musica.<\/em><\/p>\n\n\n\n<p><em><strong>BERCHIDDA LIVE &#8211; UN VIAGGIO NELL&#8217;ARCHIVIO DI TIME IN JAZZ&nbsp;<\/strong><\/em>di Gianfranco Cabiddu, Michele Mellara, Alessandro Rossi<br><em>BERCHIDDA LIVE &#8211; un viaggio nell&#8217;archivio Time in Jazz raccoglie ed elabora pi\u00f9 di 1500 ore di materiali d\u2019archivio girati in 25 anni da Gianfranco Cabiddu e la sua troupe nelle varie edizioni di Time in Jazz, festival musicale creato e diretto da Paolo Fresu nel suo paese natale, Berchidda, in Sardegna. Mellara, Rossi e Cabiddu impastano questi materiali filmici in gran parte inediti per comporre un film concerto lungo quasi quarant\u2019anni, un intreccio di musica e luoghi, di emozioni e memorie. Un\u2019esperienza cinematografica e musicale unica, un lascito prezioso.<\/em><\/p>\n\n\n\n<p><em><strong>VIDEOCLIP ITALIA TALK: il video musicale secondo Andrea Folino<\/strong><\/em><br><em>Un incontro esclusivo con Andrea Folino, regista sardo che ha diretto videoclip per artisti come Salmo, Sfera Ebbasta, Lazza, Blanco e molti altri ancora. Un viaggio tra le tappe della sua carriera, dagli esordi degli street video fino ai set internazionali, passando per Reef Studios, la sua casa di post-produzione e autentica eccellenza della nostra Isola. Con Nicola Marceddu e Alessio Rosa, co-fondatori di Videoclip Italia Awards, Folino condivider\u00e0 segreti, retroscena e curiosit\u00e0 dal mondo dei video musicali.<\/em><\/p>\n\n\n\n<p><em><strong>HARDER TIMES. STORIA DI UN MITO<\/strong><\/em>&nbsp;di Irene Atzeni<br><em>Per un grosso numero di persone nei primi anni \u201890 stava succedendo qualcosa di straordinario ed irripetibile, tanto da trasformarsi in mito; erano i tempi della svolta elettronica, dell\u2019emergere della club culture nella night life cagliaritana e della nascita del movimento Harder Times.<\/em><br><em>Cosa ha significato questo movimento per chi lo ha vissuto e per le generazioni a seguire che ne ereditano la memoria?<\/em><br><em>\u201cHarder Times. Storia di un mito\u201d \u00e8 la testimonianza di un\u2019epoca nella quale lo sviluppo locale di una realt\u00e0 culturale e musicale al passo coi tempi ha permesso a una generazione di giovani di sentirsi uniti al di l\u00e0 delle differenze in un contesto rappresentato e percepito spesso come isolato e anacronistico. Un\u2019indagine sul senso di appartenenza ad un movimento, una narrazione collettiva, un intreccio di vite attorno ad un\u2019esperienza che \u00e8 motivo di orgoglio per un\u2019intera generazione di persone legate da quel filo invisibile che li accomuna.<\/em><\/p>\n\n\n\n<p>THE MISSING BOYS di Davide Catinari<br><em>Il progetto The Missing Boys nasce come spunto di riflessione generazionale sullo stato dell\u2019immaginario che ha caratterizzato il passaggio tra la fine degli anni settanta e i primi anni ottanta, sino al tramonto di quell\u2019onda che ha generato una rivoluzione planetaria capace di trasformare estetica e sociale.<\/em><br><em>I \u201cragazzi scomparsi\u201d sono coloro che non si sono nascosti dietro la loro giovent\u00f9, senza perdere di vista quell\u2019onda che gli passava a fianco, rifiutando l\u2019eredit\u00e0 dei loro padri e fratelli maggiori. Il film si sviluppa quindi su due livelli narrativi: il primo \u00e8 quello della memoria, ricostruita attraverso le testimonianze dei testimoni di quella stagione, il secondo \u00e8 quello del \u201cmissing boy\u201d, un ragazzo poco pi\u00f9 che ventenne che esprime le sue emozioni dall\u2019interno di una dimensione temporale parallela, generando cos\u00ec un limbo sospeso tra passato e presente.<\/em><\/p>\n","protected":false},"excerpt":{"rendered":"<p>13\/18\/20\/27 FEBBRAIO &#8211; 06 MARZO 2025Fabbrica del Cinema | Sala Fabio MasalaGrande Miniera di Serbariu | piazza Sergio Usai | Carbonia INGRESSO GRATUITO Gioved\u00ec 13 febbraio \u2013 ore 18.00SEUINNOI&nbsp;di Andrea DeiddaItalia 2024, col, 50\u2019Incontro con il regista Andrea Deidda Marted\u00ec 18 febbraio \u2013 ore 18.00BERCHIDDA LIVE &#8211; UN VIAGGIO NELL&#8217;ARCHIVIO DI TIME IN JAZZ&nbsp;di Gianfranco &#8230; <a title=\"Edizione 2025\" class=\"read-more\" href=\"https:\/\/www.umanitaria.it\/carbonia\/battiti-su-microforato-edizioni-passate\/edizione-2025\/\" aria-label=\"Per saperne di pi\u00f9 su Edizione 2025\">Leggi tutto<\/a><\/p>\n","protected":false},"author":9,"featured_media":14975,"parent":14964,"menu_order":2,"comment_status":"closed","ping_status":"closed","template":"","meta":{"_acf_changed":false,"_seopress_robots_primary_cat":"","_seopress_titles_title":"","_seopress_titles_desc":"","_seopress_robots_index":"","inline_featured_image":false,"footnotes":""},"class_list":["post-14968","page","type-page","status-publish","has-post-thumbnail"],"acf":[],"_links":{"self":[{"href":"https:\/\/www.umanitaria.it\/carbonia\/wp-json\/wp\/v2\/pages\/14968","targetHints":{"allow":["GET"]}}],"collection":[{"href":"https:\/\/www.umanitaria.it\/carbonia\/wp-json\/wp\/v2\/pages"}],"about":[{"href":"https:\/\/www.umanitaria.it\/carbonia\/wp-json\/wp\/v2\/types\/page"}],"author":[{"embeddable":true,"href":"https:\/\/www.umanitaria.it\/carbonia\/wp-json\/wp\/v2\/users\/9"}],"replies":[{"embeddable":true,"href":"https:\/\/www.umanitaria.it\/carbonia\/wp-json\/wp\/v2\/comments?post=14968"}],"version-history":[{"count":1,"href":"https:\/\/www.umanitaria.it\/carbonia\/wp-json\/wp\/v2\/pages\/14968\/revisions"}],"predecessor-version":[{"id":14971,"href":"https:\/\/www.umanitaria.it\/carbonia\/wp-json\/wp\/v2\/pages\/14968\/revisions\/14971"}],"up":[{"embeddable":true,"href":"https:\/\/www.umanitaria.it\/carbonia\/wp-json\/wp\/v2\/pages\/14964"}],"wp:featuredmedia":[{"embeddable":true,"href":"https:\/\/www.umanitaria.it\/carbonia\/wp-json\/wp\/v2\/media\/14975"}],"wp:attachment":[{"href":"https:\/\/www.umanitaria.it\/carbonia\/wp-json\/wp\/v2\/media?parent=14968"}],"curies":[{"name":"wp","href":"https:\/\/api.w.org\/{rel}","templated":true}]}}