{"id":985,"date":"2025-05-13T08:40:46","date_gmt":"2025-05-13T06:40:46","guid":{"rendered":"https:\/\/www.umanitaria.it\/demo\/?page_id=985"},"modified":"2025-10-01T15:43:58","modified_gmt":"2025-10-01T13:43:58","slug":"chi-siamo","status":"publish","type":"page","link":"https:\/\/www.umanitaria.it\/carbonia\/chi-siamo\/","title":{"rendered":"Chi siamo"},"content":{"rendered":"\n<div class=\"border-bottom\">\n<p>Il <strong>Centro Servizi Culturali opera nel territorio dal 19<\/strong>67, anno in cui viene aperta la prima sede nella cittadina di <strong>Iglesias<\/strong>, e si contraddistingue fin da subito per la creazione di una rete capillare di circoli del cinema formata da studenti e giovani lavoratori, che utilizzava la metodologia del dibattito per momenti di auto-formazione e presa di coscienza della propria realt\u00e0.<\/p>\n\n\n\n<p><strong>Nel 1982 si trasferisce a Carbonia, presso il Salone Velio Spano<\/strong>, e getta le basi teoriche e la rete organizzativa che, mediante l\u2019acquisto di una prima unit\u00e0 di produzione video, consentono di iniziare una sperimentazione per\u00a0<em>fare film<\/em>\u00a0a scuola con bambini e ragazzi.\u00a0<br>Negli stessi anni, inizia a collaborare con la Biblioteca comunale di Carbonia e diviene membro fondatore del Sistema Bibliotecario Interurbano del Sulcis; in stretta collaborazione con l\u2019Universit\u00e0 di Cagliari,si\u00a0\u00a0impegna inoltre in una serie di Convegni internazionali finalizzati alla costituzione di un Ecomuseo del Sulcis e nella produzione di materiali audiovisivi sulla storia del territorio, con l\u2019obiettivo di supportare lo sviluppo crescente dell\u2019interesse delle popolazioni locali al progetto di recupero della memoria storica del Sud-Ovest sardo e alla valorizzazione e riuso dell\u2019imponente patrimonio di archeologia industriale mineraria.\u00a0<\/p>\n\n\n\n<p>Grazie al lavoro congiunto con il Centro Audiovisivi, costituito dal personale della Cooperativa Progetto S.C.I.L.A., diviene punto di riferimento per attivit\u00e0 di formazione nel campo dell\u2019educazione per i giovani e per gli adulti, mettendo a disposizione della cittadinanza, dell\u2019associazionismo, delle scuole e delle istituzioni i propri strumenti e competenze.\u00a0<br><strong>Progetta e realizza, inoltre, iniziative ed eventi di forte interesse nazionale e internazionale: <\/strong>la Biennale Cineragazzi, la rassegna itinerante Mare e Miniere, la mostra-concorso di fumetto, satira, cinema d\u2019animazione Nuvole Parlanti, il Mediterraneo (poi Carbonia) Film Festival.\u00a0<\/p>\n<\/div>\n\n\n\n<div class=\"wp-block-columns colonne-protagonisti alignCenter is-layout-flex wp-container-core-columns-is-layout-9d6595d7 wp-block-columns-is-layout-flex\">\n<div class=\"wp-block-column is-layout-flow wp-block-column-is-layout-flow\">\n<p><strong>Nel 2015, trova nuova collocazione presso gli Uffici della Ex Direzione Mineraria, nel complesso della Grande Miniera di Serbariu.<\/strong> <\/p>\n\n\n\n<p>Il trasferimento coincide con l&#8217;avvio del progetto <strong>Fabbrica del Cinema<\/strong>, attraverso cui il CSC conferma le direttrici che ne hanno caratterizzato l&#8217;azione nei 50 anni di attivit\u00e0 e potenzia, anche attraverso la disponibilit\u00e0 di nuovi spazi e l&#8217;acquisizione di strumentazioni tecnologicamente avanzate, la sua capacit\u00e0 di intervento sul territorio.\u00a0<br><\/p>\n\n\n\n<p>Nello specifico, gli operatori del CSC e della Soc. Coop Progetto S.C.I.L.A. si occupano di: raccolta e conservazione della memoria storico-sociale audiovisiva del territorio; produzione di nuova memoria audiovisiva; diffusione e promozione della memoria e della cultura audiovisiva.<\/p>\n\n\n\n<p>La Fabbrica del Cinema garantisce inoltre supporto all&#8217;associazionismo e agli istituti scolastici di vario ordine e grado e il servizio di prestito e consultazione in loco di materiali audiovisivi inerenti la storia del territorio, oltrech\u00e9 di film e libri.<\/p>\n<\/div>\n\n\n\n<div class=\"wp-block-column is-layout-flow wp-block-column-is-layout-flow\">\n<figure class=\"wp-block-image size-large\"><img loading=\"lazy\" decoding=\"async\" width=\"1024\" height=\"683\" src=\"https:\/\/www.umanitaria.it\/carbonia\/wp-content\/uploads\/sites\/10\/2025\/09\/Chi-Siamo-Carbonia-1024x683.jpg\" alt=\"\" class=\"wp-image-14722\" srcset=\"https:\/\/www.umanitaria.it\/carbonia\/wp-content\/uploads\/sites\/10\/2025\/09\/Chi-Siamo-Carbonia-1024x683.jpg 1024w, https:\/\/www.umanitaria.it\/carbonia\/wp-content\/uploads\/sites\/10\/2025\/09\/Chi-Siamo-Carbonia-300x200.jpg 300w, https:\/\/www.umanitaria.it\/carbonia\/wp-content\/uploads\/sites\/10\/2025\/09\/Chi-Siamo-Carbonia-768x512.jpg 768w, https:\/\/www.umanitaria.it\/carbonia\/wp-content\/uploads\/sites\/10\/2025\/09\/Chi-Siamo-Carbonia.jpg 1500w\" sizes=\"auto, (max-width: 1024px) 100vw, 1024px\" \/><\/figure>\n<\/div>\n<\/div>\n","protected":false},"excerpt":{"rendered":"<p>Il Centro Servizi Culturali opera nel territorio dal 1967, anno in cui viene aperta la prima sede nella cittadina di Iglesias, e si contraddistingue fin da subito per la creazione di una rete capillare di circoli del cinema formata da studenti e giovani lavoratori, che utilizzava la metodologia del dibattito per momenti di auto-formazione e &#8230; <a title=\"Chi siamo\" class=\"read-more\" href=\"https:\/\/www.umanitaria.it\/carbonia\/chi-siamo\/\" aria-label=\"Per saperne di pi\u00f9 su Chi siamo\">Leggi tutto<\/a><\/p>\n","protected":false},"author":1,"featured_media":0,"parent":0,"menu_order":15,"comment_status":"closed","ping_status":"closed","template":"","meta":{"_acf_changed":false,"_seopress_robots_primary_cat":"","_seopress_titles_title":"","_seopress_titles_desc":"","_seopress_robots_index":"","inline_featured_image":false,"footnotes":""},"class_list":["post-985","page","type-page","status-publish"],"acf":[],"_links":{"self":[{"href":"https:\/\/www.umanitaria.it\/carbonia\/wp-json\/wp\/v2\/pages\/985","targetHints":{"allow":["GET"]}}],"collection":[{"href":"https:\/\/www.umanitaria.it\/carbonia\/wp-json\/wp\/v2\/pages"}],"about":[{"href":"https:\/\/www.umanitaria.it\/carbonia\/wp-json\/wp\/v2\/types\/page"}],"author":[{"embeddable":true,"href":"https:\/\/www.umanitaria.it\/carbonia\/wp-json\/wp\/v2\/users\/1"}],"replies":[{"embeddable":true,"href":"https:\/\/www.umanitaria.it\/carbonia\/wp-json\/wp\/v2\/comments?post=985"}],"version-history":[{"count":4,"href":"https:\/\/www.umanitaria.it\/carbonia\/wp-json\/wp\/v2\/pages\/985\/revisions"}],"predecessor-version":[{"id":14732,"href":"https:\/\/www.umanitaria.it\/carbonia\/wp-json\/wp\/v2\/pages\/985\/revisions\/14732"}],"wp:attachment":[{"href":"https:\/\/www.umanitaria.it\/carbonia\/wp-json\/wp\/v2\/media?parent=985"}],"curies":[{"name":"wp","href":"https:\/\/api.w.org\/{rel}","templated":true}]}}