{"id":993,"date":"2025-05-13T08:54:20","date_gmt":"2025-05-13T06:54:20","guid":{"rendered":"https:\/\/www.umanitaria.it\/demo\/?page_id=993"},"modified":"2025-10-02T14:47:03","modified_gmt":"2025-10-02T12:47:03","slug":"formazione","status":"publish","type":"page","link":"https:\/\/www.umanitaria.it\/carbonia\/formazione\/","title":{"rendered":"Formazione"},"content":{"rendered":"\n<div>\n<p>La <strong>formazione <\/strong>\u00e8 uno degli assi portanti intorno ai quali da sempre si svolge l\u2019azione del Centro. Fin dagli anni ottanta, le <strong>scuole di ogni ordine e grado del territorio<\/strong> sono state protagoniste di numerose attivit\u00e0 che utilizzavano la lezione di Filippo Maria De Sanctis del <strong>\u201cfare per capire\u201d<\/strong> e mettevano in gioco gli alunni e le alunne con l\u2019utilizzo delle attrezzature e dei dispositivi audiovisivi, permettendogli di sperimentare l\u2019espressione del proprio vissuto attraverso il cinema. Successivamente, soprattutto dopo la nascita della Fabbrica del Cinema, l\u2019approccio \u00e8 potuto diventare maggiormente professionalizzante e si pone come obiettivo la formazione di <strong>giovani filmmakers sardi e della penisola<\/strong>, anche nell\u2019ottica di una valorizzazione del territorio e della citt\u00e0 come set per nuove produzioni audiovisive. Questa politica sta dando i suoi frutti e ha permesso che questo tipo di <strong>corsi, talvolta residenziali<\/strong> come il <em>Carbonia Cinema Giovani Filming Lab<\/em>, producesse un circolo virtuoso di interesse: in pi\u00f9 di un caso, i filmmakers che hanno partecipato a questo genere di attivit\u00e0 sono infatti tornati per produrre nuovi lavori, attratti dalla storia e dalle peculirit\u00e0 del territorio e potendo contare sul supporto offerto dal CSC.<\/p>\n\n\n\n<p>Questa dinamica positiva si \u00e8 potuta determinare grazie alla disponibilit\u00e0 di nuove e performanti attrezzature che il Centro ha potuto acquistare attraverso <strong>fondi dedicati alle attivit\u00e0 cineportuali<\/strong> (LR 48\/2018), <strong>concessi dalla Regione Autonoma della Sardegna<\/strong> a partire dal 2017.<\/p>\n\n\n\n<p>Sono comunque andate avanti le attivit\u00e0 di formazione con le scuole, dagli <strong>incontri tematici<\/strong> ai <strong>laboratori teorico-pratici<\/strong> e, in senso di preparazione e orientamento alle professioni, attraverso l\u2019<strong>attivazione di percorsi di alternanza scuola-lavoro<\/strong>, previsti dalle scuole secondarie di secondo grado. Non mancano i <strong>programmi speciali dedicati alle scuole anche all\u2019interno dei grandi eventi<\/strong>, come <em>CFF Scuole<\/em> che si svolge durante il <em><a href=\"https:\/\/carboniafilmfest.org\/\" data-type=\"link\" data-id=\"https:\/\/carboniafilmfest.org\/\" target=\"_blank\" rel=\"noreferrer noopener\">Carbonia Film Festival<\/a><\/em>.<\/p>\n<\/div>\n\n\n<div class='formazione-loop taxonomy'><article><a href='\/carbonia\/wp-json\/wp\/v2\/pages\/993corsi-laboratori-e-masterclass'> <picture>\n                        <img width='100' src='https:\/\/www.umanitaria.it\/carbonia\/wp-content\/uploads\/sites\/10\/2025\/10\/corsielab.png' alt='Corsi, laboratori e masterclass' class='evento-immagine' \/>             \n                    <\/picture><h4>Corsi, laboratori e masterclass<\/h4><p><\/p><\/a><\/article><article><a href='\/carbonia\/wp-json\/wp\/v2\/pages\/993scuole'> <picture>\n                        <img width='100' src='https:\/\/www.umanitaria.it\/carbonia\/wp-content\/uploads\/sites\/10\/2025\/10\/scuole.png' alt='Scuole' class='evento-immagine' \/>             \n                    <\/picture><h4>Scuole<\/h4><p><\/p><\/a><\/article><\/div>\n\n\n\n<p><\/p>\n","protected":false},"excerpt":{"rendered":"<p>La formazione \u00e8 uno degli assi portanti intorno ai quali da sempre si svolge l\u2019azione del Centro. Fin dagli anni ottanta, le scuole di ogni ordine e grado del territorio sono state protagoniste di numerose attivit\u00e0 che utilizzavano la lezione di Filippo Maria De Sanctis del \u201cfare per capire\u201d e mettevano in gioco gli alunni &#8230; <a title=\"Formazione\" class=\"read-more\" href=\"https:\/\/www.umanitaria.it\/carbonia\/formazione\/\" aria-label=\"Per saperne di pi\u00f9 su Formazione\">Leggi tutto<\/a><\/p>\n","protected":false},"author":1,"featured_media":0,"parent":0,"menu_order":16,"comment_status":"closed","ping_status":"closed","template":"","meta":{"_acf_changed":false,"_seopress_robots_primary_cat":"","_seopress_titles_title":"","_seopress_titles_desc":"","_seopress_robots_index":"","inline_featured_image":false,"footnotes":""},"class_list":["post-993","page","type-page","status-publish"],"acf":[],"_links":{"self":[{"href":"https:\/\/www.umanitaria.it\/carbonia\/wp-json\/wp\/v2\/pages\/993","targetHints":{"allow":["GET"]}}],"collection":[{"href":"https:\/\/www.umanitaria.it\/carbonia\/wp-json\/wp\/v2\/pages"}],"about":[{"href":"https:\/\/www.umanitaria.it\/carbonia\/wp-json\/wp\/v2\/types\/page"}],"author":[{"embeddable":true,"href":"https:\/\/www.umanitaria.it\/carbonia\/wp-json\/wp\/v2\/users\/1"}],"replies":[{"embeddable":true,"href":"https:\/\/www.umanitaria.it\/carbonia\/wp-json\/wp\/v2\/comments?post=993"}],"version-history":[{"count":4,"href":"https:\/\/www.umanitaria.it\/carbonia\/wp-json\/wp\/v2\/pages\/993\/revisions"}],"predecessor-version":[{"id":14992,"href":"https:\/\/www.umanitaria.it\/carbonia\/wp-json\/wp\/v2\/pages\/993\/revisions\/14992"}],"wp:attachment":[{"href":"https:\/\/www.umanitaria.it\/carbonia\/wp-json\/wp\/v2\/media?parent=993"}],"curies":[{"name":"wp","href":"https:\/\/api.w.org\/{rel}","templated":true}]}}