{"id":14115,"date":"2025-07-25T08:54:23","date_gmt":"2025-07-25T06:54:23","guid":{"rendered":"https:\/\/www.umanitaria.it\/milano\/?page_id=14115"},"modified":"2025-08-19T10:25:55","modified_gmt":"2025-08-19T08:25:55","slug":"xxxix-stagione-2023-2024","status":"publish","type":"page","link":"https:\/\/www.umanitaria.it\/milano\/concerti-edizioni-passate\/xxxix-stagione-2023-2024\/","title":{"rendered":"XL Stagione 2024\/2025"},"content":{"rendered":"\n<div class=\"archivi-edizioni\">\n<h2 class=\"wp-block-heading\">40\u00b0 Stagione de &#8220;I Concerti dell\u2019Umanitaria&#8221;<\/h2>\n\n\n\n<p>Nel celebrare la quarantesima edizione de &#8220;I Concerti dell&#8217;Umanitaria&#8221;, ci soffermiamo a riflettere su un lungo percorso fatto di evoluzione e sperimentazione. La storia della musica classica \u00e8, infatti, un racconto di innovazioni che, a partire dal Settecento fino ai giorni nostri, hanno trasformato e arricchito questa arte sublime. Ogni epoca ha contribuito con idee e tecniche rivoluzionarie, plasmandone il volto e le sonorit\u00e0.<\/p>\n\n\n\n<p>Nel XVIII secolo, l\u2019evoluzione dal Barocco al Classicismo introdusse forme pi\u00f9 strutturate e armonie pi\u00f9 chiare, gettando le basi per un nuovo modo di intendere la musica. Il Romanticismo, con figure come Beethoven, port\u00f2 l\u2019espressivit\u00e0 personale al centro della composizione, trasformando la musica in un potente veicolo di emozioni. Il Novecento segn\u00f2 un ulteriore cambiamento, con l&#8217;emergere di avanguardie come l&#8217;atonalit\u00e0 e il serialismo di Schoenberg, che ridefinirono i confini dell&#8217;armonia e del ritmo.<\/p>\n\n\n\n<p>Negli ultimi decenni, l&#8217;integrazione delle tecnologie digitali ed elettroniche ha aperto nuovi orizzonti, ampliando ulteriormente le possibilit\u00e0 espressive della musica classica e portandola verso territori inesplorati.<\/p>\n\n\n\n<p>La stagione che celebriamo oggi \u00e8 il frutto di questo costante dialogo tra passato e futuro, un laboratorio di sperimentazione continua che rende la musica classica sempre viva, capace di rinnovarsi pur mantenendo la sua essenza.<\/p>\n\n\n\n<p>Se la Stagione Concertistica 2024\/2025 rappresenta, sotto il profilo tematico, un&#8217;opportunit\u00e0 preziosa per esplorare nuove connessioni tra il patrimonio musicale classico e le ardite sfide dell&#8217;innovazione contemporanea, dal punto di vista istituzionale essa assume una valenza ancora pi\u00f9 profonda. \u00c8 infatti l&#8217;occasione per volgere lo sguardo al nostro passato, ripercorrendo l\u2019appassionato cammino intrapreso esattamente quarant&#8217;anni fa, quando l&#8217;Ente decise di ridare vita alle sue attivit\u00e0 musicali, infondendo nuova linfa a una tradizione che oggi si rinnova e si rafforza.<\/p>\n\n\n\n<p>In un gioco di parole che ben si presta all&#8217;importanza della ricorrenza, l&#8217;acronimo &#8220;XL&#8221; non rappresenta solo la quarantesima edizione, ma diventa il simbolo del nostro orgoglio: il privilegio di aver accompagnato, fin dagli esordi, giovani musicisti che, esibendosi sul palco del nostro storico Salone degli Affreschi, sono oggi protagonisti del concertismo nazionale e internazionale.<\/p>\n\n\n\n<p>Con consapevolezza e determinazione, continuiamo a seminare per il futuro, certi che i frutti del nostro lavoro fioriranno rigogliosamente.<\/p>\n\n\n\n<p>\u00c8 in questa prospettiva, tra passato e futuro, che si inscrive la nostra storia, fatta di dedizione, di passione e di un impegno che guarda lontano.<\/p>\n\n\n\n<div class=\"border-top\">\n<p><a href=\"\/milano\/wp-content\/uploads\/sites\/6\/2025\/08\/2024_XL_stagione_2024_2025.pdf\" target=\"_blank\" rel=\"noreferrer noopener\">Libretto XL Stagione di Concerti<\/a><\/p>\n<\/div>\n<\/div>\n\n\n\n<p><\/p>\n","protected":false},"excerpt":{"rendered":"<p>40\u00b0 Stagione de &#8220;I Concerti dell\u2019Umanitaria&#8221; Nel celebrare la quarantesima edizione de &#8220;I Concerti dell&#8217;Umanitaria&#8221;, ci soffermiamo a riflettere su un lungo percorso fatto di evoluzione e sperimentazione. La storia della musica classica \u00e8, infatti, un racconto di innovazioni che, a partire dal Settecento fino ai giorni nostri, hanno trasformato e arricchito questa arte sublime. &#8230; <a title=\"XL Stagione 2024\/2025\" class=\"read-more\" href=\"https:\/\/www.umanitaria.it\/milano\/concerti-edizioni-passate\/xxxix-stagione-2023-2024\/\" aria-label=\"Per saperne di pi\u00f9 su XL Stagione 2024\/2025\">Leggi tutto<\/a><\/p>\n","protected":false},"author":1,"featured_media":14663,"parent":14168,"menu_order":0,"comment_status":"closed","ping_status":"closed","template":"","meta":{"_acf_changed":false,"_seopress_robots_primary_cat":"","_seopress_titles_title":"","_seopress_titles_desc":"","_seopress_robots_index":"","inline_featured_image":false,"footnotes":""},"class_list":["post-14115","page","type-page","status-publish","has-post-thumbnail"],"acf":[],"_links":{"self":[{"href":"https:\/\/www.umanitaria.it\/milano\/wp-json\/wp\/v2\/pages\/14115","targetHints":{"allow":["GET"]}}],"collection":[{"href":"https:\/\/www.umanitaria.it\/milano\/wp-json\/wp\/v2\/pages"}],"about":[{"href":"https:\/\/www.umanitaria.it\/milano\/wp-json\/wp\/v2\/types\/page"}],"author":[{"embeddable":true,"href":"https:\/\/www.umanitaria.it\/milano\/wp-json\/wp\/v2\/users\/1"}],"replies":[{"embeddable":true,"href":"https:\/\/www.umanitaria.it\/milano\/wp-json\/wp\/v2\/comments?post=14115"}],"version-history":[{"count":14,"href":"https:\/\/www.umanitaria.it\/milano\/wp-json\/wp\/v2\/pages\/14115\/revisions"}],"predecessor-version":[{"id":14661,"href":"https:\/\/www.umanitaria.it\/milano\/wp-json\/wp\/v2\/pages\/14115\/revisions\/14661"}],"up":[{"embeddable":true,"href":"https:\/\/www.umanitaria.it\/milano\/wp-json\/wp\/v2\/pages\/14168"}],"wp:featuredmedia":[{"embeddable":true,"href":"https:\/\/www.umanitaria.it\/milano\/wp-json\/wp\/v2\/media\/14663"}],"wp:attachment":[{"href":"https:\/\/www.umanitaria.it\/milano\/wp-json\/wp\/v2\/media?parent=14115"}],"curies":[{"name":"wp","href":"https:\/\/api.w.org\/{rel}","templated":true}]}}